{"id":21923,"date":"2021-02-08T11:01:27","date_gmt":"2021-02-08T09:01:27","guid":{"rendered":"https:\/\/maqcenter.com\/producto\/fs121m\/"},"modified":"2021-02-08T11:01:27","modified_gmt":"2021-02-08T09:01:27","slug":"fs121m","status":"publish","type":"product","link":"https:\/\/maqcenter.com\/pt-pt\/producto\/fs121m\/","title":{"rendered":"FS121M"},"content":{"rendered":"<p>Solu\u00e7\u00e3o flex\u00edvel.<br \/>\nA FS121M \u00e9 uma m\u00e1quina de estrutura compacta e acess\u00edvel que permite ao utilizador selecionar entre v\u00e1rios tamanhos de pontos e l\u00e2minas de revestimento. Tudo isto combinado numa m\u00e1quina que ocupa pouco espa\u00e7o e requer um equipamento auxiliar m\u00ednimo. Esta versatilidade permite que a FS121M se adapte ao espa\u00e7o de trabalho do cliente, ao material e aos requisitos da aplica\u00e7\u00e3o.  <\/p>\n<p>A FS121M \u00e9 um sistema incrivelmente flex\u00edvel, equipado com um laser de fibra Yb de 200 W e um sistema de varrimento totalmente digital. Estas caracter\u00edsticas, juntamente com um ponto de foco fino, permitem a cria\u00e7\u00e3o de pe\u00e7as intrincadas e complexas. A Farsoon garante que todos os componentes-chave s\u00e3o fabricados com pe\u00e7as de primeira qualidade, assegurando uma longa vida \u00fatil e fi\u00e1vel.<br \/>Al\u00e9m disso, integra os mais recentes sistemas de seguran\u00e7a, incluindo fornecimento de g\u00e1s inerte e sistemas de filtragem de grande capacidade, para criar um ambiente seguro tanto para o produto como para os operadores.   <\/p>\n<p>A Farsoon \u00e9 o \u00fanico fabricante de sistemas de sinteriza\u00e7\u00e3o a laser que oferece total liberdade ao utilizador, gra\u00e7as \u00e0 sua plataforma aberta. Isto significa que os par\u00e2metros da m\u00e1quina e a escolha do p\u00f3 est\u00e3o desbloqueados, proporcionando uma liberdade e flexibilidade incompar\u00e1veis na manufatura aditiva em metal. <\/p>\n<p>Adicionalmente, oferecemos aconselhamento especializado sobre p\u00f3s met\u00e1licos para encontrar a solu\u00e7\u00e3o ideal para cada necessidade.<\/p>\n","protected":false},"excerpt":{"rendered":"<p>Solu\u00e7\u00e3o flex\u00edvel. A FS121M \u00e9 uma m\u00e1quina de estrutura compacta e acess\u00edvel que permite ao utilizador selecionar entre v\u00e1rios tamanhos de pontos e l\u00e2minas de revestimento. Tudo isto combinado numa m\u00e1quina que ocupa pouco espa\u00e7o e requer um equipamento auxiliar m\u00ednimo. Esta versatilidade permite que a FS121M se adapte ao espa\u00e7o de trabalho do cliente, [&hellip;]<\/p>\n","protected":false},"featured_media":21924,"template":"","meta":[],"product_brand":[],"product_cat":[518,519],"product_tag":[568,570,572,573,575],"marca-producto":[102],"serie-producto":[],"class_list":{"0":"post-21923","1":"product","2":"type-product","3":"status-publish","4":"has-post-thumbnail","6":"product_cat-fabrico-aditivo","7":"product_cat-fabrico-de-aditivos-metalicos","8":"product_tag-aeronautica-pt-pt","9":"product_tag-bens-de-equipamento","10":"product_tag-ferrovia","11":"product_tag-grande-consumo","12":"product_tag-moldes-e-matrizes","13":"marca-producto-farsoon","15":"first","16":"instock","17":"product-type-simple"},"yoast_head":"<!-- This site is optimized with the Yoast SEO plugin v27.0 - https:\/\/yoast.com\/product\/yoast-seo-wordpress\/ -->\n<title>FS121M<\/title>\n<meta name=\"description\" content=\"FS121M. Solu\u00e7\u00e3o flex\u00edvel. A FS121M \u00e9 uma m\u00e1quina de estrutura compacta e acess\u00edvel que permite ao utilizador selecionar entre v\u00e1rios tamanhos de pontos e l\u00e2minas\" \/>\n<meta name=\"robots\" content=\"index, follow, max-snippet:-1, max-image-preview:large, max-video-preview:-1\" \/>\n<link rel=\"canonical\" href=\"https:\/\/maqcenter.com\/pt-pt\/producto\/fs121m\/\" \/>\n<meta property=\"og:locale\" content=\"pt_PT\" \/>\n<meta property=\"og:type\" content=\"article\" \/>\n<meta property=\"og:title\" content=\"FS121M\" \/>\n<meta property=\"og:description\" content=\"FS121M. Solu\u00e7\u00e3o flex\u00edvel. A FS121M \u00e9 uma m\u00e1quina de estrutura compacta e acess\u00edvel que permite ao utilizador selecionar entre v\u00e1rios tamanhos de pontos e l\u00e2minas\" \/>\n<meta property=\"og:url\" content=\"https:\/\/maqcenter.com\/pt-pt\/producto\/fs121m\/\" \/>\n<meta property=\"og:site_name\" content=\"MAQcenter\" \/>\n<meta property=\"og:image\" content=\"https:\/\/maqcenter.com\/wp-content\/uploads\/2021\/02\/FARSOON-FS121M-SLM.jpg\" \/>\n\t<meta property=\"og:image:width\" content=\"500\" \/>\n\t<meta property=\"og:image:height\" content=\"500\" \/>\n\t<meta property=\"og:image:type\" content=\"image\/jpeg\" \/>\n<meta name=\"twitter:card\" content=\"summary_large_image\" \/>\n<meta name=\"twitter:label1\" content=\"Tempo estimado de leitura\" \/>\n\t<meta name=\"twitter:data1\" content=\"1 minuto\" \/>\n<script type=\"application\/ld+json\" class=\"yoast-schema-graph\">{\"@context\":\"https:\/\/schema.org\",\"@graph\":[{\"@type\":[\"WebPage\",\"ItemPage\"],\"@id\":\"https:\/\/maqcenter.com\/pt-pt\/producto\/fs121m\/\",\"url\":\"https:\/\/maqcenter.com\/pt-pt\/producto\/fs121m\/\",\"name\":\"FS121M\",\"isPartOf\":{\"@id\":\"https:\/\/maqcenter.com\/pt-pt\/#website\"},\"primaryImageOfPage\":{\"@id\":\"https:\/\/maqcenter.com\/pt-pt\/producto\/fs121m\/#primaryimage\"},\"image\":{\"@id\":\"https:\/\/maqcenter.com\/pt-pt\/producto\/fs121m\/#primaryimage\"},\"thumbnailUrl\":\"https:\/\/maqcenter.com\/wp-content\/uploads\/2021\/02\/FARSOON-FS121M-SLM.jpg\",\"datePublished\":\"2021-02-08T09:01:27+00:00\",\"description\":\"FS121M. Solu\u00e7\u00e3o flex\u00edvel. A FS121M \u00e9 uma m\u00e1quina de estrutura compacta e acess\u00edvel que permite ao utilizador selecionar entre v\u00e1rios tamanhos de pontos e l\u00e2minas\",\"breadcrumb\":{\"@id\":\"https:\/\/maqcenter.com\/pt-pt\/producto\/fs121m\/#breadcrumb\"},\"inLanguage\":\"pt-PT\",\"potentialAction\":[{\"@type\":\"ReadAction\",\"target\":[\"https:\/\/maqcenter.com\/pt-pt\/producto\/fs121m\/\"]}]},{\"@type\":\"ImageObject\",\"inLanguage\":\"pt-PT\",\"@id\":\"https:\/\/maqcenter.com\/pt-pt\/producto\/fs121m\/#primaryimage\",\"url\":\"https:\/\/maqcenter.com\/wp-content\/uploads\/2021\/02\/FARSOON-FS121M-SLM.jpg\",\"contentUrl\":\"https:\/\/maqcenter.com\/wp-content\/uploads\/2021\/02\/FARSOON-FS121M-SLM.jpg\",\"width\":500,\"height\":500},{\"@type\":\"BreadcrumbList\",\"@id\":\"https:\/\/maqcenter.com\/pt-pt\/producto\/fs121m\/#breadcrumb\",\"itemListElement\":[{\"@type\":\"ListItem\",\"position\":1,\"name\":\"Productos\",\"item\":\"https:\/\/maqcenter.com\/pt-pt\/\"},{\"@type\":\"ListItem\",\"position\":2,\"name\":\"Produtos\",\"item\":\"https:\/\/maqcenter.com\/pt-pt\/shop\/\"},{\"@type\":\"ListItem\",\"position\":3,\"name\":\"FS121M\"}]},{\"@type\":\"WebSite\",\"@id\":\"https:\/\/maqcenter.com\/pt-pt\/#website\",\"url\":\"https:\/\/maqcenter.com\/pt-pt\/\",\"name\":\"MAQcenter\",\"description\":\"El centro de tus soluciones\",\"publisher\":{\"@id\":\"https:\/\/maqcenter.com\/pt-pt\/#organization\"},\"potentialAction\":[{\"@type\":\"SearchAction\",\"target\":{\"@type\":\"EntryPoint\",\"urlTemplate\":\"https:\/\/maqcenter.com\/pt-pt\/?s={search_term_string}\"},\"query-input\":{\"@type\":\"PropertyValueSpecification\",\"valueRequired\":true,\"valueName\":\"search_term_string\"}}],\"inLanguage\":\"pt-PT\"},{\"@type\":\"Organization\",\"@id\":\"https:\/\/maqcenter.com\/pt-pt\/#organization\",\"name\":\"MAQcenter S.A.\",\"url\":\"https:\/\/maqcenter.com\/pt-pt\/\",\"logo\":{\"@type\":\"ImageObject\",\"inLanguage\":\"pt-PT\",\"@id\":\"https:\/\/maqcenter.com\/pt-pt\/#\/schema\/logo\/image\/\",\"url\":\"https:\/\/maqcenter.com\/wp-content\/uploads\/2021\/02\/MAQcenter_logo_vertical.svg\",\"contentUrl\":\"https:\/\/maqcenter.com\/wp-content\/uploads\/2021\/02\/MAQcenter_logo_vertical.svg\",\"width\":300,\"height\":174,\"caption\":\"MAQcenter S.A.\"},\"image\":{\"@id\":\"https:\/\/maqcenter.com\/pt-pt\/#\/schema\/logo\/image\/\"}}]}<\/script>\n<!-- \/ Yoast SEO plugin. -->","yoast_head_json":{"title":"FS121M","description":"FS121M. Solu\u00e7\u00e3o flex\u00edvel. A FS121M \u00e9 uma m\u00e1quina de estrutura compacta e acess\u00edvel que permite ao utilizador selecionar entre v\u00e1rios tamanhos de pontos e l\u00e2minas","robots":{"index":"index","follow":"follow","max-snippet":"max-snippet:-1","max-image-preview":"max-image-preview:large","max-video-preview":"max-video-preview:-1"},"canonical":"https:\/\/maqcenter.com\/pt-pt\/producto\/fs121m\/","og_locale":"pt_PT","og_type":"article","og_title":"FS121M","og_description":"FS121M. Solu\u00e7\u00e3o flex\u00edvel. A FS121M \u00e9 uma m\u00e1quina de estrutura compacta e acess\u00edvel que permite ao utilizador selecionar entre v\u00e1rios tamanhos de pontos e l\u00e2minas","og_url":"https:\/\/maqcenter.com\/pt-pt\/producto\/fs121m\/","og_site_name":"MAQcenter","og_image":[{"width":500,"height":500,"url":"https:\/\/maqcenter.com\/wp-content\/uploads\/2021\/02\/FARSOON-FS121M-SLM.jpg","type":"image\/jpeg"}],"twitter_card":"summary_large_image","twitter_misc":{"Tempo estimado de leitura":"1 minuto"},"schema":{"@context":"https:\/\/schema.org","@graph":[{"@type":["WebPage","ItemPage"],"@id":"https:\/\/maqcenter.com\/pt-pt\/producto\/fs121m\/","url":"https:\/\/maqcenter.com\/pt-pt\/producto\/fs121m\/","name":"FS121M","isPartOf":{"@id":"https:\/\/maqcenter.com\/pt-pt\/#website"},"primaryImageOfPage":{"@id":"https:\/\/maqcenter.com\/pt-pt\/producto\/fs121m\/#primaryimage"},"image":{"@id":"https:\/\/maqcenter.com\/pt-pt\/producto\/fs121m\/#primaryimage"},"thumbnailUrl":"https:\/\/maqcenter.com\/wp-content\/uploads\/2021\/02\/FARSOON-FS121M-SLM.jpg","datePublished":"2021-02-08T09:01:27+00:00","description":"FS121M. Solu\u00e7\u00e3o flex\u00edvel. A FS121M \u00e9 uma m\u00e1quina de estrutura compacta e acess\u00edvel que permite ao utilizador selecionar entre v\u00e1rios tamanhos de pontos e l\u00e2minas","breadcrumb":{"@id":"https:\/\/maqcenter.com\/pt-pt\/producto\/fs121m\/#breadcrumb"},"inLanguage":"pt-PT","potentialAction":[{"@type":"ReadAction","target":["https:\/\/maqcenter.com\/pt-pt\/producto\/fs121m\/"]}]},{"@type":"ImageObject","inLanguage":"pt-PT","@id":"https:\/\/maqcenter.com\/pt-pt\/producto\/fs121m\/#primaryimage","url":"https:\/\/maqcenter.com\/wp-content\/uploads\/2021\/02\/FARSOON-FS121M-SLM.jpg","contentUrl":"https:\/\/maqcenter.com\/wp-content\/uploads\/2021\/02\/FARSOON-FS121M-SLM.jpg","width":500,"height":500},{"@type":"BreadcrumbList","@id":"https:\/\/maqcenter.com\/pt-pt\/producto\/fs121m\/#breadcrumb","itemListElement":[{"@type":"ListItem","position":1,"name":"Productos","item":"https:\/\/maqcenter.com\/pt-pt\/"},{"@type":"ListItem","position":2,"name":"Produtos","item":"https:\/\/maqcenter.com\/pt-pt\/shop\/"},{"@type":"ListItem","position":3,"name":"FS121M"}]},{"@type":"WebSite","@id":"https:\/\/maqcenter.com\/pt-pt\/#website","url":"https:\/\/maqcenter.com\/pt-pt\/","name":"MAQcenter","description":"El centro de tus soluciones","publisher":{"@id":"https:\/\/maqcenter.com\/pt-pt\/#organization"},"potentialAction":[{"@type":"SearchAction","target":{"@type":"EntryPoint","urlTemplate":"https:\/\/maqcenter.com\/pt-pt\/?s={search_term_string}"},"query-input":{"@type":"PropertyValueSpecification","valueRequired":true,"valueName":"search_term_string"}}],"inLanguage":"pt-PT"},{"@type":"Organization","@id":"https:\/\/maqcenter.com\/pt-pt\/#organization","name":"MAQcenter S.A.","url":"https:\/\/maqcenter.com\/pt-pt\/","logo":{"@type":"ImageObject","inLanguage":"pt-PT","@id":"https:\/\/maqcenter.com\/pt-pt\/#\/schema\/logo\/image\/","url":"https:\/\/maqcenter.com\/wp-content\/uploads\/2021\/02\/MAQcenter_logo_vertical.svg","contentUrl":"https:\/\/maqcenter.com\/wp-content\/uploads\/2021\/02\/MAQcenter_logo_vertical.svg","width":300,"height":174,"caption":"MAQcenter S.A."},"image":{"@id":"https:\/\/maqcenter.com\/pt-pt\/#\/schema\/logo\/image\/"}}]}},"_links":{"self":[{"href":"https:\/\/maqcenter.com\/pt-pt\/wp-json\/wp\/v2\/product\/21923","targetHints":{"allow":["GET"]}}],"collection":[{"href":"https:\/\/maqcenter.com\/pt-pt\/wp-json\/wp\/v2\/product"}],"about":[{"href":"https:\/\/maqcenter.com\/pt-pt\/wp-json\/wp\/v2\/types\/product"}],"wp:featuredmedia":[{"embeddable":true,"href":"https:\/\/maqcenter.com\/pt-pt\/wp-json\/wp\/v2\/media\/21924"}],"wp:attachment":[{"href":"https:\/\/maqcenter.com\/pt-pt\/wp-json\/wp\/v2\/media?parent=21923"}],"wp:term":[{"taxonomy":"product_brand","embeddable":true,"href":"https:\/\/maqcenter.com\/pt-pt\/wp-json\/wp\/v2\/product_brand?post=21923"},{"taxonomy":"product_cat","embeddable":true,"href":"https:\/\/maqcenter.com\/pt-pt\/wp-json\/wp\/v2\/product_cat?post=21923"},{"taxonomy":"product_tag","embeddable":true,"href":"https:\/\/maqcenter.com\/pt-pt\/wp-json\/wp\/v2\/product_tag?post=21923"},{"taxonomy":"marca-producto","embeddable":true,"href":"https:\/\/maqcenter.com\/pt-pt\/wp-json\/wp\/v2\/marca-producto?post=21923"},{"taxonomy":"serie-producto","embeddable":true,"href":"https:\/\/maqcenter.com\/pt-pt\/wp-json\/wp\/v2\/serie-producto?post=21923"}],"curies":[{"name":"wp","href":"https:\/\/api.w.org\/{rel}","templated":true}]}}