{"id":21928,"date":"2021-02-08T11:01:27","date_gmt":"2021-02-08T09:01:27","guid":{"rendered":"https:\/\/maqcenter.com\/producto\/fs301m\/"},"modified":"2021-02-08T11:01:27","modified_gmt":"2021-02-08T09:01:27","slug":"fs301m","status":"publish","type":"product","link":"https:\/\/maqcenter.com\/pt-pt\/producto\/fs301m\/","title":{"rendered":"FS301M"},"content":{"rendered":"<p>Qualidade orientada para o utilizador.<br \/>\nA estrat\u00e9gia de varrimento com duplo laser e os algoritmos de calibra\u00e7\u00e3o melhoram a efici\u00eancia da constru\u00e7\u00e3o ao controlar com precis\u00e3o o funcionamento de ambos os lasers, permitindo uma distribui\u00e7\u00e3o inteligente durante a produ\u00e7\u00e3o de uma \u00fanica pe\u00e7a de grandes dimens\u00f5es ou v\u00e1rias pe\u00e7as mais pequenas.<br \/>Ambos os lasers t\u00eam cobertura total da \u00e1rea de constru\u00e7\u00e3o e podem ser configurados para utilizar apenas um laser por pe\u00e7a, o que permite reduzir a carga de certifica\u00e7\u00e3o na ind\u00fastria aeroespacial ao garantir que cada componente \u00e9 produzido com um \u00fanico laser.<br \/>As velocidades de comunica\u00e7\u00e3o de sinal l\u00edderes no setor e os robustos tempos de recobrimento garantem um atraso m\u00ednimo entre cada camada durante o processo de constru\u00e7\u00e3o.<br \/>O volume aumentado do cilindro de constru\u00e7\u00e3o, comparado com gera\u00e7\u00f5es anteriores, mede 305 \u00d7 305 \u00d7 400 mm, sendo ideal para aplica\u00e7\u00f5es de maior dimens\u00e3o e para aumentar a produtividade numa \u00fanica constru\u00e7\u00e3o.<br \/>\nAl\u00e9m disso, com a c\u00e2mara de carregamento de p\u00f3 integrada no FS301M, a adi\u00e7\u00e3o de material pode ser realizada numa atmosfera de g\u00e1s inerte, otimizando o fluxo de trabalho e melhorando a seguran\u00e7a ambiental.<br \/>\nFuncionalidades pr\u00e1ticas como placas de base pr\u00e9-aquecidas, nivelamento el\u00e9trico e sistemas de vis\u00e3o avan\u00e7ados permitem um processo de fabrico mais robusto e um controlo de qualidade superior.<br \/>\nO FS301M ocupa apenas 3,64 m\u00b2 de espa\u00e7o, com um sistema de filtragem integrado e dur\u00e1vel, com um tempo de opera\u00e7\u00e3o de at\u00e9 1500 horas.<\/p>\n","protected":false},"excerpt":{"rendered":"<p>Qualidade orientada para o utilizador. A estrat\u00e9gia de varrimento com duplo laser e os algoritmos de calibra\u00e7\u00e3o melhoram a efici\u00eancia da constru\u00e7\u00e3o ao controlar com precis\u00e3o o funcionamento de ambos os lasers, permitindo uma distribui\u00e7\u00e3o inteligente durante a produ\u00e7\u00e3o de uma \u00fanica pe\u00e7a de grandes dimens\u00f5es ou v\u00e1rias pe\u00e7as mais pequenas.Ambos os lasers t\u00eam cobertura [&hellip;]<\/p>\n","protected":false},"featured_media":21929,"template":"","meta":[],"product_brand":[],"product_cat":[518,519],"product_tag":[568,570,572,573,575],"marca-producto":[102],"serie-producto":[],"class_list":{"0":"post-21928","1":"product","2":"type-product","3":"status-publish","4":"has-post-thumbnail","6":"product_cat-fabrico-aditivo","7":"product_cat-fabrico-de-aditivos-metalicos","8":"product_tag-aeronautica-pt-pt","9":"product_tag-bens-de-equipamento","10":"product_tag-ferrovia","11":"product_tag-grande-consumo","12":"product_tag-moldes-e-matrizes","13":"marca-producto-farsoon","15":"first","16":"instock","17":"product-type-simple"},"yoast_head":"<!-- This site is optimized with the Yoast SEO plugin v27.0 - https:\/\/yoast.com\/product\/yoast-seo-wordpress\/ -->\n<title>FS301M<\/title>\n<meta name=\"description\" content=\"FS301M. Qualidade orientada para o utilizador. A estrat\u00e9gia de varrimento com duplo laser e os algoritmos de calibra\u00e7\u00e3o melhoram a efici\u00eancia da constru\u00e7\u00e3o ao\" \/>\n<meta name=\"robots\" content=\"index, follow, max-snippet:-1, max-image-preview:large, max-video-preview:-1\" \/>\n<link rel=\"canonical\" href=\"https:\/\/maqcenter.com\/pt-pt\/producto\/fs301m\/\" \/>\n<meta property=\"og:locale\" content=\"pt_PT\" \/>\n<meta property=\"og:type\" content=\"article\" \/>\n<meta property=\"og:title\" content=\"FS301M\" \/>\n<meta property=\"og:description\" content=\"FS301M. Qualidade orientada para o utilizador. A estrat\u00e9gia de varrimento com duplo laser e os algoritmos de calibra\u00e7\u00e3o melhoram a efici\u00eancia da constru\u00e7\u00e3o ao\" \/>\n<meta property=\"og:url\" content=\"https:\/\/maqcenter.com\/pt-pt\/producto\/fs301m\/\" \/>\n<meta property=\"og:site_name\" content=\"MAQcenter\" \/>\n<meta property=\"og:image\" content=\"https:\/\/maqcenter.com\/wp-content\/uploads\/2021\/02\/FARSOON-FS301M-SLM.jpg\" \/>\n\t<meta property=\"og:image:width\" content=\"500\" \/>\n\t<meta property=\"og:image:height\" content=\"500\" \/>\n\t<meta property=\"og:image:type\" content=\"image\/jpeg\" \/>\n<meta name=\"twitter:card\" content=\"summary_large_image\" \/>\n<meta name=\"twitter:label1\" content=\"Tempo estimado de leitura\" \/>\n\t<meta name=\"twitter:data1\" content=\"1 minuto\" \/>\n<script type=\"application\/ld+json\" class=\"yoast-schema-graph\">{\"@context\":\"https:\/\/schema.org\",\"@graph\":[{\"@type\":[\"WebPage\",\"ItemPage\"],\"@id\":\"https:\/\/maqcenter.com\/pt-pt\/producto\/fs301m\/\",\"url\":\"https:\/\/maqcenter.com\/pt-pt\/producto\/fs301m\/\",\"name\":\"FS301M\",\"isPartOf\":{\"@id\":\"https:\/\/maqcenter.com\/pt-pt\/#website\"},\"primaryImageOfPage\":{\"@id\":\"https:\/\/maqcenter.com\/pt-pt\/producto\/fs301m\/#primaryimage\"},\"image\":{\"@id\":\"https:\/\/maqcenter.com\/pt-pt\/producto\/fs301m\/#primaryimage\"},\"thumbnailUrl\":\"https:\/\/maqcenter.com\/wp-content\/uploads\/2021\/02\/FARSOON-FS301M-SLM.jpg\",\"datePublished\":\"2021-02-08T09:01:27+00:00\",\"description\":\"FS301M. Qualidade orientada para o utilizador. A estrat\u00e9gia de varrimento com duplo laser e os algoritmos de calibra\u00e7\u00e3o melhoram a efici\u00eancia da constru\u00e7\u00e3o ao\",\"breadcrumb\":{\"@id\":\"https:\/\/maqcenter.com\/pt-pt\/producto\/fs301m\/#breadcrumb\"},\"inLanguage\":\"pt-PT\",\"potentialAction\":[{\"@type\":\"ReadAction\",\"target\":[\"https:\/\/maqcenter.com\/pt-pt\/producto\/fs301m\/\"]}]},{\"@type\":\"ImageObject\",\"inLanguage\":\"pt-PT\",\"@id\":\"https:\/\/maqcenter.com\/pt-pt\/producto\/fs301m\/#primaryimage\",\"url\":\"https:\/\/maqcenter.com\/wp-content\/uploads\/2021\/02\/FARSOON-FS301M-SLM.jpg\",\"contentUrl\":\"https:\/\/maqcenter.com\/wp-content\/uploads\/2021\/02\/FARSOON-FS301M-SLM.jpg\",\"width\":500,\"height\":500},{\"@type\":\"BreadcrumbList\",\"@id\":\"https:\/\/maqcenter.com\/pt-pt\/producto\/fs301m\/#breadcrumb\",\"itemListElement\":[{\"@type\":\"ListItem\",\"position\":1,\"name\":\"Productos\",\"item\":\"https:\/\/maqcenter.com\/pt-pt\/\"},{\"@type\":\"ListItem\",\"position\":2,\"name\":\"Produtos\",\"item\":\"https:\/\/maqcenter.com\/pt-pt\/shop\/\"},{\"@type\":\"ListItem\",\"position\":3,\"name\":\"FS301M\"}]},{\"@type\":\"WebSite\",\"@id\":\"https:\/\/maqcenter.com\/pt-pt\/#website\",\"url\":\"https:\/\/maqcenter.com\/pt-pt\/\",\"name\":\"MAQcenter\",\"description\":\"El centro de tus soluciones\",\"publisher\":{\"@id\":\"https:\/\/maqcenter.com\/pt-pt\/#organization\"},\"potentialAction\":[{\"@type\":\"SearchAction\",\"target\":{\"@type\":\"EntryPoint\",\"urlTemplate\":\"https:\/\/maqcenter.com\/pt-pt\/?s={search_term_string}\"},\"query-input\":{\"@type\":\"PropertyValueSpecification\",\"valueRequired\":true,\"valueName\":\"search_term_string\"}}],\"inLanguage\":\"pt-PT\"},{\"@type\":\"Organization\",\"@id\":\"https:\/\/maqcenter.com\/pt-pt\/#organization\",\"name\":\"MAQcenter S.A.\",\"url\":\"https:\/\/maqcenter.com\/pt-pt\/\",\"logo\":{\"@type\":\"ImageObject\",\"inLanguage\":\"pt-PT\",\"@id\":\"https:\/\/maqcenter.com\/pt-pt\/#\/schema\/logo\/image\/\",\"url\":\"https:\/\/maqcenter.com\/wp-content\/uploads\/2021\/02\/MAQcenter_logo_vertical.svg\",\"contentUrl\":\"https:\/\/maqcenter.com\/wp-content\/uploads\/2021\/02\/MAQcenter_logo_vertical.svg\",\"width\":300,\"height\":174,\"caption\":\"MAQcenter S.A.\"},\"image\":{\"@id\":\"https:\/\/maqcenter.com\/pt-pt\/#\/schema\/logo\/image\/\"}}]}<\/script>\n<!-- \/ Yoast SEO plugin. -->","yoast_head_json":{"title":"FS301M","description":"FS301M. Qualidade orientada para o utilizador. A estrat\u00e9gia de varrimento com duplo laser e os algoritmos de calibra\u00e7\u00e3o melhoram a efici\u00eancia da constru\u00e7\u00e3o ao","robots":{"index":"index","follow":"follow","max-snippet":"max-snippet:-1","max-image-preview":"max-image-preview:large","max-video-preview":"max-video-preview:-1"},"canonical":"https:\/\/maqcenter.com\/pt-pt\/producto\/fs301m\/","og_locale":"pt_PT","og_type":"article","og_title":"FS301M","og_description":"FS301M. Qualidade orientada para o utilizador. A estrat\u00e9gia de varrimento com duplo laser e os algoritmos de calibra\u00e7\u00e3o melhoram a efici\u00eancia da constru\u00e7\u00e3o ao","og_url":"https:\/\/maqcenter.com\/pt-pt\/producto\/fs301m\/","og_site_name":"MAQcenter","og_image":[{"width":500,"height":500,"url":"https:\/\/maqcenter.com\/wp-content\/uploads\/2021\/02\/FARSOON-FS301M-SLM.jpg","type":"image\/jpeg"}],"twitter_card":"summary_large_image","twitter_misc":{"Tempo estimado de leitura":"1 minuto"},"schema":{"@context":"https:\/\/schema.org","@graph":[{"@type":["WebPage","ItemPage"],"@id":"https:\/\/maqcenter.com\/pt-pt\/producto\/fs301m\/","url":"https:\/\/maqcenter.com\/pt-pt\/producto\/fs301m\/","name":"FS301M","isPartOf":{"@id":"https:\/\/maqcenter.com\/pt-pt\/#website"},"primaryImageOfPage":{"@id":"https:\/\/maqcenter.com\/pt-pt\/producto\/fs301m\/#primaryimage"},"image":{"@id":"https:\/\/maqcenter.com\/pt-pt\/producto\/fs301m\/#primaryimage"},"thumbnailUrl":"https:\/\/maqcenter.com\/wp-content\/uploads\/2021\/02\/FARSOON-FS301M-SLM.jpg","datePublished":"2021-02-08T09:01:27+00:00","description":"FS301M. Qualidade orientada para o utilizador. A estrat\u00e9gia de varrimento com duplo laser e os algoritmos de calibra\u00e7\u00e3o melhoram a efici\u00eancia da constru\u00e7\u00e3o ao","breadcrumb":{"@id":"https:\/\/maqcenter.com\/pt-pt\/producto\/fs301m\/#breadcrumb"},"inLanguage":"pt-PT","potentialAction":[{"@type":"ReadAction","target":["https:\/\/maqcenter.com\/pt-pt\/producto\/fs301m\/"]}]},{"@type":"ImageObject","inLanguage":"pt-PT","@id":"https:\/\/maqcenter.com\/pt-pt\/producto\/fs301m\/#primaryimage","url":"https:\/\/maqcenter.com\/wp-content\/uploads\/2021\/02\/FARSOON-FS301M-SLM.jpg","contentUrl":"https:\/\/maqcenter.com\/wp-content\/uploads\/2021\/02\/FARSOON-FS301M-SLM.jpg","width":500,"height":500},{"@type":"BreadcrumbList","@id":"https:\/\/maqcenter.com\/pt-pt\/producto\/fs301m\/#breadcrumb","itemListElement":[{"@type":"ListItem","position":1,"name":"Productos","item":"https:\/\/maqcenter.com\/pt-pt\/"},{"@type":"ListItem","position":2,"name":"Produtos","item":"https:\/\/maqcenter.com\/pt-pt\/shop\/"},{"@type":"ListItem","position":3,"name":"FS301M"}]},{"@type":"WebSite","@id":"https:\/\/maqcenter.com\/pt-pt\/#website","url":"https:\/\/maqcenter.com\/pt-pt\/","name":"MAQcenter","description":"El centro de tus soluciones","publisher":{"@id":"https:\/\/maqcenter.com\/pt-pt\/#organization"},"potentialAction":[{"@type":"SearchAction","target":{"@type":"EntryPoint","urlTemplate":"https:\/\/maqcenter.com\/pt-pt\/?s={search_term_string}"},"query-input":{"@type":"PropertyValueSpecification","valueRequired":true,"valueName":"search_term_string"}}],"inLanguage":"pt-PT"},{"@type":"Organization","@id":"https:\/\/maqcenter.com\/pt-pt\/#organization","name":"MAQcenter S.A.","url":"https:\/\/maqcenter.com\/pt-pt\/","logo":{"@type":"ImageObject","inLanguage":"pt-PT","@id":"https:\/\/maqcenter.com\/pt-pt\/#\/schema\/logo\/image\/","url":"https:\/\/maqcenter.com\/wp-content\/uploads\/2021\/02\/MAQcenter_logo_vertical.svg","contentUrl":"https:\/\/maqcenter.com\/wp-content\/uploads\/2021\/02\/MAQcenter_logo_vertical.svg","width":300,"height":174,"caption":"MAQcenter S.A."},"image":{"@id":"https:\/\/maqcenter.com\/pt-pt\/#\/schema\/logo\/image\/"}}]}},"_links":{"self":[{"href":"https:\/\/maqcenter.com\/pt-pt\/wp-json\/wp\/v2\/product\/21928","targetHints":{"allow":["GET"]}}],"collection":[{"href":"https:\/\/maqcenter.com\/pt-pt\/wp-json\/wp\/v2\/product"}],"about":[{"href":"https:\/\/maqcenter.com\/pt-pt\/wp-json\/wp\/v2\/types\/product"}],"wp:featuredmedia":[{"embeddable":true,"href":"https:\/\/maqcenter.com\/pt-pt\/wp-json\/wp\/v2\/media\/21929"}],"wp:attachment":[{"href":"https:\/\/maqcenter.com\/pt-pt\/wp-json\/wp\/v2\/media?parent=21928"}],"wp:term":[{"taxonomy":"product_brand","embeddable":true,"href":"https:\/\/maqcenter.com\/pt-pt\/wp-json\/wp\/v2\/product_brand?post=21928"},{"taxonomy":"product_cat","embeddable":true,"href":"https:\/\/maqcenter.com\/pt-pt\/wp-json\/wp\/v2\/product_cat?post=21928"},{"taxonomy":"product_tag","embeddable":true,"href":"https:\/\/maqcenter.com\/pt-pt\/wp-json\/wp\/v2\/product_tag?post=21928"},{"taxonomy":"marca-producto","embeddable":true,"href":"https:\/\/maqcenter.com\/pt-pt\/wp-json\/wp\/v2\/marca-producto?post=21928"},{"taxonomy":"serie-producto","embeddable":true,"href":"https:\/\/maqcenter.com\/pt-pt\/wp-json\/wp\/v2\/serie-producto?post=21928"}],"curies":[{"name":"wp","href":"https:\/\/api.w.org\/{rel}","templated":true}]}}