{"id":21949,"date":"2021-02-08T11:01:27","date_gmt":"2021-02-08T09:01:27","guid":{"rendered":"https:\/\/maqcenter.com\/producto\/flight-ht403p\/"},"modified":"2021-02-08T11:01:27","modified_gmt":"2021-02-08T09:01:27","slug":"flight-ht403p","status":"publish","type":"product","link":"https:\/\/maqcenter.com\/pt-pt\/producto\/flight-ht403p\/","title":{"rendered":"Flight HT403P"},"content":{"rendered":"<p>A Flight 403P da Farsoon \u00e9 uma solu\u00e7\u00e3o de fabrico aditivo baseada em tecnologia de fus\u00e3o de p\u00f3 por laser (LPBF) que utiliza poderosos lasers de fibra para alcan\u00e7ar uma produtividade excecional e produzir pe\u00e7as de qualidade industrial com detalhes extremamente finos.<br \/>A tecnologia FLIGHT\u00ae desbloqueia um novo n\u00edvel de produtividade na fus\u00e3o de p\u00f3 por laser, permitindo a produ\u00e7\u00e3o de pe\u00e7as de alta qualidade sem necessidade de aditivos ou consum\u00edveis, reduzindo assim os custos operacionais e promovendo uma fabrica\u00e7\u00e3o mais sustent\u00e1vel. <\/p>\n<h4>Principais caracter\u00edsticas<\/p>\n<\/h4>\n<ul>\n<li><strong>Laser de Fibra<\/strong>: Equipada com lasers de fibra em vez dos tradicionais lasers de CO\u2082, a s\u00e9rie Flight\u00ae 403P consegue fornecer uma pot\u00eancia significativamente superior ao leito de p\u00f3.<\/li>\n<li><strong>Detalhes Finos<\/strong>: Desenvolvida com um conjunto exclusivo de algoritmos de varrimento e um sistema \u00f3tico din\u00e2mico avan\u00e7ado, a tecnologia Flight\u00ae proporciona uma distribui\u00e7\u00e3o de energia mais homog\u00e9nea na superf\u00edcie de processamento. Isto permite atingir detalhes de caracter\u00edsticas t\u00e3o pequenos como 0,3 mm, mantendo todas as vantagens das propriedades das pe\u00e7as produzidas por sinteriza\u00e7\u00e3o laser convencional. <\/li>\n<li><strong>Velocidade<\/strong>: Com pot\u00eancia laser robusta, melhor distribui\u00e7\u00e3o energ\u00e9tica e um ponto de laser mais pequeno, a tecnologia Flight\u00ae realiza a sinteriza\u00e7\u00e3o do p\u00f3 num tempo significativamente reduzido. Com uma velocidade de varrimento superior a 20 m\/s e um grande volume de constru\u00e7\u00e3o, a s\u00e9rie Flight\u00ae 403P atinge velocidades de produ\u00e7\u00e3o extremas, levando a produtividade da manufatura aditiva a um novo patamar. <\/li>\n<li><strong>Plataforma Aberta<\/strong>: Como todos os sistemas da Farsoon, a s\u00e9rie Flight\u00ae 403P \u00e9 fornecida com par\u00e2metros de m\u00e1quina totalmente abertos e escolha de materiais desbloqueada, oferecendo liberdade total ao utilizador.<\/li>\n<\/ul>\n","protected":false},"excerpt":{"rendered":"<p>A Flight 403P da Farsoon \u00e9 uma solu\u00e7\u00e3o de fabrico aditivo baseada em tecnologia de fus\u00e3o de p\u00f3 por laser (LPBF) que utiliza poderosos lasers de fibra para alcan\u00e7ar uma produtividade excecional e produzir pe\u00e7as de qualidade industrial com detalhes extremamente finos.A tecnologia FLIGHT\u00ae desbloqueia um novo n\u00edvel de produtividade na fus\u00e3o de p\u00f3 por [&hellip;]<\/p>\n","protected":false},"featured_media":21950,"template":"","meta":[],"product_brand":[],"product_cat":[518,520],"product_tag":[568,569,570,572,573,575],"marca-producto":[102],"serie-producto":[],"class_list":{"0":"post-21949","1":"product","2":"type-product","3":"status-publish","4":"has-post-thumbnail","6":"product_cat-fabrico-aditivo","7":"product_cat-fabrico-de-aditivos-de-polimeros","8":"product_tag-aeronautica-pt-pt","9":"product_tag-automovel","10":"product_tag-bens-de-equipamento","11":"product_tag-ferrovia","12":"product_tag-grande-consumo","13":"product_tag-moldes-e-matrizes","14":"marca-producto-farsoon","16":"first","17":"instock","18":"product-type-simple"},"yoast_head":"<!-- This site is optimized with the Yoast SEO plugin v27.0 - https:\/\/yoast.com\/product\/yoast-seo-wordpress\/ -->\n<title>Flight HT403P<\/title>\n<meta name=\"description\" content=\"Flight HT403P. A Flight 403P da Farsoon \u00e9 uma solu\u00e7\u00e3o de fabrico aditivo baseada em tecnologia de fus\u00e3o de p\u00f3 por laser (LPBF) que utiliza poderosos lasers de fibra para\" \/>\n<meta name=\"robots\" content=\"index, follow, max-snippet:-1, max-image-preview:large, max-video-preview:-1\" \/>\n<link rel=\"canonical\" href=\"https:\/\/maqcenter.com\/pt-pt\/producto\/flight-ht403p\/\" \/>\n<meta property=\"og:locale\" content=\"pt_PT\" \/>\n<meta property=\"og:type\" content=\"article\" \/>\n<meta property=\"og:title\" content=\"Flight HT403P\" \/>\n<meta property=\"og:description\" content=\"Flight HT403P. A Flight 403P da Farsoon \u00e9 uma solu\u00e7\u00e3o de fabrico aditivo baseada em tecnologia de fus\u00e3o de p\u00f3 por laser (LPBF) que utiliza poderosos lasers de fibra para\" \/>\n<meta property=\"og:url\" content=\"https:\/\/maqcenter.com\/pt-pt\/producto\/flight-ht403p\/\" \/>\n<meta property=\"og:site_name\" content=\"MAQcenter\" \/>\n<meta property=\"og:image\" content=\"https:\/\/maqcenter.com\/wp-content\/uploads\/2021\/02\/FARSOON-Flight-HT403P-SLS-1.jpg\" \/>\n\t<meta property=\"og:image:width\" content=\"500\" \/>\n\t<meta property=\"og:image:height\" content=\"500\" \/>\n\t<meta property=\"og:image:type\" content=\"image\/jpeg\" \/>\n<meta name=\"twitter:card\" content=\"summary_large_image\" \/>\n<meta name=\"twitter:label1\" content=\"Tempo estimado de leitura\" \/>\n\t<meta name=\"twitter:data1\" content=\"1 minuto\" \/>\n<script type=\"application\/ld+json\" class=\"yoast-schema-graph\">{\"@context\":\"https:\/\/schema.org\",\"@graph\":[{\"@type\":[\"WebPage\",\"ItemPage\"],\"@id\":\"https:\/\/maqcenter.com\/pt-pt\/producto\/flight-ht403p\/\",\"url\":\"https:\/\/maqcenter.com\/pt-pt\/producto\/flight-ht403p\/\",\"name\":\"Flight HT403P\",\"isPartOf\":{\"@id\":\"https:\/\/maqcenter.com\/pt-pt\/#website\"},\"primaryImageOfPage\":{\"@id\":\"https:\/\/maqcenter.com\/pt-pt\/producto\/flight-ht403p\/#primaryimage\"},\"image\":{\"@id\":\"https:\/\/maqcenter.com\/pt-pt\/producto\/flight-ht403p\/#primaryimage\"},\"thumbnailUrl\":\"https:\/\/maqcenter.com\/wp-content\/uploads\/2021\/02\/FARSOON-Flight-HT403P-SLS-1.jpg\",\"datePublished\":\"2021-02-08T09:01:27+00:00\",\"description\":\"Flight HT403P. A Flight 403P da Farsoon \u00e9 uma solu\u00e7\u00e3o de fabrico aditivo baseada em tecnologia de fus\u00e3o de p\u00f3 por laser (LPBF) que utiliza poderosos lasers de fibra para\",\"breadcrumb\":{\"@id\":\"https:\/\/maqcenter.com\/pt-pt\/producto\/flight-ht403p\/#breadcrumb\"},\"inLanguage\":\"pt-PT\",\"potentialAction\":[{\"@type\":\"ReadAction\",\"target\":[\"https:\/\/maqcenter.com\/pt-pt\/producto\/flight-ht403p\/\"]}]},{\"@type\":\"ImageObject\",\"inLanguage\":\"pt-PT\",\"@id\":\"https:\/\/maqcenter.com\/pt-pt\/producto\/flight-ht403p\/#primaryimage\",\"url\":\"https:\/\/maqcenter.com\/wp-content\/uploads\/2021\/02\/FARSOON-Flight-HT403P-SLS-1.jpg\",\"contentUrl\":\"https:\/\/maqcenter.com\/wp-content\/uploads\/2021\/02\/FARSOON-Flight-HT403P-SLS-1.jpg\",\"width\":500,\"height\":500},{\"@type\":\"BreadcrumbList\",\"@id\":\"https:\/\/maqcenter.com\/pt-pt\/producto\/flight-ht403p\/#breadcrumb\",\"itemListElement\":[{\"@type\":\"ListItem\",\"position\":1,\"name\":\"Productos\",\"item\":\"https:\/\/maqcenter.com\/pt-pt\/\"},{\"@type\":\"ListItem\",\"position\":2,\"name\":\"Produtos\",\"item\":\"https:\/\/maqcenter.com\/pt-pt\/shop\/\"},{\"@type\":\"ListItem\",\"position\":3,\"name\":\"Flight HT403P\"}]},{\"@type\":\"WebSite\",\"@id\":\"https:\/\/maqcenter.com\/pt-pt\/#website\",\"url\":\"https:\/\/maqcenter.com\/pt-pt\/\",\"name\":\"MAQcenter\",\"description\":\"El centro de tus soluciones\",\"publisher\":{\"@id\":\"https:\/\/maqcenter.com\/pt-pt\/#organization\"},\"potentialAction\":[{\"@type\":\"SearchAction\",\"target\":{\"@type\":\"EntryPoint\",\"urlTemplate\":\"https:\/\/maqcenter.com\/pt-pt\/?s={search_term_string}\"},\"query-input\":{\"@type\":\"PropertyValueSpecification\",\"valueRequired\":true,\"valueName\":\"search_term_string\"}}],\"inLanguage\":\"pt-PT\"},{\"@type\":\"Organization\",\"@id\":\"https:\/\/maqcenter.com\/pt-pt\/#organization\",\"name\":\"MAQcenter S.A.\",\"url\":\"https:\/\/maqcenter.com\/pt-pt\/\",\"logo\":{\"@type\":\"ImageObject\",\"inLanguage\":\"pt-PT\",\"@id\":\"https:\/\/maqcenter.com\/pt-pt\/#\/schema\/logo\/image\/\",\"url\":\"https:\/\/maqcenter.com\/wp-content\/uploads\/2021\/02\/MAQcenter_logo_vertical.svg\",\"contentUrl\":\"https:\/\/maqcenter.com\/wp-content\/uploads\/2021\/02\/MAQcenter_logo_vertical.svg\",\"width\":300,\"height\":174,\"caption\":\"MAQcenter S.A.\"},\"image\":{\"@id\":\"https:\/\/maqcenter.com\/pt-pt\/#\/schema\/logo\/image\/\"}}]}<\/script>\n<!-- \/ Yoast SEO plugin. -->","yoast_head_json":{"title":"Flight HT403P","description":"Flight HT403P. A Flight 403P da Farsoon \u00e9 uma solu\u00e7\u00e3o de fabrico aditivo baseada em tecnologia de fus\u00e3o de p\u00f3 por laser (LPBF) que utiliza poderosos lasers de fibra para","robots":{"index":"index","follow":"follow","max-snippet":"max-snippet:-1","max-image-preview":"max-image-preview:large","max-video-preview":"max-video-preview:-1"},"canonical":"https:\/\/maqcenter.com\/pt-pt\/producto\/flight-ht403p\/","og_locale":"pt_PT","og_type":"article","og_title":"Flight HT403P","og_description":"Flight HT403P. A Flight 403P da Farsoon \u00e9 uma solu\u00e7\u00e3o de fabrico aditivo baseada em tecnologia de fus\u00e3o de p\u00f3 por laser (LPBF) que utiliza poderosos lasers de fibra para","og_url":"https:\/\/maqcenter.com\/pt-pt\/producto\/flight-ht403p\/","og_site_name":"MAQcenter","og_image":[{"width":500,"height":500,"url":"https:\/\/maqcenter.com\/wp-content\/uploads\/2021\/02\/FARSOON-Flight-HT403P-SLS-1.jpg","type":"image\/jpeg"}],"twitter_card":"summary_large_image","twitter_misc":{"Tempo estimado de leitura":"1 minuto"},"schema":{"@context":"https:\/\/schema.org","@graph":[{"@type":["WebPage","ItemPage"],"@id":"https:\/\/maqcenter.com\/pt-pt\/producto\/flight-ht403p\/","url":"https:\/\/maqcenter.com\/pt-pt\/producto\/flight-ht403p\/","name":"Flight HT403P","isPartOf":{"@id":"https:\/\/maqcenter.com\/pt-pt\/#website"},"primaryImageOfPage":{"@id":"https:\/\/maqcenter.com\/pt-pt\/producto\/flight-ht403p\/#primaryimage"},"image":{"@id":"https:\/\/maqcenter.com\/pt-pt\/producto\/flight-ht403p\/#primaryimage"},"thumbnailUrl":"https:\/\/maqcenter.com\/wp-content\/uploads\/2021\/02\/FARSOON-Flight-HT403P-SLS-1.jpg","datePublished":"2021-02-08T09:01:27+00:00","description":"Flight HT403P. A Flight 403P da Farsoon \u00e9 uma solu\u00e7\u00e3o de fabrico aditivo baseada em tecnologia de fus\u00e3o de p\u00f3 por laser (LPBF) que utiliza poderosos lasers de fibra para","breadcrumb":{"@id":"https:\/\/maqcenter.com\/pt-pt\/producto\/flight-ht403p\/#breadcrumb"},"inLanguage":"pt-PT","potentialAction":[{"@type":"ReadAction","target":["https:\/\/maqcenter.com\/pt-pt\/producto\/flight-ht403p\/"]}]},{"@type":"ImageObject","inLanguage":"pt-PT","@id":"https:\/\/maqcenter.com\/pt-pt\/producto\/flight-ht403p\/#primaryimage","url":"https:\/\/maqcenter.com\/wp-content\/uploads\/2021\/02\/FARSOON-Flight-HT403P-SLS-1.jpg","contentUrl":"https:\/\/maqcenter.com\/wp-content\/uploads\/2021\/02\/FARSOON-Flight-HT403P-SLS-1.jpg","width":500,"height":500},{"@type":"BreadcrumbList","@id":"https:\/\/maqcenter.com\/pt-pt\/producto\/flight-ht403p\/#breadcrumb","itemListElement":[{"@type":"ListItem","position":1,"name":"Productos","item":"https:\/\/maqcenter.com\/pt-pt\/"},{"@type":"ListItem","position":2,"name":"Produtos","item":"https:\/\/maqcenter.com\/pt-pt\/shop\/"},{"@type":"ListItem","position":3,"name":"Flight HT403P"}]},{"@type":"WebSite","@id":"https:\/\/maqcenter.com\/pt-pt\/#website","url":"https:\/\/maqcenter.com\/pt-pt\/","name":"MAQcenter","description":"El centro de tus soluciones","publisher":{"@id":"https:\/\/maqcenter.com\/pt-pt\/#organization"},"potentialAction":[{"@type":"SearchAction","target":{"@type":"EntryPoint","urlTemplate":"https:\/\/maqcenter.com\/pt-pt\/?s={search_term_string}"},"query-input":{"@type":"PropertyValueSpecification","valueRequired":true,"valueName":"search_term_string"}}],"inLanguage":"pt-PT"},{"@type":"Organization","@id":"https:\/\/maqcenter.com\/pt-pt\/#organization","name":"MAQcenter S.A.","url":"https:\/\/maqcenter.com\/pt-pt\/","logo":{"@type":"ImageObject","inLanguage":"pt-PT","@id":"https:\/\/maqcenter.com\/pt-pt\/#\/schema\/logo\/image\/","url":"https:\/\/maqcenter.com\/wp-content\/uploads\/2021\/02\/MAQcenter_logo_vertical.svg","contentUrl":"https:\/\/maqcenter.com\/wp-content\/uploads\/2021\/02\/MAQcenter_logo_vertical.svg","width":300,"height":174,"caption":"MAQcenter S.A."},"image":{"@id":"https:\/\/maqcenter.com\/pt-pt\/#\/schema\/logo\/image\/"}}]}},"_links":{"self":[{"href":"https:\/\/maqcenter.com\/pt-pt\/wp-json\/wp\/v2\/product\/21949","targetHints":{"allow":["GET"]}}],"collection":[{"href":"https:\/\/maqcenter.com\/pt-pt\/wp-json\/wp\/v2\/product"}],"about":[{"href":"https:\/\/maqcenter.com\/pt-pt\/wp-json\/wp\/v2\/types\/product"}],"wp:featuredmedia":[{"embeddable":true,"href":"https:\/\/maqcenter.com\/pt-pt\/wp-json\/wp\/v2\/media\/21950"}],"wp:attachment":[{"href":"https:\/\/maqcenter.com\/pt-pt\/wp-json\/wp\/v2\/media?parent=21949"}],"wp:term":[{"taxonomy":"product_brand","embeddable":true,"href":"https:\/\/maqcenter.com\/pt-pt\/wp-json\/wp\/v2\/product_brand?post=21949"},{"taxonomy":"product_cat","embeddable":true,"href":"https:\/\/maqcenter.com\/pt-pt\/wp-json\/wp\/v2\/product_cat?post=21949"},{"taxonomy":"product_tag","embeddable":true,"href":"https:\/\/maqcenter.com\/pt-pt\/wp-json\/wp\/v2\/product_tag?post=21949"},{"taxonomy":"marca-producto","embeddable":true,"href":"https:\/\/maqcenter.com\/pt-pt\/wp-json\/wp\/v2\/marca-producto?post=21949"},{"taxonomy":"serie-producto","embeddable":true,"href":"https:\/\/maqcenter.com\/pt-pt\/wp-json\/wp\/v2\/serie-producto?post=21949"}],"curies":[{"name":"wp","href":"https:\/\/api.w.org\/{rel}","templated":true}]}}