{"id":21955,"date":"2021-02-08T11:01:27","date_gmt":"2021-02-08T09:01:27","guid":{"rendered":"https:\/\/maqcenter.com\/producto\/ht1001p-2\/"},"modified":"2021-02-08T11:01:27","modified_gmt":"2021-02-08T09:01:27","slug":"ht1001p-2","status":"publish","type":"product","link":"https:\/\/maqcenter.com\/pt-pt\/producto\/ht1001p-2\/","title":{"rendered":"HT1001P-2"},"content":{"rendered":"<p>O sistema HT1001P-2 CAMS foi concebido desde o in\u00edcio com o fabrico industrial em mente. Com capacidade de produ\u00e7\u00e3o cont\u00ednua por lotes, a HT1001P permite ciclos de produ\u00e7\u00e3o intensivos com m\u00ednimos tempos de inatividade entre constru\u00e7\u00f5es. A efici\u00eancia do sistema \u00e9 aumentada gra\u00e7as a um sistema de alimenta\u00e7\u00e3o superior de alta efici\u00eancia, bem como uma capacidade de varrimento multilaser totalmente digital.<br \/>\nA HT1001P foi tamb\u00e9m projetada com um sistema de gest\u00e3o de p\u00f3 integrado em circuito fechado, com um elevado n\u00edvel de automa\u00e7\u00e3o e m\u00ednima necessidade de interven\u00e7\u00e3o do operador no processo de abastecimento de material. Com a HT1001P, a impress\u00e3o 3D em pl\u00e1sticos est\u00e1 preparada para avan\u00e7ar rumo \u00e0 verdadeira produ\u00e7\u00e3o aditiva industrializada.   <\/p>\n<p>O grande cilindro de constru\u00e7\u00e3o de 1000 \u00d7 500 \u00d7 450 mm permite uma produ\u00e7\u00e3o incompar\u00e1vel de v\u00e1rias pe\u00e7as pequenas ou componentes grandes sem necessidade de uni\u00e3o ou colagem.<br \/>Al\u00e9m disso, a m\u00e1quina \u00e9 capaz de operar a temperaturas superiores \u00e0s dos sistemas SLS convencionais, com uma temperatura da c\u00e2mara de constru\u00e7\u00e3o que pode atingir os 220\u202f\u00b0C, possibilitando o processamento de materiais de alto desempenho como PA6 e PA12. <\/p>\n<p>&nbsp;<\/p>\n","protected":false},"excerpt":{"rendered":"<p>O sistema HT1001P-2 CAMS foi concebido desde o in\u00edcio com o fabrico industrial em mente. Com capacidade de produ\u00e7\u00e3o cont\u00ednua por lotes, a HT1001P permite ciclos de produ\u00e7\u00e3o intensivos com m\u00ednimos tempos de inatividade entre constru\u00e7\u00f5es. A efici\u00eancia do sistema \u00e9 aumentada gra\u00e7as a um sistema de alimenta\u00e7\u00e3o superior de alta efici\u00eancia, bem como uma [&hellip;]<\/p>\n","protected":false},"featured_media":21956,"template":"","meta":[],"product_brand":[],"product_cat":[518,520],"product_tag":[568,569,570,572,573,575],"marca-producto":[102],"serie-producto":[],"class_list":{"0":"post-21955","1":"product","2":"type-product","3":"status-publish","4":"has-post-thumbnail","6":"product_cat-fabrico-aditivo","7":"product_cat-fabrico-de-aditivos-de-polimeros","8":"product_tag-aeronautica-pt-pt","9":"product_tag-automovel","10":"product_tag-bens-de-equipamento","11":"product_tag-ferrovia","12":"product_tag-grande-consumo","13":"product_tag-moldes-e-matrizes","14":"marca-producto-farsoon","16":"first","17":"instock","18":"product-type-simple"},"yoast_head":"<!-- This site is optimized with the Yoast SEO plugin v27.0 - https:\/\/yoast.com\/product\/yoast-seo-wordpress\/ -->\n<title>HT1001P-2<\/title>\n<meta name=\"description\" content=\"HT1001P-2. O sistema HT1001P-2 CAMS foi concebido desde o in\u00edcio com o fabrico industrial em mente. Com capacidade de produ\u00e7\u00e3o cont\u00ednua por lotes, a HT1001P permite\" \/>\n<meta name=\"robots\" content=\"index, follow, max-snippet:-1, max-image-preview:large, max-video-preview:-1\" \/>\n<link rel=\"canonical\" href=\"https:\/\/maqcenter.com\/pt-pt\/producto\/ht1001p-2\/\" \/>\n<meta property=\"og:locale\" content=\"pt_PT\" \/>\n<meta property=\"og:type\" content=\"article\" \/>\n<meta property=\"og:title\" content=\"HT1001P-2\" \/>\n<meta property=\"og:description\" content=\"HT1001P-2. O sistema HT1001P-2 CAMS foi concebido desde o in\u00edcio com o fabrico industrial em mente. Com capacidade de produ\u00e7\u00e3o cont\u00ednua por lotes, a HT1001P permite\" \/>\n<meta property=\"og:url\" content=\"https:\/\/maqcenter.com\/pt-pt\/producto\/ht1001p-2\/\" \/>\n<meta property=\"og:site_name\" content=\"MAQcenter\" \/>\n<meta property=\"og:image\" content=\"https:\/\/maqcenter.com\/wp-content\/uploads\/2021\/02\/FARSOON-HT1001P-SLS.jpg\" \/>\n\t<meta property=\"og:image:width\" content=\"500\" \/>\n\t<meta property=\"og:image:height\" content=\"500\" \/>\n\t<meta property=\"og:image:type\" content=\"image\/jpeg\" \/>\n<meta name=\"twitter:card\" content=\"summary_large_image\" \/>\n<meta name=\"twitter:label1\" content=\"Tempo estimado de leitura\" \/>\n\t<meta name=\"twitter:data1\" content=\"1 minuto\" \/>\n<script type=\"application\/ld+json\" class=\"yoast-schema-graph\">{\"@context\":\"https:\/\/schema.org\",\"@graph\":[{\"@type\":[\"WebPage\",\"ItemPage\"],\"@id\":\"https:\/\/maqcenter.com\/pt-pt\/producto\/ht1001p-2\/\",\"url\":\"https:\/\/maqcenter.com\/pt-pt\/producto\/ht1001p-2\/\",\"name\":\"HT1001P-2\",\"isPartOf\":{\"@id\":\"https:\/\/maqcenter.com\/pt-pt\/#website\"},\"primaryImageOfPage\":{\"@id\":\"https:\/\/maqcenter.com\/pt-pt\/producto\/ht1001p-2\/#primaryimage\"},\"image\":{\"@id\":\"https:\/\/maqcenter.com\/pt-pt\/producto\/ht1001p-2\/#primaryimage\"},\"thumbnailUrl\":\"https:\/\/maqcenter.com\/wp-content\/uploads\/2021\/02\/FARSOON-HT1001P-SLS.jpg\",\"datePublished\":\"2021-02-08T09:01:27+00:00\",\"description\":\"HT1001P-2. O sistema HT1001P-2 CAMS foi concebido desde o in\u00edcio com o fabrico industrial em mente. Com capacidade de produ\u00e7\u00e3o cont\u00ednua por lotes, a HT1001P permite\",\"breadcrumb\":{\"@id\":\"https:\/\/maqcenter.com\/pt-pt\/producto\/ht1001p-2\/#breadcrumb\"},\"inLanguage\":\"pt-PT\",\"potentialAction\":[{\"@type\":\"ReadAction\",\"target\":[\"https:\/\/maqcenter.com\/pt-pt\/producto\/ht1001p-2\/\"]}]},{\"@type\":\"ImageObject\",\"inLanguage\":\"pt-PT\",\"@id\":\"https:\/\/maqcenter.com\/pt-pt\/producto\/ht1001p-2\/#primaryimage\",\"url\":\"https:\/\/maqcenter.com\/wp-content\/uploads\/2021\/02\/FARSOON-HT1001P-SLS.jpg\",\"contentUrl\":\"https:\/\/maqcenter.com\/wp-content\/uploads\/2021\/02\/FARSOON-HT1001P-SLS.jpg\",\"width\":500,\"height\":500},{\"@type\":\"BreadcrumbList\",\"@id\":\"https:\/\/maqcenter.com\/pt-pt\/producto\/ht1001p-2\/#breadcrumb\",\"itemListElement\":[{\"@type\":\"ListItem\",\"position\":1,\"name\":\"Productos\",\"item\":\"https:\/\/maqcenter.com\/pt-pt\/\"},{\"@type\":\"ListItem\",\"position\":2,\"name\":\"Produtos\",\"item\":\"https:\/\/maqcenter.com\/pt-pt\/shop\/\"},{\"@type\":\"ListItem\",\"position\":3,\"name\":\"HT1001P-2\"}]},{\"@type\":\"WebSite\",\"@id\":\"https:\/\/maqcenter.com\/pt-pt\/#website\",\"url\":\"https:\/\/maqcenter.com\/pt-pt\/\",\"name\":\"MAQcenter\",\"description\":\"El centro de tus soluciones\",\"publisher\":{\"@id\":\"https:\/\/maqcenter.com\/pt-pt\/#organization\"},\"potentialAction\":[{\"@type\":\"SearchAction\",\"target\":{\"@type\":\"EntryPoint\",\"urlTemplate\":\"https:\/\/maqcenter.com\/pt-pt\/?s={search_term_string}\"},\"query-input\":{\"@type\":\"PropertyValueSpecification\",\"valueRequired\":true,\"valueName\":\"search_term_string\"}}],\"inLanguage\":\"pt-PT\"},{\"@type\":\"Organization\",\"@id\":\"https:\/\/maqcenter.com\/pt-pt\/#organization\",\"name\":\"MAQcenter S.A.\",\"url\":\"https:\/\/maqcenter.com\/pt-pt\/\",\"logo\":{\"@type\":\"ImageObject\",\"inLanguage\":\"pt-PT\",\"@id\":\"https:\/\/maqcenter.com\/pt-pt\/#\/schema\/logo\/image\/\",\"url\":\"https:\/\/maqcenter.com\/wp-content\/uploads\/2021\/02\/MAQcenter_logo_vertical.svg\",\"contentUrl\":\"https:\/\/maqcenter.com\/wp-content\/uploads\/2021\/02\/MAQcenter_logo_vertical.svg\",\"width\":300,\"height\":174,\"caption\":\"MAQcenter S.A.\"},\"image\":{\"@id\":\"https:\/\/maqcenter.com\/pt-pt\/#\/schema\/logo\/image\/\"}}]}<\/script>\n<!-- \/ Yoast SEO plugin. -->","yoast_head_json":{"title":"HT1001P-2","description":"HT1001P-2. O sistema HT1001P-2 CAMS foi concebido desde o in\u00edcio com o fabrico industrial em mente. Com capacidade de produ\u00e7\u00e3o cont\u00ednua por lotes, a HT1001P permite","robots":{"index":"index","follow":"follow","max-snippet":"max-snippet:-1","max-image-preview":"max-image-preview:large","max-video-preview":"max-video-preview:-1"},"canonical":"https:\/\/maqcenter.com\/pt-pt\/producto\/ht1001p-2\/","og_locale":"pt_PT","og_type":"article","og_title":"HT1001P-2","og_description":"HT1001P-2. O sistema HT1001P-2 CAMS foi concebido desde o in\u00edcio com o fabrico industrial em mente. Com capacidade de produ\u00e7\u00e3o cont\u00ednua por lotes, a HT1001P permite","og_url":"https:\/\/maqcenter.com\/pt-pt\/producto\/ht1001p-2\/","og_site_name":"MAQcenter","og_image":[{"width":500,"height":500,"url":"https:\/\/maqcenter.com\/wp-content\/uploads\/2021\/02\/FARSOON-HT1001P-SLS.jpg","type":"image\/jpeg"}],"twitter_card":"summary_large_image","twitter_misc":{"Tempo estimado de leitura":"1 minuto"},"schema":{"@context":"https:\/\/schema.org","@graph":[{"@type":["WebPage","ItemPage"],"@id":"https:\/\/maqcenter.com\/pt-pt\/producto\/ht1001p-2\/","url":"https:\/\/maqcenter.com\/pt-pt\/producto\/ht1001p-2\/","name":"HT1001P-2","isPartOf":{"@id":"https:\/\/maqcenter.com\/pt-pt\/#website"},"primaryImageOfPage":{"@id":"https:\/\/maqcenter.com\/pt-pt\/producto\/ht1001p-2\/#primaryimage"},"image":{"@id":"https:\/\/maqcenter.com\/pt-pt\/producto\/ht1001p-2\/#primaryimage"},"thumbnailUrl":"https:\/\/maqcenter.com\/wp-content\/uploads\/2021\/02\/FARSOON-HT1001P-SLS.jpg","datePublished":"2021-02-08T09:01:27+00:00","description":"HT1001P-2. O sistema HT1001P-2 CAMS foi concebido desde o in\u00edcio com o fabrico industrial em mente. Com capacidade de produ\u00e7\u00e3o cont\u00ednua por lotes, a HT1001P permite","breadcrumb":{"@id":"https:\/\/maqcenter.com\/pt-pt\/producto\/ht1001p-2\/#breadcrumb"},"inLanguage":"pt-PT","potentialAction":[{"@type":"ReadAction","target":["https:\/\/maqcenter.com\/pt-pt\/producto\/ht1001p-2\/"]}]},{"@type":"ImageObject","inLanguage":"pt-PT","@id":"https:\/\/maqcenter.com\/pt-pt\/producto\/ht1001p-2\/#primaryimage","url":"https:\/\/maqcenter.com\/wp-content\/uploads\/2021\/02\/FARSOON-HT1001P-SLS.jpg","contentUrl":"https:\/\/maqcenter.com\/wp-content\/uploads\/2021\/02\/FARSOON-HT1001P-SLS.jpg","width":500,"height":500},{"@type":"BreadcrumbList","@id":"https:\/\/maqcenter.com\/pt-pt\/producto\/ht1001p-2\/#breadcrumb","itemListElement":[{"@type":"ListItem","position":1,"name":"Productos","item":"https:\/\/maqcenter.com\/pt-pt\/"},{"@type":"ListItem","position":2,"name":"Produtos","item":"https:\/\/maqcenter.com\/pt-pt\/shop\/"},{"@type":"ListItem","position":3,"name":"HT1001P-2"}]},{"@type":"WebSite","@id":"https:\/\/maqcenter.com\/pt-pt\/#website","url":"https:\/\/maqcenter.com\/pt-pt\/","name":"MAQcenter","description":"El centro de tus soluciones","publisher":{"@id":"https:\/\/maqcenter.com\/pt-pt\/#organization"},"potentialAction":[{"@type":"SearchAction","target":{"@type":"EntryPoint","urlTemplate":"https:\/\/maqcenter.com\/pt-pt\/?s={search_term_string}"},"query-input":{"@type":"PropertyValueSpecification","valueRequired":true,"valueName":"search_term_string"}}],"inLanguage":"pt-PT"},{"@type":"Organization","@id":"https:\/\/maqcenter.com\/pt-pt\/#organization","name":"MAQcenter S.A.","url":"https:\/\/maqcenter.com\/pt-pt\/","logo":{"@type":"ImageObject","inLanguage":"pt-PT","@id":"https:\/\/maqcenter.com\/pt-pt\/#\/schema\/logo\/image\/","url":"https:\/\/maqcenter.com\/wp-content\/uploads\/2021\/02\/MAQcenter_logo_vertical.svg","contentUrl":"https:\/\/maqcenter.com\/wp-content\/uploads\/2021\/02\/MAQcenter_logo_vertical.svg","width":300,"height":174,"caption":"MAQcenter S.A."},"image":{"@id":"https:\/\/maqcenter.com\/pt-pt\/#\/schema\/logo\/image\/"}}]}},"_links":{"self":[{"href":"https:\/\/maqcenter.com\/pt-pt\/wp-json\/wp\/v2\/product\/21955","targetHints":{"allow":["GET"]}}],"collection":[{"href":"https:\/\/maqcenter.com\/pt-pt\/wp-json\/wp\/v2\/product"}],"about":[{"href":"https:\/\/maqcenter.com\/pt-pt\/wp-json\/wp\/v2\/types\/product"}],"wp:featuredmedia":[{"embeddable":true,"href":"https:\/\/maqcenter.com\/pt-pt\/wp-json\/wp\/v2\/media\/21956"}],"wp:attachment":[{"href":"https:\/\/maqcenter.com\/pt-pt\/wp-json\/wp\/v2\/media?parent=21955"}],"wp:term":[{"taxonomy":"product_brand","embeddable":true,"href":"https:\/\/maqcenter.com\/pt-pt\/wp-json\/wp\/v2\/product_brand?post=21955"},{"taxonomy":"product_cat","embeddable":true,"href":"https:\/\/maqcenter.com\/pt-pt\/wp-json\/wp\/v2\/product_cat?post=21955"},{"taxonomy":"product_tag","embeddable":true,"href":"https:\/\/maqcenter.com\/pt-pt\/wp-json\/wp\/v2\/product_tag?post=21955"},{"taxonomy":"marca-producto","embeddable":true,"href":"https:\/\/maqcenter.com\/pt-pt\/wp-json\/wp\/v2\/marca-producto?post=21955"},{"taxonomy":"serie-producto","embeddable":true,"href":"https:\/\/maqcenter.com\/pt-pt\/wp-json\/wp\/v2\/serie-producto?post=21955"}],"curies":[{"name":"wp","href":"https:\/\/api.w.org\/{rel}","templated":true}]}}