{"id":21966,"date":"2023-11-07T19:15:00","date_gmt":"2023-11-07T17:15:00","guid":{"rendered":"https:\/\/maqcenter.com\/producto\/flight-ht1001p\/"},"modified":"2023-11-07T19:15:00","modified_gmt":"2023-11-07T17:15:00","slug":"flight-ht1001p","status":"publish","type":"product","link":"https:\/\/maqcenter.com\/pt-pt\/producto\/flight-ht1001p\/","title":{"rendered":"Flight HT1001P"},"content":{"rendered":"<p>O Flight HT1001P da Farsoon \u00e9 uma solu\u00e7\u00e3o avan\u00e7ada de fabrico aditivo, desenvolvida para maximizar a produtividade na produ\u00e7\u00e3o de pe\u00e7as de grandes dimens\u00f5es.<br \/>A inovadora aplica\u00e7\u00e3o da tecnologia FLIGHT\u00ae de alta velocidade na plataforma CAMS do HT1001P impulsiona uma produtividade l\u00edder na ind\u00fastria.<br \/>Com um cilindro de constru\u00e7\u00e3o ampliado que mede 1000 \u00d7 500 \u00d7 450 mm e potentes lasers de fibra duplos ou qu\u00e1druplos de 300 watts, o Flight HT1001P cria dois ou quatro pontos de laser ultrafinos, com uma velocidade de varrimento r\u00e1pida de at\u00e9 20 m\/s (66 p\u00e9s\/s) por ponto.<br \/>A capacidade de produ\u00e7\u00e3o cont\u00ednua por lotes melhora significativamente o tempo de atividade da m\u00e1quina e oferece um desempenho at\u00e9 10 vezes superior por metro quadrado em compara\u00e7\u00e3o com os sistemas SLS padr\u00e3o no mesmo intervalo de tempo.  <\/p>\n","protected":false},"excerpt":{"rendered":"<p>O Flight HT1001P da Farsoon \u00e9 uma solu\u00e7\u00e3o avan\u00e7ada de fabrico aditivo, desenvolvida para maximizar a produtividade na produ\u00e7\u00e3o de pe\u00e7as de grandes dimens\u00f5es.A inovadora aplica\u00e7\u00e3o da tecnologia FLIGHT\u00ae de alta velocidade na plataforma CAMS do HT1001P impulsiona uma produtividade l\u00edder na ind\u00fastria.Com um cilindro de constru\u00e7\u00e3o ampliado que mede 1000 \u00d7 500 \u00d7 450 [&hellip;]<\/p>\n","protected":false},"featured_media":21967,"template":"","meta":[],"product_brand":[],"product_cat":[518,520],"product_tag":[568,569,570,572,573,575],"marca-producto":[102],"serie-producto":[],"class_list":{"0":"post-21966","1":"product","2":"type-product","3":"status-publish","4":"has-post-thumbnail","6":"product_cat-fabrico-aditivo","7":"product_cat-fabrico-de-aditivos-de-polimeros","8":"product_tag-aeronautica-pt-pt","9":"product_tag-automovel","10":"product_tag-bens-de-equipamento","11":"product_tag-ferrovia","12":"product_tag-grande-consumo","13":"product_tag-moldes-e-matrizes","14":"marca-producto-farsoon","16":"first","17":"instock","18":"product-type-simple"},"yoast_head":"<!-- This site is optimized with the Yoast SEO plugin v27.0 - https:\/\/yoast.com\/product\/yoast-seo-wordpress\/ -->\n<title>Flight HT1001P<\/title>\n<meta name=\"description\" content=\"Flight HT1001P. O Flight HT1001P da Farsoon \u00e9 uma solu\u00e7\u00e3o avan\u00e7ada de fabrico aditivo, desenvolvida para maximizar a produtividade na produ\u00e7\u00e3o de pe\u00e7as de grandes\" \/>\n<meta name=\"robots\" content=\"index, follow, max-snippet:-1, max-image-preview:large, max-video-preview:-1\" \/>\n<link rel=\"canonical\" href=\"https:\/\/maqcenter.com\/pt-pt\/producto\/flight-ht1001p\/\" \/>\n<meta property=\"og:locale\" content=\"pt_PT\" \/>\n<meta property=\"og:type\" content=\"article\" \/>\n<meta property=\"og:title\" content=\"Flight HT1001P\" \/>\n<meta property=\"og:description\" content=\"Flight HT1001P. O Flight HT1001P da Farsoon \u00e9 uma solu\u00e7\u00e3o avan\u00e7ada de fabrico aditivo, desenvolvida para maximizar a produtividade na produ\u00e7\u00e3o de pe\u00e7as de grandes\" \/>\n<meta property=\"og:url\" content=\"https:\/\/maqcenter.com\/pt-pt\/producto\/flight-ht1001p\/\" \/>\n<meta property=\"og:site_name\" content=\"MAQcenter\" \/>\n<meta property=\"og:image\" content=\"https:\/\/maqcenter.com\/wp-content\/uploads\/2023\/11\/FARSOON-Flight-HT1001P-SLS.jpg\" \/>\n\t<meta property=\"og:image:width\" content=\"500\" \/>\n\t<meta property=\"og:image:height\" content=\"500\" \/>\n\t<meta property=\"og:image:type\" content=\"image\/jpeg\" \/>\n<meta name=\"twitter:card\" content=\"summary_large_image\" \/>\n<meta name=\"twitter:label1\" content=\"Tempo estimado de leitura\" \/>\n\t<meta name=\"twitter:data1\" content=\"1 minuto\" \/>\n<script type=\"application\/ld+json\" class=\"yoast-schema-graph\">{\"@context\":\"https:\/\/schema.org\",\"@graph\":[{\"@type\":[\"WebPage\",\"ItemPage\"],\"@id\":\"https:\/\/maqcenter.com\/pt-pt\/producto\/flight-ht1001p\/\",\"url\":\"https:\/\/maqcenter.com\/pt-pt\/producto\/flight-ht1001p\/\",\"name\":\"Flight HT1001P\",\"isPartOf\":{\"@id\":\"https:\/\/maqcenter.com\/pt-pt\/#website\"},\"primaryImageOfPage\":{\"@id\":\"https:\/\/maqcenter.com\/pt-pt\/producto\/flight-ht1001p\/#primaryimage\"},\"image\":{\"@id\":\"https:\/\/maqcenter.com\/pt-pt\/producto\/flight-ht1001p\/#primaryimage\"},\"thumbnailUrl\":\"https:\/\/maqcenter.com\/wp-content\/uploads\/2023\/11\/FARSOON-Flight-HT1001P-SLS.jpg\",\"datePublished\":\"2023-11-07T17:15:00+00:00\",\"description\":\"Flight HT1001P. O Flight HT1001P da Farsoon \u00e9 uma solu\u00e7\u00e3o avan\u00e7ada de fabrico aditivo, desenvolvida para maximizar a produtividade na produ\u00e7\u00e3o de pe\u00e7as de grandes\",\"breadcrumb\":{\"@id\":\"https:\/\/maqcenter.com\/pt-pt\/producto\/flight-ht1001p\/#breadcrumb\"},\"inLanguage\":\"pt-PT\",\"potentialAction\":[{\"@type\":\"ReadAction\",\"target\":[\"https:\/\/maqcenter.com\/pt-pt\/producto\/flight-ht1001p\/\"]}]},{\"@type\":\"ImageObject\",\"inLanguage\":\"pt-PT\",\"@id\":\"https:\/\/maqcenter.com\/pt-pt\/producto\/flight-ht1001p\/#primaryimage\",\"url\":\"https:\/\/maqcenter.com\/wp-content\/uploads\/2023\/11\/FARSOON-Flight-HT1001P-SLS.jpg\",\"contentUrl\":\"https:\/\/maqcenter.com\/wp-content\/uploads\/2023\/11\/FARSOON-Flight-HT1001P-SLS.jpg\",\"width\":500,\"height\":500},{\"@type\":\"BreadcrumbList\",\"@id\":\"https:\/\/maqcenter.com\/pt-pt\/producto\/flight-ht1001p\/#breadcrumb\",\"itemListElement\":[{\"@type\":\"ListItem\",\"position\":1,\"name\":\"Productos\",\"item\":\"https:\/\/maqcenter.com\/pt-pt\/\"},{\"@type\":\"ListItem\",\"position\":2,\"name\":\"Produtos\",\"item\":\"https:\/\/maqcenter.com\/pt-pt\/shop\/\"},{\"@type\":\"ListItem\",\"position\":3,\"name\":\"Flight HT1001P\"}]},{\"@type\":\"WebSite\",\"@id\":\"https:\/\/maqcenter.com\/pt-pt\/#website\",\"url\":\"https:\/\/maqcenter.com\/pt-pt\/\",\"name\":\"MAQcenter\",\"description\":\"El centro de tus soluciones\",\"publisher\":{\"@id\":\"https:\/\/maqcenter.com\/pt-pt\/#organization\"},\"potentialAction\":[{\"@type\":\"SearchAction\",\"target\":{\"@type\":\"EntryPoint\",\"urlTemplate\":\"https:\/\/maqcenter.com\/pt-pt\/?s={search_term_string}\"},\"query-input\":{\"@type\":\"PropertyValueSpecification\",\"valueRequired\":true,\"valueName\":\"search_term_string\"}}],\"inLanguage\":\"pt-PT\"},{\"@type\":\"Organization\",\"@id\":\"https:\/\/maqcenter.com\/pt-pt\/#organization\",\"name\":\"MAQcenter S.A.\",\"url\":\"https:\/\/maqcenter.com\/pt-pt\/\",\"logo\":{\"@type\":\"ImageObject\",\"inLanguage\":\"pt-PT\",\"@id\":\"https:\/\/maqcenter.com\/pt-pt\/#\/schema\/logo\/image\/\",\"url\":\"https:\/\/maqcenter.com\/wp-content\/uploads\/2021\/02\/MAQcenter_logo_vertical.svg\",\"contentUrl\":\"https:\/\/maqcenter.com\/wp-content\/uploads\/2021\/02\/MAQcenter_logo_vertical.svg\",\"width\":300,\"height\":174,\"caption\":\"MAQcenter S.A.\"},\"image\":{\"@id\":\"https:\/\/maqcenter.com\/pt-pt\/#\/schema\/logo\/image\/\"}}]}<\/script>\n<!-- \/ Yoast SEO plugin. -->","yoast_head_json":{"title":"Flight HT1001P","description":"Flight HT1001P. O Flight HT1001P da Farsoon \u00e9 uma solu\u00e7\u00e3o avan\u00e7ada de fabrico aditivo, desenvolvida para maximizar a produtividade na produ\u00e7\u00e3o de pe\u00e7as de grandes","robots":{"index":"index","follow":"follow","max-snippet":"max-snippet:-1","max-image-preview":"max-image-preview:large","max-video-preview":"max-video-preview:-1"},"canonical":"https:\/\/maqcenter.com\/pt-pt\/producto\/flight-ht1001p\/","og_locale":"pt_PT","og_type":"article","og_title":"Flight HT1001P","og_description":"Flight HT1001P. O Flight HT1001P da Farsoon \u00e9 uma solu\u00e7\u00e3o avan\u00e7ada de fabrico aditivo, desenvolvida para maximizar a produtividade na produ\u00e7\u00e3o de pe\u00e7as de grandes","og_url":"https:\/\/maqcenter.com\/pt-pt\/producto\/flight-ht1001p\/","og_site_name":"MAQcenter","og_image":[{"width":500,"height":500,"url":"https:\/\/maqcenter.com\/wp-content\/uploads\/2023\/11\/FARSOON-Flight-HT1001P-SLS.jpg","type":"image\/jpeg"}],"twitter_card":"summary_large_image","twitter_misc":{"Tempo estimado de leitura":"1 minuto"},"schema":{"@context":"https:\/\/schema.org","@graph":[{"@type":["WebPage","ItemPage"],"@id":"https:\/\/maqcenter.com\/pt-pt\/producto\/flight-ht1001p\/","url":"https:\/\/maqcenter.com\/pt-pt\/producto\/flight-ht1001p\/","name":"Flight HT1001P","isPartOf":{"@id":"https:\/\/maqcenter.com\/pt-pt\/#website"},"primaryImageOfPage":{"@id":"https:\/\/maqcenter.com\/pt-pt\/producto\/flight-ht1001p\/#primaryimage"},"image":{"@id":"https:\/\/maqcenter.com\/pt-pt\/producto\/flight-ht1001p\/#primaryimage"},"thumbnailUrl":"https:\/\/maqcenter.com\/wp-content\/uploads\/2023\/11\/FARSOON-Flight-HT1001P-SLS.jpg","datePublished":"2023-11-07T17:15:00+00:00","description":"Flight HT1001P. O Flight HT1001P da Farsoon \u00e9 uma solu\u00e7\u00e3o avan\u00e7ada de fabrico aditivo, desenvolvida para maximizar a produtividade na produ\u00e7\u00e3o de pe\u00e7as de grandes","breadcrumb":{"@id":"https:\/\/maqcenter.com\/pt-pt\/producto\/flight-ht1001p\/#breadcrumb"},"inLanguage":"pt-PT","potentialAction":[{"@type":"ReadAction","target":["https:\/\/maqcenter.com\/pt-pt\/producto\/flight-ht1001p\/"]}]},{"@type":"ImageObject","inLanguage":"pt-PT","@id":"https:\/\/maqcenter.com\/pt-pt\/producto\/flight-ht1001p\/#primaryimage","url":"https:\/\/maqcenter.com\/wp-content\/uploads\/2023\/11\/FARSOON-Flight-HT1001P-SLS.jpg","contentUrl":"https:\/\/maqcenter.com\/wp-content\/uploads\/2023\/11\/FARSOON-Flight-HT1001P-SLS.jpg","width":500,"height":500},{"@type":"BreadcrumbList","@id":"https:\/\/maqcenter.com\/pt-pt\/producto\/flight-ht1001p\/#breadcrumb","itemListElement":[{"@type":"ListItem","position":1,"name":"Productos","item":"https:\/\/maqcenter.com\/pt-pt\/"},{"@type":"ListItem","position":2,"name":"Produtos","item":"https:\/\/maqcenter.com\/pt-pt\/shop\/"},{"@type":"ListItem","position":3,"name":"Flight HT1001P"}]},{"@type":"WebSite","@id":"https:\/\/maqcenter.com\/pt-pt\/#website","url":"https:\/\/maqcenter.com\/pt-pt\/","name":"MAQcenter","description":"El centro de tus soluciones","publisher":{"@id":"https:\/\/maqcenter.com\/pt-pt\/#organization"},"potentialAction":[{"@type":"SearchAction","target":{"@type":"EntryPoint","urlTemplate":"https:\/\/maqcenter.com\/pt-pt\/?s={search_term_string}"},"query-input":{"@type":"PropertyValueSpecification","valueRequired":true,"valueName":"search_term_string"}}],"inLanguage":"pt-PT"},{"@type":"Organization","@id":"https:\/\/maqcenter.com\/pt-pt\/#organization","name":"MAQcenter S.A.","url":"https:\/\/maqcenter.com\/pt-pt\/","logo":{"@type":"ImageObject","inLanguage":"pt-PT","@id":"https:\/\/maqcenter.com\/pt-pt\/#\/schema\/logo\/image\/","url":"https:\/\/maqcenter.com\/wp-content\/uploads\/2021\/02\/MAQcenter_logo_vertical.svg","contentUrl":"https:\/\/maqcenter.com\/wp-content\/uploads\/2021\/02\/MAQcenter_logo_vertical.svg","width":300,"height":174,"caption":"MAQcenter S.A."},"image":{"@id":"https:\/\/maqcenter.com\/pt-pt\/#\/schema\/logo\/image\/"}}]}},"_links":{"self":[{"href":"https:\/\/maqcenter.com\/pt-pt\/wp-json\/wp\/v2\/product\/21966","targetHints":{"allow":["GET"]}}],"collection":[{"href":"https:\/\/maqcenter.com\/pt-pt\/wp-json\/wp\/v2\/product"}],"about":[{"href":"https:\/\/maqcenter.com\/pt-pt\/wp-json\/wp\/v2\/types\/product"}],"wp:featuredmedia":[{"embeddable":true,"href":"https:\/\/maqcenter.com\/pt-pt\/wp-json\/wp\/v2\/media\/21967"}],"wp:attachment":[{"href":"https:\/\/maqcenter.com\/pt-pt\/wp-json\/wp\/v2\/media?parent=21966"}],"wp:term":[{"taxonomy":"product_brand","embeddable":true,"href":"https:\/\/maqcenter.com\/pt-pt\/wp-json\/wp\/v2\/product_brand?post=21966"},{"taxonomy":"product_cat","embeddable":true,"href":"https:\/\/maqcenter.com\/pt-pt\/wp-json\/wp\/v2\/product_cat?post=21966"},{"taxonomy":"product_tag","embeddable":true,"href":"https:\/\/maqcenter.com\/pt-pt\/wp-json\/wp\/v2\/product_tag?post=21966"},{"taxonomy":"marca-producto","embeddable":true,"href":"https:\/\/maqcenter.com\/pt-pt\/wp-json\/wp\/v2\/marca-producto?post=21966"},{"taxonomy":"serie-producto","embeddable":true,"href":"https:\/\/maqcenter.com\/pt-pt\/wp-json\/wp\/v2\/serie-producto?post=21966"}],"curies":[{"name":"wp","href":"https:\/\/api.w.org\/{rel}","templated":true}]}}