{"id":21968,"date":"2023-11-07T19:05:58","date_gmt":"2023-11-07T17:05:58","guid":{"rendered":"https:\/\/maqcenter.com\/producto\/flight-ht403p-2\/"},"modified":"2023-11-07T19:05:58","modified_gmt":"2023-11-07T17:05:58","slug":"flight-ht403p-2","status":"publish","type":"product","link":"https:\/\/maqcenter.com\/pt-pt\/producto\/flight-ht403p-2\/","title":{"rendered":"FLIGHT HT403P-2"},"content":{"rendered":"<p>A Flight 403P-2 da Farsoon \u00e9 uma solu\u00e7\u00e3o avan\u00e7ada de fabrico aditivo baseada na tecnologia de fus\u00e3o de p\u00f3 por laser (LPBF), desenvolvida especificamente para a produ\u00e7\u00e3o em s\u00e9rie em escala industrial.<br \/>A Farsoon \u00e9 um dos primeiros fabricantes de m\u00e1quinas a desenvolver solu\u00e7\u00f5es LPBF industriais voltadas para a produ\u00e7\u00e3o, utilizando lasers de fibra robustos.<br \/>A configura\u00e7\u00e3o de duplo laser da tecnologia FLIGHT\u00ae utiliza dois potentes lasers de fibra de 300 watts e dois sistemas \u00f3ticos din\u00e2micos, criando dois pontos de laser ultrafinos com uma velocidade de varrimento r\u00e1pida de at\u00e9 20 m\/s (66 p\u00e9s\/s) cada um.  <\/p>\n","protected":false},"excerpt":{"rendered":"<p>A Flight 403P-2 da Farsoon \u00e9 uma solu\u00e7\u00e3o avan\u00e7ada de fabrico aditivo baseada na tecnologia de fus\u00e3o de p\u00f3 por laser (LPBF), desenvolvida especificamente para a produ\u00e7\u00e3o em s\u00e9rie em escala industrial.A Farsoon \u00e9 um dos primeiros fabricantes de m\u00e1quinas a desenvolver solu\u00e7\u00f5es LPBF industriais voltadas para a produ\u00e7\u00e3o, utilizando lasers de fibra robustos.A configura\u00e7\u00e3o [&hellip;]<\/p>\n","protected":false},"featured_media":21969,"template":"","meta":[],"product_brand":[],"product_cat":[518,520],"product_tag":[568,569,570,572,573,575],"marca-producto":[102],"serie-producto":[],"class_list":{"0":"post-21968","1":"product","2":"type-product","3":"status-publish","4":"has-post-thumbnail","6":"product_cat-fabrico-aditivo","7":"product_cat-fabrico-de-aditivos-de-polimeros","8":"product_tag-aeronautica-pt-pt","9":"product_tag-automovel","10":"product_tag-bens-de-equipamento","11":"product_tag-ferrovia","12":"product_tag-grande-consumo","13":"product_tag-moldes-e-matrizes","14":"marca-producto-farsoon","16":"first","17":"instock","18":"product-type-simple"},"yoast_head":"<!-- This site is optimized with the Yoast SEO plugin v27.0 - https:\/\/yoast.com\/product\/yoast-seo-wordpress\/ -->\n<title>FLIGHT HT403P-2<\/title>\n<meta name=\"description\" content=\"FLIGHT HT403P-2. A Flight 403P-2 da Farsoon \u00e9 uma solu\u00e7\u00e3o avan\u00e7ada de fabrico aditivo baseada na tecnologia de fus\u00e3o de p\u00f3 por laser (LPBF), desenvolvida especificamente\" \/>\n<meta name=\"robots\" content=\"index, follow, max-snippet:-1, max-image-preview:large, max-video-preview:-1\" \/>\n<link rel=\"canonical\" href=\"https:\/\/maqcenter.com\/pt-pt\/producto\/flight-ht403p-2\/\" \/>\n<meta property=\"og:locale\" content=\"pt_PT\" \/>\n<meta property=\"og:type\" content=\"article\" \/>\n<meta property=\"og:title\" content=\"FLIGHT HT403P-2\" \/>\n<meta property=\"og:description\" content=\"FLIGHT HT403P-2. A Flight 403P-2 da Farsoon \u00e9 uma solu\u00e7\u00e3o avan\u00e7ada de fabrico aditivo baseada na tecnologia de fus\u00e3o de p\u00f3 por laser (LPBF), desenvolvida especificamente\" \/>\n<meta property=\"og:url\" content=\"https:\/\/maqcenter.com\/pt-pt\/producto\/flight-ht403p-2\/\" \/>\n<meta property=\"og:site_name\" content=\"MAQcenter\" \/>\n<meta property=\"og:image\" content=\"https:\/\/maqcenter.com\/wp-content\/uploads\/2022\/05\/FARSOON-Flight-HT403P-2-SLS.jpg\" \/>\n\t<meta property=\"og:image:width\" content=\"500\" \/>\n\t<meta property=\"og:image:height\" content=\"500\" \/>\n\t<meta property=\"og:image:type\" content=\"image\/jpeg\" \/>\n<meta name=\"twitter:card\" content=\"summary_large_image\" \/>\n<meta name=\"twitter:label1\" content=\"Tempo estimado de leitura\" \/>\n\t<meta name=\"twitter:data1\" content=\"1 minuto\" \/>\n<script type=\"application\/ld+json\" class=\"yoast-schema-graph\">{\"@context\":\"https:\/\/schema.org\",\"@graph\":[{\"@type\":[\"WebPage\",\"ItemPage\"],\"@id\":\"https:\/\/maqcenter.com\/pt-pt\/producto\/flight-ht403p-2\/\",\"url\":\"https:\/\/maqcenter.com\/pt-pt\/producto\/flight-ht403p-2\/\",\"name\":\"FLIGHT HT403P-2\",\"isPartOf\":{\"@id\":\"https:\/\/maqcenter.com\/pt-pt\/#website\"},\"primaryImageOfPage\":{\"@id\":\"https:\/\/maqcenter.com\/pt-pt\/producto\/flight-ht403p-2\/#primaryimage\"},\"image\":{\"@id\":\"https:\/\/maqcenter.com\/pt-pt\/producto\/flight-ht403p-2\/#primaryimage\"},\"thumbnailUrl\":\"https:\/\/maqcenter.com\/wp-content\/uploads\/2022\/05\/FARSOON-Flight-HT403P-2-SLS.jpg\",\"datePublished\":\"2023-11-07T17:05:58+00:00\",\"description\":\"FLIGHT HT403P-2. A Flight 403P-2 da Farsoon \u00e9 uma solu\u00e7\u00e3o avan\u00e7ada de fabrico aditivo baseada na tecnologia de fus\u00e3o de p\u00f3 por laser (LPBF), desenvolvida especificamente\",\"breadcrumb\":{\"@id\":\"https:\/\/maqcenter.com\/pt-pt\/producto\/flight-ht403p-2\/#breadcrumb\"},\"inLanguage\":\"pt-PT\",\"potentialAction\":[{\"@type\":\"ReadAction\",\"target\":[\"https:\/\/maqcenter.com\/pt-pt\/producto\/flight-ht403p-2\/\"]}]},{\"@type\":\"ImageObject\",\"inLanguage\":\"pt-PT\",\"@id\":\"https:\/\/maqcenter.com\/pt-pt\/producto\/flight-ht403p-2\/#primaryimage\",\"url\":\"https:\/\/maqcenter.com\/wp-content\/uploads\/2022\/05\/FARSOON-Flight-HT403P-2-SLS.jpg\",\"contentUrl\":\"https:\/\/maqcenter.com\/wp-content\/uploads\/2022\/05\/FARSOON-Flight-HT403P-2-SLS.jpg\",\"width\":500,\"height\":500},{\"@type\":\"BreadcrumbList\",\"@id\":\"https:\/\/maqcenter.com\/pt-pt\/producto\/flight-ht403p-2\/#breadcrumb\",\"itemListElement\":[{\"@type\":\"ListItem\",\"position\":1,\"name\":\"Productos\",\"item\":\"https:\/\/maqcenter.com\/pt-pt\/\"},{\"@type\":\"ListItem\",\"position\":2,\"name\":\"Produtos\",\"item\":\"https:\/\/maqcenter.com\/pt-pt\/shop\/\"},{\"@type\":\"ListItem\",\"position\":3,\"name\":\"FLIGHT HT403P-2\"}]},{\"@type\":\"WebSite\",\"@id\":\"https:\/\/maqcenter.com\/pt-pt\/#website\",\"url\":\"https:\/\/maqcenter.com\/pt-pt\/\",\"name\":\"MAQcenter\",\"description\":\"El centro de tus soluciones\",\"publisher\":{\"@id\":\"https:\/\/maqcenter.com\/pt-pt\/#organization\"},\"potentialAction\":[{\"@type\":\"SearchAction\",\"target\":{\"@type\":\"EntryPoint\",\"urlTemplate\":\"https:\/\/maqcenter.com\/pt-pt\/?s={search_term_string}\"},\"query-input\":{\"@type\":\"PropertyValueSpecification\",\"valueRequired\":true,\"valueName\":\"search_term_string\"}}],\"inLanguage\":\"pt-PT\"},{\"@type\":\"Organization\",\"@id\":\"https:\/\/maqcenter.com\/pt-pt\/#organization\",\"name\":\"MAQcenter S.A.\",\"url\":\"https:\/\/maqcenter.com\/pt-pt\/\",\"logo\":{\"@type\":\"ImageObject\",\"inLanguage\":\"pt-PT\",\"@id\":\"https:\/\/maqcenter.com\/pt-pt\/#\/schema\/logo\/image\/\",\"url\":\"https:\/\/maqcenter.com\/wp-content\/uploads\/2021\/02\/MAQcenter_logo_vertical.svg\",\"contentUrl\":\"https:\/\/maqcenter.com\/wp-content\/uploads\/2021\/02\/MAQcenter_logo_vertical.svg\",\"width\":300,\"height\":174,\"caption\":\"MAQcenter S.A.\"},\"image\":{\"@id\":\"https:\/\/maqcenter.com\/pt-pt\/#\/schema\/logo\/image\/\"}}]}<\/script>\n<!-- \/ Yoast SEO plugin. -->","yoast_head_json":{"title":"FLIGHT HT403P-2","description":"FLIGHT HT403P-2. A Flight 403P-2 da Farsoon \u00e9 uma solu\u00e7\u00e3o avan\u00e7ada de fabrico aditivo baseada na tecnologia de fus\u00e3o de p\u00f3 por laser (LPBF), desenvolvida especificamente","robots":{"index":"index","follow":"follow","max-snippet":"max-snippet:-1","max-image-preview":"max-image-preview:large","max-video-preview":"max-video-preview:-1"},"canonical":"https:\/\/maqcenter.com\/pt-pt\/producto\/flight-ht403p-2\/","og_locale":"pt_PT","og_type":"article","og_title":"FLIGHT HT403P-2","og_description":"FLIGHT HT403P-2. A Flight 403P-2 da Farsoon \u00e9 uma solu\u00e7\u00e3o avan\u00e7ada de fabrico aditivo baseada na tecnologia de fus\u00e3o de p\u00f3 por laser (LPBF), desenvolvida especificamente","og_url":"https:\/\/maqcenter.com\/pt-pt\/producto\/flight-ht403p-2\/","og_site_name":"MAQcenter","og_image":[{"width":500,"height":500,"url":"https:\/\/maqcenter.com\/wp-content\/uploads\/2022\/05\/FARSOON-Flight-HT403P-2-SLS.jpg","type":"image\/jpeg"}],"twitter_card":"summary_large_image","twitter_misc":{"Tempo estimado de leitura":"1 minuto"},"schema":{"@context":"https:\/\/schema.org","@graph":[{"@type":["WebPage","ItemPage"],"@id":"https:\/\/maqcenter.com\/pt-pt\/producto\/flight-ht403p-2\/","url":"https:\/\/maqcenter.com\/pt-pt\/producto\/flight-ht403p-2\/","name":"FLIGHT HT403P-2","isPartOf":{"@id":"https:\/\/maqcenter.com\/pt-pt\/#website"},"primaryImageOfPage":{"@id":"https:\/\/maqcenter.com\/pt-pt\/producto\/flight-ht403p-2\/#primaryimage"},"image":{"@id":"https:\/\/maqcenter.com\/pt-pt\/producto\/flight-ht403p-2\/#primaryimage"},"thumbnailUrl":"https:\/\/maqcenter.com\/wp-content\/uploads\/2022\/05\/FARSOON-Flight-HT403P-2-SLS.jpg","datePublished":"2023-11-07T17:05:58+00:00","description":"FLIGHT HT403P-2. A Flight 403P-2 da Farsoon \u00e9 uma solu\u00e7\u00e3o avan\u00e7ada de fabrico aditivo baseada na tecnologia de fus\u00e3o de p\u00f3 por laser (LPBF), desenvolvida especificamente","breadcrumb":{"@id":"https:\/\/maqcenter.com\/pt-pt\/producto\/flight-ht403p-2\/#breadcrumb"},"inLanguage":"pt-PT","potentialAction":[{"@type":"ReadAction","target":["https:\/\/maqcenter.com\/pt-pt\/producto\/flight-ht403p-2\/"]}]},{"@type":"ImageObject","inLanguage":"pt-PT","@id":"https:\/\/maqcenter.com\/pt-pt\/producto\/flight-ht403p-2\/#primaryimage","url":"https:\/\/maqcenter.com\/wp-content\/uploads\/2022\/05\/FARSOON-Flight-HT403P-2-SLS.jpg","contentUrl":"https:\/\/maqcenter.com\/wp-content\/uploads\/2022\/05\/FARSOON-Flight-HT403P-2-SLS.jpg","width":500,"height":500},{"@type":"BreadcrumbList","@id":"https:\/\/maqcenter.com\/pt-pt\/producto\/flight-ht403p-2\/#breadcrumb","itemListElement":[{"@type":"ListItem","position":1,"name":"Productos","item":"https:\/\/maqcenter.com\/pt-pt\/"},{"@type":"ListItem","position":2,"name":"Produtos","item":"https:\/\/maqcenter.com\/pt-pt\/shop\/"},{"@type":"ListItem","position":3,"name":"FLIGHT HT403P-2"}]},{"@type":"WebSite","@id":"https:\/\/maqcenter.com\/pt-pt\/#website","url":"https:\/\/maqcenter.com\/pt-pt\/","name":"MAQcenter","description":"El centro de tus soluciones","publisher":{"@id":"https:\/\/maqcenter.com\/pt-pt\/#organization"},"potentialAction":[{"@type":"SearchAction","target":{"@type":"EntryPoint","urlTemplate":"https:\/\/maqcenter.com\/pt-pt\/?s={search_term_string}"},"query-input":{"@type":"PropertyValueSpecification","valueRequired":true,"valueName":"search_term_string"}}],"inLanguage":"pt-PT"},{"@type":"Organization","@id":"https:\/\/maqcenter.com\/pt-pt\/#organization","name":"MAQcenter S.A.","url":"https:\/\/maqcenter.com\/pt-pt\/","logo":{"@type":"ImageObject","inLanguage":"pt-PT","@id":"https:\/\/maqcenter.com\/pt-pt\/#\/schema\/logo\/image\/","url":"https:\/\/maqcenter.com\/wp-content\/uploads\/2021\/02\/MAQcenter_logo_vertical.svg","contentUrl":"https:\/\/maqcenter.com\/wp-content\/uploads\/2021\/02\/MAQcenter_logo_vertical.svg","width":300,"height":174,"caption":"MAQcenter S.A."},"image":{"@id":"https:\/\/maqcenter.com\/pt-pt\/#\/schema\/logo\/image\/"}}]}},"_links":{"self":[{"href":"https:\/\/maqcenter.com\/pt-pt\/wp-json\/wp\/v2\/product\/21968","targetHints":{"allow":["GET"]}}],"collection":[{"href":"https:\/\/maqcenter.com\/pt-pt\/wp-json\/wp\/v2\/product"}],"about":[{"href":"https:\/\/maqcenter.com\/pt-pt\/wp-json\/wp\/v2\/types\/product"}],"wp:featuredmedia":[{"embeddable":true,"href":"https:\/\/maqcenter.com\/pt-pt\/wp-json\/wp\/v2\/media\/21969"}],"wp:attachment":[{"href":"https:\/\/maqcenter.com\/pt-pt\/wp-json\/wp\/v2\/media?parent=21968"}],"wp:term":[{"taxonomy":"product_brand","embeddable":true,"href":"https:\/\/maqcenter.com\/pt-pt\/wp-json\/wp\/v2\/product_brand?post=21968"},{"taxonomy":"product_cat","embeddable":true,"href":"https:\/\/maqcenter.com\/pt-pt\/wp-json\/wp\/v2\/product_cat?post=21968"},{"taxonomy":"product_tag","embeddable":true,"href":"https:\/\/maqcenter.com\/pt-pt\/wp-json\/wp\/v2\/product_tag?post=21968"},{"taxonomy":"marca-producto","embeddable":true,"href":"https:\/\/maqcenter.com\/pt-pt\/wp-json\/wp\/v2\/marca-producto?post=21968"},{"taxonomy":"serie-producto","embeddable":true,"href":"https:\/\/maqcenter.com\/pt-pt\/wp-json\/wp\/v2\/serie-producto?post=21968"}],"curies":[{"name":"wp","href":"https:\/\/api.w.org\/{rel}","templated":true}]}}