{"id":21971,"date":"2023-11-28T09:40:13","date_gmt":"2023-11-28T07:40:13","guid":{"rendered":"https:\/\/maqcenter.com\/producto\/fs422m\/"},"modified":"2023-11-28T09:40:13","modified_gmt":"2023-11-28T07:40:13","slug":"fs422m","status":"publish","type":"product","link":"https:\/\/maqcenter.com\/pt-pt\/producto\/fs422m\/","title":{"rendered":"FS422M"},"content":{"rendered":"<p>Projetado para produ\u00e7\u00e3o cont\u00ednua<br \/>\nO FS422M \u00e9 um sistema de fus\u00e3o a laser de p\u00f3 met\u00e1lico de segunda gera\u00e7\u00e3o, com capacidade para produ\u00e7\u00e3o cont\u00ednua, oferecendo um amplo volume de constru\u00e7\u00e3o de 425 \u00d7 425 \u00d7 550 mm.<br \/>Com a op\u00e7\u00e3o de quatro lasers de 500 W, o FS422M-4 aumenta ainda mais a efici\u00eancia para a produ\u00e7\u00e3o em s\u00e9rie em escala industrial. <\/p>\n<p>Equipados com estrat\u00e9gias avan\u00e7adas de varrimento multi-laser e algoritmos de calibra\u00e7\u00e3o, ambos os modelos garantem uma constru\u00e7\u00e3o eficiente e uniforme.<br \/>A alimenta\u00e7\u00e3o cont\u00ednua de p\u00f3, o fluxo de g\u00e1s otimizado e a prote\u00e7\u00e3o com g\u00e1s inerte asseguram um processo de fus\u00e3o est\u00e1vel. Al\u00e9m disso, o FS422M-4 oferece uma velocidade de constru\u00e7\u00e3o superior sem comprometer a qualidade.  <\/p>\n<p>Com um sistema de filtragem permanente integrado e sendo plataformas abertas, tanto o FS422M como o FS422M-4 permitem o processamento de materiais reativos, com mais de 10 anos de vida \u00fatil.<br \/>Oferecem um controlo preciso dos par\u00e2metros para se adaptarem aos requisitos industriais e s\u00e3o altamente competitivos em termos de custo para a fabrica\u00e7\u00e3o aditiva de metal. <\/p>\n","protected":false},"excerpt":{"rendered":"<p>Projetado para produ\u00e7\u00e3o cont\u00ednua O FS422M \u00e9 um sistema de fus\u00e3o a laser de p\u00f3 met\u00e1lico de segunda gera\u00e7\u00e3o, com capacidade para produ\u00e7\u00e3o cont\u00ednua, oferecendo um amplo volume de constru\u00e7\u00e3o de 425 \u00d7 425 \u00d7 550 mm.Com a op\u00e7\u00e3o de quatro lasers de 500 W, o FS422M-4 aumenta ainda mais a efici\u00eancia para a produ\u00e7\u00e3o [&hellip;]<\/p>\n","protected":false},"featured_media":21972,"template":"","meta":[],"product_brand":[],"product_cat":[518,519],"product_tag":[568,570,572,573,575],"marca-producto":[102],"serie-producto":[],"class_list":{"0":"post-21971","1":"product","2":"type-product","3":"status-publish","4":"has-post-thumbnail","6":"product_cat-fabrico-aditivo","7":"product_cat-fabrico-de-aditivos-metalicos","8":"product_tag-aeronautica-pt-pt","9":"product_tag-bens-de-equipamento","10":"product_tag-ferrovia","11":"product_tag-grande-consumo","12":"product_tag-moldes-e-matrizes","13":"marca-producto-farsoon","15":"first","16":"instock","17":"product-type-simple"},"yoast_head":"<!-- This site is optimized with the Yoast SEO plugin v27.0 - https:\/\/yoast.com\/product\/yoast-seo-wordpress\/ -->\n<title>FS422M<\/title>\n<meta name=\"description\" content=\"FS422M. Projetado para produ\u00e7\u00e3o cont\u00ednua O FS422M \u00e9 um sistema de fus\u00e3o a laser de p\u00f3 met\u00e1lico de segunda gera\u00e7\u00e3o, com capacidade para produ\u00e7\u00e3o cont\u00ednua,\" \/>\n<meta name=\"robots\" content=\"index, follow, max-snippet:-1, max-image-preview:large, max-video-preview:-1\" \/>\n<link rel=\"canonical\" href=\"https:\/\/maqcenter.com\/pt-pt\/producto\/fs422m\/\" \/>\n<meta property=\"og:locale\" content=\"pt_PT\" \/>\n<meta property=\"og:type\" content=\"article\" \/>\n<meta property=\"og:title\" content=\"FS422M\" \/>\n<meta property=\"og:description\" content=\"FS422M. Projetado para produ\u00e7\u00e3o cont\u00ednua O FS422M \u00e9 um sistema de fus\u00e3o a laser de p\u00f3 met\u00e1lico de segunda gera\u00e7\u00e3o, com capacidade para produ\u00e7\u00e3o cont\u00ednua,\" \/>\n<meta property=\"og:url\" content=\"https:\/\/maqcenter.com\/pt-pt\/producto\/fs422m\/\" \/>\n<meta property=\"og:site_name\" content=\"MAQcenter\" \/>\n<meta property=\"og:image\" content=\"https:\/\/maqcenter.com\/wp-content\/uploads\/2023\/11\/FARSOON-FS422M-SLM.jpg\" \/>\n\t<meta property=\"og:image:width\" content=\"500\" \/>\n\t<meta property=\"og:image:height\" content=\"500\" \/>\n\t<meta property=\"og:image:type\" content=\"image\/jpeg\" \/>\n<meta name=\"twitter:card\" content=\"summary_large_image\" \/>\n<meta name=\"twitter:label1\" content=\"Tempo estimado de leitura\" \/>\n\t<meta name=\"twitter:data1\" content=\"1 minuto\" \/>\n<script type=\"application\/ld+json\" class=\"yoast-schema-graph\">{\"@context\":\"https:\/\/schema.org\",\"@graph\":[{\"@type\":[\"WebPage\",\"ItemPage\"],\"@id\":\"https:\/\/maqcenter.com\/pt-pt\/producto\/fs422m\/\",\"url\":\"https:\/\/maqcenter.com\/pt-pt\/producto\/fs422m\/\",\"name\":\"FS422M\",\"isPartOf\":{\"@id\":\"https:\/\/maqcenter.com\/pt-pt\/#website\"},\"primaryImageOfPage\":{\"@id\":\"https:\/\/maqcenter.com\/pt-pt\/producto\/fs422m\/#primaryimage\"},\"image\":{\"@id\":\"https:\/\/maqcenter.com\/pt-pt\/producto\/fs422m\/#primaryimage\"},\"thumbnailUrl\":\"https:\/\/maqcenter.com\/wp-content\/uploads\/2023\/11\/FARSOON-FS422M-SLM.jpg\",\"datePublished\":\"2023-11-28T07:40:13+00:00\",\"description\":\"FS422M. Projetado para produ\u00e7\u00e3o cont\u00ednua O FS422M \u00e9 um sistema de fus\u00e3o a laser de p\u00f3 met\u00e1lico de segunda gera\u00e7\u00e3o, com capacidade para produ\u00e7\u00e3o cont\u00ednua,\",\"breadcrumb\":{\"@id\":\"https:\/\/maqcenter.com\/pt-pt\/producto\/fs422m\/#breadcrumb\"},\"inLanguage\":\"pt-PT\",\"potentialAction\":[{\"@type\":\"ReadAction\",\"target\":[\"https:\/\/maqcenter.com\/pt-pt\/producto\/fs422m\/\"]}]},{\"@type\":\"ImageObject\",\"inLanguage\":\"pt-PT\",\"@id\":\"https:\/\/maqcenter.com\/pt-pt\/producto\/fs422m\/#primaryimage\",\"url\":\"https:\/\/maqcenter.com\/wp-content\/uploads\/2023\/11\/FARSOON-FS422M-SLM.jpg\",\"contentUrl\":\"https:\/\/maqcenter.com\/wp-content\/uploads\/2023\/11\/FARSOON-FS422M-SLM.jpg\",\"width\":500,\"height\":500},{\"@type\":\"BreadcrumbList\",\"@id\":\"https:\/\/maqcenter.com\/pt-pt\/producto\/fs422m\/#breadcrumb\",\"itemListElement\":[{\"@type\":\"ListItem\",\"position\":1,\"name\":\"Productos\",\"item\":\"https:\/\/maqcenter.com\/pt-pt\/\"},{\"@type\":\"ListItem\",\"position\":2,\"name\":\"Produtos\",\"item\":\"https:\/\/maqcenter.com\/pt-pt\/shop\/\"},{\"@type\":\"ListItem\",\"position\":3,\"name\":\"FS422M\"}]},{\"@type\":\"WebSite\",\"@id\":\"https:\/\/maqcenter.com\/pt-pt\/#website\",\"url\":\"https:\/\/maqcenter.com\/pt-pt\/\",\"name\":\"MAQcenter\",\"description\":\"El centro de tus soluciones\",\"publisher\":{\"@id\":\"https:\/\/maqcenter.com\/pt-pt\/#organization\"},\"potentialAction\":[{\"@type\":\"SearchAction\",\"target\":{\"@type\":\"EntryPoint\",\"urlTemplate\":\"https:\/\/maqcenter.com\/pt-pt\/?s={search_term_string}\"},\"query-input\":{\"@type\":\"PropertyValueSpecification\",\"valueRequired\":true,\"valueName\":\"search_term_string\"}}],\"inLanguage\":\"pt-PT\"},{\"@type\":\"Organization\",\"@id\":\"https:\/\/maqcenter.com\/pt-pt\/#organization\",\"name\":\"MAQcenter S.A.\",\"url\":\"https:\/\/maqcenter.com\/pt-pt\/\",\"logo\":{\"@type\":\"ImageObject\",\"inLanguage\":\"pt-PT\",\"@id\":\"https:\/\/maqcenter.com\/pt-pt\/#\/schema\/logo\/image\/\",\"url\":\"https:\/\/maqcenter.com\/wp-content\/uploads\/2021\/02\/MAQcenter_logo_vertical.svg\",\"contentUrl\":\"https:\/\/maqcenter.com\/wp-content\/uploads\/2021\/02\/MAQcenter_logo_vertical.svg\",\"width\":300,\"height\":174,\"caption\":\"MAQcenter S.A.\"},\"image\":{\"@id\":\"https:\/\/maqcenter.com\/pt-pt\/#\/schema\/logo\/image\/\"}}]}<\/script>\n<!-- \/ Yoast SEO plugin. -->","yoast_head_json":{"title":"FS422M","description":"FS422M. Projetado para produ\u00e7\u00e3o cont\u00ednua O FS422M \u00e9 um sistema de fus\u00e3o a laser de p\u00f3 met\u00e1lico de segunda gera\u00e7\u00e3o, com capacidade para produ\u00e7\u00e3o cont\u00ednua,","robots":{"index":"index","follow":"follow","max-snippet":"max-snippet:-1","max-image-preview":"max-image-preview:large","max-video-preview":"max-video-preview:-1"},"canonical":"https:\/\/maqcenter.com\/pt-pt\/producto\/fs422m\/","og_locale":"pt_PT","og_type":"article","og_title":"FS422M","og_description":"FS422M. Projetado para produ\u00e7\u00e3o cont\u00ednua O FS422M \u00e9 um sistema de fus\u00e3o a laser de p\u00f3 met\u00e1lico de segunda gera\u00e7\u00e3o, com capacidade para produ\u00e7\u00e3o cont\u00ednua,","og_url":"https:\/\/maqcenter.com\/pt-pt\/producto\/fs422m\/","og_site_name":"MAQcenter","og_image":[{"width":500,"height":500,"url":"https:\/\/maqcenter.com\/wp-content\/uploads\/2023\/11\/FARSOON-FS422M-SLM.jpg","type":"image\/jpeg"}],"twitter_card":"summary_large_image","twitter_misc":{"Tempo estimado de leitura":"1 minuto"},"schema":{"@context":"https:\/\/schema.org","@graph":[{"@type":["WebPage","ItemPage"],"@id":"https:\/\/maqcenter.com\/pt-pt\/producto\/fs422m\/","url":"https:\/\/maqcenter.com\/pt-pt\/producto\/fs422m\/","name":"FS422M","isPartOf":{"@id":"https:\/\/maqcenter.com\/pt-pt\/#website"},"primaryImageOfPage":{"@id":"https:\/\/maqcenter.com\/pt-pt\/producto\/fs422m\/#primaryimage"},"image":{"@id":"https:\/\/maqcenter.com\/pt-pt\/producto\/fs422m\/#primaryimage"},"thumbnailUrl":"https:\/\/maqcenter.com\/wp-content\/uploads\/2023\/11\/FARSOON-FS422M-SLM.jpg","datePublished":"2023-11-28T07:40:13+00:00","description":"FS422M. Projetado para produ\u00e7\u00e3o cont\u00ednua O FS422M \u00e9 um sistema de fus\u00e3o a laser de p\u00f3 met\u00e1lico de segunda gera\u00e7\u00e3o, com capacidade para produ\u00e7\u00e3o cont\u00ednua,","breadcrumb":{"@id":"https:\/\/maqcenter.com\/pt-pt\/producto\/fs422m\/#breadcrumb"},"inLanguage":"pt-PT","potentialAction":[{"@type":"ReadAction","target":["https:\/\/maqcenter.com\/pt-pt\/producto\/fs422m\/"]}]},{"@type":"ImageObject","inLanguage":"pt-PT","@id":"https:\/\/maqcenter.com\/pt-pt\/producto\/fs422m\/#primaryimage","url":"https:\/\/maqcenter.com\/wp-content\/uploads\/2023\/11\/FARSOON-FS422M-SLM.jpg","contentUrl":"https:\/\/maqcenter.com\/wp-content\/uploads\/2023\/11\/FARSOON-FS422M-SLM.jpg","width":500,"height":500},{"@type":"BreadcrumbList","@id":"https:\/\/maqcenter.com\/pt-pt\/producto\/fs422m\/#breadcrumb","itemListElement":[{"@type":"ListItem","position":1,"name":"Productos","item":"https:\/\/maqcenter.com\/pt-pt\/"},{"@type":"ListItem","position":2,"name":"Produtos","item":"https:\/\/maqcenter.com\/pt-pt\/shop\/"},{"@type":"ListItem","position":3,"name":"FS422M"}]},{"@type":"WebSite","@id":"https:\/\/maqcenter.com\/pt-pt\/#website","url":"https:\/\/maqcenter.com\/pt-pt\/","name":"MAQcenter","description":"El centro de tus soluciones","publisher":{"@id":"https:\/\/maqcenter.com\/pt-pt\/#organization"},"potentialAction":[{"@type":"SearchAction","target":{"@type":"EntryPoint","urlTemplate":"https:\/\/maqcenter.com\/pt-pt\/?s={search_term_string}"},"query-input":{"@type":"PropertyValueSpecification","valueRequired":true,"valueName":"search_term_string"}}],"inLanguage":"pt-PT"},{"@type":"Organization","@id":"https:\/\/maqcenter.com\/pt-pt\/#organization","name":"MAQcenter S.A.","url":"https:\/\/maqcenter.com\/pt-pt\/","logo":{"@type":"ImageObject","inLanguage":"pt-PT","@id":"https:\/\/maqcenter.com\/pt-pt\/#\/schema\/logo\/image\/","url":"https:\/\/maqcenter.com\/wp-content\/uploads\/2021\/02\/MAQcenter_logo_vertical.svg","contentUrl":"https:\/\/maqcenter.com\/wp-content\/uploads\/2021\/02\/MAQcenter_logo_vertical.svg","width":300,"height":174,"caption":"MAQcenter S.A."},"image":{"@id":"https:\/\/maqcenter.com\/pt-pt\/#\/schema\/logo\/image\/"}}]}},"_links":{"self":[{"href":"https:\/\/maqcenter.com\/pt-pt\/wp-json\/wp\/v2\/product\/21971","targetHints":{"allow":["GET"]}}],"collection":[{"href":"https:\/\/maqcenter.com\/pt-pt\/wp-json\/wp\/v2\/product"}],"about":[{"href":"https:\/\/maqcenter.com\/pt-pt\/wp-json\/wp\/v2\/types\/product"}],"wp:featuredmedia":[{"embeddable":true,"href":"https:\/\/maqcenter.com\/pt-pt\/wp-json\/wp\/v2\/media\/21972"}],"wp:attachment":[{"href":"https:\/\/maqcenter.com\/pt-pt\/wp-json\/wp\/v2\/media?parent=21971"}],"wp:term":[{"taxonomy":"product_brand","embeddable":true,"href":"https:\/\/maqcenter.com\/pt-pt\/wp-json\/wp\/v2\/product_brand?post=21971"},{"taxonomy":"product_cat","embeddable":true,"href":"https:\/\/maqcenter.com\/pt-pt\/wp-json\/wp\/v2\/product_cat?post=21971"},{"taxonomy":"product_tag","embeddable":true,"href":"https:\/\/maqcenter.com\/pt-pt\/wp-json\/wp\/v2\/product_tag?post=21971"},{"taxonomy":"marca-producto","embeddable":true,"href":"https:\/\/maqcenter.com\/pt-pt\/wp-json\/wp\/v2\/marca-producto?post=21971"},{"taxonomy":"serie-producto","embeddable":true,"href":"https:\/\/maqcenter.com\/pt-pt\/wp-json\/wp\/v2\/serie-producto?post=21971"}],"curies":[{"name":"wp","href":"https:\/\/api.w.org\/{rel}","templated":true}]}}