{"id":21973,"date":"2023-11-28T09:37:42","date_gmt":"2023-11-28T07:37:42","guid":{"rendered":"https:\/\/maqcenter.com\/producto\/fs350m-4\/"},"modified":"2023-11-28T09:37:42","modified_gmt":"2023-11-28T07:37:42","slug":"fs350m-4","status":"publish","type":"product","link":"https:\/\/maqcenter.com\/pt-pt\/producto\/fs350m-4\/","title":{"rendered":"FS350M-4"},"content":{"rendered":"<p>Produ\u00e7\u00e3o Eficiente de Pe\u00e7as Met\u00e1licas em Grande Escala<br \/>\nCom um cilindro de constru\u00e7\u00e3o expandido de 433 \u00d7 358 \u00d7 400 mm, o FS350M-4 \u00e9 capaz de produzir pe\u00e7as met\u00e1licas de grandes dimens\u00f5es a partir de uma ampla variedade de p\u00f3s met\u00e1licos. Equipado com quatro lasers de 500 watts e um processo de camadas mais espessas, o FS350M-4 melhora significativamente a efici\u00eancia de constru\u00e7\u00e3o, ideal para produ\u00e7\u00e3o em s\u00e9rie em escala industrial. <\/p>\n<p>Com uma estrat\u00e9gia avan\u00e7ada de varrimento e algoritmos de calibra\u00e7\u00e3o multi-laser, o FS350M-4 garante efici\u00eancia de constru\u00e7\u00e3o otimizada e desempenho uniforme nas \u00e1reas sobrepostas.<br \/>O Sistema de Gest\u00e3o de P\u00f3 em circuito fechado, o controlo inteligente de recobrimento e o design avan\u00e7ado de fluxo de g\u00e1s por camadas permitem um processo de fus\u00e3o eficiente e uniforme, priorizando tanto a efici\u00eancia como a seguran\u00e7a. <\/p>\n<p>O FS350M-4 apresenta uma \u00e1rea de implanta\u00e7\u00e3o compacta, com apenas 6,03 m\u00b2, e um Sistema de Filtragem integrado de tr\u00eas est\u00e1gios.<br \/>Num ambiente de f\u00e1brica aditiva, o FS350M-4 permite uma disposi\u00e7\u00e3o de alta densidade, maximizando o rendimento por metro quadrado a um custo de produ\u00e7\u00e3o aditiva econ\u00f3mico.<br \/>Como todas as m\u00e1quinas da Farsoon, o FS350M-4 \u00e9 uma plataforma verdadeiramente aberta, oferecendo ao utilizador controlo total para ajustar os par\u00e2metros de processamento de acordo com os requisitos industriais e alcan\u00e7ar uma produ\u00e7\u00e3o aditiva met\u00e1lica competitiva em custos.  <\/p>\n","protected":false},"excerpt":{"rendered":"<p>Produ\u00e7\u00e3o Eficiente de Pe\u00e7as Met\u00e1licas em Grande Escala Com um cilindro de constru\u00e7\u00e3o expandido de 433 \u00d7 358 \u00d7 400 mm, o FS350M-4 \u00e9 capaz de produzir pe\u00e7as met\u00e1licas de grandes dimens\u00f5es a partir de uma ampla variedade de p\u00f3s met\u00e1licos. Equipado com quatro lasers de 500 watts e um processo de camadas mais espessas, [&hellip;]<\/p>\n","protected":false},"featured_media":21974,"template":"","meta":[],"product_brand":[],"product_cat":[518,519],"product_tag":[568,570,572,573,575],"marca-producto":[102],"serie-producto":[],"class_list":{"0":"post-21973","1":"product","2":"type-product","3":"status-publish","4":"has-post-thumbnail","6":"product_cat-fabrico-aditivo","7":"product_cat-fabrico-de-aditivos-metalicos","8":"product_tag-aeronautica-pt-pt","9":"product_tag-bens-de-equipamento","10":"product_tag-ferrovia","11":"product_tag-grande-consumo","12":"product_tag-moldes-e-matrizes","13":"marca-producto-farsoon","15":"first","16":"instock","17":"product-type-simple"},"yoast_head":"<!-- This site is optimized with the Yoast SEO plugin v27.0 - https:\/\/yoast.com\/product\/yoast-seo-wordpress\/ -->\n<title>FS350M-4<\/title>\n<meta name=\"description\" content=\"FS350M-4. Produ\u00e7\u00e3o Eficiente de Pe\u00e7as Met\u00e1licas em Grande Escala Com um cilindro de constru\u00e7\u00e3o expandido de 433 \u00d7 358 \u00d7 400 mm, o FS350M-4 \u00e9 capaz de produzir pe\u00e7as\" \/>\n<meta name=\"robots\" content=\"index, follow, max-snippet:-1, max-image-preview:large, max-video-preview:-1\" \/>\n<link rel=\"canonical\" href=\"https:\/\/maqcenter.com\/pt-pt\/producto\/fs350m-4\/\" \/>\n<meta property=\"og:locale\" content=\"pt_PT\" \/>\n<meta property=\"og:type\" content=\"article\" \/>\n<meta property=\"og:title\" content=\"FS350M-4\" \/>\n<meta property=\"og:description\" content=\"FS350M-4. Produ\u00e7\u00e3o Eficiente de Pe\u00e7as Met\u00e1licas em Grande Escala Com um cilindro de constru\u00e7\u00e3o expandido de 433 \u00d7 358 \u00d7 400 mm, o FS350M-4 \u00e9 capaz de produzir pe\u00e7as\" \/>\n<meta property=\"og:url\" content=\"https:\/\/maqcenter.com\/pt-pt\/producto\/fs350m-4\/\" \/>\n<meta property=\"og:site_name\" content=\"MAQcenter\" \/>\n<meta property=\"og:image\" content=\"https:\/\/maqcenter.com\/wp-content\/uploads\/2023\/11\/FARSOON-FS350M-4-SLM.jpg\" \/>\n\t<meta property=\"og:image:width\" content=\"500\" \/>\n\t<meta property=\"og:image:height\" content=\"500\" \/>\n\t<meta property=\"og:image:type\" content=\"image\/jpeg\" \/>\n<meta name=\"twitter:card\" content=\"summary_large_image\" \/>\n<meta name=\"twitter:label1\" content=\"Tempo estimado de leitura\" \/>\n\t<meta name=\"twitter:data1\" content=\"1 minuto\" \/>\n<script type=\"application\/ld+json\" class=\"yoast-schema-graph\">{\"@context\":\"https:\/\/schema.org\",\"@graph\":[{\"@type\":[\"WebPage\",\"ItemPage\"],\"@id\":\"https:\/\/maqcenter.com\/pt-pt\/producto\/fs350m-4\/\",\"url\":\"https:\/\/maqcenter.com\/pt-pt\/producto\/fs350m-4\/\",\"name\":\"FS350M-4\",\"isPartOf\":{\"@id\":\"https:\/\/maqcenter.com\/pt-pt\/#website\"},\"primaryImageOfPage\":{\"@id\":\"https:\/\/maqcenter.com\/pt-pt\/producto\/fs350m-4\/#primaryimage\"},\"image\":{\"@id\":\"https:\/\/maqcenter.com\/pt-pt\/producto\/fs350m-4\/#primaryimage\"},\"thumbnailUrl\":\"https:\/\/maqcenter.com\/wp-content\/uploads\/2023\/11\/FARSOON-FS350M-4-SLM.jpg\",\"datePublished\":\"2023-11-28T07:37:42+00:00\",\"description\":\"FS350M-4. Produ\u00e7\u00e3o Eficiente de Pe\u00e7as Met\u00e1licas em Grande Escala Com um cilindro de constru\u00e7\u00e3o expandido de 433 \u00d7 358 \u00d7 400 mm, o FS350M-4 \u00e9 capaz de produzir pe\u00e7as\",\"breadcrumb\":{\"@id\":\"https:\/\/maqcenter.com\/pt-pt\/producto\/fs350m-4\/#breadcrumb\"},\"inLanguage\":\"pt-PT\",\"potentialAction\":[{\"@type\":\"ReadAction\",\"target\":[\"https:\/\/maqcenter.com\/pt-pt\/producto\/fs350m-4\/\"]}]},{\"@type\":\"ImageObject\",\"inLanguage\":\"pt-PT\",\"@id\":\"https:\/\/maqcenter.com\/pt-pt\/producto\/fs350m-4\/#primaryimage\",\"url\":\"https:\/\/maqcenter.com\/wp-content\/uploads\/2023\/11\/FARSOON-FS350M-4-SLM.jpg\",\"contentUrl\":\"https:\/\/maqcenter.com\/wp-content\/uploads\/2023\/11\/FARSOON-FS350M-4-SLM.jpg\",\"width\":500,\"height\":500},{\"@type\":\"BreadcrumbList\",\"@id\":\"https:\/\/maqcenter.com\/pt-pt\/producto\/fs350m-4\/#breadcrumb\",\"itemListElement\":[{\"@type\":\"ListItem\",\"position\":1,\"name\":\"Productos\",\"item\":\"https:\/\/maqcenter.com\/pt-pt\/\"},{\"@type\":\"ListItem\",\"position\":2,\"name\":\"Produtos\",\"item\":\"https:\/\/maqcenter.com\/pt-pt\/shop\/\"},{\"@type\":\"ListItem\",\"position\":3,\"name\":\"FS350M-4\"}]},{\"@type\":\"WebSite\",\"@id\":\"https:\/\/maqcenter.com\/pt-pt\/#website\",\"url\":\"https:\/\/maqcenter.com\/pt-pt\/\",\"name\":\"MAQcenter\",\"description\":\"El centro de tus soluciones\",\"publisher\":{\"@id\":\"https:\/\/maqcenter.com\/pt-pt\/#organization\"},\"potentialAction\":[{\"@type\":\"SearchAction\",\"target\":{\"@type\":\"EntryPoint\",\"urlTemplate\":\"https:\/\/maqcenter.com\/pt-pt\/?s={search_term_string}\"},\"query-input\":{\"@type\":\"PropertyValueSpecification\",\"valueRequired\":true,\"valueName\":\"search_term_string\"}}],\"inLanguage\":\"pt-PT\"},{\"@type\":\"Organization\",\"@id\":\"https:\/\/maqcenter.com\/pt-pt\/#organization\",\"name\":\"MAQcenter S.A.\",\"url\":\"https:\/\/maqcenter.com\/pt-pt\/\",\"logo\":{\"@type\":\"ImageObject\",\"inLanguage\":\"pt-PT\",\"@id\":\"https:\/\/maqcenter.com\/pt-pt\/#\/schema\/logo\/image\/\",\"url\":\"https:\/\/maqcenter.com\/wp-content\/uploads\/2021\/02\/MAQcenter_logo_vertical.svg\",\"contentUrl\":\"https:\/\/maqcenter.com\/wp-content\/uploads\/2021\/02\/MAQcenter_logo_vertical.svg\",\"width\":300,\"height\":174,\"caption\":\"MAQcenter S.A.\"},\"image\":{\"@id\":\"https:\/\/maqcenter.com\/pt-pt\/#\/schema\/logo\/image\/\"}}]}<\/script>\n<!-- \/ Yoast SEO plugin. -->","yoast_head_json":{"title":"FS350M-4","description":"FS350M-4. Produ\u00e7\u00e3o Eficiente de Pe\u00e7as Met\u00e1licas em Grande Escala Com um cilindro de constru\u00e7\u00e3o expandido de 433 \u00d7 358 \u00d7 400 mm, o FS350M-4 \u00e9 capaz de produzir pe\u00e7as","robots":{"index":"index","follow":"follow","max-snippet":"max-snippet:-1","max-image-preview":"max-image-preview:large","max-video-preview":"max-video-preview:-1"},"canonical":"https:\/\/maqcenter.com\/pt-pt\/producto\/fs350m-4\/","og_locale":"pt_PT","og_type":"article","og_title":"FS350M-4","og_description":"FS350M-4. Produ\u00e7\u00e3o Eficiente de Pe\u00e7as Met\u00e1licas em Grande Escala Com um cilindro de constru\u00e7\u00e3o expandido de 433 \u00d7 358 \u00d7 400 mm, o FS350M-4 \u00e9 capaz de produzir pe\u00e7as","og_url":"https:\/\/maqcenter.com\/pt-pt\/producto\/fs350m-4\/","og_site_name":"MAQcenter","og_image":[{"width":500,"height":500,"url":"https:\/\/maqcenter.com\/wp-content\/uploads\/2023\/11\/FARSOON-FS350M-4-SLM.jpg","type":"image\/jpeg"}],"twitter_card":"summary_large_image","twitter_misc":{"Tempo estimado de leitura":"1 minuto"},"schema":{"@context":"https:\/\/schema.org","@graph":[{"@type":["WebPage","ItemPage"],"@id":"https:\/\/maqcenter.com\/pt-pt\/producto\/fs350m-4\/","url":"https:\/\/maqcenter.com\/pt-pt\/producto\/fs350m-4\/","name":"FS350M-4","isPartOf":{"@id":"https:\/\/maqcenter.com\/pt-pt\/#website"},"primaryImageOfPage":{"@id":"https:\/\/maqcenter.com\/pt-pt\/producto\/fs350m-4\/#primaryimage"},"image":{"@id":"https:\/\/maqcenter.com\/pt-pt\/producto\/fs350m-4\/#primaryimage"},"thumbnailUrl":"https:\/\/maqcenter.com\/wp-content\/uploads\/2023\/11\/FARSOON-FS350M-4-SLM.jpg","datePublished":"2023-11-28T07:37:42+00:00","description":"FS350M-4. Produ\u00e7\u00e3o Eficiente de Pe\u00e7as Met\u00e1licas em Grande Escala Com um cilindro de constru\u00e7\u00e3o expandido de 433 \u00d7 358 \u00d7 400 mm, o FS350M-4 \u00e9 capaz de produzir pe\u00e7as","breadcrumb":{"@id":"https:\/\/maqcenter.com\/pt-pt\/producto\/fs350m-4\/#breadcrumb"},"inLanguage":"pt-PT","potentialAction":[{"@type":"ReadAction","target":["https:\/\/maqcenter.com\/pt-pt\/producto\/fs350m-4\/"]}]},{"@type":"ImageObject","inLanguage":"pt-PT","@id":"https:\/\/maqcenter.com\/pt-pt\/producto\/fs350m-4\/#primaryimage","url":"https:\/\/maqcenter.com\/wp-content\/uploads\/2023\/11\/FARSOON-FS350M-4-SLM.jpg","contentUrl":"https:\/\/maqcenter.com\/wp-content\/uploads\/2023\/11\/FARSOON-FS350M-4-SLM.jpg","width":500,"height":500},{"@type":"BreadcrumbList","@id":"https:\/\/maqcenter.com\/pt-pt\/producto\/fs350m-4\/#breadcrumb","itemListElement":[{"@type":"ListItem","position":1,"name":"Productos","item":"https:\/\/maqcenter.com\/pt-pt\/"},{"@type":"ListItem","position":2,"name":"Produtos","item":"https:\/\/maqcenter.com\/pt-pt\/shop\/"},{"@type":"ListItem","position":3,"name":"FS350M-4"}]},{"@type":"WebSite","@id":"https:\/\/maqcenter.com\/pt-pt\/#website","url":"https:\/\/maqcenter.com\/pt-pt\/","name":"MAQcenter","description":"El centro de tus soluciones","publisher":{"@id":"https:\/\/maqcenter.com\/pt-pt\/#organization"},"potentialAction":[{"@type":"SearchAction","target":{"@type":"EntryPoint","urlTemplate":"https:\/\/maqcenter.com\/pt-pt\/?s={search_term_string}"},"query-input":{"@type":"PropertyValueSpecification","valueRequired":true,"valueName":"search_term_string"}}],"inLanguage":"pt-PT"},{"@type":"Organization","@id":"https:\/\/maqcenter.com\/pt-pt\/#organization","name":"MAQcenter S.A.","url":"https:\/\/maqcenter.com\/pt-pt\/","logo":{"@type":"ImageObject","inLanguage":"pt-PT","@id":"https:\/\/maqcenter.com\/pt-pt\/#\/schema\/logo\/image\/","url":"https:\/\/maqcenter.com\/wp-content\/uploads\/2021\/02\/MAQcenter_logo_vertical.svg","contentUrl":"https:\/\/maqcenter.com\/wp-content\/uploads\/2021\/02\/MAQcenter_logo_vertical.svg","width":300,"height":174,"caption":"MAQcenter S.A."},"image":{"@id":"https:\/\/maqcenter.com\/pt-pt\/#\/schema\/logo\/image\/"}}]}},"_links":{"self":[{"href":"https:\/\/maqcenter.com\/pt-pt\/wp-json\/wp\/v2\/product\/21973","targetHints":{"allow":["GET"]}}],"collection":[{"href":"https:\/\/maqcenter.com\/pt-pt\/wp-json\/wp\/v2\/product"}],"about":[{"href":"https:\/\/maqcenter.com\/pt-pt\/wp-json\/wp\/v2\/types\/product"}],"wp:featuredmedia":[{"embeddable":true,"href":"https:\/\/maqcenter.com\/pt-pt\/wp-json\/wp\/v2\/media\/21974"}],"wp:attachment":[{"href":"https:\/\/maqcenter.com\/pt-pt\/wp-json\/wp\/v2\/media?parent=21973"}],"wp:term":[{"taxonomy":"product_brand","embeddable":true,"href":"https:\/\/maqcenter.com\/pt-pt\/wp-json\/wp\/v2\/product_brand?post=21973"},{"taxonomy":"product_cat","embeddable":true,"href":"https:\/\/maqcenter.com\/pt-pt\/wp-json\/wp\/v2\/product_cat?post=21973"},{"taxonomy":"product_tag","embeddable":true,"href":"https:\/\/maqcenter.com\/pt-pt\/wp-json\/wp\/v2\/product_tag?post=21973"},{"taxonomy":"marca-producto","embeddable":true,"href":"https:\/\/maqcenter.com\/pt-pt\/wp-json\/wp\/v2\/marca-producto?post=21973"},{"taxonomy":"serie-producto","embeddable":true,"href":"https:\/\/maqcenter.com\/pt-pt\/wp-json\/wp\/v2\/serie-producto?post=21973"}],"curies":[{"name":"wp","href":"https:\/\/api.w.org\/{rel}","templated":true}]}}