{"id":21975,"date":"2023-11-28T09:25:58","date_gmt":"2023-11-28T07:25:58","guid":{"rendered":"https:\/\/maqcenter.com\/producto\/fs273m\/"},"modified":"2023-11-28T09:25:58","modified_gmt":"2023-11-28T07:25:58","slug":"fs273m","status":"publish","type":"product","link":"https:\/\/maqcenter.com\/pt-pt\/producto\/fs273m\/","title":{"rendered":"FS273M"},"content":{"rendered":"<p>Versatilidade na Produ\u00e7\u00e3o de Metal<br \/>\nCom uma \u00e1rea de constru\u00e7\u00e3o de 275 \u00d7 275 \u00d7 355 mm e op\u00e7\u00f5es de um ou dois lasers, a s\u00e9rie FS273M da Farsoon oferece uma solu\u00e7\u00e3o simplificada para a produ\u00e7\u00e3o em larga escala de pe\u00e7as met\u00e1licas.<br \/>A vers\u00e3o FS273M-2 permite opera\u00e7\u00e3o dual, oferecendo desempenho ainda mais avan\u00e7ado. <\/p>\n<p>Estes sistemas de sinteriza\u00e7\u00e3o a laser de metal combinam desempenho e efici\u00eancia com um custo competitivo. Com tecnologia \u00f3tica avan\u00e7ada, controles robustos e par\u00e2metros abertos, proporcionam pe\u00e7as funcionais e detalhadas. O seu design compacto permite uma implanta\u00e7\u00e3o flex\u00edvel na f\u00e1brica, promovendo uma produ\u00e7\u00e3o econ\u00f3mica e eficiente.  <\/p>\n<p>Tanto a FS273M como a FS273M-2 incluem um sistema de filtragem dur\u00e1vel, placa de base pr\u00e9-aquecida e opera\u00e7\u00f5es de recobrimento eficientes.<br \/>Estas caracter\u00edsticas, aliadas \u00e0 op\u00e7\u00e3o de opera\u00e7\u00e3o dual da FS273M-2, garantem uma opera\u00e7\u00e3o simples, manuten\u00e7\u00e3o eficaz e um caminho otimizado para a produ\u00e7\u00e3o avan\u00e7ada de pe\u00e7as met\u00e1licas. <\/p>\n","protected":false},"excerpt":{"rendered":"<p>Versatilidade na Produ\u00e7\u00e3o de Metal Com uma \u00e1rea de constru\u00e7\u00e3o de 275 \u00d7 275 \u00d7 355 mm e op\u00e7\u00f5es de um ou dois lasers, a s\u00e9rie FS273M da Farsoon oferece uma solu\u00e7\u00e3o simplificada para a produ\u00e7\u00e3o em larga escala de pe\u00e7as met\u00e1licas.A vers\u00e3o FS273M-2 permite opera\u00e7\u00e3o dual, oferecendo desempenho ainda mais avan\u00e7ado. Estes sistemas de [&hellip;]<\/p>\n","protected":false},"featured_media":21976,"template":"","meta":[],"product_brand":[],"product_cat":[518,519],"product_tag":[568,570,572,573,575],"marca-producto":[102],"serie-producto":[],"class_list":{"0":"post-21975","1":"product","2":"type-product","3":"status-publish","4":"has-post-thumbnail","6":"product_cat-fabrico-aditivo","7":"product_cat-fabrico-de-aditivos-metalicos","8":"product_tag-aeronautica-pt-pt","9":"product_tag-bens-de-equipamento","10":"product_tag-ferrovia","11":"product_tag-grande-consumo","12":"product_tag-moldes-e-matrizes","13":"marca-producto-farsoon","15":"first","16":"instock","17":"product-type-simple"},"yoast_head":"<!-- This site is optimized with the Yoast SEO plugin v27.0 - https:\/\/yoast.com\/product\/yoast-seo-wordpress\/ -->\n<title>FS273M<\/title>\n<meta name=\"description\" content=\"FS273M. Versatilidade na Produ\u00e7\u00e3o de Metal Com uma \u00e1rea de constru\u00e7\u00e3o de 275 \u00d7 275 \u00d7 355 mm e op\u00e7\u00f5es de um ou dois lasers, a s\u00e9rie FS273M da Farsoon oferece uma\" \/>\n<meta name=\"robots\" content=\"index, follow, max-snippet:-1, max-image-preview:large, max-video-preview:-1\" \/>\n<link rel=\"canonical\" href=\"https:\/\/maqcenter.com\/pt-pt\/producto\/fs273m\/\" \/>\n<meta property=\"og:locale\" content=\"pt_PT\" \/>\n<meta property=\"og:type\" content=\"article\" \/>\n<meta property=\"og:title\" content=\"FS273M\" \/>\n<meta property=\"og:description\" content=\"FS273M. Versatilidade na Produ\u00e7\u00e3o de Metal Com uma \u00e1rea de constru\u00e7\u00e3o de 275 \u00d7 275 \u00d7 355 mm e op\u00e7\u00f5es de um ou dois lasers, a s\u00e9rie FS273M da Farsoon oferece uma\" \/>\n<meta property=\"og:url\" content=\"https:\/\/maqcenter.com\/pt-pt\/producto\/fs273m\/\" \/>\n<meta property=\"og:site_name\" content=\"MAQcenter\" \/>\n<meta property=\"og:image\" content=\"https:\/\/maqcenter.com\/wp-content\/uploads\/2023\/11\/FARSOON-FS273M-SLM.jpg\" \/>\n\t<meta property=\"og:image:width\" content=\"500\" \/>\n\t<meta property=\"og:image:height\" content=\"500\" \/>\n\t<meta property=\"og:image:type\" content=\"image\/jpeg\" \/>\n<meta name=\"twitter:card\" content=\"summary_large_image\" \/>\n<meta name=\"twitter:label1\" content=\"Tempo estimado de leitura\" \/>\n\t<meta name=\"twitter:data1\" content=\"1 minuto\" \/>\n<script type=\"application\/ld+json\" class=\"yoast-schema-graph\">{\"@context\":\"https:\/\/schema.org\",\"@graph\":[{\"@type\":[\"WebPage\",\"ItemPage\"],\"@id\":\"https:\/\/maqcenter.com\/pt-pt\/producto\/fs273m\/\",\"url\":\"https:\/\/maqcenter.com\/pt-pt\/producto\/fs273m\/\",\"name\":\"FS273M\",\"isPartOf\":{\"@id\":\"https:\/\/maqcenter.com\/pt-pt\/#website\"},\"primaryImageOfPage\":{\"@id\":\"https:\/\/maqcenter.com\/pt-pt\/producto\/fs273m\/#primaryimage\"},\"image\":{\"@id\":\"https:\/\/maqcenter.com\/pt-pt\/producto\/fs273m\/#primaryimage\"},\"thumbnailUrl\":\"https:\/\/maqcenter.com\/wp-content\/uploads\/2023\/11\/FARSOON-FS273M-SLM.jpg\",\"datePublished\":\"2023-11-28T07:25:58+00:00\",\"description\":\"FS273M. Versatilidade na Produ\u00e7\u00e3o de Metal Com uma \u00e1rea de constru\u00e7\u00e3o de 275 \u00d7 275 \u00d7 355 mm e op\u00e7\u00f5es de um ou dois lasers, a s\u00e9rie FS273M da Farsoon oferece uma\",\"breadcrumb\":{\"@id\":\"https:\/\/maqcenter.com\/pt-pt\/producto\/fs273m\/#breadcrumb\"},\"inLanguage\":\"pt-PT\",\"potentialAction\":[{\"@type\":\"ReadAction\",\"target\":[\"https:\/\/maqcenter.com\/pt-pt\/producto\/fs273m\/\"]}]},{\"@type\":\"ImageObject\",\"inLanguage\":\"pt-PT\",\"@id\":\"https:\/\/maqcenter.com\/pt-pt\/producto\/fs273m\/#primaryimage\",\"url\":\"https:\/\/maqcenter.com\/wp-content\/uploads\/2023\/11\/FARSOON-FS273M-SLM.jpg\",\"contentUrl\":\"https:\/\/maqcenter.com\/wp-content\/uploads\/2023\/11\/FARSOON-FS273M-SLM.jpg\",\"width\":500,\"height\":500,\"caption\":\"Farsoon FS273M\"},{\"@type\":\"BreadcrumbList\",\"@id\":\"https:\/\/maqcenter.com\/pt-pt\/producto\/fs273m\/#breadcrumb\",\"itemListElement\":[{\"@type\":\"ListItem\",\"position\":1,\"name\":\"Productos\",\"item\":\"https:\/\/maqcenter.com\/pt-pt\/\"},{\"@type\":\"ListItem\",\"position\":2,\"name\":\"Produtos\",\"item\":\"https:\/\/maqcenter.com\/pt-pt\/shop\/\"},{\"@type\":\"ListItem\",\"position\":3,\"name\":\"FS273M\"}]},{\"@type\":\"WebSite\",\"@id\":\"https:\/\/maqcenter.com\/pt-pt\/#website\",\"url\":\"https:\/\/maqcenter.com\/pt-pt\/\",\"name\":\"MAQcenter\",\"description\":\"El centro de tus soluciones\",\"publisher\":{\"@id\":\"https:\/\/maqcenter.com\/pt-pt\/#organization\"},\"potentialAction\":[{\"@type\":\"SearchAction\",\"target\":{\"@type\":\"EntryPoint\",\"urlTemplate\":\"https:\/\/maqcenter.com\/pt-pt\/?s={search_term_string}\"},\"query-input\":{\"@type\":\"PropertyValueSpecification\",\"valueRequired\":true,\"valueName\":\"search_term_string\"}}],\"inLanguage\":\"pt-PT\"},{\"@type\":\"Organization\",\"@id\":\"https:\/\/maqcenter.com\/pt-pt\/#organization\",\"name\":\"MAQcenter S.A.\",\"url\":\"https:\/\/maqcenter.com\/pt-pt\/\",\"logo\":{\"@type\":\"ImageObject\",\"inLanguage\":\"pt-PT\",\"@id\":\"https:\/\/maqcenter.com\/pt-pt\/#\/schema\/logo\/image\/\",\"url\":\"https:\/\/maqcenter.com\/wp-content\/uploads\/2021\/02\/MAQcenter_logo_vertical.svg\",\"contentUrl\":\"https:\/\/maqcenter.com\/wp-content\/uploads\/2021\/02\/MAQcenter_logo_vertical.svg\",\"width\":300,\"height\":174,\"caption\":\"MAQcenter S.A.\"},\"image\":{\"@id\":\"https:\/\/maqcenter.com\/pt-pt\/#\/schema\/logo\/image\/\"}}]}<\/script>\n<!-- \/ Yoast SEO plugin. -->","yoast_head_json":{"title":"FS273M","description":"FS273M. Versatilidade na Produ\u00e7\u00e3o de Metal Com uma \u00e1rea de constru\u00e7\u00e3o de 275 \u00d7 275 \u00d7 355 mm e op\u00e7\u00f5es de um ou dois lasers, a s\u00e9rie FS273M da Farsoon oferece uma","robots":{"index":"index","follow":"follow","max-snippet":"max-snippet:-1","max-image-preview":"max-image-preview:large","max-video-preview":"max-video-preview:-1"},"canonical":"https:\/\/maqcenter.com\/pt-pt\/producto\/fs273m\/","og_locale":"pt_PT","og_type":"article","og_title":"FS273M","og_description":"FS273M. Versatilidade na Produ\u00e7\u00e3o de Metal Com uma \u00e1rea de constru\u00e7\u00e3o de 275 \u00d7 275 \u00d7 355 mm e op\u00e7\u00f5es de um ou dois lasers, a s\u00e9rie FS273M da Farsoon oferece uma","og_url":"https:\/\/maqcenter.com\/pt-pt\/producto\/fs273m\/","og_site_name":"MAQcenter","og_image":[{"width":500,"height":500,"url":"https:\/\/maqcenter.com\/wp-content\/uploads\/2023\/11\/FARSOON-FS273M-SLM.jpg","type":"image\/jpeg"}],"twitter_card":"summary_large_image","twitter_misc":{"Tempo estimado de leitura":"1 minuto"},"schema":{"@context":"https:\/\/schema.org","@graph":[{"@type":["WebPage","ItemPage"],"@id":"https:\/\/maqcenter.com\/pt-pt\/producto\/fs273m\/","url":"https:\/\/maqcenter.com\/pt-pt\/producto\/fs273m\/","name":"FS273M","isPartOf":{"@id":"https:\/\/maqcenter.com\/pt-pt\/#website"},"primaryImageOfPage":{"@id":"https:\/\/maqcenter.com\/pt-pt\/producto\/fs273m\/#primaryimage"},"image":{"@id":"https:\/\/maqcenter.com\/pt-pt\/producto\/fs273m\/#primaryimage"},"thumbnailUrl":"https:\/\/maqcenter.com\/wp-content\/uploads\/2023\/11\/FARSOON-FS273M-SLM.jpg","datePublished":"2023-11-28T07:25:58+00:00","description":"FS273M. Versatilidade na Produ\u00e7\u00e3o de Metal Com uma \u00e1rea de constru\u00e7\u00e3o de 275 \u00d7 275 \u00d7 355 mm e op\u00e7\u00f5es de um ou dois lasers, a s\u00e9rie FS273M da Farsoon oferece uma","breadcrumb":{"@id":"https:\/\/maqcenter.com\/pt-pt\/producto\/fs273m\/#breadcrumb"},"inLanguage":"pt-PT","potentialAction":[{"@type":"ReadAction","target":["https:\/\/maqcenter.com\/pt-pt\/producto\/fs273m\/"]}]},{"@type":"ImageObject","inLanguage":"pt-PT","@id":"https:\/\/maqcenter.com\/pt-pt\/producto\/fs273m\/#primaryimage","url":"https:\/\/maqcenter.com\/wp-content\/uploads\/2023\/11\/FARSOON-FS273M-SLM.jpg","contentUrl":"https:\/\/maqcenter.com\/wp-content\/uploads\/2023\/11\/FARSOON-FS273M-SLM.jpg","width":500,"height":500,"caption":"Farsoon FS273M"},{"@type":"BreadcrumbList","@id":"https:\/\/maqcenter.com\/pt-pt\/producto\/fs273m\/#breadcrumb","itemListElement":[{"@type":"ListItem","position":1,"name":"Productos","item":"https:\/\/maqcenter.com\/pt-pt\/"},{"@type":"ListItem","position":2,"name":"Produtos","item":"https:\/\/maqcenter.com\/pt-pt\/shop\/"},{"@type":"ListItem","position":3,"name":"FS273M"}]},{"@type":"WebSite","@id":"https:\/\/maqcenter.com\/pt-pt\/#website","url":"https:\/\/maqcenter.com\/pt-pt\/","name":"MAQcenter","description":"El centro de tus soluciones","publisher":{"@id":"https:\/\/maqcenter.com\/pt-pt\/#organization"},"potentialAction":[{"@type":"SearchAction","target":{"@type":"EntryPoint","urlTemplate":"https:\/\/maqcenter.com\/pt-pt\/?s={search_term_string}"},"query-input":{"@type":"PropertyValueSpecification","valueRequired":true,"valueName":"search_term_string"}}],"inLanguage":"pt-PT"},{"@type":"Organization","@id":"https:\/\/maqcenter.com\/pt-pt\/#organization","name":"MAQcenter S.A.","url":"https:\/\/maqcenter.com\/pt-pt\/","logo":{"@type":"ImageObject","inLanguage":"pt-PT","@id":"https:\/\/maqcenter.com\/pt-pt\/#\/schema\/logo\/image\/","url":"https:\/\/maqcenter.com\/wp-content\/uploads\/2021\/02\/MAQcenter_logo_vertical.svg","contentUrl":"https:\/\/maqcenter.com\/wp-content\/uploads\/2021\/02\/MAQcenter_logo_vertical.svg","width":300,"height":174,"caption":"MAQcenter S.A."},"image":{"@id":"https:\/\/maqcenter.com\/pt-pt\/#\/schema\/logo\/image\/"}}]}},"_links":{"self":[{"href":"https:\/\/maqcenter.com\/pt-pt\/wp-json\/wp\/v2\/product\/21975","targetHints":{"allow":["GET"]}}],"collection":[{"href":"https:\/\/maqcenter.com\/pt-pt\/wp-json\/wp\/v2\/product"}],"about":[{"href":"https:\/\/maqcenter.com\/pt-pt\/wp-json\/wp\/v2\/types\/product"}],"wp:featuredmedia":[{"embeddable":true,"href":"https:\/\/maqcenter.com\/pt-pt\/wp-json\/wp\/v2\/media\/21976"}],"wp:attachment":[{"href":"https:\/\/maqcenter.com\/pt-pt\/wp-json\/wp\/v2\/media?parent=21975"}],"wp:term":[{"taxonomy":"product_brand","embeddable":true,"href":"https:\/\/maqcenter.com\/pt-pt\/wp-json\/wp\/v2\/product_brand?post=21975"},{"taxonomy":"product_cat","embeddable":true,"href":"https:\/\/maqcenter.com\/pt-pt\/wp-json\/wp\/v2\/product_cat?post=21975"},{"taxonomy":"product_tag","embeddable":true,"href":"https:\/\/maqcenter.com\/pt-pt\/wp-json\/wp\/v2\/product_tag?post=21975"},{"taxonomy":"marca-producto","embeddable":true,"href":"https:\/\/maqcenter.com\/pt-pt\/wp-json\/wp\/v2\/marca-producto?post=21975"},{"taxonomy":"serie-producto","embeddable":true,"href":"https:\/\/maqcenter.com\/pt-pt\/wp-json\/wp\/v2\/serie-producto?post=21975"}],"curies":[{"name":"wp","href":"https:\/\/api.w.org\/{rel}","templated":true}]}}