{"id":21977,"date":"2023-11-24T17:25:30","date_gmt":"2023-11-24T15:25:30","guid":{"rendered":"https:\/\/maqcenter.com\/producto\/fs200m\/"},"modified":"2023-11-24T17:25:30","modified_gmt":"2023-11-24T15:25:30","slug":"fs200m","status":"publish","type":"product","link":"https:\/\/maqcenter.com\/pt-pt\/producto\/fs200m\/","title":{"rendered":"FS200M"},"content":{"rendered":"<p>Preparada para a Produ\u00e7\u00e3o em S\u00e9rie<br \/>\nCom um espa\u00e7o de constru\u00e7\u00e3o retangular vers\u00e1til de 425 \u00d7 230 \u00d7 300 mm e dois potentes lasers de fibra de 500 watts cada, a FS200M-2 foi concebida para cumprir os mais elevados padr\u00f5es de fabrico para produ\u00e7\u00e3o em s\u00e9rie em moldes e ferramentas, ind\u00fastria autom\u00f3vel e muitos outros setores \u2014 abordando quest\u00f5es-chave como produtividade, efici\u00eancia de custos e facilidade de utiliza\u00e7\u00e3o.<br \/>Al\u00e9m disso, a s\u00e9rie FS200M tamb\u00e9m est\u00e1 dispon\u00edvel na vers\u00e3o FS200M-4, equipada com quatro lasers para uma produtividade ainda superior. <\/p>\n<p>Gra\u00e7as \u00e0s estrat\u00e9gias de varrimento avan\u00e7adas com dois ou quatro lasers, velocidades de comunica\u00e7\u00e3o l\u00edderes no setor e um design robusto de recobrimento, a s\u00e9rie FS200M atinge altas velocidades de produ\u00e7\u00e3o sem comprometer a qualidade superficial exigida.<br \/>O sistema de alimenta\u00e7\u00e3o superior de p\u00f3 eficiente e a unidade de distribui\u00e7\u00e3o de p\u00f3 pr\u00e1tica proporcionam uma excelente efici\u00eancia na gest\u00e3o de materiais, sem interromper o processo de constru\u00e7\u00e3o. <\/p>\n<p>Equipada com um m\u00f3dulo de filtragem integrado de duas etapas, a s\u00e9rie FS200M \u00e9 adequada para opera\u00e7\u00f5es prolongadas e ajuda a reduzir os custos de substitui\u00e7\u00e3o dos filtros.<br \/>O seu design compacto, com uma \u00e1rea de implanta\u00e7\u00e3o de apenas 3,48 m\u00b2, permite uma disposi\u00e7\u00e3o de f\u00e1brica mais densa e flex\u00edvel, maximizando o rendimento por metro quadrado e alcan\u00e7ando, assim, um verdadeiro custo de produ\u00e7\u00e3o competitivo. <\/p>\n","protected":false},"excerpt":{"rendered":"<p>Preparada para a Produ\u00e7\u00e3o em S\u00e9rie Com um espa\u00e7o de constru\u00e7\u00e3o retangular vers\u00e1til de 425 \u00d7 230 \u00d7 300 mm e dois potentes lasers de fibra de 500 watts cada, a FS200M-2 foi concebida para cumprir os mais elevados padr\u00f5es de fabrico para produ\u00e7\u00e3o em s\u00e9rie em moldes e ferramentas, ind\u00fastria autom\u00f3vel e muitos outros [&hellip;]<\/p>\n","protected":false},"featured_media":21978,"template":"","meta":[],"product_brand":[],"product_cat":[518,519],"product_tag":[568,570,572,573,575],"marca-producto":[102],"serie-producto":[],"class_list":{"0":"post-21977","1":"product","2":"type-product","3":"status-publish","4":"has-post-thumbnail","6":"product_cat-fabrico-aditivo","7":"product_cat-fabrico-de-aditivos-metalicos","8":"product_tag-aeronautica-pt-pt","9":"product_tag-bens-de-equipamento","10":"product_tag-ferrovia","11":"product_tag-grande-consumo","12":"product_tag-moldes-e-matrizes","13":"marca-producto-farsoon","15":"first","16":"instock","17":"product-type-simple"},"yoast_head":"<!-- This site is optimized with the Yoast SEO plugin v27.0 - https:\/\/yoast.com\/product\/yoast-seo-wordpress\/ -->\n<title>FS200M<\/title>\n<meta name=\"description\" content=\"FS200M. Preparada para a Produ\u00e7\u00e3o em S\u00e9rie Com um espa\u00e7o de constru\u00e7\u00e3o retangular vers\u00e1til de 425 \u00d7 230 \u00d7 300 mm e dois potentes lasers de fibra de 500 watts\" \/>\n<meta name=\"robots\" content=\"index, follow, max-snippet:-1, max-image-preview:large, max-video-preview:-1\" \/>\n<link rel=\"canonical\" href=\"https:\/\/maqcenter.com\/pt-pt\/producto\/fs200m\/\" \/>\n<meta property=\"og:locale\" content=\"pt_PT\" \/>\n<meta property=\"og:type\" content=\"article\" \/>\n<meta property=\"og:title\" content=\"FS200M\" \/>\n<meta property=\"og:description\" content=\"FS200M. Preparada para a Produ\u00e7\u00e3o em S\u00e9rie Com um espa\u00e7o de constru\u00e7\u00e3o retangular vers\u00e1til de 425 \u00d7 230 \u00d7 300 mm e dois potentes lasers de fibra de 500 watts\" \/>\n<meta property=\"og:url\" content=\"https:\/\/maqcenter.com\/pt-pt\/producto\/fs200m\/\" \/>\n<meta property=\"og:site_name\" content=\"MAQcenter\" \/>\n<meta property=\"og:image\" content=\"https:\/\/maqcenter.com\/wp-content\/uploads\/2023\/11\/FARSOON-FS200M-SLM.jpg\" \/>\n\t<meta property=\"og:image:width\" content=\"500\" \/>\n\t<meta property=\"og:image:height\" content=\"500\" \/>\n\t<meta property=\"og:image:type\" content=\"image\/jpeg\" \/>\n<meta name=\"twitter:card\" content=\"summary_large_image\" \/>\n<meta name=\"twitter:label1\" content=\"Tempo estimado de leitura\" \/>\n\t<meta name=\"twitter:data1\" content=\"1 minuto\" \/>\n<script type=\"application\/ld+json\" class=\"yoast-schema-graph\">{\"@context\":\"https:\/\/schema.org\",\"@graph\":[{\"@type\":[\"WebPage\",\"ItemPage\"],\"@id\":\"https:\/\/maqcenter.com\/pt-pt\/producto\/fs200m\/\",\"url\":\"https:\/\/maqcenter.com\/pt-pt\/producto\/fs200m\/\",\"name\":\"FS200M\",\"isPartOf\":{\"@id\":\"https:\/\/maqcenter.com\/pt-pt\/#website\"},\"primaryImageOfPage\":{\"@id\":\"https:\/\/maqcenter.com\/pt-pt\/producto\/fs200m\/#primaryimage\"},\"image\":{\"@id\":\"https:\/\/maqcenter.com\/pt-pt\/producto\/fs200m\/#primaryimage\"},\"thumbnailUrl\":\"https:\/\/maqcenter.com\/wp-content\/uploads\/2023\/11\/FARSOON-FS200M-SLM.jpg\",\"datePublished\":\"2023-11-24T15:25:30+00:00\",\"description\":\"FS200M. Preparada para a Produ\u00e7\u00e3o em S\u00e9rie Com um espa\u00e7o de constru\u00e7\u00e3o retangular vers\u00e1til de 425 \u00d7 230 \u00d7 300 mm e dois potentes lasers de fibra de 500 watts\",\"breadcrumb\":{\"@id\":\"https:\/\/maqcenter.com\/pt-pt\/producto\/fs200m\/#breadcrumb\"},\"inLanguage\":\"pt-PT\",\"potentialAction\":[{\"@type\":\"ReadAction\",\"target\":[\"https:\/\/maqcenter.com\/pt-pt\/producto\/fs200m\/\"]}]},{\"@type\":\"ImageObject\",\"inLanguage\":\"pt-PT\",\"@id\":\"https:\/\/maqcenter.com\/pt-pt\/producto\/fs200m\/#primaryimage\",\"url\":\"https:\/\/maqcenter.com\/wp-content\/uploads\/2023\/11\/FARSOON-FS200M-SLM.jpg\",\"contentUrl\":\"https:\/\/maqcenter.com\/wp-content\/uploads\/2023\/11\/FARSOON-FS200M-SLM.jpg\",\"width\":500,\"height\":500},{\"@type\":\"BreadcrumbList\",\"@id\":\"https:\/\/maqcenter.com\/pt-pt\/producto\/fs200m\/#breadcrumb\",\"itemListElement\":[{\"@type\":\"ListItem\",\"position\":1,\"name\":\"Productos\",\"item\":\"https:\/\/maqcenter.com\/pt-pt\/\"},{\"@type\":\"ListItem\",\"position\":2,\"name\":\"Produtos\",\"item\":\"https:\/\/maqcenter.com\/pt-pt\/shop\/\"},{\"@type\":\"ListItem\",\"position\":3,\"name\":\"FS200M\"}]},{\"@type\":\"WebSite\",\"@id\":\"https:\/\/maqcenter.com\/pt-pt\/#website\",\"url\":\"https:\/\/maqcenter.com\/pt-pt\/\",\"name\":\"MAQcenter\",\"description\":\"El centro de tus soluciones\",\"publisher\":{\"@id\":\"https:\/\/maqcenter.com\/pt-pt\/#organization\"},\"potentialAction\":[{\"@type\":\"SearchAction\",\"target\":{\"@type\":\"EntryPoint\",\"urlTemplate\":\"https:\/\/maqcenter.com\/pt-pt\/?s={search_term_string}\"},\"query-input\":{\"@type\":\"PropertyValueSpecification\",\"valueRequired\":true,\"valueName\":\"search_term_string\"}}],\"inLanguage\":\"pt-PT\"},{\"@type\":\"Organization\",\"@id\":\"https:\/\/maqcenter.com\/pt-pt\/#organization\",\"name\":\"MAQcenter S.A.\",\"url\":\"https:\/\/maqcenter.com\/pt-pt\/\",\"logo\":{\"@type\":\"ImageObject\",\"inLanguage\":\"pt-PT\",\"@id\":\"https:\/\/maqcenter.com\/pt-pt\/#\/schema\/logo\/image\/\",\"url\":\"https:\/\/maqcenter.com\/wp-content\/uploads\/2021\/02\/MAQcenter_logo_vertical.svg\",\"contentUrl\":\"https:\/\/maqcenter.com\/wp-content\/uploads\/2021\/02\/MAQcenter_logo_vertical.svg\",\"width\":300,\"height\":174,\"caption\":\"MAQcenter S.A.\"},\"image\":{\"@id\":\"https:\/\/maqcenter.com\/pt-pt\/#\/schema\/logo\/image\/\"}}]}<\/script>\n<!-- \/ Yoast SEO plugin. -->","yoast_head_json":{"title":"FS200M","description":"FS200M. Preparada para a Produ\u00e7\u00e3o em S\u00e9rie Com um espa\u00e7o de constru\u00e7\u00e3o retangular vers\u00e1til de 425 \u00d7 230 \u00d7 300 mm e dois potentes lasers de fibra de 500 watts","robots":{"index":"index","follow":"follow","max-snippet":"max-snippet:-1","max-image-preview":"max-image-preview:large","max-video-preview":"max-video-preview:-1"},"canonical":"https:\/\/maqcenter.com\/pt-pt\/producto\/fs200m\/","og_locale":"pt_PT","og_type":"article","og_title":"FS200M","og_description":"FS200M. Preparada para a Produ\u00e7\u00e3o em S\u00e9rie Com um espa\u00e7o de constru\u00e7\u00e3o retangular vers\u00e1til de 425 \u00d7 230 \u00d7 300 mm e dois potentes lasers de fibra de 500 watts","og_url":"https:\/\/maqcenter.com\/pt-pt\/producto\/fs200m\/","og_site_name":"MAQcenter","og_image":[{"width":500,"height":500,"url":"https:\/\/maqcenter.com\/wp-content\/uploads\/2023\/11\/FARSOON-FS200M-SLM.jpg","type":"image\/jpeg"}],"twitter_card":"summary_large_image","twitter_misc":{"Tempo estimado de leitura":"1 minuto"},"schema":{"@context":"https:\/\/schema.org","@graph":[{"@type":["WebPage","ItemPage"],"@id":"https:\/\/maqcenter.com\/pt-pt\/producto\/fs200m\/","url":"https:\/\/maqcenter.com\/pt-pt\/producto\/fs200m\/","name":"FS200M","isPartOf":{"@id":"https:\/\/maqcenter.com\/pt-pt\/#website"},"primaryImageOfPage":{"@id":"https:\/\/maqcenter.com\/pt-pt\/producto\/fs200m\/#primaryimage"},"image":{"@id":"https:\/\/maqcenter.com\/pt-pt\/producto\/fs200m\/#primaryimage"},"thumbnailUrl":"https:\/\/maqcenter.com\/wp-content\/uploads\/2023\/11\/FARSOON-FS200M-SLM.jpg","datePublished":"2023-11-24T15:25:30+00:00","description":"FS200M. Preparada para a Produ\u00e7\u00e3o em S\u00e9rie Com um espa\u00e7o de constru\u00e7\u00e3o retangular vers\u00e1til de 425 \u00d7 230 \u00d7 300 mm e dois potentes lasers de fibra de 500 watts","breadcrumb":{"@id":"https:\/\/maqcenter.com\/pt-pt\/producto\/fs200m\/#breadcrumb"},"inLanguage":"pt-PT","potentialAction":[{"@type":"ReadAction","target":["https:\/\/maqcenter.com\/pt-pt\/producto\/fs200m\/"]}]},{"@type":"ImageObject","inLanguage":"pt-PT","@id":"https:\/\/maqcenter.com\/pt-pt\/producto\/fs200m\/#primaryimage","url":"https:\/\/maqcenter.com\/wp-content\/uploads\/2023\/11\/FARSOON-FS200M-SLM.jpg","contentUrl":"https:\/\/maqcenter.com\/wp-content\/uploads\/2023\/11\/FARSOON-FS200M-SLM.jpg","width":500,"height":500},{"@type":"BreadcrumbList","@id":"https:\/\/maqcenter.com\/pt-pt\/producto\/fs200m\/#breadcrumb","itemListElement":[{"@type":"ListItem","position":1,"name":"Productos","item":"https:\/\/maqcenter.com\/pt-pt\/"},{"@type":"ListItem","position":2,"name":"Produtos","item":"https:\/\/maqcenter.com\/pt-pt\/shop\/"},{"@type":"ListItem","position":3,"name":"FS200M"}]},{"@type":"WebSite","@id":"https:\/\/maqcenter.com\/pt-pt\/#website","url":"https:\/\/maqcenter.com\/pt-pt\/","name":"MAQcenter","description":"El centro de tus soluciones","publisher":{"@id":"https:\/\/maqcenter.com\/pt-pt\/#organization"},"potentialAction":[{"@type":"SearchAction","target":{"@type":"EntryPoint","urlTemplate":"https:\/\/maqcenter.com\/pt-pt\/?s={search_term_string}"},"query-input":{"@type":"PropertyValueSpecification","valueRequired":true,"valueName":"search_term_string"}}],"inLanguage":"pt-PT"},{"@type":"Organization","@id":"https:\/\/maqcenter.com\/pt-pt\/#organization","name":"MAQcenter S.A.","url":"https:\/\/maqcenter.com\/pt-pt\/","logo":{"@type":"ImageObject","inLanguage":"pt-PT","@id":"https:\/\/maqcenter.com\/pt-pt\/#\/schema\/logo\/image\/","url":"https:\/\/maqcenter.com\/wp-content\/uploads\/2021\/02\/MAQcenter_logo_vertical.svg","contentUrl":"https:\/\/maqcenter.com\/wp-content\/uploads\/2021\/02\/MAQcenter_logo_vertical.svg","width":300,"height":174,"caption":"MAQcenter S.A."},"image":{"@id":"https:\/\/maqcenter.com\/pt-pt\/#\/schema\/logo\/image\/"}}]}},"_links":{"self":[{"href":"https:\/\/maqcenter.com\/pt-pt\/wp-json\/wp\/v2\/product\/21977","targetHints":{"allow":["GET"]}}],"collection":[{"href":"https:\/\/maqcenter.com\/pt-pt\/wp-json\/wp\/v2\/product"}],"about":[{"href":"https:\/\/maqcenter.com\/pt-pt\/wp-json\/wp\/v2\/types\/product"}],"wp:featuredmedia":[{"embeddable":true,"href":"https:\/\/maqcenter.com\/pt-pt\/wp-json\/wp\/v2\/media\/21978"}],"wp:attachment":[{"href":"https:\/\/maqcenter.com\/pt-pt\/wp-json\/wp\/v2\/media?parent=21977"}],"wp:term":[{"taxonomy":"product_brand","embeddable":true,"href":"https:\/\/maqcenter.com\/pt-pt\/wp-json\/wp\/v2\/product_brand?post=21977"},{"taxonomy":"product_cat","embeddable":true,"href":"https:\/\/maqcenter.com\/pt-pt\/wp-json\/wp\/v2\/product_cat?post=21977"},{"taxonomy":"product_tag","embeddable":true,"href":"https:\/\/maqcenter.com\/pt-pt\/wp-json\/wp\/v2\/product_tag?post=21977"},{"taxonomy":"marca-producto","embeddable":true,"href":"https:\/\/maqcenter.com\/pt-pt\/wp-json\/wp\/v2\/marca-producto?post=21977"},{"taxonomy":"serie-producto","embeddable":true,"href":"https:\/\/maqcenter.com\/pt-pt\/wp-json\/wp\/v2\/serie-producto?post=21977"}],"curies":[{"name":"wp","href":"https:\/\/api.w.org\/{rel}","templated":true}]}}