{"id":21980,"date":"2023-11-28T09:44:23","date_gmt":"2023-11-28T07:44:23","guid":{"rendered":"https:\/\/maqcenter.com\/producto\/fs721m\/"},"modified":"2023-11-28T09:44:23","modified_gmt":"2023-11-28T07:44:23","slug":"fs721m","status":"publish","type":"product","link":"https:\/\/maqcenter.com\/pt-pt\/producto\/fs721m\/","title":{"rendered":"FS721M"},"content":{"rendered":"<p>Pronto para a produ\u00e7\u00e3o<br \/>\nDesenvolvido com um volume de constru\u00e7\u00e3o l\u00edder na ind\u00fastria de 720 \u00d7 420 \u00d7 420 mm e op\u00e7\u00f5es de duplo laser (FS721M-2), qu\u00e1druplo laser (FS721M-4) de 500 W ou oito lasers (FS721M-8) de 1000 W, o FS721M da Farsoon proporciona um aumento significativo de desempenho para a produ\u00e7\u00e3o de pe\u00e7as de grandes dimens\u00f5es ou para produ\u00e7\u00e3o industrial cont\u00ednua.<\/p>\n<p>O avan\u00e7ado controlo de software e o preciso sistema de varrimento da Farsoon asseguram um desempenho uniforme nas zonas de sobreposi\u00e7\u00e3o de m\u00faltiplos lasers. O fornecimento cont\u00ednuo de p\u00f3, o fluxo de g\u00e1s otimizado e o m\u00f3dulo de filtragem integrado garantem um processo de fus\u00e3o uniforme do p\u00f3 met\u00e1lico.<br \/>Controles avan\u00e7ados do processo de constru\u00e7\u00e3o e monitoriza\u00e7\u00e3o em tempo real do recobrimento asseguram a m\u00e1xima qualidade industrial.  <\/p>\n<p>O sistema integrado de transporte do cilindro de constru\u00e7\u00e3o, a esta\u00e7\u00e3o de sa\u00edda e o avan\u00e7ado sistema de manuseamento de p\u00f3 do FS721M permitem um transporte seguro e eficiente do cilindro e um processo de despoeiramento totalmente selado.<br \/>Funcionalidades como a calibra\u00e7\u00e3o avan\u00e7ada e o nivelamento el\u00e9trico permitem um fluxo de trabalho simplificado.<br \/>Al\u00e9m disso, tal como todas as m\u00e1quinas da Farsoon, o FS721M \u00e9 uma plataforma verdadeiramente aberta, oferecendo ao utilizador um elevado grau de controlo para ajustar os par\u00e2metros de processamento de acordo com os requisitos da aplica\u00e7\u00e3o industrial \u2014 ou para alcan\u00e7ar uma produ\u00e7\u00e3o aditiva met\u00e1lica competitiva em custos.  <\/p>\n","protected":false},"excerpt":{"rendered":"<p>Pronto para a produ\u00e7\u00e3o Desenvolvido com um volume de constru\u00e7\u00e3o l\u00edder na ind\u00fastria de 720 \u00d7 420 \u00d7 420 mm e op\u00e7\u00f5es de duplo laser (FS721M-2), qu\u00e1druplo laser (FS721M-4) de 500 W ou oito lasers (FS721M-8) de 1000 W, o FS721M da Farsoon proporciona um aumento significativo de desempenho para a produ\u00e7\u00e3o de pe\u00e7as de [&hellip;]<\/p>\n","protected":false},"featured_media":21981,"template":"","meta":[],"product_brand":[],"product_cat":[518,519],"product_tag":[568,570,572,573,575],"marca-producto":[102],"serie-producto":[],"class_list":{"0":"post-21980","1":"product","2":"type-product","3":"status-publish","4":"has-post-thumbnail","6":"product_cat-fabrico-aditivo","7":"product_cat-fabrico-de-aditivos-metalicos","8":"product_tag-aeronautica-pt-pt","9":"product_tag-bens-de-equipamento","10":"product_tag-ferrovia","11":"product_tag-grande-consumo","12":"product_tag-moldes-e-matrizes","13":"marca-producto-farsoon","15":"first","16":"instock","17":"product-type-simple"},"yoast_head":"<!-- This site is optimized with the Yoast SEO plugin v27.0 - https:\/\/yoast.com\/product\/yoast-seo-wordpress\/ -->\n<title>FS721M<\/title>\n<meta name=\"description\" content=\"FS721M. Pronto para a produ\u00e7\u00e3o Desenvolvido com um volume de constru\u00e7\u00e3o l\u00edder na ind\u00fastria de 720 \u00d7 420 \u00d7 420 mm e op\u00e7\u00f5es de duplo laser (FS721M-2), qu\u00e1druplo\" \/>\n<meta name=\"robots\" content=\"index, follow, max-snippet:-1, max-image-preview:large, max-video-preview:-1\" \/>\n<link rel=\"canonical\" href=\"https:\/\/maqcenter.com\/pt-pt\/producto\/fs721m\/\" \/>\n<meta property=\"og:locale\" content=\"pt_PT\" \/>\n<meta property=\"og:type\" content=\"article\" \/>\n<meta property=\"og:title\" content=\"FS721M\" \/>\n<meta property=\"og:description\" content=\"FS721M. Pronto para a produ\u00e7\u00e3o Desenvolvido com um volume de constru\u00e7\u00e3o l\u00edder na ind\u00fastria de 720 \u00d7 420 \u00d7 420 mm e op\u00e7\u00f5es de duplo laser (FS721M-2), qu\u00e1druplo\" \/>\n<meta property=\"og:url\" content=\"https:\/\/maqcenter.com\/pt-pt\/producto\/fs721m\/\" \/>\n<meta property=\"og:site_name\" content=\"MAQcenter\" \/>\n<meta property=\"og:image\" content=\"https:\/\/maqcenter.com\/wp-content\/uploads\/2023\/11\/FARSOON-FS721M-SLM.jpg\" \/>\n\t<meta property=\"og:image:width\" content=\"500\" \/>\n\t<meta property=\"og:image:height\" content=\"500\" \/>\n\t<meta property=\"og:image:type\" content=\"image\/jpeg\" \/>\n<meta name=\"twitter:card\" content=\"summary_large_image\" \/>\n<meta name=\"twitter:label1\" content=\"Tempo estimado de leitura\" \/>\n\t<meta name=\"twitter:data1\" content=\"1 minuto\" \/>\n<script type=\"application\/ld+json\" class=\"yoast-schema-graph\">{\"@context\":\"https:\/\/schema.org\",\"@graph\":[{\"@type\":[\"WebPage\",\"ItemPage\"],\"@id\":\"https:\/\/maqcenter.com\/pt-pt\/producto\/fs721m\/\",\"url\":\"https:\/\/maqcenter.com\/pt-pt\/producto\/fs721m\/\",\"name\":\"FS721M\",\"isPartOf\":{\"@id\":\"https:\/\/maqcenter.com\/pt-pt\/#website\"},\"primaryImageOfPage\":{\"@id\":\"https:\/\/maqcenter.com\/pt-pt\/producto\/fs721m\/#primaryimage\"},\"image\":{\"@id\":\"https:\/\/maqcenter.com\/pt-pt\/producto\/fs721m\/#primaryimage\"},\"thumbnailUrl\":\"https:\/\/maqcenter.com\/wp-content\/uploads\/2023\/11\/FARSOON-FS721M-SLM.jpg\",\"datePublished\":\"2023-11-28T07:44:23+00:00\",\"description\":\"FS721M. Pronto para a produ\u00e7\u00e3o Desenvolvido com um volume de constru\u00e7\u00e3o l\u00edder na ind\u00fastria de 720 \u00d7 420 \u00d7 420 mm e op\u00e7\u00f5es de duplo laser (FS721M-2), qu\u00e1druplo\",\"breadcrumb\":{\"@id\":\"https:\/\/maqcenter.com\/pt-pt\/producto\/fs721m\/#breadcrumb\"},\"inLanguage\":\"pt-PT\",\"potentialAction\":[{\"@type\":\"ReadAction\",\"target\":[\"https:\/\/maqcenter.com\/pt-pt\/producto\/fs721m\/\"]}]},{\"@type\":\"ImageObject\",\"inLanguage\":\"pt-PT\",\"@id\":\"https:\/\/maqcenter.com\/pt-pt\/producto\/fs721m\/#primaryimage\",\"url\":\"https:\/\/maqcenter.com\/wp-content\/uploads\/2023\/11\/FARSOON-FS721M-SLM.jpg\",\"contentUrl\":\"https:\/\/maqcenter.com\/wp-content\/uploads\/2023\/11\/FARSOON-FS721M-SLM.jpg\",\"width\":500,\"height\":500},{\"@type\":\"BreadcrumbList\",\"@id\":\"https:\/\/maqcenter.com\/pt-pt\/producto\/fs721m\/#breadcrumb\",\"itemListElement\":[{\"@type\":\"ListItem\",\"position\":1,\"name\":\"Productos\",\"item\":\"https:\/\/maqcenter.com\/pt-pt\/\"},{\"@type\":\"ListItem\",\"position\":2,\"name\":\"Produtos\",\"item\":\"https:\/\/maqcenter.com\/pt-pt\/shop\/\"},{\"@type\":\"ListItem\",\"position\":3,\"name\":\"FS721M\"}]},{\"@type\":\"WebSite\",\"@id\":\"https:\/\/maqcenter.com\/pt-pt\/#website\",\"url\":\"https:\/\/maqcenter.com\/pt-pt\/\",\"name\":\"MAQcenter\",\"description\":\"El centro de tus soluciones\",\"publisher\":{\"@id\":\"https:\/\/maqcenter.com\/pt-pt\/#organization\"},\"potentialAction\":[{\"@type\":\"SearchAction\",\"target\":{\"@type\":\"EntryPoint\",\"urlTemplate\":\"https:\/\/maqcenter.com\/pt-pt\/?s={search_term_string}\"},\"query-input\":{\"@type\":\"PropertyValueSpecification\",\"valueRequired\":true,\"valueName\":\"search_term_string\"}}],\"inLanguage\":\"pt-PT\"},{\"@type\":\"Organization\",\"@id\":\"https:\/\/maqcenter.com\/pt-pt\/#organization\",\"name\":\"MAQcenter S.A.\",\"url\":\"https:\/\/maqcenter.com\/pt-pt\/\",\"logo\":{\"@type\":\"ImageObject\",\"inLanguage\":\"pt-PT\",\"@id\":\"https:\/\/maqcenter.com\/pt-pt\/#\/schema\/logo\/image\/\",\"url\":\"https:\/\/maqcenter.com\/wp-content\/uploads\/2021\/02\/MAQcenter_logo_vertical.svg\",\"contentUrl\":\"https:\/\/maqcenter.com\/wp-content\/uploads\/2021\/02\/MAQcenter_logo_vertical.svg\",\"width\":300,\"height\":174,\"caption\":\"MAQcenter S.A.\"},\"image\":{\"@id\":\"https:\/\/maqcenter.com\/pt-pt\/#\/schema\/logo\/image\/\"}}]}<\/script>\n<!-- \/ Yoast SEO plugin. -->","yoast_head_json":{"title":"FS721M","description":"FS721M. Pronto para a produ\u00e7\u00e3o Desenvolvido com um volume de constru\u00e7\u00e3o l\u00edder na ind\u00fastria de 720 \u00d7 420 \u00d7 420 mm e op\u00e7\u00f5es de duplo laser (FS721M-2), qu\u00e1druplo","robots":{"index":"index","follow":"follow","max-snippet":"max-snippet:-1","max-image-preview":"max-image-preview:large","max-video-preview":"max-video-preview:-1"},"canonical":"https:\/\/maqcenter.com\/pt-pt\/producto\/fs721m\/","og_locale":"pt_PT","og_type":"article","og_title":"FS721M","og_description":"FS721M. Pronto para a produ\u00e7\u00e3o Desenvolvido com um volume de constru\u00e7\u00e3o l\u00edder na ind\u00fastria de 720 \u00d7 420 \u00d7 420 mm e op\u00e7\u00f5es de duplo laser (FS721M-2), qu\u00e1druplo","og_url":"https:\/\/maqcenter.com\/pt-pt\/producto\/fs721m\/","og_site_name":"MAQcenter","og_image":[{"width":500,"height":500,"url":"https:\/\/maqcenter.com\/wp-content\/uploads\/2023\/11\/FARSOON-FS721M-SLM.jpg","type":"image\/jpeg"}],"twitter_card":"summary_large_image","twitter_misc":{"Tempo estimado de leitura":"1 minuto"},"schema":{"@context":"https:\/\/schema.org","@graph":[{"@type":["WebPage","ItemPage"],"@id":"https:\/\/maqcenter.com\/pt-pt\/producto\/fs721m\/","url":"https:\/\/maqcenter.com\/pt-pt\/producto\/fs721m\/","name":"FS721M","isPartOf":{"@id":"https:\/\/maqcenter.com\/pt-pt\/#website"},"primaryImageOfPage":{"@id":"https:\/\/maqcenter.com\/pt-pt\/producto\/fs721m\/#primaryimage"},"image":{"@id":"https:\/\/maqcenter.com\/pt-pt\/producto\/fs721m\/#primaryimage"},"thumbnailUrl":"https:\/\/maqcenter.com\/wp-content\/uploads\/2023\/11\/FARSOON-FS721M-SLM.jpg","datePublished":"2023-11-28T07:44:23+00:00","description":"FS721M. Pronto para a produ\u00e7\u00e3o Desenvolvido com um volume de constru\u00e7\u00e3o l\u00edder na ind\u00fastria de 720 \u00d7 420 \u00d7 420 mm e op\u00e7\u00f5es de duplo laser (FS721M-2), qu\u00e1druplo","breadcrumb":{"@id":"https:\/\/maqcenter.com\/pt-pt\/producto\/fs721m\/#breadcrumb"},"inLanguage":"pt-PT","potentialAction":[{"@type":"ReadAction","target":["https:\/\/maqcenter.com\/pt-pt\/producto\/fs721m\/"]}]},{"@type":"ImageObject","inLanguage":"pt-PT","@id":"https:\/\/maqcenter.com\/pt-pt\/producto\/fs721m\/#primaryimage","url":"https:\/\/maqcenter.com\/wp-content\/uploads\/2023\/11\/FARSOON-FS721M-SLM.jpg","contentUrl":"https:\/\/maqcenter.com\/wp-content\/uploads\/2023\/11\/FARSOON-FS721M-SLM.jpg","width":500,"height":500},{"@type":"BreadcrumbList","@id":"https:\/\/maqcenter.com\/pt-pt\/producto\/fs721m\/#breadcrumb","itemListElement":[{"@type":"ListItem","position":1,"name":"Productos","item":"https:\/\/maqcenter.com\/pt-pt\/"},{"@type":"ListItem","position":2,"name":"Produtos","item":"https:\/\/maqcenter.com\/pt-pt\/shop\/"},{"@type":"ListItem","position":3,"name":"FS721M"}]},{"@type":"WebSite","@id":"https:\/\/maqcenter.com\/pt-pt\/#website","url":"https:\/\/maqcenter.com\/pt-pt\/","name":"MAQcenter","description":"El centro de tus soluciones","publisher":{"@id":"https:\/\/maqcenter.com\/pt-pt\/#organization"},"potentialAction":[{"@type":"SearchAction","target":{"@type":"EntryPoint","urlTemplate":"https:\/\/maqcenter.com\/pt-pt\/?s={search_term_string}"},"query-input":{"@type":"PropertyValueSpecification","valueRequired":true,"valueName":"search_term_string"}}],"inLanguage":"pt-PT"},{"@type":"Organization","@id":"https:\/\/maqcenter.com\/pt-pt\/#organization","name":"MAQcenter S.A.","url":"https:\/\/maqcenter.com\/pt-pt\/","logo":{"@type":"ImageObject","inLanguage":"pt-PT","@id":"https:\/\/maqcenter.com\/pt-pt\/#\/schema\/logo\/image\/","url":"https:\/\/maqcenter.com\/wp-content\/uploads\/2021\/02\/MAQcenter_logo_vertical.svg","contentUrl":"https:\/\/maqcenter.com\/wp-content\/uploads\/2021\/02\/MAQcenter_logo_vertical.svg","width":300,"height":174,"caption":"MAQcenter S.A."},"image":{"@id":"https:\/\/maqcenter.com\/pt-pt\/#\/schema\/logo\/image\/"}}]}},"_links":{"self":[{"href":"https:\/\/maqcenter.com\/pt-pt\/wp-json\/wp\/v2\/product\/21980","targetHints":{"allow":["GET"]}}],"collection":[{"href":"https:\/\/maqcenter.com\/pt-pt\/wp-json\/wp\/v2\/product"}],"about":[{"href":"https:\/\/maqcenter.com\/pt-pt\/wp-json\/wp\/v2\/types\/product"}],"wp:featuredmedia":[{"embeddable":true,"href":"https:\/\/maqcenter.com\/pt-pt\/wp-json\/wp\/v2\/media\/21981"}],"wp:attachment":[{"href":"https:\/\/maqcenter.com\/pt-pt\/wp-json\/wp\/v2\/media?parent=21980"}],"wp:term":[{"taxonomy":"product_brand","embeddable":true,"href":"https:\/\/maqcenter.com\/pt-pt\/wp-json\/wp\/v2\/product_brand?post=21980"},{"taxonomy":"product_cat","embeddable":true,"href":"https:\/\/maqcenter.com\/pt-pt\/wp-json\/wp\/v2\/product_cat?post=21980"},{"taxonomy":"product_tag","embeddable":true,"href":"https:\/\/maqcenter.com\/pt-pt\/wp-json\/wp\/v2\/product_tag?post=21980"},{"taxonomy":"marca-producto","embeddable":true,"href":"https:\/\/maqcenter.com\/pt-pt\/wp-json\/wp\/v2\/marca-producto?post=21980"},{"taxonomy":"serie-producto","embeddable":true,"href":"https:\/\/maqcenter.com\/pt-pt\/wp-json\/wp\/v2\/serie-producto?post=21980"}],"curies":[{"name":"wp","href":"https:\/\/api.w.org\/{rel}","templated":true}]}}