{"id":21983,"date":"2023-11-28T09:50:59","date_gmt":"2023-11-28T07:50:59","guid":{"rendered":"https:\/\/maqcenter.com\/producto\/fs621m\/"},"modified":"2023-11-28T09:50:59","modified_gmt":"2023-11-28T07:50:59","slug":"fs621m","status":"publish","type":"product","link":"https:\/\/maqcenter.com\/pt-pt\/producto\/fs621m\/","title":{"rendered":"FS621M"},"content":{"rendered":"<p>Volume de constru\u00e7\u00e3o extra grande<br \/>\nDesenvolvido com foco em grandes dimens\u00f5es de constru\u00e7\u00e3o, o FS621M da Farsoon possui um dos maiores volumes de constru\u00e7\u00e3o para sinteriza\u00e7\u00e3o a laser de metal dispon\u00edveis no mercado, com uma placa de constru\u00e7\u00e3o de 620 \u00d7 620 mm e um eixo vertical de 1,1 metro.<br \/>Este espa\u00e7o de constru\u00e7\u00e3o alargado abre novas possibilidades para a produ\u00e7\u00e3o met\u00e1lica em grande escala, em setores como o aeroespacial, petr\u00f3leo e g\u00e1s, entre muitos outros. <\/p>\n<p>O FS621M pode ser equipado com um potente laser \u00fanico de 1000 W ou com quatro lasers de 500 W (FS621M-4), permitindo taxas de produ\u00e7\u00e3o excecionais.<br \/>Tal como todos os sistemas da Farsoon, o FS621M \u00e9 uma plataforma verdadeiramente aberta, que oferece ao utilizador controlo total sobre os par\u00e2metros de constru\u00e7\u00e3o, permitindo uma fabrica\u00e7\u00e3o aditiva met\u00e1lica altamente competitiva em custos.<br \/>Um avan\u00e7ado sistema de varrimento din\u00e2mico de 3 eixos, controles de processo potentes e monitoriza\u00e7\u00e3o em tempo real do recobrimento asseguram a melhor qualidade de constru\u00e7\u00e3o poss\u00edvel.  <\/p>\n<p>O m\u00f3dulo de filtragem integrado do FS621M inclui um sistema de recircula\u00e7\u00e3o secund\u00e1rio e um design de filtro com dupla esta\u00e7\u00e3o, que permite a troca de filtros sem interromper o processo de constru\u00e7\u00e3o.<br \/>Os processos de manuseamento de p\u00f3 do FS621M utilizam um design comum de contentores, que s\u00e3o usados para o carregamento, descarregamento e peneira\u00e7\u00e3o do material. Estes contentores oferecem um manuseamento de p\u00f3 totalmente selado, transporte f\u00e1cil entre esta\u00e7\u00f5es e armazenamento seguro do material.<br \/>Este sistema parcialmente fechado permite a alimenta\u00e7\u00e3o cont\u00ednua de p\u00f3 durante a constru\u00e7\u00e3o, mantendo a possibilidade de substitui\u00e7\u00e3o e monitoriza\u00e7\u00e3o da qualidade do p\u00f3 com facilidade.   <\/p>\n","protected":false},"excerpt":{"rendered":"<p>Volume de constru\u00e7\u00e3o extra grande Desenvolvido com foco em grandes dimens\u00f5es de constru\u00e7\u00e3o, o FS621M da Farsoon possui um dos maiores volumes de constru\u00e7\u00e3o para sinteriza\u00e7\u00e3o a laser de metal dispon\u00edveis no mercado, com uma placa de constru\u00e7\u00e3o de 620 \u00d7 620 mm e um eixo vertical de 1,1 metro.Este espa\u00e7o de constru\u00e7\u00e3o alargado abre [&hellip;]<\/p>\n","protected":false},"featured_media":21976,"template":"","meta":[],"product_brand":[],"product_cat":[518,519],"product_tag":[568,570,572,573,575],"marca-producto":[102],"serie-producto":[],"class_list":{"0":"post-21983","1":"product","2":"type-product","3":"status-publish","4":"has-post-thumbnail","6":"product_cat-fabrico-aditivo","7":"product_cat-fabrico-de-aditivos-metalicos","8":"product_tag-aeronautica-pt-pt","9":"product_tag-bens-de-equipamento","10":"product_tag-ferrovia","11":"product_tag-grande-consumo","12":"product_tag-moldes-e-matrizes","13":"marca-producto-farsoon","15":"first","16":"instock","17":"product-type-simple"},"yoast_head":"<!-- This site is optimized with the Yoast SEO plugin v27.0 - https:\/\/yoast.com\/product\/yoast-seo-wordpress\/ -->\n<title>FS621M<\/title>\n<meta name=\"description\" content=\"FS621M. Volume de constru\u00e7\u00e3o extra grande Desenvolvido com foco em grandes dimens\u00f5es de constru\u00e7\u00e3o, o FS621M da Farsoon possui um dos maiores volumes de\" \/>\n<meta name=\"robots\" content=\"index, follow, max-snippet:-1, max-image-preview:large, max-video-preview:-1\" \/>\n<link rel=\"canonical\" href=\"https:\/\/maqcenter.com\/pt-pt\/producto\/fs621m\/\" \/>\n<meta property=\"og:locale\" content=\"pt_PT\" \/>\n<meta property=\"og:type\" content=\"article\" \/>\n<meta property=\"og:title\" content=\"FS621M\" \/>\n<meta property=\"og:description\" content=\"FS621M. Volume de constru\u00e7\u00e3o extra grande Desenvolvido com foco em grandes dimens\u00f5es de constru\u00e7\u00e3o, o FS621M da Farsoon possui um dos maiores volumes de\" \/>\n<meta property=\"og:url\" content=\"https:\/\/maqcenter.com\/pt-pt\/producto\/fs621m\/\" \/>\n<meta property=\"og:site_name\" content=\"MAQcenter\" \/>\n<meta property=\"og:image\" content=\"https:\/\/maqcenter.com\/wp-content\/uploads\/2023\/11\/FARSOON-FS273M-SLM.jpg\" \/>\n\t<meta property=\"og:image:width\" content=\"500\" \/>\n\t<meta property=\"og:image:height\" content=\"500\" \/>\n\t<meta property=\"og:image:type\" content=\"image\/jpeg\" \/>\n<meta name=\"twitter:card\" content=\"summary_large_image\" \/>\n<meta name=\"twitter:label1\" content=\"Tempo estimado de leitura\" \/>\n\t<meta name=\"twitter:data1\" content=\"2 minutos\" \/>\n<script type=\"application\/ld+json\" class=\"yoast-schema-graph\">{\"@context\":\"https:\/\/schema.org\",\"@graph\":[{\"@type\":[\"WebPage\",\"ItemPage\"],\"@id\":\"https:\/\/maqcenter.com\/pt-pt\/producto\/fs621m\/\",\"url\":\"https:\/\/maqcenter.com\/pt-pt\/producto\/fs621m\/\",\"name\":\"FS621M\",\"isPartOf\":{\"@id\":\"https:\/\/maqcenter.com\/pt-pt\/#website\"},\"primaryImageOfPage\":{\"@id\":\"https:\/\/maqcenter.com\/pt-pt\/producto\/fs621m\/#primaryimage\"},\"image\":{\"@id\":\"https:\/\/maqcenter.com\/pt-pt\/producto\/fs621m\/#primaryimage\"},\"thumbnailUrl\":\"https:\/\/maqcenter.com\/wp-content\/uploads\/2023\/11\/FARSOON-FS273M-SLM.jpg\",\"datePublished\":\"2023-11-28T07:50:59+00:00\",\"description\":\"FS621M. Volume de constru\u00e7\u00e3o extra grande Desenvolvido com foco em grandes dimens\u00f5es de constru\u00e7\u00e3o, o FS621M da Farsoon possui um dos maiores volumes de\",\"breadcrumb\":{\"@id\":\"https:\/\/maqcenter.com\/pt-pt\/producto\/fs621m\/#breadcrumb\"},\"inLanguage\":\"pt-PT\",\"potentialAction\":[{\"@type\":\"ReadAction\",\"target\":[\"https:\/\/maqcenter.com\/pt-pt\/producto\/fs621m\/\"]}]},{\"@type\":\"ImageObject\",\"inLanguage\":\"pt-PT\",\"@id\":\"https:\/\/maqcenter.com\/pt-pt\/producto\/fs621m\/#primaryimage\",\"url\":\"https:\/\/maqcenter.com\/wp-content\/uploads\/2023\/11\/FARSOON-FS273M-SLM.jpg\",\"contentUrl\":\"https:\/\/maqcenter.com\/wp-content\/uploads\/2023\/11\/FARSOON-FS273M-SLM.jpg\",\"width\":500,\"height\":500,\"caption\":\"Farsoon FS273M\"},{\"@type\":\"BreadcrumbList\",\"@id\":\"https:\/\/maqcenter.com\/pt-pt\/producto\/fs621m\/#breadcrumb\",\"itemListElement\":[{\"@type\":\"ListItem\",\"position\":1,\"name\":\"Productos\",\"item\":\"https:\/\/maqcenter.com\/pt-pt\/\"},{\"@type\":\"ListItem\",\"position\":2,\"name\":\"Produtos\",\"item\":\"https:\/\/maqcenter.com\/pt-pt\/shop\/\"},{\"@type\":\"ListItem\",\"position\":3,\"name\":\"FS621M\"}]},{\"@type\":\"WebSite\",\"@id\":\"https:\/\/maqcenter.com\/pt-pt\/#website\",\"url\":\"https:\/\/maqcenter.com\/pt-pt\/\",\"name\":\"MAQcenter\",\"description\":\"El centro de tus soluciones\",\"publisher\":{\"@id\":\"https:\/\/maqcenter.com\/pt-pt\/#organization\"},\"potentialAction\":[{\"@type\":\"SearchAction\",\"target\":{\"@type\":\"EntryPoint\",\"urlTemplate\":\"https:\/\/maqcenter.com\/pt-pt\/?s={search_term_string}\"},\"query-input\":{\"@type\":\"PropertyValueSpecification\",\"valueRequired\":true,\"valueName\":\"search_term_string\"}}],\"inLanguage\":\"pt-PT\"},{\"@type\":\"Organization\",\"@id\":\"https:\/\/maqcenter.com\/pt-pt\/#organization\",\"name\":\"MAQcenter S.A.\",\"url\":\"https:\/\/maqcenter.com\/pt-pt\/\",\"logo\":{\"@type\":\"ImageObject\",\"inLanguage\":\"pt-PT\",\"@id\":\"https:\/\/maqcenter.com\/pt-pt\/#\/schema\/logo\/image\/\",\"url\":\"https:\/\/maqcenter.com\/wp-content\/uploads\/2021\/02\/MAQcenter_logo_vertical.svg\",\"contentUrl\":\"https:\/\/maqcenter.com\/wp-content\/uploads\/2021\/02\/MAQcenter_logo_vertical.svg\",\"width\":300,\"height\":174,\"caption\":\"MAQcenter S.A.\"},\"image\":{\"@id\":\"https:\/\/maqcenter.com\/pt-pt\/#\/schema\/logo\/image\/\"}}]}<\/script>\n<!-- \/ Yoast SEO plugin. -->","yoast_head_json":{"title":"FS621M","description":"FS621M. Volume de constru\u00e7\u00e3o extra grande Desenvolvido com foco em grandes dimens\u00f5es de constru\u00e7\u00e3o, o FS621M da Farsoon possui um dos maiores volumes de","robots":{"index":"index","follow":"follow","max-snippet":"max-snippet:-1","max-image-preview":"max-image-preview:large","max-video-preview":"max-video-preview:-1"},"canonical":"https:\/\/maqcenter.com\/pt-pt\/producto\/fs621m\/","og_locale":"pt_PT","og_type":"article","og_title":"FS621M","og_description":"FS621M. Volume de constru\u00e7\u00e3o extra grande Desenvolvido com foco em grandes dimens\u00f5es de constru\u00e7\u00e3o, o FS621M da Farsoon possui um dos maiores volumes de","og_url":"https:\/\/maqcenter.com\/pt-pt\/producto\/fs621m\/","og_site_name":"MAQcenter","og_image":[{"width":500,"height":500,"url":"https:\/\/maqcenter.com\/wp-content\/uploads\/2023\/11\/FARSOON-FS273M-SLM.jpg","type":"image\/jpeg"}],"twitter_card":"summary_large_image","twitter_misc":{"Tempo estimado de leitura":"2 minutos"},"schema":{"@context":"https:\/\/schema.org","@graph":[{"@type":["WebPage","ItemPage"],"@id":"https:\/\/maqcenter.com\/pt-pt\/producto\/fs621m\/","url":"https:\/\/maqcenter.com\/pt-pt\/producto\/fs621m\/","name":"FS621M","isPartOf":{"@id":"https:\/\/maqcenter.com\/pt-pt\/#website"},"primaryImageOfPage":{"@id":"https:\/\/maqcenter.com\/pt-pt\/producto\/fs621m\/#primaryimage"},"image":{"@id":"https:\/\/maqcenter.com\/pt-pt\/producto\/fs621m\/#primaryimage"},"thumbnailUrl":"https:\/\/maqcenter.com\/wp-content\/uploads\/2023\/11\/FARSOON-FS273M-SLM.jpg","datePublished":"2023-11-28T07:50:59+00:00","description":"FS621M. Volume de constru\u00e7\u00e3o extra grande Desenvolvido com foco em grandes dimens\u00f5es de constru\u00e7\u00e3o, o FS621M da Farsoon possui um dos maiores volumes de","breadcrumb":{"@id":"https:\/\/maqcenter.com\/pt-pt\/producto\/fs621m\/#breadcrumb"},"inLanguage":"pt-PT","potentialAction":[{"@type":"ReadAction","target":["https:\/\/maqcenter.com\/pt-pt\/producto\/fs621m\/"]}]},{"@type":"ImageObject","inLanguage":"pt-PT","@id":"https:\/\/maqcenter.com\/pt-pt\/producto\/fs621m\/#primaryimage","url":"https:\/\/maqcenter.com\/wp-content\/uploads\/2023\/11\/FARSOON-FS273M-SLM.jpg","contentUrl":"https:\/\/maqcenter.com\/wp-content\/uploads\/2023\/11\/FARSOON-FS273M-SLM.jpg","width":500,"height":500,"caption":"Farsoon FS273M"},{"@type":"BreadcrumbList","@id":"https:\/\/maqcenter.com\/pt-pt\/producto\/fs621m\/#breadcrumb","itemListElement":[{"@type":"ListItem","position":1,"name":"Productos","item":"https:\/\/maqcenter.com\/pt-pt\/"},{"@type":"ListItem","position":2,"name":"Produtos","item":"https:\/\/maqcenter.com\/pt-pt\/shop\/"},{"@type":"ListItem","position":3,"name":"FS621M"}]},{"@type":"WebSite","@id":"https:\/\/maqcenter.com\/pt-pt\/#website","url":"https:\/\/maqcenter.com\/pt-pt\/","name":"MAQcenter","description":"El centro de tus soluciones","publisher":{"@id":"https:\/\/maqcenter.com\/pt-pt\/#organization"},"potentialAction":[{"@type":"SearchAction","target":{"@type":"EntryPoint","urlTemplate":"https:\/\/maqcenter.com\/pt-pt\/?s={search_term_string}"},"query-input":{"@type":"PropertyValueSpecification","valueRequired":true,"valueName":"search_term_string"}}],"inLanguage":"pt-PT"},{"@type":"Organization","@id":"https:\/\/maqcenter.com\/pt-pt\/#organization","name":"MAQcenter S.A.","url":"https:\/\/maqcenter.com\/pt-pt\/","logo":{"@type":"ImageObject","inLanguage":"pt-PT","@id":"https:\/\/maqcenter.com\/pt-pt\/#\/schema\/logo\/image\/","url":"https:\/\/maqcenter.com\/wp-content\/uploads\/2021\/02\/MAQcenter_logo_vertical.svg","contentUrl":"https:\/\/maqcenter.com\/wp-content\/uploads\/2021\/02\/MAQcenter_logo_vertical.svg","width":300,"height":174,"caption":"MAQcenter S.A."},"image":{"@id":"https:\/\/maqcenter.com\/pt-pt\/#\/schema\/logo\/image\/"}}]}},"_links":{"self":[{"href":"https:\/\/maqcenter.com\/pt-pt\/wp-json\/wp\/v2\/product\/21983","targetHints":{"allow":["GET"]}}],"collection":[{"href":"https:\/\/maqcenter.com\/pt-pt\/wp-json\/wp\/v2\/product"}],"about":[{"href":"https:\/\/maqcenter.com\/pt-pt\/wp-json\/wp\/v2\/types\/product"}],"wp:featuredmedia":[{"embeddable":true,"href":"https:\/\/maqcenter.com\/pt-pt\/wp-json\/wp\/v2\/media\/21976"}],"wp:attachment":[{"href":"https:\/\/maqcenter.com\/pt-pt\/wp-json\/wp\/v2\/media?parent=21983"}],"wp:term":[{"taxonomy":"product_brand","embeddable":true,"href":"https:\/\/maqcenter.com\/pt-pt\/wp-json\/wp\/v2\/product_brand?post=21983"},{"taxonomy":"product_cat","embeddable":true,"href":"https:\/\/maqcenter.com\/pt-pt\/wp-json\/wp\/v2\/product_cat?post=21983"},{"taxonomy":"product_tag","embeddable":true,"href":"https:\/\/maqcenter.com\/pt-pt\/wp-json\/wp\/v2\/product_tag?post=21983"},{"taxonomy":"marca-producto","embeddable":true,"href":"https:\/\/maqcenter.com\/pt-pt\/wp-json\/wp\/v2\/marca-producto?post=21983"},{"taxonomy":"serie-producto","embeddable":true,"href":"https:\/\/maqcenter.com\/pt-pt\/wp-json\/wp\/v2\/serie-producto?post=21983"}],"curies":[{"name":"wp","href":"https:\/\/api.w.org\/{rel}","templated":true}]}}