{"id":21997,"date":"2021-01-27T10:17:49","date_gmt":"2021-01-27T09:17:49","guid":{"rendered":"https:\/\/maqcenter.com\/producto\/multigrind-cu\/"},"modified":"2021-01-27T10:17:49","modified_gmt":"2021-01-27T08:17:49","slug":"multigrind-cu","status":"publish","type":"product","link":"https:\/\/maqcenter.com\/pt-pt\/producto\/multigrind-cu\/","title":{"rendered":"Multigrind\u00ae CU"},"content":{"rendered":"<p>Esta compacta maravilha da m\u00e1quina pode acomodar ferramentas e pe\u00e7as de at\u00e9 300 mm de comprimento e 180 mm de di\u00e2metro m\u00e1ximo. Os fabricantes de ferramentas de precis\u00e3o podem usar o Multigrind\u00ae CU para fabricar fresas de topo, brocas, ferramentas de rosqueamento, placas de torneamento ou alargadores de maneira econ\u00f4mica. Al\u00e9m disso, para a fabrica\u00e7\u00e3o de grandes s\u00e9ries, v\u00e1rias retificadoras podem ser colocadas em linha, permitindo o acesso ideal para os operadores.<br \/>\nAo contr\u00e1rio de seus irm\u00e3os CB e CA, o Multigrind\u00ae CU tem um design de p\u00f3rtico cl\u00e1ssico com uma unidade no centro.  <\/p>\n","protected":false},"excerpt":{"rendered":"<p>Esta compacta maravilha da m\u00e1quina pode acomodar ferramentas e pe\u00e7as de at\u00e9 300 mm de comprimento e 180 mm de di\u00e2metro m\u00e1ximo. Os fabricantes de ferramentas de precis\u00e3o podem usar o Multigrind\u00ae CU para fabricar fresas de topo, brocas, ferramentas de rosqueamento, placas de torneamento ou alargadores de maneira econ\u00f4mica. Al\u00e9m disso, para a fabrica\u00e7\u00e3o [&hellip;]<\/p>\n","protected":false},"featured_media":21998,"template":"","meta":[],"product_brand":[],"product_cat":[535,536],"product_tag":[568,576,575],"marca-producto":[101],"serie-producto":[219],"class_list":{"0":"post-21997","1":"product","2":"type-product","3":"status-publish","4":"has-post-thumbnail","6":"product_cat-retificadoras","7":"product_cat-retificadoras-5-eixos","8":"product_tag-aeronautica-pt-pt","9":"product_tag-medico-e-dentario","10":"product_tag-moldes-e-matrizes","11":"marca-producto-haas-multigrind","12":"serie-producto-multigrind","14":"first","15":"instock","16":"product-type-simple"},"yoast_head":"<!-- This site is optimized with the Yoast SEO plugin v27.0 - https:\/\/yoast.com\/product\/yoast-seo-wordpress\/ -->\n<title>Multigrind\u00ae CU<\/title>\n<meta name=\"description\" content=\"Multigrind\u00ae CU. Esta compacta maravilha da m\u00e1quina pode acomodar ferramentas e pe\u00e7as de at\u00e9 300 mm de comprimento e 180 mm de di\u00e2metro m\u00e1ximo. Os fabricantes de\" \/>\n<meta name=\"robots\" content=\"index, follow, max-snippet:-1, max-image-preview:large, max-video-preview:-1\" \/>\n<link rel=\"canonical\" href=\"https:\/\/maqcenter.com\/pt-pt\/producto\/multigrind-cu\/\" \/>\n<meta property=\"og:locale\" content=\"pt_PT\" \/>\n<meta property=\"og:type\" content=\"article\" \/>\n<meta property=\"og:title\" content=\"Multigrind\u00ae CU\" \/>\n<meta property=\"og:description\" content=\"Multigrind\u00ae CU. Esta compacta maravilha da m\u00e1quina pode acomodar ferramentas e pe\u00e7as de at\u00e9 300 mm de comprimento e 180 mm de di\u00e2metro m\u00e1ximo. Os fabricantes de\" \/>\n<meta property=\"og:url\" content=\"https:\/\/maqcenter.com\/pt-pt\/producto\/multigrind-cu\/\" \/>\n<meta property=\"og:site_name\" content=\"MAQcenter\" \/>\n<meta property=\"og:image\" content=\"https:\/\/maqcenter.com\/wp-content\/uploads\/2021\/01\/HAAS-Multigrind-CU-1.jpg\" \/>\n\t<meta property=\"og:image:width\" content=\"500\" \/>\n\t<meta property=\"og:image:height\" content=\"500\" \/>\n\t<meta property=\"og:image:type\" content=\"image\/jpeg\" \/>\n<meta name=\"twitter:card\" content=\"summary_large_image\" \/>\n<meta name=\"twitter:label1\" content=\"Tempo estimado de leitura\" \/>\n\t<meta name=\"twitter:data1\" content=\"1 minuto\" \/>\n<script type=\"application\/ld+json\" class=\"yoast-schema-graph\">{\"@context\":\"https:\/\/schema.org\",\"@graph\":[{\"@type\":[\"WebPage\",\"ItemPage\"],\"@id\":\"https:\/\/maqcenter.com\/pt-pt\/producto\/multigrind-cu\/\",\"url\":\"https:\/\/maqcenter.com\/pt-pt\/producto\/multigrind-cu\/\",\"name\":\"Multigrind\u00ae CU\",\"isPartOf\":{\"@id\":\"https:\/\/maqcenter.com\/pt-pt\/#website\"},\"primaryImageOfPage\":{\"@id\":\"https:\/\/maqcenter.com\/pt-pt\/producto\/multigrind-cu\/#primaryimage\"},\"image\":{\"@id\":\"https:\/\/maqcenter.com\/pt-pt\/producto\/multigrind-cu\/#primaryimage\"},\"thumbnailUrl\":\"https:\/\/maqcenter.com\/wp-content\/uploads\/2021\/01\/HAAS-Multigrind-CU-1.jpg\",\"datePublished\":\"2021-01-27T09:17:49+00:00\",\"description\":\"Multigrind\u00ae CU. Esta compacta maravilha da m\u00e1quina pode acomodar ferramentas e pe\u00e7as de at\u00e9 300 mm de comprimento e 180 mm de di\u00e2metro m\u00e1ximo. Os fabricantes de\",\"breadcrumb\":{\"@id\":\"https:\/\/maqcenter.com\/pt-pt\/producto\/multigrind-cu\/#breadcrumb\"},\"inLanguage\":\"pt-PT\",\"potentialAction\":[{\"@type\":\"ReadAction\",\"target\":[\"https:\/\/maqcenter.com\/pt-pt\/producto\/multigrind-cu\/\"]}]},{\"@type\":\"ImageObject\",\"inLanguage\":\"pt-PT\",\"@id\":\"https:\/\/maqcenter.com\/pt-pt\/producto\/multigrind-cu\/#primaryimage\",\"url\":\"https:\/\/maqcenter.com\/wp-content\/uploads\/2021\/01\/HAAS-Multigrind-CU-1.jpg\",\"contentUrl\":\"https:\/\/maqcenter.com\/wp-content\/uploads\/2021\/01\/HAAS-Multigrind-CU-1.jpg\",\"width\":500,\"height\":500},{\"@type\":\"BreadcrumbList\",\"@id\":\"https:\/\/maqcenter.com\/pt-pt\/producto\/multigrind-cu\/#breadcrumb\",\"itemListElement\":[{\"@type\":\"ListItem\",\"position\":1,\"name\":\"Productos\",\"item\":\"https:\/\/maqcenter.com\/pt-pt\/\"},{\"@type\":\"ListItem\",\"position\":2,\"name\":\"Produtos\",\"item\":\"https:\/\/maqcenter.com\/pt-pt\/shop\/\"},{\"@type\":\"ListItem\",\"position\":3,\"name\":\"Multigrind\u00ae CU\"}]},{\"@type\":\"WebSite\",\"@id\":\"https:\/\/maqcenter.com\/pt-pt\/#website\",\"url\":\"https:\/\/maqcenter.com\/pt-pt\/\",\"name\":\"MAQcenter\",\"description\":\"El centro de tus soluciones\",\"publisher\":{\"@id\":\"https:\/\/maqcenter.com\/pt-pt\/#organization\"},\"potentialAction\":[{\"@type\":\"SearchAction\",\"target\":{\"@type\":\"EntryPoint\",\"urlTemplate\":\"https:\/\/maqcenter.com\/pt-pt\/?s={search_term_string}\"},\"query-input\":{\"@type\":\"PropertyValueSpecification\",\"valueRequired\":true,\"valueName\":\"search_term_string\"}}],\"inLanguage\":\"pt-PT\"},{\"@type\":\"Organization\",\"@id\":\"https:\/\/maqcenter.com\/pt-pt\/#organization\",\"name\":\"MAQcenter S.A.\",\"url\":\"https:\/\/maqcenter.com\/pt-pt\/\",\"logo\":{\"@type\":\"ImageObject\",\"inLanguage\":\"pt-PT\",\"@id\":\"https:\/\/maqcenter.com\/pt-pt\/#\/schema\/logo\/image\/\",\"url\":\"https:\/\/maqcenter.com\/wp-content\/uploads\/2021\/02\/MAQcenter_logo_vertical.svg\",\"contentUrl\":\"https:\/\/maqcenter.com\/wp-content\/uploads\/2021\/02\/MAQcenter_logo_vertical.svg\",\"width\":300,\"height\":174,\"caption\":\"MAQcenter S.A.\"},\"image\":{\"@id\":\"https:\/\/maqcenter.com\/pt-pt\/#\/schema\/logo\/image\/\"}}]}<\/script>\n<!-- \/ Yoast SEO plugin. -->","yoast_head_json":{"title":"Multigrind\u00ae CU","description":"Multigrind\u00ae CU. Esta compacta maravilha da m\u00e1quina pode acomodar ferramentas e pe\u00e7as de at\u00e9 300 mm de comprimento e 180 mm de di\u00e2metro m\u00e1ximo. Os fabricantes de","robots":{"index":"index","follow":"follow","max-snippet":"max-snippet:-1","max-image-preview":"max-image-preview:large","max-video-preview":"max-video-preview:-1"},"canonical":"https:\/\/maqcenter.com\/pt-pt\/producto\/multigrind-cu\/","og_locale":"pt_PT","og_type":"article","og_title":"Multigrind\u00ae CU","og_description":"Multigrind\u00ae CU. Esta compacta maravilha da m\u00e1quina pode acomodar ferramentas e pe\u00e7as de at\u00e9 300 mm de comprimento e 180 mm de di\u00e2metro m\u00e1ximo. Os fabricantes de","og_url":"https:\/\/maqcenter.com\/pt-pt\/producto\/multigrind-cu\/","og_site_name":"MAQcenter","og_image":[{"width":500,"height":500,"url":"https:\/\/maqcenter.com\/wp-content\/uploads\/2021\/01\/HAAS-Multigrind-CU-1.jpg","type":"image\/jpeg"}],"twitter_card":"summary_large_image","twitter_misc":{"Tempo estimado de leitura":"1 minuto"},"schema":{"@context":"https:\/\/schema.org","@graph":[{"@type":["WebPage","ItemPage"],"@id":"https:\/\/maqcenter.com\/pt-pt\/producto\/multigrind-cu\/","url":"https:\/\/maqcenter.com\/pt-pt\/producto\/multigrind-cu\/","name":"Multigrind\u00ae CU","isPartOf":{"@id":"https:\/\/maqcenter.com\/pt-pt\/#website"},"primaryImageOfPage":{"@id":"https:\/\/maqcenter.com\/pt-pt\/producto\/multigrind-cu\/#primaryimage"},"image":{"@id":"https:\/\/maqcenter.com\/pt-pt\/producto\/multigrind-cu\/#primaryimage"},"thumbnailUrl":"https:\/\/maqcenter.com\/wp-content\/uploads\/2021\/01\/HAAS-Multigrind-CU-1.jpg","datePublished":"2021-01-27T09:17:49+00:00","description":"Multigrind\u00ae CU. Esta compacta maravilha da m\u00e1quina pode acomodar ferramentas e pe\u00e7as de at\u00e9 300 mm de comprimento e 180 mm de di\u00e2metro m\u00e1ximo. Os fabricantes de","breadcrumb":{"@id":"https:\/\/maqcenter.com\/pt-pt\/producto\/multigrind-cu\/#breadcrumb"},"inLanguage":"pt-PT","potentialAction":[{"@type":"ReadAction","target":["https:\/\/maqcenter.com\/pt-pt\/producto\/multigrind-cu\/"]}]},{"@type":"ImageObject","inLanguage":"pt-PT","@id":"https:\/\/maqcenter.com\/pt-pt\/producto\/multigrind-cu\/#primaryimage","url":"https:\/\/maqcenter.com\/wp-content\/uploads\/2021\/01\/HAAS-Multigrind-CU-1.jpg","contentUrl":"https:\/\/maqcenter.com\/wp-content\/uploads\/2021\/01\/HAAS-Multigrind-CU-1.jpg","width":500,"height":500},{"@type":"BreadcrumbList","@id":"https:\/\/maqcenter.com\/pt-pt\/producto\/multigrind-cu\/#breadcrumb","itemListElement":[{"@type":"ListItem","position":1,"name":"Productos","item":"https:\/\/maqcenter.com\/pt-pt\/"},{"@type":"ListItem","position":2,"name":"Produtos","item":"https:\/\/maqcenter.com\/pt-pt\/shop\/"},{"@type":"ListItem","position":3,"name":"Multigrind\u00ae CU"}]},{"@type":"WebSite","@id":"https:\/\/maqcenter.com\/pt-pt\/#website","url":"https:\/\/maqcenter.com\/pt-pt\/","name":"MAQcenter","description":"El centro de tus soluciones","publisher":{"@id":"https:\/\/maqcenter.com\/pt-pt\/#organization"},"potentialAction":[{"@type":"SearchAction","target":{"@type":"EntryPoint","urlTemplate":"https:\/\/maqcenter.com\/pt-pt\/?s={search_term_string}"},"query-input":{"@type":"PropertyValueSpecification","valueRequired":true,"valueName":"search_term_string"}}],"inLanguage":"pt-PT"},{"@type":"Organization","@id":"https:\/\/maqcenter.com\/pt-pt\/#organization","name":"MAQcenter S.A.","url":"https:\/\/maqcenter.com\/pt-pt\/","logo":{"@type":"ImageObject","inLanguage":"pt-PT","@id":"https:\/\/maqcenter.com\/pt-pt\/#\/schema\/logo\/image\/","url":"https:\/\/maqcenter.com\/wp-content\/uploads\/2021\/02\/MAQcenter_logo_vertical.svg","contentUrl":"https:\/\/maqcenter.com\/wp-content\/uploads\/2021\/02\/MAQcenter_logo_vertical.svg","width":300,"height":174,"caption":"MAQcenter S.A."},"image":{"@id":"https:\/\/maqcenter.com\/pt-pt\/#\/schema\/logo\/image\/"}}]}},"_links":{"self":[{"href":"https:\/\/maqcenter.com\/pt-pt\/wp-json\/wp\/v2\/product\/21997","targetHints":{"allow":["GET"]}}],"collection":[{"href":"https:\/\/maqcenter.com\/pt-pt\/wp-json\/wp\/v2\/product"}],"about":[{"href":"https:\/\/maqcenter.com\/pt-pt\/wp-json\/wp\/v2\/types\/product"}],"wp:featuredmedia":[{"embeddable":true,"href":"https:\/\/maqcenter.com\/pt-pt\/wp-json\/wp\/v2\/media\/21998"}],"wp:attachment":[{"href":"https:\/\/maqcenter.com\/pt-pt\/wp-json\/wp\/v2\/media?parent=21997"}],"wp:term":[{"taxonomy":"product_brand","embeddable":true,"href":"https:\/\/maqcenter.com\/pt-pt\/wp-json\/wp\/v2\/product_brand?post=21997"},{"taxonomy":"product_cat","embeddable":true,"href":"https:\/\/maqcenter.com\/pt-pt\/wp-json\/wp\/v2\/product_cat?post=21997"},{"taxonomy":"product_tag","embeddable":true,"href":"https:\/\/maqcenter.com\/pt-pt\/wp-json\/wp\/v2\/product_tag?post=21997"},{"taxonomy":"marca-producto","embeddable":true,"href":"https:\/\/maqcenter.com\/pt-pt\/wp-json\/wp\/v2\/marca-producto?post=21997"},{"taxonomy":"serie-producto","embeddable":true,"href":"https:\/\/maqcenter.com\/pt-pt\/wp-json\/wp\/v2\/serie-producto?post=21997"}],"curies":[{"name":"wp","href":"https:\/\/api.w.org\/{rel}","templated":true}]}}