{"id":22000,"date":"2021-01-27T10:17:49","date_gmt":"2021-01-27T08:17:49","guid":{"rendered":"https:\/\/maqcenter.com\/producto\/multigrind-cb\/"},"modified":"2021-01-27T10:17:49","modified_gmt":"2021-01-27T08:17:49","slug":"multigrind-cb","status":"publish","type":"product","link":"https:\/\/maqcenter.com\/pt-pt\/producto\/multigrind-cb\/","title":{"rendered":"Multigrind\u00ae CB"},"content":{"rendered":"<p>O design da Multigrind\u00ae CB n\u00e3o deixa ningu\u00e9m indiferente, destacando-se pela sua harmonia excecional: uma retificadora compacta, onde a procura pela geometria perfeita encontra a sua recompensa no centro de um elemento c\u00fabico. O conceito Multi-Cubo da Haas foi pensado ao mais \u00ednfimo detalhe, numa m\u00e1quina projetada e constru\u00edda de in\u00edcio ao fim com recurso a tecnologia virtual.<br \/>\nRetificar com mais eleg\u00e2ncia tamb\u00e9m significa retificar melhor, j\u00e1 que o design da CB esconde um enorme potencial de desempenho pronto a ser explorado.<br \/>Com um m\u00ednimo de 5 eixos e uma potente transmiss\u00e3o direta sem manuten\u00e7\u00e3o nos veios e eixos rotativos, a CB oferece pot\u00eancia e dinamismo m\u00e1ximos.<br \/>Al\u00e9m disso, gra\u00e7as \u00e0 sua base em bet\u00e3o pol\u00edmero termoest\u00e1vel, a m\u00e1quina garante a estabilidade necess\u00e1ria e absorve eficazmente todas as vibra\u00e7\u00f5es.   <\/p>\n","protected":false},"excerpt":{"rendered":"<p>O design da Multigrind\u00ae CB n\u00e3o deixa ningu\u00e9m indiferente, destacando-se pela sua harmonia excecional: uma retificadora compacta, onde a procura pela geometria perfeita encontra a sua recompensa no centro de um elemento c\u00fabico. O conceito Multi-Cubo da Haas foi pensado ao mais \u00ednfimo detalhe, numa m\u00e1quina projetada e constru\u00edda de in\u00edcio ao fim com recurso [&hellip;]<\/p>\n","protected":false},"featured_media":21989,"template":"","meta":[],"product_brand":[],"product_cat":[535,536],"product_tag":[568,576,575],"marca-producto":[101],"serie-producto":[219],"class_list":{"0":"post-22000","1":"product","2":"type-product","3":"status-publish","4":"has-post-thumbnail","6":"product_cat-retificadoras","7":"product_cat-retificadoras-5-eixos","8":"product_tag-aeronautica-pt-pt","9":"product_tag-medico-e-dentario","10":"product_tag-moldes-e-matrizes","11":"marca-producto-haas-multigrind","12":"serie-producto-multigrind","14":"first","15":"instock","16":"product-type-simple"},"yoast_head":"<!-- This site is optimized with the Yoast SEO plugin v27.0 - https:\/\/yoast.com\/product\/yoast-seo-wordpress\/ -->\n<title>Multigrind\u00ae CB<\/title>\n<meta name=\"description\" content=\"Multigrind\u00ae CB. O design da Multigrind\u00ae CB n\u00e3o deixa ningu\u00e9m indiferente, destacando-se pela sua harmonia excecional: uma retificadora compacta, onde a procura pela\" \/>\n<meta name=\"robots\" content=\"index, follow, max-snippet:-1, max-image-preview:large, max-video-preview:-1\" \/>\n<link rel=\"canonical\" href=\"https:\/\/maqcenter.com\/pt-pt\/producto\/multigrind-cb\/\" \/>\n<meta property=\"og:locale\" content=\"pt_PT\" \/>\n<meta property=\"og:type\" content=\"article\" \/>\n<meta property=\"og:title\" content=\"Multigrind\u00ae CB\" \/>\n<meta property=\"og:description\" content=\"Multigrind\u00ae CB. O design da Multigrind\u00ae CB n\u00e3o deixa ningu\u00e9m indiferente, destacando-se pela sua harmonia excecional: uma retificadora compacta, onde a procura pela\" \/>\n<meta property=\"og:url\" content=\"https:\/\/maqcenter.com\/pt-pt\/producto\/multigrind-cb\/\" \/>\n<meta property=\"og:site_name\" content=\"MAQcenter\" \/>\n<meta property=\"og:image\" content=\"https:\/\/maqcenter.com\/wp-content\/uploads\/2021\/01\/HAAS-Multigrind-CB-1.jpg\" \/>\n\t<meta property=\"og:image:width\" content=\"500\" \/>\n\t<meta property=\"og:image:height\" content=\"500\" \/>\n\t<meta property=\"og:image:type\" content=\"image\/jpeg\" \/>\n<meta name=\"twitter:card\" content=\"summary_large_image\" \/>\n<meta name=\"twitter:label1\" content=\"Tempo estimado de leitura\" \/>\n\t<meta name=\"twitter:data1\" content=\"1 minuto\" \/>\n<script type=\"application\/ld+json\" class=\"yoast-schema-graph\">{\"@context\":\"https:\/\/schema.org\",\"@graph\":[{\"@type\":[\"WebPage\",\"ItemPage\"],\"@id\":\"https:\/\/maqcenter.com\/pt-pt\/producto\/multigrind-cb\/\",\"url\":\"https:\/\/maqcenter.com\/pt-pt\/producto\/multigrind-cb\/\",\"name\":\"Multigrind\u00ae CB\",\"isPartOf\":{\"@id\":\"https:\/\/maqcenter.com\/pt-pt\/#website\"},\"primaryImageOfPage\":{\"@id\":\"https:\/\/maqcenter.com\/pt-pt\/producto\/multigrind-cb\/#primaryimage\"},\"image\":{\"@id\":\"https:\/\/maqcenter.com\/pt-pt\/producto\/multigrind-cb\/#primaryimage\"},\"thumbnailUrl\":\"https:\/\/maqcenter.com\/wp-content\/uploads\/2021\/01\/HAAS-Multigrind-CB-1.jpg\",\"datePublished\":\"2021-01-27T08:17:49+00:00\",\"description\":\"Multigrind\u00ae CB. O design da Multigrind\u00ae CB n\u00e3o deixa ningu\u00e9m indiferente, destacando-se pela sua harmonia excecional: uma retificadora compacta, onde a procura pela\",\"breadcrumb\":{\"@id\":\"https:\/\/maqcenter.com\/pt-pt\/producto\/multigrind-cb\/#breadcrumb\"},\"inLanguage\":\"pt-PT\",\"potentialAction\":[{\"@type\":\"ReadAction\",\"target\":[\"https:\/\/maqcenter.com\/pt-pt\/producto\/multigrind-cb\/\"]}]},{\"@type\":\"ImageObject\",\"inLanguage\":\"pt-PT\",\"@id\":\"https:\/\/maqcenter.com\/pt-pt\/producto\/multigrind-cb\/#primaryimage\",\"url\":\"https:\/\/maqcenter.com\/wp-content\/uploads\/2021\/01\/HAAS-Multigrind-CB-1.jpg\",\"contentUrl\":\"https:\/\/maqcenter.com\/wp-content\/uploads\/2021\/01\/HAAS-Multigrind-CB-1.jpg\",\"width\":500,\"height\":500,\"caption\":\"Rectificadoras 5 ejes Haas Multigrind Multigrind\u00ae CB\"},{\"@type\":\"BreadcrumbList\",\"@id\":\"https:\/\/maqcenter.com\/pt-pt\/producto\/multigrind-cb\/#breadcrumb\",\"itemListElement\":[{\"@type\":\"ListItem\",\"position\":1,\"name\":\"Productos\",\"item\":\"https:\/\/maqcenter.com\/pt-pt\/\"},{\"@type\":\"ListItem\",\"position\":2,\"name\":\"Produtos\",\"item\":\"https:\/\/maqcenter.com\/pt-pt\/shop\/\"},{\"@type\":\"ListItem\",\"position\":3,\"name\":\"Multigrind\u00ae CB\"}]},{\"@type\":\"WebSite\",\"@id\":\"https:\/\/maqcenter.com\/pt-pt\/#website\",\"url\":\"https:\/\/maqcenter.com\/pt-pt\/\",\"name\":\"MAQcenter\",\"description\":\"El centro de tus soluciones\",\"publisher\":{\"@id\":\"https:\/\/maqcenter.com\/pt-pt\/#organization\"},\"potentialAction\":[{\"@type\":\"SearchAction\",\"target\":{\"@type\":\"EntryPoint\",\"urlTemplate\":\"https:\/\/maqcenter.com\/pt-pt\/?s={search_term_string}\"},\"query-input\":{\"@type\":\"PropertyValueSpecification\",\"valueRequired\":true,\"valueName\":\"search_term_string\"}}],\"inLanguage\":\"pt-PT\"},{\"@type\":\"Organization\",\"@id\":\"https:\/\/maqcenter.com\/pt-pt\/#organization\",\"name\":\"MAQcenter S.A.\",\"url\":\"https:\/\/maqcenter.com\/pt-pt\/\",\"logo\":{\"@type\":\"ImageObject\",\"inLanguage\":\"pt-PT\",\"@id\":\"https:\/\/maqcenter.com\/pt-pt\/#\/schema\/logo\/image\/\",\"url\":\"https:\/\/maqcenter.com\/wp-content\/uploads\/2021\/02\/MAQcenter_logo_vertical.svg\",\"contentUrl\":\"https:\/\/maqcenter.com\/wp-content\/uploads\/2021\/02\/MAQcenter_logo_vertical.svg\",\"width\":300,\"height\":174,\"caption\":\"MAQcenter S.A.\"},\"image\":{\"@id\":\"https:\/\/maqcenter.com\/pt-pt\/#\/schema\/logo\/image\/\"}}]}<\/script>\n<!-- \/ Yoast SEO plugin. -->","yoast_head_json":{"title":"Multigrind\u00ae CB","description":"Multigrind\u00ae CB. O design da Multigrind\u00ae CB n\u00e3o deixa ningu\u00e9m indiferente, destacando-se pela sua harmonia excecional: uma retificadora compacta, onde a procura pela","robots":{"index":"index","follow":"follow","max-snippet":"max-snippet:-1","max-image-preview":"max-image-preview:large","max-video-preview":"max-video-preview:-1"},"canonical":"https:\/\/maqcenter.com\/pt-pt\/producto\/multigrind-cb\/","og_locale":"pt_PT","og_type":"article","og_title":"Multigrind\u00ae CB","og_description":"Multigrind\u00ae CB. O design da Multigrind\u00ae CB n\u00e3o deixa ningu\u00e9m indiferente, destacando-se pela sua harmonia excecional: uma retificadora compacta, onde a procura pela","og_url":"https:\/\/maqcenter.com\/pt-pt\/producto\/multigrind-cb\/","og_site_name":"MAQcenter","og_image":[{"width":500,"height":500,"url":"https:\/\/maqcenter.com\/wp-content\/uploads\/2021\/01\/HAAS-Multigrind-CB-1.jpg","type":"image\/jpeg"}],"twitter_card":"summary_large_image","twitter_misc":{"Tempo estimado de leitura":"1 minuto"},"schema":{"@context":"https:\/\/schema.org","@graph":[{"@type":["WebPage","ItemPage"],"@id":"https:\/\/maqcenter.com\/pt-pt\/producto\/multigrind-cb\/","url":"https:\/\/maqcenter.com\/pt-pt\/producto\/multigrind-cb\/","name":"Multigrind\u00ae CB","isPartOf":{"@id":"https:\/\/maqcenter.com\/pt-pt\/#website"},"primaryImageOfPage":{"@id":"https:\/\/maqcenter.com\/pt-pt\/producto\/multigrind-cb\/#primaryimage"},"image":{"@id":"https:\/\/maqcenter.com\/pt-pt\/producto\/multigrind-cb\/#primaryimage"},"thumbnailUrl":"https:\/\/maqcenter.com\/wp-content\/uploads\/2021\/01\/HAAS-Multigrind-CB-1.jpg","datePublished":"2021-01-27T08:17:49+00:00","description":"Multigrind\u00ae CB. O design da Multigrind\u00ae CB n\u00e3o deixa ningu\u00e9m indiferente, destacando-se pela sua harmonia excecional: uma retificadora compacta, onde a procura pela","breadcrumb":{"@id":"https:\/\/maqcenter.com\/pt-pt\/producto\/multigrind-cb\/#breadcrumb"},"inLanguage":"pt-PT","potentialAction":[{"@type":"ReadAction","target":["https:\/\/maqcenter.com\/pt-pt\/producto\/multigrind-cb\/"]}]},{"@type":"ImageObject","inLanguage":"pt-PT","@id":"https:\/\/maqcenter.com\/pt-pt\/producto\/multigrind-cb\/#primaryimage","url":"https:\/\/maqcenter.com\/wp-content\/uploads\/2021\/01\/HAAS-Multigrind-CB-1.jpg","contentUrl":"https:\/\/maqcenter.com\/wp-content\/uploads\/2021\/01\/HAAS-Multigrind-CB-1.jpg","width":500,"height":500,"caption":"Rectificadoras 5 ejes Haas Multigrind Multigrind\u00ae CB"},{"@type":"BreadcrumbList","@id":"https:\/\/maqcenter.com\/pt-pt\/producto\/multigrind-cb\/#breadcrumb","itemListElement":[{"@type":"ListItem","position":1,"name":"Productos","item":"https:\/\/maqcenter.com\/pt-pt\/"},{"@type":"ListItem","position":2,"name":"Produtos","item":"https:\/\/maqcenter.com\/pt-pt\/shop\/"},{"@type":"ListItem","position":3,"name":"Multigrind\u00ae CB"}]},{"@type":"WebSite","@id":"https:\/\/maqcenter.com\/pt-pt\/#website","url":"https:\/\/maqcenter.com\/pt-pt\/","name":"MAQcenter","description":"El centro de tus soluciones","publisher":{"@id":"https:\/\/maqcenter.com\/pt-pt\/#organization"},"potentialAction":[{"@type":"SearchAction","target":{"@type":"EntryPoint","urlTemplate":"https:\/\/maqcenter.com\/pt-pt\/?s={search_term_string}"},"query-input":{"@type":"PropertyValueSpecification","valueRequired":true,"valueName":"search_term_string"}}],"inLanguage":"pt-PT"},{"@type":"Organization","@id":"https:\/\/maqcenter.com\/pt-pt\/#organization","name":"MAQcenter S.A.","url":"https:\/\/maqcenter.com\/pt-pt\/","logo":{"@type":"ImageObject","inLanguage":"pt-PT","@id":"https:\/\/maqcenter.com\/pt-pt\/#\/schema\/logo\/image\/","url":"https:\/\/maqcenter.com\/wp-content\/uploads\/2021\/02\/MAQcenter_logo_vertical.svg","contentUrl":"https:\/\/maqcenter.com\/wp-content\/uploads\/2021\/02\/MAQcenter_logo_vertical.svg","width":300,"height":174,"caption":"MAQcenter S.A."},"image":{"@id":"https:\/\/maqcenter.com\/pt-pt\/#\/schema\/logo\/image\/"}}]}},"_links":{"self":[{"href":"https:\/\/maqcenter.com\/pt-pt\/wp-json\/wp\/v2\/product\/22000","targetHints":{"allow":["GET"]}}],"collection":[{"href":"https:\/\/maqcenter.com\/pt-pt\/wp-json\/wp\/v2\/product"}],"about":[{"href":"https:\/\/maqcenter.com\/pt-pt\/wp-json\/wp\/v2\/types\/product"}],"wp:featuredmedia":[{"embeddable":true,"href":"https:\/\/maqcenter.com\/pt-pt\/wp-json\/wp\/v2\/media\/21989"}],"wp:attachment":[{"href":"https:\/\/maqcenter.com\/pt-pt\/wp-json\/wp\/v2\/media?parent=22000"}],"wp:term":[{"taxonomy":"product_brand","embeddable":true,"href":"https:\/\/maqcenter.com\/pt-pt\/wp-json\/wp\/v2\/product_brand?post=22000"},{"taxonomy":"product_cat","embeddable":true,"href":"https:\/\/maqcenter.com\/pt-pt\/wp-json\/wp\/v2\/product_cat?post=22000"},{"taxonomy":"product_tag","embeddable":true,"href":"https:\/\/maqcenter.com\/pt-pt\/wp-json\/wp\/v2\/product_tag?post=22000"},{"taxonomy":"marca-producto","embeddable":true,"href":"https:\/\/maqcenter.com\/pt-pt\/wp-json\/wp\/v2\/marca-producto?post=22000"},{"taxonomy":"serie-producto","embeddable":true,"href":"https:\/\/maqcenter.com\/pt-pt\/wp-json\/wp\/v2\/serie-producto?post=22000"}],"curies":[{"name":"wp","href":"https:\/\/api.w.org\/{rel}","templated":true}]}}