{"id":22005,"date":"2021-01-27T10:17:49","date_gmt":"2021-01-27T08:17:49","guid":{"rendered":"https:\/\/maqcenter.com\/producto\/multigrind-cb-xl\/"},"modified":"2021-01-27T10:17:49","modified_gmt":"2021-01-27T08:17:49","slug":"multigrind-cb-xl","status":"publish","type":"product","link":"https:\/\/maqcenter.com\/pt-pt\/producto\/multigrind-cb-xl\/","title":{"rendered":"Multigrind\u00ae CB XL"},"content":{"rendered":"<p>Haas Multigrind\u00ae CB XL: o novo ponto de refer\u00eancia<br \/>\nA nossa m\u00e1quina para uma vis\u00e3o ampla leva a tecnologia Multicubo a um novo patamar.<br \/>\nPara pe\u00e7as que anteriormente dificilmente poderiam ser maquinadas numa s\u00f3 configura\u00e7\u00e3o \u2014 agora com a m\u00e1xima qualidade Haas. Para uma precis\u00e3o dimensional ainda maior, gra\u00e7as a componentes de alta precis\u00e3o. Dispon\u00edvel em tr\u00eas vers\u00f5es com mesa de m\u00e1quina de 1.400 mm, 2.600 mm ou mesmo 3.200 mm de comprimento.<br \/>Com todas as vantagens e possibilidades da s\u00e9rie Multigrind\u00ae CB, a CB XL oferece cursos dos eixos de:<br \/>500 mm (eixo Z)<br \/>410 \/ 850 mm (eixo Y)<br \/>at\u00e9 3200 mm (eixo X)<br \/>+70\u00b0 \/ -250\u00b0 (eixo C)      <\/p>\n","protected":false},"excerpt":{"rendered":"<p>Haas Multigrind\u00ae CB XL: o novo ponto de refer\u00eancia A nossa m\u00e1quina para uma vis\u00e3o ampla leva a tecnologia Multicubo a um novo patamar. Para pe\u00e7as que anteriormente dificilmente poderiam ser maquinadas numa s\u00f3 configura\u00e7\u00e3o \u2014 agora com a m\u00e1xima qualidade Haas. Para uma precis\u00e3o dimensional ainda maior, gra\u00e7as a componentes de alta precis\u00e3o. Dispon\u00edvel [&hellip;]<\/p>\n","protected":false},"featured_media":21987,"template":"","meta":[],"product_brand":[],"product_cat":[535,536],"product_tag":[568,576,575],"marca-producto":[101],"serie-producto":[219],"class_list":{"0":"post-22005","1":"product","2":"type-product","3":"status-publish","4":"has-post-thumbnail","6":"product_cat-retificadoras","7":"product_cat-retificadoras-5-eixos","8":"product_tag-aeronautica-pt-pt","9":"product_tag-medico-e-dentario","10":"product_tag-moldes-e-matrizes","11":"marca-producto-haas-multigrind","12":"serie-producto-multigrind","14":"first","15":"instock","16":"product-type-simple"},"yoast_head":"<!-- This site is optimized with the Yoast SEO plugin v27.0 - https:\/\/yoast.com\/product\/yoast-seo-wordpress\/ -->\n<title>Multigrind\u00ae CB XL<\/title>\n<meta name=\"description\" content=\"Multigrind\u00ae CB XL. Haas Multigrind\u00ae CB XL: o novo ponto de refer\u00eancia A nossa m\u00e1quina para uma vis\u00e3o ampla leva a tecnologia Multicubo a um novo patamar. Para pe\u00e7as que\" \/>\n<meta name=\"robots\" content=\"index, follow, max-snippet:-1, max-image-preview:large, max-video-preview:-1\" \/>\n<link rel=\"canonical\" href=\"https:\/\/maqcenter.com\/pt-pt\/producto\/multigrind-cb-xl\/\" \/>\n<meta property=\"og:locale\" content=\"pt_PT\" \/>\n<meta property=\"og:type\" content=\"article\" \/>\n<meta property=\"og:title\" content=\"Multigrind\u00ae CB XL\" \/>\n<meta property=\"og:description\" content=\"Multigrind\u00ae CB XL. Haas Multigrind\u00ae CB XL: o novo ponto de refer\u00eancia A nossa m\u00e1quina para uma vis\u00e3o ampla leva a tecnologia Multicubo a um novo patamar. Para pe\u00e7as que\" \/>\n<meta property=\"og:url\" content=\"https:\/\/maqcenter.com\/pt-pt\/producto\/multigrind-cb-xl\/\" \/>\n<meta property=\"og:site_name\" content=\"MAQcenter\" \/>\n<meta property=\"og:image\" content=\"https:\/\/maqcenter.com\/wp-content\/uploads\/2021\/01\/HAAS-Multigrind-CB-XL-1.jpg\" \/>\n\t<meta property=\"og:image:width\" content=\"500\" \/>\n\t<meta property=\"og:image:height\" content=\"500\" \/>\n\t<meta property=\"og:image:type\" content=\"image\/jpeg\" \/>\n<meta name=\"twitter:card\" content=\"summary_large_image\" \/>\n<meta name=\"twitter:label1\" content=\"Tempo estimado de leitura\" \/>\n\t<meta name=\"twitter:data1\" content=\"1 minuto\" \/>\n<script type=\"application\/ld+json\" class=\"yoast-schema-graph\">{\"@context\":\"https:\/\/schema.org\",\"@graph\":[{\"@type\":[\"WebPage\",\"ItemPage\"],\"@id\":\"https:\/\/maqcenter.com\/pt-pt\/producto\/multigrind-cb-xl\/\",\"url\":\"https:\/\/maqcenter.com\/pt-pt\/producto\/multigrind-cb-xl\/\",\"name\":\"Multigrind\u00ae CB XL\",\"isPartOf\":{\"@id\":\"https:\/\/maqcenter.com\/pt-pt\/#website\"},\"primaryImageOfPage\":{\"@id\":\"https:\/\/maqcenter.com\/pt-pt\/producto\/multigrind-cb-xl\/#primaryimage\"},\"image\":{\"@id\":\"https:\/\/maqcenter.com\/pt-pt\/producto\/multigrind-cb-xl\/#primaryimage\"},\"thumbnailUrl\":\"https:\/\/maqcenter.com\/wp-content\/uploads\/2021\/01\/HAAS-Multigrind-CB-XL-1.jpg\",\"datePublished\":\"2021-01-27T08:17:49+00:00\",\"description\":\"Multigrind\u00ae CB XL. Haas Multigrind\u00ae CB XL: o novo ponto de refer\u00eancia A nossa m\u00e1quina para uma vis\u00e3o ampla leva a tecnologia Multicubo a um novo patamar. Para pe\u00e7as que\",\"breadcrumb\":{\"@id\":\"https:\/\/maqcenter.com\/pt-pt\/producto\/multigrind-cb-xl\/#breadcrumb\"},\"inLanguage\":\"pt-PT\",\"potentialAction\":[{\"@type\":\"ReadAction\",\"target\":[\"https:\/\/maqcenter.com\/pt-pt\/producto\/multigrind-cb-xl\/\"]}]},{\"@type\":\"ImageObject\",\"inLanguage\":\"pt-PT\",\"@id\":\"https:\/\/maqcenter.com\/pt-pt\/producto\/multigrind-cb-xl\/#primaryimage\",\"url\":\"https:\/\/maqcenter.com\/wp-content\/uploads\/2021\/01\/HAAS-Multigrind-CB-XL-1.jpg\",\"contentUrl\":\"https:\/\/maqcenter.com\/wp-content\/uploads\/2021\/01\/HAAS-Multigrind-CB-XL-1.jpg\",\"width\":500,\"height\":500,\"caption\":\"Rectificadoras 5 ejes Haas Multigrind Multigrind\u00ae CB XL\"},{\"@type\":\"BreadcrumbList\",\"@id\":\"https:\/\/maqcenter.com\/pt-pt\/producto\/multigrind-cb-xl\/#breadcrumb\",\"itemListElement\":[{\"@type\":\"ListItem\",\"position\":1,\"name\":\"Productos\",\"item\":\"https:\/\/maqcenter.com\/pt-pt\/\"},{\"@type\":\"ListItem\",\"position\":2,\"name\":\"Produtos\",\"item\":\"https:\/\/maqcenter.com\/pt-pt\/shop\/\"},{\"@type\":\"ListItem\",\"position\":3,\"name\":\"Multigrind\u00ae CB XL\"}]},{\"@type\":\"WebSite\",\"@id\":\"https:\/\/maqcenter.com\/pt-pt\/#website\",\"url\":\"https:\/\/maqcenter.com\/pt-pt\/\",\"name\":\"MAQcenter\",\"description\":\"El centro de tus soluciones\",\"publisher\":{\"@id\":\"https:\/\/maqcenter.com\/pt-pt\/#organization\"},\"potentialAction\":[{\"@type\":\"SearchAction\",\"target\":{\"@type\":\"EntryPoint\",\"urlTemplate\":\"https:\/\/maqcenter.com\/pt-pt\/?s={search_term_string}\"},\"query-input\":{\"@type\":\"PropertyValueSpecification\",\"valueRequired\":true,\"valueName\":\"search_term_string\"}}],\"inLanguage\":\"pt-PT\"},{\"@type\":\"Organization\",\"@id\":\"https:\/\/maqcenter.com\/pt-pt\/#organization\",\"name\":\"MAQcenter S.A.\",\"url\":\"https:\/\/maqcenter.com\/pt-pt\/\",\"logo\":{\"@type\":\"ImageObject\",\"inLanguage\":\"pt-PT\",\"@id\":\"https:\/\/maqcenter.com\/pt-pt\/#\/schema\/logo\/image\/\",\"url\":\"https:\/\/maqcenter.com\/wp-content\/uploads\/2021\/02\/MAQcenter_logo_vertical.svg\",\"contentUrl\":\"https:\/\/maqcenter.com\/wp-content\/uploads\/2021\/02\/MAQcenter_logo_vertical.svg\",\"width\":300,\"height\":174,\"caption\":\"MAQcenter S.A.\"},\"image\":{\"@id\":\"https:\/\/maqcenter.com\/pt-pt\/#\/schema\/logo\/image\/\"}}]}<\/script>\n<!-- \/ Yoast SEO plugin. -->","yoast_head_json":{"title":"Multigrind\u00ae CB XL","description":"Multigrind\u00ae CB XL. Haas Multigrind\u00ae CB XL: o novo ponto de refer\u00eancia A nossa m\u00e1quina para uma vis\u00e3o ampla leva a tecnologia Multicubo a um novo patamar. Para pe\u00e7as que","robots":{"index":"index","follow":"follow","max-snippet":"max-snippet:-1","max-image-preview":"max-image-preview:large","max-video-preview":"max-video-preview:-1"},"canonical":"https:\/\/maqcenter.com\/pt-pt\/producto\/multigrind-cb-xl\/","og_locale":"pt_PT","og_type":"article","og_title":"Multigrind\u00ae CB XL","og_description":"Multigrind\u00ae CB XL. Haas Multigrind\u00ae CB XL: o novo ponto de refer\u00eancia A nossa m\u00e1quina para uma vis\u00e3o ampla leva a tecnologia Multicubo a um novo patamar. Para pe\u00e7as que","og_url":"https:\/\/maqcenter.com\/pt-pt\/producto\/multigrind-cb-xl\/","og_site_name":"MAQcenter","og_image":[{"width":500,"height":500,"url":"https:\/\/maqcenter.com\/wp-content\/uploads\/2021\/01\/HAAS-Multigrind-CB-XL-1.jpg","type":"image\/jpeg"}],"twitter_card":"summary_large_image","twitter_misc":{"Tempo estimado de leitura":"1 minuto"},"schema":{"@context":"https:\/\/schema.org","@graph":[{"@type":["WebPage","ItemPage"],"@id":"https:\/\/maqcenter.com\/pt-pt\/producto\/multigrind-cb-xl\/","url":"https:\/\/maqcenter.com\/pt-pt\/producto\/multigrind-cb-xl\/","name":"Multigrind\u00ae CB XL","isPartOf":{"@id":"https:\/\/maqcenter.com\/pt-pt\/#website"},"primaryImageOfPage":{"@id":"https:\/\/maqcenter.com\/pt-pt\/producto\/multigrind-cb-xl\/#primaryimage"},"image":{"@id":"https:\/\/maqcenter.com\/pt-pt\/producto\/multigrind-cb-xl\/#primaryimage"},"thumbnailUrl":"https:\/\/maqcenter.com\/wp-content\/uploads\/2021\/01\/HAAS-Multigrind-CB-XL-1.jpg","datePublished":"2021-01-27T08:17:49+00:00","description":"Multigrind\u00ae CB XL. Haas Multigrind\u00ae CB XL: o novo ponto de refer\u00eancia A nossa m\u00e1quina para uma vis\u00e3o ampla leva a tecnologia Multicubo a um novo patamar. Para pe\u00e7as que","breadcrumb":{"@id":"https:\/\/maqcenter.com\/pt-pt\/producto\/multigrind-cb-xl\/#breadcrumb"},"inLanguage":"pt-PT","potentialAction":[{"@type":"ReadAction","target":["https:\/\/maqcenter.com\/pt-pt\/producto\/multigrind-cb-xl\/"]}]},{"@type":"ImageObject","inLanguage":"pt-PT","@id":"https:\/\/maqcenter.com\/pt-pt\/producto\/multigrind-cb-xl\/#primaryimage","url":"https:\/\/maqcenter.com\/wp-content\/uploads\/2021\/01\/HAAS-Multigrind-CB-XL-1.jpg","contentUrl":"https:\/\/maqcenter.com\/wp-content\/uploads\/2021\/01\/HAAS-Multigrind-CB-XL-1.jpg","width":500,"height":500,"caption":"Rectificadoras 5 ejes Haas Multigrind Multigrind\u00ae CB XL"},{"@type":"BreadcrumbList","@id":"https:\/\/maqcenter.com\/pt-pt\/producto\/multigrind-cb-xl\/#breadcrumb","itemListElement":[{"@type":"ListItem","position":1,"name":"Productos","item":"https:\/\/maqcenter.com\/pt-pt\/"},{"@type":"ListItem","position":2,"name":"Produtos","item":"https:\/\/maqcenter.com\/pt-pt\/shop\/"},{"@type":"ListItem","position":3,"name":"Multigrind\u00ae CB XL"}]},{"@type":"WebSite","@id":"https:\/\/maqcenter.com\/pt-pt\/#website","url":"https:\/\/maqcenter.com\/pt-pt\/","name":"MAQcenter","description":"El centro de tus soluciones","publisher":{"@id":"https:\/\/maqcenter.com\/pt-pt\/#organization"},"potentialAction":[{"@type":"SearchAction","target":{"@type":"EntryPoint","urlTemplate":"https:\/\/maqcenter.com\/pt-pt\/?s={search_term_string}"},"query-input":{"@type":"PropertyValueSpecification","valueRequired":true,"valueName":"search_term_string"}}],"inLanguage":"pt-PT"},{"@type":"Organization","@id":"https:\/\/maqcenter.com\/pt-pt\/#organization","name":"MAQcenter S.A.","url":"https:\/\/maqcenter.com\/pt-pt\/","logo":{"@type":"ImageObject","inLanguage":"pt-PT","@id":"https:\/\/maqcenter.com\/pt-pt\/#\/schema\/logo\/image\/","url":"https:\/\/maqcenter.com\/wp-content\/uploads\/2021\/02\/MAQcenter_logo_vertical.svg","contentUrl":"https:\/\/maqcenter.com\/wp-content\/uploads\/2021\/02\/MAQcenter_logo_vertical.svg","width":300,"height":174,"caption":"MAQcenter S.A."},"image":{"@id":"https:\/\/maqcenter.com\/pt-pt\/#\/schema\/logo\/image\/"}}]}},"_links":{"self":[{"href":"https:\/\/maqcenter.com\/pt-pt\/wp-json\/wp\/v2\/product\/22005","targetHints":{"allow":["GET"]}}],"collection":[{"href":"https:\/\/maqcenter.com\/pt-pt\/wp-json\/wp\/v2\/product"}],"about":[{"href":"https:\/\/maqcenter.com\/pt-pt\/wp-json\/wp\/v2\/types\/product"}],"wp:featuredmedia":[{"embeddable":true,"href":"https:\/\/maqcenter.com\/pt-pt\/wp-json\/wp\/v2\/media\/21987"}],"wp:attachment":[{"href":"https:\/\/maqcenter.com\/pt-pt\/wp-json\/wp\/v2\/media?parent=22005"}],"wp:term":[{"taxonomy":"product_brand","embeddable":true,"href":"https:\/\/maqcenter.com\/pt-pt\/wp-json\/wp\/v2\/product_brand?post=22005"},{"taxonomy":"product_cat","embeddable":true,"href":"https:\/\/maqcenter.com\/pt-pt\/wp-json\/wp\/v2\/product_cat?post=22005"},{"taxonomy":"product_tag","embeddable":true,"href":"https:\/\/maqcenter.com\/pt-pt\/wp-json\/wp\/v2\/product_tag?post=22005"},{"taxonomy":"marca-producto","embeddable":true,"href":"https:\/\/maqcenter.com\/pt-pt\/wp-json\/wp\/v2\/marca-producto?post=22005"},{"taxonomy":"serie-producto","embeddable":true,"href":"https:\/\/maqcenter.com\/pt-pt\/wp-json\/wp\/v2\/serie-producto?post=22005"}],"curies":[{"name":"wp","href":"https:\/\/api.w.org\/{rel}","templated":true}]}}