{"id":22047,"date":"2021-04-07T07:19:23","date_gmt":"2021-04-07T05:19:23","guid":{"rendered":"https:\/\/maqcenter.com\/producto\/bracadeira-hidraulica-de-alavanca-articulada\/"},"modified":"2021-04-07T07:19:23","modified_gmt":"2021-04-07T05:19:23","slug":"bracadeira-hidraulica-de-alavanca-articulada","status":"publish","type":"product","link":"https:\/\/maqcenter.com\/pt-pt\/producto\/bracadeira-hidraulica-de-alavanca-articulada\/","title":{"rendered":"Bra\u00e7adeira hidr\u00e1ulica de alavanca articulada"},"content":{"rendered":"<p>Cilindro de fixa\u00e7\u00e3o vertical. Desce verticalmente para fazer o empate na pe\u00e7a. <\/p>\n","protected":false},"excerpt":{"rendered":"<p>Cilindro de fixa\u00e7\u00e3o vertical. Desce verticalmente para fazer o empate na pe\u00e7a.<\/p>\n","protected":false},"featured_media":22048,"template":"","meta":[],"product_brand":[],"product_cat":[556,549,550],"product_tag":[568,569,572],"marca-producto":[106],"serie-producto":[],"class_list":{"0":"post-22047","1":"product","2":"type-product","3":"status-publish","4":"has-post-thumbnail","6":"product_cat-aplicacoes-de-maquinas-ferramentas","7":"product_cat-dispositivos-de-aperto","8":"product_cat-elementos-para-solucoes-de-fixacao","9":"product_tag-aeronautica-pt-pt","10":"product_tag-automovel","11":"product_tag-ferrovia","12":"marca-producto-kosmek","14":"first","15":"instock","16":"product-type-simple"},"yoast_head":"<!-- This site is optimized with the Yoast SEO plugin v27.0 - https:\/\/yoast.com\/product\/yoast-seo-wordpress\/ -->\n<title>Bra\u00e7adeira hidr\u00e1ulica de alavanca articulada<\/title>\n<meta name=\"description\" content=\"Bra\u00e7adeira hidr\u00e1ulica de alavanca articulada. Cilindro de fixa\u00e7\u00e3o vertical. Desce verticalmente para fazer o empate na pe\u00e7a.\" \/>\n<meta name=\"robots\" content=\"index, follow, max-snippet:-1, max-image-preview:large, max-video-preview:-1\" \/>\n<link rel=\"canonical\" href=\"https:\/\/maqcenter.com\/pt-pt\/producto\/bracadeira-hidraulica-de-alavanca-articulada\/\" \/>\n<meta property=\"og:locale\" content=\"pt_PT\" \/>\n<meta property=\"og:type\" content=\"article\" \/>\n<meta property=\"og:title\" content=\"Bra\u00e7adeira hidr\u00e1ulica de alavanca articulada\" \/>\n<meta property=\"og:description\" content=\"Bra\u00e7adeira hidr\u00e1ulica de alavanca articulada. Cilindro de fixa\u00e7\u00e3o vertical. Desce verticalmente para fazer o empate na pe\u00e7a.\" \/>\n<meta property=\"og:url\" content=\"https:\/\/maqcenter.com\/pt-pt\/producto\/bracadeira-hidraulica-de-alavanca-articulada\/\" \/>\n<meta property=\"og:site_name\" content=\"MAQcenter\" \/>\n<meta name=\"twitter:card\" content=\"summary_large_image\" \/>\n<script type=\"application\/ld+json\" class=\"yoast-schema-graph\">{\"@context\":\"https:\/\/schema.org\",\"@graph\":[{\"@type\":[\"WebPage\",\"ItemPage\"],\"@id\":\"https:\/\/maqcenter.com\/pt-pt\/producto\/bracadeira-hidraulica-de-alavanca-articulada\/\",\"url\":\"https:\/\/maqcenter.com\/pt-pt\/producto\/bracadeira-hidraulica-de-alavanca-articulada\/\",\"name\":\"Bra\u00e7adeira hidr\u00e1ulica de alavanca articulada\",\"isPartOf\":{\"@id\":\"https:\/\/maqcenter.com\/pt-pt\/#website\"},\"primaryImageOfPage\":{\"@id\":\"https:\/\/maqcenter.com\/pt-pt\/producto\/bracadeira-hidraulica-de-alavanca-articulada\/#primaryimage\"},\"image\":{\"@id\":\"https:\/\/maqcenter.com\/pt-pt\/producto\/bracadeira-hidraulica-de-alavanca-articulada\/#primaryimage\"},\"thumbnailUrl\":\"https:\/\/maqcenter.com\/wp-content\/uploads\/2021\/04\/KOSMEK-garra-hidraulica-palanca-articulada-aplicaciones-utillajes.jpg\",\"datePublished\":\"2021-04-07T05:19:23+00:00\",\"description\":\"Bra\u00e7adeira hidr\u00e1ulica de alavanca articulada. Cilindro de fixa\u00e7\u00e3o vertical. Desce verticalmente para fazer o empate na pe\u00e7a.\",\"breadcrumb\":{\"@id\":\"https:\/\/maqcenter.com\/pt-pt\/producto\/bracadeira-hidraulica-de-alavanca-articulada\/#breadcrumb\"},\"inLanguage\":\"pt-PT\",\"potentialAction\":[{\"@type\":\"ReadAction\",\"target\":[\"https:\/\/maqcenter.com\/pt-pt\/producto\/bracadeira-hidraulica-de-alavanca-articulada\/\"]}]},{\"@type\":\"ImageObject\",\"inLanguage\":\"pt-PT\",\"@id\":\"https:\/\/maqcenter.com\/pt-pt\/producto\/bracadeira-hidraulica-de-alavanca-articulada\/#primaryimage\",\"url\":\"https:\/\/maqcenter.com\/wp-content\/uploads\/2021\/04\/KOSMEK-garra-hidraulica-palanca-articulada-aplicaciones-utillajes.jpg\",\"contentUrl\":\"https:\/\/maqcenter.com\/wp-content\/uploads\/2021\/04\/KOSMEK-garra-hidraulica-palanca-articulada-aplicaciones-utillajes.jpg\",\"width\":500,\"height\":500},{\"@type\":\"BreadcrumbList\",\"@id\":\"https:\/\/maqcenter.com\/pt-pt\/producto\/bracadeira-hidraulica-de-alavanca-articulada\/#breadcrumb\",\"itemListElement\":[{\"@type\":\"ListItem\",\"position\":1,\"name\":\"Productos\",\"item\":\"https:\/\/maqcenter.com\/pt-pt\/\"},{\"@type\":\"ListItem\",\"position\":2,\"name\":\"Produtos\",\"item\":\"https:\/\/maqcenter.com\/pt-pt\/shop\/\"},{\"@type\":\"ListItem\",\"position\":3,\"name\":\"Bra\u00e7adeira hidr\u00e1ulica de alavanca articulada\"}]},{\"@type\":\"WebSite\",\"@id\":\"https:\/\/maqcenter.com\/pt-pt\/#website\",\"url\":\"https:\/\/maqcenter.com\/pt-pt\/\",\"name\":\"MAQcenter\",\"description\":\"El centro de tus soluciones\",\"publisher\":{\"@id\":\"https:\/\/maqcenter.com\/pt-pt\/#organization\"},\"potentialAction\":[{\"@type\":\"SearchAction\",\"target\":{\"@type\":\"EntryPoint\",\"urlTemplate\":\"https:\/\/maqcenter.com\/pt-pt\/?s={search_term_string}\"},\"query-input\":{\"@type\":\"PropertyValueSpecification\",\"valueRequired\":true,\"valueName\":\"search_term_string\"}}],\"inLanguage\":\"pt-PT\"},{\"@type\":\"Organization\",\"@id\":\"https:\/\/maqcenter.com\/pt-pt\/#organization\",\"name\":\"MAQcenter S.A.\",\"url\":\"https:\/\/maqcenter.com\/pt-pt\/\",\"logo\":{\"@type\":\"ImageObject\",\"inLanguage\":\"pt-PT\",\"@id\":\"https:\/\/maqcenter.com\/pt-pt\/#\/schema\/logo\/image\/\",\"url\":\"https:\/\/maqcenter.com\/wp-content\/uploads\/2021\/02\/MAQcenter_logo_vertical.svg\",\"contentUrl\":\"https:\/\/maqcenter.com\/wp-content\/uploads\/2021\/02\/MAQcenter_logo_vertical.svg\",\"width\":300,\"height\":174,\"caption\":\"MAQcenter S.A.\"},\"image\":{\"@id\":\"https:\/\/maqcenter.com\/pt-pt\/#\/schema\/logo\/image\/\"}}]}<\/script>\n<!-- \/ Yoast SEO plugin. -->","yoast_head_json":{"title":"Bra\u00e7adeira hidr\u00e1ulica de alavanca articulada","description":"Bra\u00e7adeira hidr\u00e1ulica de alavanca articulada. Cilindro de fixa\u00e7\u00e3o vertical. Desce verticalmente para fazer o empate na pe\u00e7a.","robots":{"index":"index","follow":"follow","max-snippet":"max-snippet:-1","max-image-preview":"max-image-preview:large","max-video-preview":"max-video-preview:-1"},"canonical":"https:\/\/maqcenter.com\/pt-pt\/producto\/bracadeira-hidraulica-de-alavanca-articulada\/","og_locale":"pt_PT","og_type":"article","og_title":"Bra\u00e7adeira hidr\u00e1ulica de alavanca articulada","og_description":"Bra\u00e7adeira hidr\u00e1ulica de alavanca articulada. Cilindro de fixa\u00e7\u00e3o vertical. Desce verticalmente para fazer o empate na pe\u00e7a.","og_url":"https:\/\/maqcenter.com\/pt-pt\/producto\/bracadeira-hidraulica-de-alavanca-articulada\/","og_site_name":"MAQcenter","twitter_card":"summary_large_image","schema":{"@context":"https:\/\/schema.org","@graph":[{"@type":["WebPage","ItemPage"],"@id":"https:\/\/maqcenter.com\/pt-pt\/producto\/bracadeira-hidraulica-de-alavanca-articulada\/","url":"https:\/\/maqcenter.com\/pt-pt\/producto\/bracadeira-hidraulica-de-alavanca-articulada\/","name":"Bra\u00e7adeira hidr\u00e1ulica de alavanca articulada","isPartOf":{"@id":"https:\/\/maqcenter.com\/pt-pt\/#website"},"primaryImageOfPage":{"@id":"https:\/\/maqcenter.com\/pt-pt\/producto\/bracadeira-hidraulica-de-alavanca-articulada\/#primaryimage"},"image":{"@id":"https:\/\/maqcenter.com\/pt-pt\/producto\/bracadeira-hidraulica-de-alavanca-articulada\/#primaryimage"},"thumbnailUrl":"https:\/\/maqcenter.com\/wp-content\/uploads\/2021\/04\/KOSMEK-garra-hidraulica-palanca-articulada-aplicaciones-utillajes.jpg","datePublished":"2021-04-07T05:19:23+00:00","description":"Bra\u00e7adeira hidr\u00e1ulica de alavanca articulada. Cilindro de fixa\u00e7\u00e3o vertical. Desce verticalmente para fazer o empate na pe\u00e7a.","breadcrumb":{"@id":"https:\/\/maqcenter.com\/pt-pt\/producto\/bracadeira-hidraulica-de-alavanca-articulada\/#breadcrumb"},"inLanguage":"pt-PT","potentialAction":[{"@type":"ReadAction","target":["https:\/\/maqcenter.com\/pt-pt\/producto\/bracadeira-hidraulica-de-alavanca-articulada\/"]}]},{"@type":"ImageObject","inLanguage":"pt-PT","@id":"https:\/\/maqcenter.com\/pt-pt\/producto\/bracadeira-hidraulica-de-alavanca-articulada\/#primaryimage","url":"https:\/\/maqcenter.com\/wp-content\/uploads\/2021\/04\/KOSMEK-garra-hidraulica-palanca-articulada-aplicaciones-utillajes.jpg","contentUrl":"https:\/\/maqcenter.com\/wp-content\/uploads\/2021\/04\/KOSMEK-garra-hidraulica-palanca-articulada-aplicaciones-utillajes.jpg","width":500,"height":500},{"@type":"BreadcrumbList","@id":"https:\/\/maqcenter.com\/pt-pt\/producto\/bracadeira-hidraulica-de-alavanca-articulada\/#breadcrumb","itemListElement":[{"@type":"ListItem","position":1,"name":"Productos","item":"https:\/\/maqcenter.com\/pt-pt\/"},{"@type":"ListItem","position":2,"name":"Produtos","item":"https:\/\/maqcenter.com\/pt-pt\/shop\/"},{"@type":"ListItem","position":3,"name":"Bra\u00e7adeira hidr\u00e1ulica de alavanca articulada"}]},{"@type":"WebSite","@id":"https:\/\/maqcenter.com\/pt-pt\/#website","url":"https:\/\/maqcenter.com\/pt-pt\/","name":"MAQcenter","description":"El centro de tus soluciones","publisher":{"@id":"https:\/\/maqcenter.com\/pt-pt\/#organization"},"potentialAction":[{"@type":"SearchAction","target":{"@type":"EntryPoint","urlTemplate":"https:\/\/maqcenter.com\/pt-pt\/?s={search_term_string}"},"query-input":{"@type":"PropertyValueSpecification","valueRequired":true,"valueName":"search_term_string"}}],"inLanguage":"pt-PT"},{"@type":"Organization","@id":"https:\/\/maqcenter.com\/pt-pt\/#organization","name":"MAQcenter S.A.","url":"https:\/\/maqcenter.com\/pt-pt\/","logo":{"@type":"ImageObject","inLanguage":"pt-PT","@id":"https:\/\/maqcenter.com\/pt-pt\/#\/schema\/logo\/image\/","url":"https:\/\/maqcenter.com\/wp-content\/uploads\/2021\/02\/MAQcenter_logo_vertical.svg","contentUrl":"https:\/\/maqcenter.com\/wp-content\/uploads\/2021\/02\/MAQcenter_logo_vertical.svg","width":300,"height":174,"caption":"MAQcenter S.A."},"image":{"@id":"https:\/\/maqcenter.com\/pt-pt\/#\/schema\/logo\/image\/"}}]}},"_links":{"self":[{"href":"https:\/\/maqcenter.com\/pt-pt\/wp-json\/wp\/v2\/product\/22047","targetHints":{"allow":["GET"]}}],"collection":[{"href":"https:\/\/maqcenter.com\/pt-pt\/wp-json\/wp\/v2\/product"}],"about":[{"href":"https:\/\/maqcenter.com\/pt-pt\/wp-json\/wp\/v2\/types\/product"}],"wp:featuredmedia":[{"embeddable":true,"href":"https:\/\/maqcenter.com\/pt-pt\/wp-json\/wp\/v2\/media\/22048"}],"wp:attachment":[{"href":"https:\/\/maqcenter.com\/pt-pt\/wp-json\/wp\/v2\/media?parent=22047"}],"wp:term":[{"taxonomy":"product_brand","embeddable":true,"href":"https:\/\/maqcenter.com\/pt-pt\/wp-json\/wp\/v2\/product_brand?post=22047"},{"taxonomy":"product_cat","embeddable":true,"href":"https:\/\/maqcenter.com\/pt-pt\/wp-json\/wp\/v2\/product_cat?post=22047"},{"taxonomy":"product_tag","embeddable":true,"href":"https:\/\/maqcenter.com\/pt-pt\/wp-json\/wp\/v2\/product_tag?post=22047"},{"taxonomy":"marca-producto","embeddable":true,"href":"https:\/\/maqcenter.com\/pt-pt\/wp-json\/wp\/v2\/marca-producto?post=22047"},{"taxonomy":"serie-producto","embeddable":true,"href":"https:\/\/maqcenter.com\/pt-pt\/wp-json\/wp\/v2\/serie-producto?post=22047"}],"curies":[{"name":"wp","href":"https:\/\/api.w.org\/{rel}","templated":true}]}}