{"id":22092,"date":"2021-04-07T07:19:23","date_gmt":"2021-04-07T05:19:23","guid":{"rendered":"https:\/\/maqcenter.com\/producto\/ponto-zero-para-palete-high-power\/"},"modified":"2021-04-07T07:19:23","modified_gmt":"2021-04-07T05:19:23","slug":"ponto-zero-para-palete-high-power","status":"publish","type":"product","link":"https:\/\/maqcenter.com\/pt-pt\/producto\/ponto-zero-para-palete-high-power\/","title":{"rendered":"Ponto zero para palete. (High-Power)"},"content":{"rendered":"<p>\u00b7 Este grampo localiza e mant\u00e9m simultaneamente.<br \/>\n\u00b7 Corpo de baixo perfil permite carregamento \/ descarregamento suave.<br \/>\n\u00b7 A for\u00e7a de aperto permanente garante a seguran\u00e7a.<br \/>\n\u00b7 Repetibilidade de localiza\u00e7\u00e3o: 0,08 mm, 100% a\u00e7o inoxid\u00e1vel.<\/p>\n","protected":false},"excerpt":{"rendered":"<p>\u00b7 Este grampo localiza e mant\u00e9m simultaneamente. \u00b7 Corpo de baixo perfil permite carregamento \/ descarregamento suave. \u00b7 A for\u00e7a de aperto permanente garante a seguran\u00e7a. \u00b7 Repetibilidade de localiza\u00e7\u00e3o: 0,08 mm, 100% a\u00e7o inoxid\u00e1vel.<\/p>\n","protected":false},"featured_media":22093,"template":"","meta":[],"product_brand":[],"product_cat":[555,549,550],"product_tag":[568,569,572],"marca-producto":[106],"serie-producto":[],"class_list":{"0":"post-22092","1":"product","2":"type-product","3":"status-publish","4":"has-post-thumbnail","6":"product_cat-aplicacoes-de-soldadura","7":"product_cat-dispositivos-de-aperto","8":"product_cat-elementos-para-solucoes-de-fixacao","9":"product_tag-aeronautica-pt-pt","10":"product_tag-automovel","11":"product_tag-ferrovia","12":"marca-producto-kosmek","14":"first","15":"instock","16":"product-type-simple"},"yoast_head":"<!-- This site is optimized with the Yoast SEO plugin v27.0 - https:\/\/yoast.com\/product\/yoast-seo-wordpress\/ -->\n<title>Ponto zero para palete. (High-Power)<\/title>\n<meta name=\"description\" content=\"Ponto zero para palete. (High-Power). \u00b7 Este grampo localiza e mant\u00e9m simultaneamente. \u00b7 Corpo de baixo perfil permite carregamento \/ descarregamento suave. \u00b7 A for\u00e7a de aperto permanente\" \/>\n<meta name=\"robots\" content=\"index, follow, max-snippet:-1, max-image-preview:large, max-video-preview:-1\" \/>\n<link rel=\"canonical\" href=\"https:\/\/maqcenter.com\/pt-pt\/producto\/ponto-zero-para-palete-high-power\/\" \/>\n<meta property=\"og:locale\" content=\"pt_PT\" \/>\n<meta property=\"og:type\" content=\"article\" \/>\n<meta property=\"og:title\" content=\"Ponto zero para palete. (High-Power)\" \/>\n<meta property=\"og:description\" content=\"Ponto zero para palete. (High-Power). \u00b7 Este grampo localiza e mant\u00e9m simultaneamente. \u00b7 Corpo de baixo perfil permite carregamento \/ descarregamento suave. \u00b7 A for\u00e7a de aperto permanente\" \/>\n<meta property=\"og:url\" content=\"https:\/\/maqcenter.com\/pt-pt\/producto\/ponto-zero-para-palete-high-power\/\" \/>\n<meta property=\"og:site_name\" content=\"MAQcenter\" \/>\n<meta name=\"twitter:card\" content=\"summary_large_image\" \/>\n<script type=\"application\/ld+json\" class=\"yoast-schema-graph\">{\"@context\":\"https:\/\/schema.org\",\"@graph\":[{\"@type\":[\"WebPage\",\"ItemPage\"],\"@id\":\"https:\/\/maqcenter.com\/pt-pt\/producto\/ponto-zero-para-palete-high-power\/\",\"url\":\"https:\/\/maqcenter.com\/pt-pt\/producto\/ponto-zero-para-palete-high-power\/\",\"name\":\"Ponto zero para palete. (High-Power)\",\"isPartOf\":{\"@id\":\"https:\/\/maqcenter.com\/pt-pt\/#website\"},\"primaryImageOfPage\":{\"@id\":\"https:\/\/maqcenter.com\/pt-pt\/producto\/ponto-zero-para-palete-high-power\/#primaryimage\"},\"image\":{\"@id\":\"https:\/\/maqcenter.com\/pt-pt\/producto\/ponto-zero-para-palete-high-power\/#primaryimage\"},\"thumbnailUrl\":\"https:\/\/maqcenter.com\/wp-content\/uploads\/2021\/04\/KOSMEK-punto-cero-pallet-aplicaciones-soldadura.jpg\",\"datePublished\":\"2021-04-07T05:19:23+00:00\",\"description\":\"Ponto zero para palete. (High-Power). \u00b7 Este grampo localiza e mant\u00e9m simultaneamente. \u00b7 Corpo de baixo perfil permite carregamento \/ descarregamento suave. \u00b7 A for\u00e7a de aperto permanente\",\"breadcrumb\":{\"@id\":\"https:\/\/maqcenter.com\/pt-pt\/producto\/ponto-zero-para-palete-high-power\/#breadcrumb\"},\"inLanguage\":\"pt-PT\",\"potentialAction\":[{\"@type\":\"ReadAction\",\"target\":[\"https:\/\/maqcenter.com\/pt-pt\/producto\/ponto-zero-para-palete-high-power\/\"]}]},{\"@type\":\"ImageObject\",\"inLanguage\":\"pt-PT\",\"@id\":\"https:\/\/maqcenter.com\/pt-pt\/producto\/ponto-zero-para-palete-high-power\/#primaryimage\",\"url\":\"https:\/\/maqcenter.com\/wp-content\/uploads\/2021\/04\/KOSMEK-punto-cero-pallet-aplicaciones-soldadura.jpg\",\"contentUrl\":\"https:\/\/maqcenter.com\/wp-content\/uploads\/2021\/04\/KOSMEK-punto-cero-pallet-aplicaciones-soldadura.jpg\",\"width\":500,\"height\":500},{\"@type\":\"BreadcrumbList\",\"@id\":\"https:\/\/maqcenter.com\/pt-pt\/producto\/ponto-zero-para-palete-high-power\/#breadcrumb\",\"itemListElement\":[{\"@type\":\"ListItem\",\"position\":1,\"name\":\"Productos\",\"item\":\"https:\/\/maqcenter.com\/pt-pt\/\"},{\"@type\":\"ListItem\",\"position\":2,\"name\":\"Produtos\",\"item\":\"https:\/\/maqcenter.com\/pt-pt\/shop\/\"},{\"@type\":\"ListItem\",\"position\":3,\"name\":\"Ponto zero para palete. (High-Power)\"}]},{\"@type\":\"WebSite\",\"@id\":\"https:\/\/maqcenter.com\/pt-pt\/#website\",\"url\":\"https:\/\/maqcenter.com\/pt-pt\/\",\"name\":\"MAQcenter\",\"description\":\"El centro de tus soluciones\",\"publisher\":{\"@id\":\"https:\/\/maqcenter.com\/pt-pt\/#organization\"},\"potentialAction\":[{\"@type\":\"SearchAction\",\"target\":{\"@type\":\"EntryPoint\",\"urlTemplate\":\"https:\/\/maqcenter.com\/pt-pt\/?s={search_term_string}\"},\"query-input\":{\"@type\":\"PropertyValueSpecification\",\"valueRequired\":true,\"valueName\":\"search_term_string\"}}],\"inLanguage\":\"pt-PT\"},{\"@type\":\"Organization\",\"@id\":\"https:\/\/maqcenter.com\/pt-pt\/#organization\",\"name\":\"MAQcenter S.A.\",\"url\":\"https:\/\/maqcenter.com\/pt-pt\/\",\"logo\":{\"@type\":\"ImageObject\",\"inLanguage\":\"pt-PT\",\"@id\":\"https:\/\/maqcenter.com\/pt-pt\/#\/schema\/logo\/image\/\",\"url\":\"https:\/\/maqcenter.com\/wp-content\/uploads\/2021\/02\/MAQcenter_logo_vertical.svg\",\"contentUrl\":\"https:\/\/maqcenter.com\/wp-content\/uploads\/2021\/02\/MAQcenter_logo_vertical.svg\",\"width\":300,\"height\":174,\"caption\":\"MAQcenter S.A.\"},\"image\":{\"@id\":\"https:\/\/maqcenter.com\/pt-pt\/#\/schema\/logo\/image\/\"}}]}<\/script>\n<!-- \/ Yoast SEO plugin. -->","yoast_head_json":{"title":"Ponto zero para palete. (High-Power)","description":"Ponto zero para palete. (High-Power). \u00b7 Este grampo localiza e mant\u00e9m simultaneamente. \u00b7 Corpo de baixo perfil permite carregamento \/ descarregamento suave. \u00b7 A for\u00e7a de aperto permanente","robots":{"index":"index","follow":"follow","max-snippet":"max-snippet:-1","max-image-preview":"max-image-preview:large","max-video-preview":"max-video-preview:-1"},"canonical":"https:\/\/maqcenter.com\/pt-pt\/producto\/ponto-zero-para-palete-high-power\/","og_locale":"pt_PT","og_type":"article","og_title":"Ponto zero para palete. (High-Power)","og_description":"Ponto zero para palete. (High-Power). \u00b7 Este grampo localiza e mant\u00e9m simultaneamente. \u00b7 Corpo de baixo perfil permite carregamento \/ descarregamento suave. \u00b7 A for\u00e7a de aperto permanente","og_url":"https:\/\/maqcenter.com\/pt-pt\/producto\/ponto-zero-para-palete-high-power\/","og_site_name":"MAQcenter","twitter_card":"summary_large_image","schema":{"@context":"https:\/\/schema.org","@graph":[{"@type":["WebPage","ItemPage"],"@id":"https:\/\/maqcenter.com\/pt-pt\/producto\/ponto-zero-para-palete-high-power\/","url":"https:\/\/maqcenter.com\/pt-pt\/producto\/ponto-zero-para-palete-high-power\/","name":"Ponto zero para palete. (High-Power)","isPartOf":{"@id":"https:\/\/maqcenter.com\/pt-pt\/#website"},"primaryImageOfPage":{"@id":"https:\/\/maqcenter.com\/pt-pt\/producto\/ponto-zero-para-palete-high-power\/#primaryimage"},"image":{"@id":"https:\/\/maqcenter.com\/pt-pt\/producto\/ponto-zero-para-palete-high-power\/#primaryimage"},"thumbnailUrl":"https:\/\/maqcenter.com\/wp-content\/uploads\/2021\/04\/KOSMEK-punto-cero-pallet-aplicaciones-soldadura.jpg","datePublished":"2021-04-07T05:19:23+00:00","description":"Ponto zero para palete. (High-Power). \u00b7 Este grampo localiza e mant\u00e9m simultaneamente. \u00b7 Corpo de baixo perfil permite carregamento \/ descarregamento suave. \u00b7 A for\u00e7a de aperto permanente","breadcrumb":{"@id":"https:\/\/maqcenter.com\/pt-pt\/producto\/ponto-zero-para-palete-high-power\/#breadcrumb"},"inLanguage":"pt-PT","potentialAction":[{"@type":"ReadAction","target":["https:\/\/maqcenter.com\/pt-pt\/producto\/ponto-zero-para-palete-high-power\/"]}]},{"@type":"ImageObject","inLanguage":"pt-PT","@id":"https:\/\/maqcenter.com\/pt-pt\/producto\/ponto-zero-para-palete-high-power\/#primaryimage","url":"https:\/\/maqcenter.com\/wp-content\/uploads\/2021\/04\/KOSMEK-punto-cero-pallet-aplicaciones-soldadura.jpg","contentUrl":"https:\/\/maqcenter.com\/wp-content\/uploads\/2021\/04\/KOSMEK-punto-cero-pallet-aplicaciones-soldadura.jpg","width":500,"height":500},{"@type":"BreadcrumbList","@id":"https:\/\/maqcenter.com\/pt-pt\/producto\/ponto-zero-para-palete-high-power\/#breadcrumb","itemListElement":[{"@type":"ListItem","position":1,"name":"Productos","item":"https:\/\/maqcenter.com\/pt-pt\/"},{"@type":"ListItem","position":2,"name":"Produtos","item":"https:\/\/maqcenter.com\/pt-pt\/shop\/"},{"@type":"ListItem","position":3,"name":"Ponto zero para palete. (High-Power)"}]},{"@type":"WebSite","@id":"https:\/\/maqcenter.com\/pt-pt\/#website","url":"https:\/\/maqcenter.com\/pt-pt\/","name":"MAQcenter","description":"El centro de tus soluciones","publisher":{"@id":"https:\/\/maqcenter.com\/pt-pt\/#organization"},"potentialAction":[{"@type":"SearchAction","target":{"@type":"EntryPoint","urlTemplate":"https:\/\/maqcenter.com\/pt-pt\/?s={search_term_string}"},"query-input":{"@type":"PropertyValueSpecification","valueRequired":true,"valueName":"search_term_string"}}],"inLanguage":"pt-PT"},{"@type":"Organization","@id":"https:\/\/maqcenter.com\/pt-pt\/#organization","name":"MAQcenter S.A.","url":"https:\/\/maqcenter.com\/pt-pt\/","logo":{"@type":"ImageObject","inLanguage":"pt-PT","@id":"https:\/\/maqcenter.com\/pt-pt\/#\/schema\/logo\/image\/","url":"https:\/\/maqcenter.com\/wp-content\/uploads\/2021\/02\/MAQcenter_logo_vertical.svg","contentUrl":"https:\/\/maqcenter.com\/wp-content\/uploads\/2021\/02\/MAQcenter_logo_vertical.svg","width":300,"height":174,"caption":"MAQcenter S.A."},"image":{"@id":"https:\/\/maqcenter.com\/pt-pt\/#\/schema\/logo\/image\/"}}]}},"_links":{"self":[{"href":"https:\/\/maqcenter.com\/pt-pt\/wp-json\/wp\/v2\/product\/22092","targetHints":{"allow":["GET"]}}],"collection":[{"href":"https:\/\/maqcenter.com\/pt-pt\/wp-json\/wp\/v2\/product"}],"about":[{"href":"https:\/\/maqcenter.com\/pt-pt\/wp-json\/wp\/v2\/types\/product"}],"wp:featuredmedia":[{"embeddable":true,"href":"https:\/\/maqcenter.com\/pt-pt\/wp-json\/wp\/v2\/media\/22093"}],"wp:attachment":[{"href":"https:\/\/maqcenter.com\/pt-pt\/wp-json\/wp\/v2\/media?parent=22092"}],"wp:term":[{"taxonomy":"product_brand","embeddable":true,"href":"https:\/\/maqcenter.com\/pt-pt\/wp-json\/wp\/v2\/product_brand?post=22092"},{"taxonomy":"product_cat","embeddable":true,"href":"https:\/\/maqcenter.com\/pt-pt\/wp-json\/wp\/v2\/product_cat?post=22092"},{"taxonomy":"product_tag","embeddable":true,"href":"https:\/\/maqcenter.com\/pt-pt\/wp-json\/wp\/v2\/product_tag?post=22092"},{"taxonomy":"marca-producto","embeddable":true,"href":"https:\/\/maqcenter.com\/pt-pt\/wp-json\/wp\/v2\/marca-producto?post=22092"},{"taxonomy":"serie-producto","embeddable":true,"href":"https:\/\/maqcenter.com\/pt-pt\/wp-json\/wp\/v2\/serie-producto?post=22092"}],"curies":[{"name":"wp","href":"https:\/\/api.w.org\/{rel}","templated":true}]}}