{"id":22129,"date":"2021-02-08T11:37:28","date_gmt":"2021-02-08T09:37:28","guid":{"rendered":"https:\/\/maqcenter.com\/producto\/fz32\/"},"modified":"2021-02-08T11:37:28","modified_gmt":"2021-02-08T09:37:28","slug":"fz32","status":"publish","type":"product","link":"https:\/\/maqcenter.com\/pt-pt\/producto\/fz32\/","title":{"rendered":"FZ32"},"content":{"rendered":"<p>O PRIMEIRO DE SUA CLASSE.<br \/>\nO FZ32 \u00e9 a nossa linha de p\u00f3rtico de 5 eixos FZP de pr\u00f3xima gera\u00e7\u00e3o para usinagem de alum\u00ednio, compostos de fibra, pl\u00e1sticos e resina. O portal de gerenciamento central particularmente r\u00edgido e recentemente desenvolvido nos permite atender \u00e0s crescentes demandas da ind\u00fastria de avia\u00e7\u00e3o e de fabrica\u00e7\u00e3o de prot\u00f3tipos \/ moldes. Sua constru\u00e7\u00e3o termo-sim\u00e9trica torna o FZ32 menos sens\u00edvel a condi\u00e7\u00f5es ambientais adversas, garantindo assim uma excelente qualidade de superf\u00edcie. O design flex\u00edvel de nossos p\u00f3rticos de linha FZP oferece diferentes comprimentos e vers\u00f5es de altura, bem como v\u00e1rias op\u00e7\u00f5es de equipamentos, como resfriamento de processo com uma quantidade m\u00ednima de lubrifica\u00e7\u00e3o e \/ ou um sistema de extra\u00e7\u00e3o de poeira eficiente para materiais abrasivos e resina.    <\/p>\n","protected":false},"excerpt":{"rendered":"<p>O PRIMEIRO DE SUA CLASSE. O FZ32 \u00e9 a nossa linha de p\u00f3rtico de 5 eixos FZP de pr\u00f3xima gera\u00e7\u00e3o para usinagem de alum\u00ednio, compostos de fibra, pl\u00e1sticos e resina. O portal de gerenciamento central particularmente r\u00edgido e recentemente desenvolvido nos permite atender \u00e0s crescentes demandas da ind\u00fastria de avia\u00e7\u00e3o e de fabrica\u00e7\u00e3o de prot\u00f3tipos [&hellip;]<\/p>\n","protected":false},"featured_media":22130,"template":"","meta":[],"product_brand":[],"product_cat":[504,517],"product_tag":[568,571,572,575],"marca-producto":[27],"serie-producto":[],"class_list":{"0":"post-22129","1":"product","2":"type-product","3":"status-publish","4":"has-post-thumbnail","6":"product_cat-centros-de-maquinacao","7":"product_cat-gantry-5-eixos","8":"product_tag-aeronautica-pt-pt","9":"product_tag-energia-pt-pt","10":"product_tag-ferrovia","11":"product_tag-moldes-e-matrizes","12":"marca-producto-zimmermann","14":"first","15":"instock","16":"product-type-simple"},"yoast_head":"<!-- This site is optimized with the Yoast SEO plugin v27.0 - https:\/\/yoast.com\/product\/yoast-seo-wordpress\/ -->\n<title>FZ32<\/title>\n<meta name=\"description\" content=\"FZ32. O PRIMEIRO DE SUA CLASSE. O FZ32 \u00e9 a nossa linha de p\u00f3rtico de 5 eixos FZP de pr\u00f3xima gera\u00e7\u00e3o para usinagem de alum\u00ednio, compostos de fibra, pl\u00e1sticos e\" \/>\n<meta name=\"robots\" content=\"index, follow, max-snippet:-1, max-image-preview:large, max-video-preview:-1\" \/>\n<link rel=\"canonical\" href=\"https:\/\/maqcenter.com\/pt-pt\/producto\/fz32\/\" \/>\n<meta property=\"og:locale\" content=\"pt_PT\" \/>\n<meta property=\"og:type\" content=\"article\" \/>\n<meta property=\"og:title\" content=\"FZ32\" \/>\n<meta property=\"og:description\" content=\"FZ32. O PRIMEIRO DE SUA CLASSE. O FZ32 \u00e9 a nossa linha de p\u00f3rtico de 5 eixos FZP de pr\u00f3xima gera\u00e7\u00e3o para usinagem de alum\u00ednio, compostos de fibra, pl\u00e1sticos e\" \/>\n<meta property=\"og:url\" content=\"https:\/\/maqcenter.com\/pt-pt\/producto\/fz32\/\" \/>\n<meta property=\"og:site_name\" content=\"MAQcenter\" \/>\n<meta name=\"twitter:card\" content=\"summary_large_image\" \/>\n<meta name=\"twitter:label1\" content=\"Tempo estimado de leitura\" \/>\n\t<meta name=\"twitter:data1\" content=\"1 minuto\" \/>\n<script type=\"application\/ld+json\" class=\"yoast-schema-graph\">{\"@context\":\"https:\/\/schema.org\",\"@graph\":[{\"@type\":[\"WebPage\",\"ItemPage\"],\"@id\":\"https:\/\/maqcenter.com\/pt-pt\/producto\/fz32\/\",\"url\":\"https:\/\/maqcenter.com\/pt-pt\/producto\/fz32\/\",\"name\":\"FZ32\",\"isPartOf\":{\"@id\":\"https:\/\/maqcenter.com\/pt-pt\/#website\"},\"primaryImageOfPage\":{\"@id\":\"https:\/\/maqcenter.com\/pt-pt\/producto\/fz32\/#primaryimage\"},\"image\":{\"@id\":\"https:\/\/maqcenter.com\/pt-pt\/producto\/fz32\/#primaryimage\"},\"thumbnailUrl\":\"https:\/\/maqcenter.com\/wp-content\/uploads\/2021\/02\/ZIMMERMANN-FZ32.jpg\",\"datePublished\":\"2021-02-08T09:37:28+00:00\",\"description\":\"FZ32. O PRIMEIRO DE SUA CLASSE. O FZ32 \u00e9 a nossa linha de p\u00f3rtico de 5 eixos FZP de pr\u00f3xima gera\u00e7\u00e3o para usinagem de alum\u00ednio, compostos de fibra, pl\u00e1sticos e\",\"breadcrumb\":{\"@id\":\"https:\/\/maqcenter.com\/pt-pt\/producto\/fz32\/#breadcrumb\"},\"inLanguage\":\"pt-PT\",\"potentialAction\":[{\"@type\":\"ReadAction\",\"target\":[\"https:\/\/maqcenter.com\/pt-pt\/producto\/fz32\/\"]}]},{\"@type\":\"ImageObject\",\"inLanguage\":\"pt-PT\",\"@id\":\"https:\/\/maqcenter.com\/pt-pt\/producto\/fz32\/#primaryimage\",\"url\":\"https:\/\/maqcenter.com\/wp-content\/uploads\/2021\/02\/ZIMMERMANN-FZ32.jpg\",\"contentUrl\":\"https:\/\/maqcenter.com\/wp-content\/uploads\/2021\/02\/ZIMMERMANN-FZ32.jpg\",\"width\":500,\"height\":500},{\"@type\":\"BreadcrumbList\",\"@id\":\"https:\/\/maqcenter.com\/pt-pt\/producto\/fz32\/#breadcrumb\",\"itemListElement\":[{\"@type\":\"ListItem\",\"position\":1,\"name\":\"Productos\",\"item\":\"https:\/\/maqcenter.com\/pt-pt\/\"},{\"@type\":\"ListItem\",\"position\":2,\"name\":\"Produtos\",\"item\":\"https:\/\/maqcenter.com\/pt-pt\/shop\/\"},{\"@type\":\"ListItem\",\"position\":3,\"name\":\"FZ32\"}]},{\"@type\":\"WebSite\",\"@id\":\"https:\/\/maqcenter.com\/pt-pt\/#website\",\"url\":\"https:\/\/maqcenter.com\/pt-pt\/\",\"name\":\"MAQcenter\",\"description\":\"El centro de tus soluciones\",\"publisher\":{\"@id\":\"https:\/\/maqcenter.com\/pt-pt\/#organization\"},\"potentialAction\":[{\"@type\":\"SearchAction\",\"target\":{\"@type\":\"EntryPoint\",\"urlTemplate\":\"https:\/\/maqcenter.com\/pt-pt\/?s={search_term_string}\"},\"query-input\":{\"@type\":\"PropertyValueSpecification\",\"valueRequired\":true,\"valueName\":\"search_term_string\"}}],\"inLanguage\":\"pt-PT\"},{\"@type\":\"Organization\",\"@id\":\"https:\/\/maqcenter.com\/pt-pt\/#organization\",\"name\":\"MAQcenter S.A.\",\"url\":\"https:\/\/maqcenter.com\/pt-pt\/\",\"logo\":{\"@type\":\"ImageObject\",\"inLanguage\":\"pt-PT\",\"@id\":\"https:\/\/maqcenter.com\/pt-pt\/#\/schema\/logo\/image\/\",\"url\":\"https:\/\/maqcenter.com\/wp-content\/uploads\/2021\/02\/MAQcenter_logo_vertical.svg\",\"contentUrl\":\"https:\/\/maqcenter.com\/wp-content\/uploads\/2021\/02\/MAQcenter_logo_vertical.svg\",\"width\":300,\"height\":174,\"caption\":\"MAQcenter S.A.\"},\"image\":{\"@id\":\"https:\/\/maqcenter.com\/pt-pt\/#\/schema\/logo\/image\/\"}}]}<\/script>\n<!-- \/ Yoast SEO plugin. -->","yoast_head_json":{"title":"FZ32","description":"FZ32. O PRIMEIRO DE SUA CLASSE. O FZ32 \u00e9 a nossa linha de p\u00f3rtico de 5 eixos FZP de pr\u00f3xima gera\u00e7\u00e3o para usinagem de alum\u00ednio, compostos de fibra, pl\u00e1sticos e","robots":{"index":"index","follow":"follow","max-snippet":"max-snippet:-1","max-image-preview":"max-image-preview:large","max-video-preview":"max-video-preview:-1"},"canonical":"https:\/\/maqcenter.com\/pt-pt\/producto\/fz32\/","og_locale":"pt_PT","og_type":"article","og_title":"FZ32","og_description":"FZ32. O PRIMEIRO DE SUA CLASSE. O FZ32 \u00e9 a nossa linha de p\u00f3rtico de 5 eixos FZP de pr\u00f3xima gera\u00e7\u00e3o para usinagem de alum\u00ednio, compostos de fibra, pl\u00e1sticos e","og_url":"https:\/\/maqcenter.com\/pt-pt\/producto\/fz32\/","og_site_name":"MAQcenter","twitter_card":"summary_large_image","twitter_misc":{"Tempo estimado de leitura":"1 minuto"},"schema":{"@context":"https:\/\/schema.org","@graph":[{"@type":["WebPage","ItemPage"],"@id":"https:\/\/maqcenter.com\/pt-pt\/producto\/fz32\/","url":"https:\/\/maqcenter.com\/pt-pt\/producto\/fz32\/","name":"FZ32","isPartOf":{"@id":"https:\/\/maqcenter.com\/pt-pt\/#website"},"primaryImageOfPage":{"@id":"https:\/\/maqcenter.com\/pt-pt\/producto\/fz32\/#primaryimage"},"image":{"@id":"https:\/\/maqcenter.com\/pt-pt\/producto\/fz32\/#primaryimage"},"thumbnailUrl":"https:\/\/maqcenter.com\/wp-content\/uploads\/2021\/02\/ZIMMERMANN-FZ32.jpg","datePublished":"2021-02-08T09:37:28+00:00","description":"FZ32. O PRIMEIRO DE SUA CLASSE. O FZ32 \u00e9 a nossa linha de p\u00f3rtico de 5 eixos FZP de pr\u00f3xima gera\u00e7\u00e3o para usinagem de alum\u00ednio, compostos de fibra, pl\u00e1sticos e","breadcrumb":{"@id":"https:\/\/maqcenter.com\/pt-pt\/producto\/fz32\/#breadcrumb"},"inLanguage":"pt-PT","potentialAction":[{"@type":"ReadAction","target":["https:\/\/maqcenter.com\/pt-pt\/producto\/fz32\/"]}]},{"@type":"ImageObject","inLanguage":"pt-PT","@id":"https:\/\/maqcenter.com\/pt-pt\/producto\/fz32\/#primaryimage","url":"https:\/\/maqcenter.com\/wp-content\/uploads\/2021\/02\/ZIMMERMANN-FZ32.jpg","contentUrl":"https:\/\/maqcenter.com\/wp-content\/uploads\/2021\/02\/ZIMMERMANN-FZ32.jpg","width":500,"height":500},{"@type":"BreadcrumbList","@id":"https:\/\/maqcenter.com\/pt-pt\/producto\/fz32\/#breadcrumb","itemListElement":[{"@type":"ListItem","position":1,"name":"Productos","item":"https:\/\/maqcenter.com\/pt-pt\/"},{"@type":"ListItem","position":2,"name":"Produtos","item":"https:\/\/maqcenter.com\/pt-pt\/shop\/"},{"@type":"ListItem","position":3,"name":"FZ32"}]},{"@type":"WebSite","@id":"https:\/\/maqcenter.com\/pt-pt\/#website","url":"https:\/\/maqcenter.com\/pt-pt\/","name":"MAQcenter","description":"El centro de tus soluciones","publisher":{"@id":"https:\/\/maqcenter.com\/pt-pt\/#organization"},"potentialAction":[{"@type":"SearchAction","target":{"@type":"EntryPoint","urlTemplate":"https:\/\/maqcenter.com\/pt-pt\/?s={search_term_string}"},"query-input":{"@type":"PropertyValueSpecification","valueRequired":true,"valueName":"search_term_string"}}],"inLanguage":"pt-PT"},{"@type":"Organization","@id":"https:\/\/maqcenter.com\/pt-pt\/#organization","name":"MAQcenter S.A.","url":"https:\/\/maqcenter.com\/pt-pt\/","logo":{"@type":"ImageObject","inLanguage":"pt-PT","@id":"https:\/\/maqcenter.com\/pt-pt\/#\/schema\/logo\/image\/","url":"https:\/\/maqcenter.com\/wp-content\/uploads\/2021\/02\/MAQcenter_logo_vertical.svg","contentUrl":"https:\/\/maqcenter.com\/wp-content\/uploads\/2021\/02\/MAQcenter_logo_vertical.svg","width":300,"height":174,"caption":"MAQcenter S.A."},"image":{"@id":"https:\/\/maqcenter.com\/pt-pt\/#\/schema\/logo\/image\/"}}]}},"_links":{"self":[{"href":"https:\/\/maqcenter.com\/pt-pt\/wp-json\/wp\/v2\/product\/22129","targetHints":{"allow":["GET"]}}],"collection":[{"href":"https:\/\/maqcenter.com\/pt-pt\/wp-json\/wp\/v2\/product"}],"about":[{"href":"https:\/\/maqcenter.com\/pt-pt\/wp-json\/wp\/v2\/types\/product"}],"wp:featuredmedia":[{"embeddable":true,"href":"https:\/\/maqcenter.com\/pt-pt\/wp-json\/wp\/v2\/media\/22130"}],"wp:attachment":[{"href":"https:\/\/maqcenter.com\/pt-pt\/wp-json\/wp\/v2\/media?parent=22129"}],"wp:term":[{"taxonomy":"product_brand","embeddable":true,"href":"https:\/\/maqcenter.com\/pt-pt\/wp-json\/wp\/v2\/product_brand?post=22129"},{"taxonomy":"product_cat","embeddable":true,"href":"https:\/\/maqcenter.com\/pt-pt\/wp-json\/wp\/v2\/product_cat?post=22129"},{"taxonomy":"product_tag","embeddable":true,"href":"https:\/\/maqcenter.com\/pt-pt\/wp-json\/wp\/v2\/product_tag?post=22129"},{"taxonomy":"marca-producto","embeddable":true,"href":"https:\/\/maqcenter.com\/pt-pt\/wp-json\/wp\/v2\/marca-producto?post=22129"},{"taxonomy":"serie-producto","embeddable":true,"href":"https:\/\/maqcenter.com\/pt-pt\/wp-json\/wp\/v2\/serie-producto?post=22129"}],"curies":[{"name":"wp","href":"https:\/\/api.w.org\/{rel}","templated":true}]}}