{"id":22139,"date":"2021-02-08T11:37:28","date_gmt":"2021-02-08T09:37:28","guid":{"rendered":"https:\/\/maqcenter.com\/producto\/fz33c\/"},"modified":"2021-02-08T11:37:28","modified_gmt":"2021-02-08T09:37:28","slug":"fz33c","status":"publish","type":"product","link":"https:\/\/maqcenter.com\/pt-pt\/producto\/fz33c\/","title":{"rendered":"FZ33c"},"content":{"rendered":"<p>COMPACTO E FLEX\u00cdVEL.<br \/>\nEste moinho de p\u00f3rtico \u00e9 perfeito para usinar alum\u00ednio e materiais compostos. A m\u00e1quina fica em uma base plana e pode ser instalada em qualquer piso industrial s\u00f3lido. A mesa da m\u00e1quina est\u00e1 firmemente ancorada \u00e0 m\u00e1quina FZ33 para que a pe\u00e7a n\u00e3o precise ser movida. O processo de fresagem \u00e9 muito preciso, independentemente do peso e do tamanho da pe\u00e7a.    <\/p>\n<p>O FZ33c facilita um processo de fresagem consistente e eficiente. Gra\u00e7as \u00e0 combina\u00e7\u00e3o de sua alta estabilidade e rigidez, a m\u00e1quina atende a todos os requisitos da ind\u00fastria de fabrica\u00e7\u00e3o de prot\u00f3tipos, ferramentas e moldes, incluindo as demandas das ind\u00fastrias aeron\u00e1utica, automotiva e de energia alternativa. <\/p>\n","protected":false},"excerpt":{"rendered":"<p>COMPACTO E FLEX\u00cdVEL. Este moinho de p\u00f3rtico \u00e9 perfeito para usinar alum\u00ednio e materiais compostos. A m\u00e1quina fica em uma base plana e pode ser instalada em qualquer piso industrial s\u00f3lido. A mesa da m\u00e1quina est\u00e1 firmemente ancorada \u00e0 m\u00e1quina FZ33 para que a pe\u00e7a n\u00e3o precise ser movida. O processo de fresagem \u00e9 muito [&hellip;]<\/p>\n","protected":false},"featured_media":22140,"template":"","meta":[],"product_brand":[],"product_cat":[504,517],"product_tag":[568,571,572,575],"marca-producto":[27],"serie-producto":[],"class_list":{"0":"post-22139","1":"product","2":"type-product","3":"status-publish","4":"has-post-thumbnail","6":"product_cat-centros-de-maquinacao","7":"product_cat-gantry-5-eixos","8":"product_tag-aeronautica-pt-pt","9":"product_tag-energia-pt-pt","10":"product_tag-ferrovia","11":"product_tag-moldes-e-matrizes","12":"marca-producto-zimmermann","14":"first","15":"instock","16":"product-type-simple"},"yoast_head":"<!-- This site is optimized with the Yoast SEO plugin v27.0 - https:\/\/yoast.com\/product\/yoast-seo-wordpress\/ -->\n<title>FZ33c<\/title>\n<meta name=\"description\" content=\"FZ33c. COMPACTO E FLEX\u00cdVEL. Este moinho de p\u00f3rtico \u00e9 perfeito para usinar alum\u00ednio e materiais compostos. A m\u00e1quina fica em uma base plana e pode ser instalada\" \/>\n<meta name=\"robots\" content=\"index, follow, max-snippet:-1, max-image-preview:large, max-video-preview:-1\" \/>\n<link rel=\"canonical\" href=\"https:\/\/maqcenter.com\/pt-pt\/producto\/fz33c\/\" \/>\n<meta property=\"og:locale\" content=\"pt_PT\" \/>\n<meta property=\"og:type\" content=\"article\" \/>\n<meta property=\"og:title\" content=\"FZ33c\" \/>\n<meta property=\"og:description\" content=\"FZ33c. COMPACTO E FLEX\u00cdVEL. Este moinho de p\u00f3rtico \u00e9 perfeito para usinar alum\u00ednio e materiais compostos. A m\u00e1quina fica em uma base plana e pode ser instalada\" \/>\n<meta property=\"og:url\" content=\"https:\/\/maqcenter.com\/pt-pt\/producto\/fz33c\/\" \/>\n<meta property=\"og:site_name\" content=\"MAQcenter\" \/>\n<meta name=\"twitter:card\" content=\"summary_large_image\" \/>\n<meta name=\"twitter:label1\" content=\"Tempo estimado de leitura\" \/>\n\t<meta name=\"twitter:data1\" content=\"1 minuto\" \/>\n<script type=\"application\/ld+json\" class=\"yoast-schema-graph\">{\"@context\":\"https:\/\/schema.org\",\"@graph\":[{\"@type\":[\"WebPage\",\"ItemPage\"],\"@id\":\"https:\/\/maqcenter.com\/pt-pt\/producto\/fz33c\/\",\"url\":\"https:\/\/maqcenter.com\/pt-pt\/producto\/fz33c\/\",\"name\":\"FZ33c\",\"isPartOf\":{\"@id\":\"https:\/\/maqcenter.com\/pt-pt\/#website\"},\"primaryImageOfPage\":{\"@id\":\"https:\/\/maqcenter.com\/pt-pt\/producto\/fz33c\/#primaryimage\"},\"image\":{\"@id\":\"https:\/\/maqcenter.com\/pt-pt\/producto\/fz33c\/#primaryimage\"},\"thumbnailUrl\":\"https:\/\/maqcenter.com\/wp-content\/uploads\/2021\/02\/ZIMMERMANN-FZ33c.jpg\",\"datePublished\":\"2021-02-08T09:37:28+00:00\",\"description\":\"FZ33c. COMPACTO E FLEX\u00cdVEL. Este moinho de p\u00f3rtico \u00e9 perfeito para usinar alum\u00ednio e materiais compostos. A m\u00e1quina fica em uma base plana e pode ser instalada\",\"breadcrumb\":{\"@id\":\"https:\/\/maqcenter.com\/pt-pt\/producto\/fz33c\/#breadcrumb\"},\"inLanguage\":\"pt-PT\",\"potentialAction\":[{\"@type\":\"ReadAction\",\"target\":[\"https:\/\/maqcenter.com\/pt-pt\/producto\/fz33c\/\"]}]},{\"@type\":\"ImageObject\",\"inLanguage\":\"pt-PT\",\"@id\":\"https:\/\/maqcenter.com\/pt-pt\/producto\/fz33c\/#primaryimage\",\"url\":\"https:\/\/maqcenter.com\/wp-content\/uploads\/2021\/02\/ZIMMERMANN-FZ33c.jpg\",\"contentUrl\":\"https:\/\/maqcenter.com\/wp-content\/uploads\/2021\/02\/ZIMMERMANN-FZ33c.jpg\",\"width\":500,\"height\":500},{\"@type\":\"BreadcrumbList\",\"@id\":\"https:\/\/maqcenter.com\/pt-pt\/producto\/fz33c\/#breadcrumb\",\"itemListElement\":[{\"@type\":\"ListItem\",\"position\":1,\"name\":\"Productos\",\"item\":\"https:\/\/maqcenter.com\/pt-pt\/\"},{\"@type\":\"ListItem\",\"position\":2,\"name\":\"Produtos\",\"item\":\"https:\/\/maqcenter.com\/pt-pt\/shop\/\"},{\"@type\":\"ListItem\",\"position\":3,\"name\":\"FZ33c\"}]},{\"@type\":\"WebSite\",\"@id\":\"https:\/\/maqcenter.com\/pt-pt\/#website\",\"url\":\"https:\/\/maqcenter.com\/pt-pt\/\",\"name\":\"MAQcenter\",\"description\":\"El centro de tus soluciones\",\"publisher\":{\"@id\":\"https:\/\/maqcenter.com\/pt-pt\/#organization\"},\"potentialAction\":[{\"@type\":\"SearchAction\",\"target\":{\"@type\":\"EntryPoint\",\"urlTemplate\":\"https:\/\/maqcenter.com\/pt-pt\/?s={search_term_string}\"},\"query-input\":{\"@type\":\"PropertyValueSpecification\",\"valueRequired\":true,\"valueName\":\"search_term_string\"}}],\"inLanguage\":\"pt-PT\"},{\"@type\":\"Organization\",\"@id\":\"https:\/\/maqcenter.com\/pt-pt\/#organization\",\"name\":\"MAQcenter S.A.\",\"url\":\"https:\/\/maqcenter.com\/pt-pt\/\",\"logo\":{\"@type\":\"ImageObject\",\"inLanguage\":\"pt-PT\",\"@id\":\"https:\/\/maqcenter.com\/pt-pt\/#\/schema\/logo\/image\/\",\"url\":\"https:\/\/maqcenter.com\/wp-content\/uploads\/2021\/02\/MAQcenter_logo_vertical.svg\",\"contentUrl\":\"https:\/\/maqcenter.com\/wp-content\/uploads\/2021\/02\/MAQcenter_logo_vertical.svg\",\"width\":300,\"height\":174,\"caption\":\"MAQcenter S.A.\"},\"image\":{\"@id\":\"https:\/\/maqcenter.com\/pt-pt\/#\/schema\/logo\/image\/\"}}]}<\/script>\n<!-- \/ Yoast SEO plugin. -->","yoast_head_json":{"title":"FZ33c","description":"FZ33c. COMPACTO E FLEX\u00cdVEL. Este moinho de p\u00f3rtico \u00e9 perfeito para usinar alum\u00ednio e materiais compostos. A m\u00e1quina fica em uma base plana e pode ser instalada","robots":{"index":"index","follow":"follow","max-snippet":"max-snippet:-1","max-image-preview":"max-image-preview:large","max-video-preview":"max-video-preview:-1"},"canonical":"https:\/\/maqcenter.com\/pt-pt\/producto\/fz33c\/","og_locale":"pt_PT","og_type":"article","og_title":"FZ33c","og_description":"FZ33c. COMPACTO E FLEX\u00cdVEL. Este moinho de p\u00f3rtico \u00e9 perfeito para usinar alum\u00ednio e materiais compostos. A m\u00e1quina fica em uma base plana e pode ser instalada","og_url":"https:\/\/maqcenter.com\/pt-pt\/producto\/fz33c\/","og_site_name":"MAQcenter","twitter_card":"summary_large_image","twitter_misc":{"Tempo estimado de leitura":"1 minuto"},"schema":{"@context":"https:\/\/schema.org","@graph":[{"@type":["WebPage","ItemPage"],"@id":"https:\/\/maqcenter.com\/pt-pt\/producto\/fz33c\/","url":"https:\/\/maqcenter.com\/pt-pt\/producto\/fz33c\/","name":"FZ33c","isPartOf":{"@id":"https:\/\/maqcenter.com\/pt-pt\/#website"},"primaryImageOfPage":{"@id":"https:\/\/maqcenter.com\/pt-pt\/producto\/fz33c\/#primaryimage"},"image":{"@id":"https:\/\/maqcenter.com\/pt-pt\/producto\/fz33c\/#primaryimage"},"thumbnailUrl":"https:\/\/maqcenter.com\/wp-content\/uploads\/2021\/02\/ZIMMERMANN-FZ33c.jpg","datePublished":"2021-02-08T09:37:28+00:00","description":"FZ33c. COMPACTO E FLEX\u00cdVEL. Este moinho de p\u00f3rtico \u00e9 perfeito para usinar alum\u00ednio e materiais compostos. A m\u00e1quina fica em uma base plana e pode ser instalada","breadcrumb":{"@id":"https:\/\/maqcenter.com\/pt-pt\/producto\/fz33c\/#breadcrumb"},"inLanguage":"pt-PT","potentialAction":[{"@type":"ReadAction","target":["https:\/\/maqcenter.com\/pt-pt\/producto\/fz33c\/"]}]},{"@type":"ImageObject","inLanguage":"pt-PT","@id":"https:\/\/maqcenter.com\/pt-pt\/producto\/fz33c\/#primaryimage","url":"https:\/\/maqcenter.com\/wp-content\/uploads\/2021\/02\/ZIMMERMANN-FZ33c.jpg","contentUrl":"https:\/\/maqcenter.com\/wp-content\/uploads\/2021\/02\/ZIMMERMANN-FZ33c.jpg","width":500,"height":500},{"@type":"BreadcrumbList","@id":"https:\/\/maqcenter.com\/pt-pt\/producto\/fz33c\/#breadcrumb","itemListElement":[{"@type":"ListItem","position":1,"name":"Productos","item":"https:\/\/maqcenter.com\/pt-pt\/"},{"@type":"ListItem","position":2,"name":"Produtos","item":"https:\/\/maqcenter.com\/pt-pt\/shop\/"},{"@type":"ListItem","position":3,"name":"FZ33c"}]},{"@type":"WebSite","@id":"https:\/\/maqcenter.com\/pt-pt\/#website","url":"https:\/\/maqcenter.com\/pt-pt\/","name":"MAQcenter","description":"El centro de tus soluciones","publisher":{"@id":"https:\/\/maqcenter.com\/pt-pt\/#organization"},"potentialAction":[{"@type":"SearchAction","target":{"@type":"EntryPoint","urlTemplate":"https:\/\/maqcenter.com\/pt-pt\/?s={search_term_string}"},"query-input":{"@type":"PropertyValueSpecification","valueRequired":true,"valueName":"search_term_string"}}],"inLanguage":"pt-PT"},{"@type":"Organization","@id":"https:\/\/maqcenter.com\/pt-pt\/#organization","name":"MAQcenter S.A.","url":"https:\/\/maqcenter.com\/pt-pt\/","logo":{"@type":"ImageObject","inLanguage":"pt-PT","@id":"https:\/\/maqcenter.com\/pt-pt\/#\/schema\/logo\/image\/","url":"https:\/\/maqcenter.com\/wp-content\/uploads\/2021\/02\/MAQcenter_logo_vertical.svg","contentUrl":"https:\/\/maqcenter.com\/wp-content\/uploads\/2021\/02\/MAQcenter_logo_vertical.svg","width":300,"height":174,"caption":"MAQcenter S.A."},"image":{"@id":"https:\/\/maqcenter.com\/pt-pt\/#\/schema\/logo\/image\/"}}]}},"_links":{"self":[{"href":"https:\/\/maqcenter.com\/pt-pt\/wp-json\/wp\/v2\/product\/22139","targetHints":{"allow":["GET"]}}],"collection":[{"href":"https:\/\/maqcenter.com\/pt-pt\/wp-json\/wp\/v2\/product"}],"about":[{"href":"https:\/\/maqcenter.com\/pt-pt\/wp-json\/wp\/v2\/types\/product"}],"wp:featuredmedia":[{"embeddable":true,"href":"https:\/\/maqcenter.com\/pt-pt\/wp-json\/wp\/v2\/media\/22140"}],"wp:attachment":[{"href":"https:\/\/maqcenter.com\/pt-pt\/wp-json\/wp\/v2\/media?parent=22139"}],"wp:term":[{"taxonomy":"product_brand","embeddable":true,"href":"https:\/\/maqcenter.com\/pt-pt\/wp-json\/wp\/v2\/product_brand?post=22139"},{"taxonomy":"product_cat","embeddable":true,"href":"https:\/\/maqcenter.com\/pt-pt\/wp-json\/wp\/v2\/product_cat?post=22139"},{"taxonomy":"product_tag","embeddable":true,"href":"https:\/\/maqcenter.com\/pt-pt\/wp-json\/wp\/v2\/product_tag?post=22139"},{"taxonomy":"marca-producto","embeddable":true,"href":"https:\/\/maqcenter.com\/pt-pt\/wp-json\/wp\/v2\/marca-producto?post=22139"},{"taxonomy":"serie-producto","embeddable":true,"href":"https:\/\/maqcenter.com\/pt-pt\/wp-json\/wp\/v2\/serie-producto?post=22139"}],"curies":[{"name":"wp","href":"https:\/\/api.w.org\/{rel}","templated":true}]}}