{"id":22144,"date":"2021-02-08T11:37:28","date_gmt":"2021-02-08T09:37:28","guid":{"rendered":"https:\/\/maqcenter.com\/producto\/fms\/"},"modified":"2021-02-08T11:37:28","modified_gmt":"2021-02-08T09:37:28","slug":"fms","status":"publish","type":"product","link":"https:\/\/maqcenter.com\/pt-pt\/producto\/fms\/","title":{"rendered":"FMS"},"content":{"rendered":"<p>Os Sistemas Flex\u00edveis de Fabrica\u00e7\u00e3o Zimmermann (FMS) oferecem produtividade m\u00e1xima por meio de um fluxo de pe\u00e7as totalmente automatizado. O resultado \u00e9 uma log\u00edstica de produ\u00e7\u00e3o otimizada. Por exemplo, a configura\u00e7\u00e3o paralela minimiza o tempo de inatividade da m\u00e1quina. A palavra-chave produ\u00e7\u00e3o totalmente autom\u00e1tica refere-se principalmente \u00e0 interconex\u00e3o de v\u00e1rios sistemas usando equipamentos como trocadores de paletes ou sistemas de transporte. No entanto, para uma intera\u00e7\u00e3o harmoniosa de todos os componentes, tamb\u00e9m \u00e9 necess\u00e1rio um m\u00e1ximo de confiabilidade do processo e um m\u00ednimo de interven\u00e7\u00e3o manual nas diferentes disciplinas. N\u00f3s fabricamos o conceito de m\u00e1quina ideal para seus processos para atender \u00e0s suas necessidades individuais.     <\/p>\n","protected":false},"excerpt":{"rendered":"<p>Os Sistemas Flex\u00edveis de Fabrica\u00e7\u00e3o Zimmermann (FMS) oferecem produtividade m\u00e1xima por meio de um fluxo de pe\u00e7as totalmente automatizado. O resultado \u00e9 uma log\u00edstica de produ\u00e7\u00e3o otimizada. Por exemplo, a configura\u00e7\u00e3o paralela minimiza o tempo de inatividade da m\u00e1quina. A palavra-chave produ\u00e7\u00e3o totalmente autom\u00e1tica refere-se principalmente \u00e0 interconex\u00e3o de v\u00e1rios sistemas usando equipamentos como trocadores [&hellip;]<\/p>\n","protected":false},"featured_media":22145,"template":"","meta":[],"product_brand":[],"product_cat":[492,497],"product_tag":[568,573],"marca-producto":[27],"serie-producto":[],"class_list":{"0":"post-22144","1":"product","2":"type-product","3":"status-publish","4":"has-post-thumbnail","6":"product_cat-automatizacao","7":"product_cat-projetos-especiais","8":"product_tag-aeronautica-pt-pt","9":"product_tag-grande-consumo","10":"marca-producto-zimmermann","12":"first","13":"instock","14":"product-type-simple"},"yoast_head":"<!-- This site is optimized with the Yoast SEO plugin v27.0 - https:\/\/yoast.com\/product\/yoast-seo-wordpress\/ -->\n<title>FMS<\/title>\n<meta name=\"description\" content=\"FMS. Os Sistemas Flex\u00edveis de Fabrica\u00e7\u00e3o Zimmermann (FMS) oferecem produtividade m\u00e1xima por meio de um fluxo de pe\u00e7as totalmente automatizado. O resultado \u00e9\" \/>\n<meta name=\"robots\" content=\"index, follow, max-snippet:-1, max-image-preview:large, max-video-preview:-1\" \/>\n<link rel=\"canonical\" href=\"https:\/\/maqcenter.com\/pt-pt\/producto\/fms\/\" \/>\n<meta property=\"og:locale\" content=\"pt_PT\" \/>\n<meta property=\"og:type\" content=\"article\" \/>\n<meta property=\"og:title\" content=\"FMS\" \/>\n<meta property=\"og:description\" content=\"FMS. Os Sistemas Flex\u00edveis de Fabrica\u00e7\u00e3o Zimmermann (FMS) oferecem produtividade m\u00e1xima por meio de um fluxo de pe\u00e7as totalmente automatizado. O resultado \u00e9\" \/>\n<meta property=\"og:url\" content=\"https:\/\/maqcenter.com\/pt-pt\/producto\/fms\/\" \/>\n<meta property=\"og:site_name\" content=\"MAQcenter\" \/>\n<meta name=\"twitter:card\" content=\"summary_large_image\" \/>\n<meta name=\"twitter:label1\" content=\"Tempo estimado de leitura\" \/>\n\t<meta name=\"twitter:data1\" content=\"1 minuto\" \/>\n<script type=\"application\/ld+json\" class=\"yoast-schema-graph\">{\"@context\":\"https:\/\/schema.org\",\"@graph\":[{\"@type\":[\"WebPage\",\"ItemPage\"],\"@id\":\"https:\/\/maqcenter.com\/pt-pt\/producto\/fms\/\",\"url\":\"https:\/\/maqcenter.com\/pt-pt\/producto\/fms\/\",\"name\":\"FMS\",\"isPartOf\":{\"@id\":\"https:\/\/maqcenter.com\/pt-pt\/#website\"},\"primaryImageOfPage\":{\"@id\":\"https:\/\/maqcenter.com\/pt-pt\/producto\/fms\/#primaryimage\"},\"image\":{\"@id\":\"https:\/\/maqcenter.com\/pt-pt\/producto\/fms\/#primaryimage\"},\"thumbnailUrl\":\"https:\/\/maqcenter.com\/wp-content\/uploads\/2021\/02\/ZIMMERMANN-FMS.jpg\",\"datePublished\":\"2021-02-08T09:37:28+00:00\",\"description\":\"FMS. Os Sistemas Flex\u00edveis de Fabrica\u00e7\u00e3o Zimmermann (FMS) oferecem produtividade m\u00e1xima por meio de um fluxo de pe\u00e7as totalmente automatizado. O resultado \u00e9\",\"breadcrumb\":{\"@id\":\"https:\/\/maqcenter.com\/pt-pt\/producto\/fms\/#breadcrumb\"},\"inLanguage\":\"pt-PT\",\"potentialAction\":[{\"@type\":\"ReadAction\",\"target\":[\"https:\/\/maqcenter.com\/pt-pt\/producto\/fms\/\"]}]},{\"@type\":\"ImageObject\",\"inLanguage\":\"pt-PT\",\"@id\":\"https:\/\/maqcenter.com\/pt-pt\/producto\/fms\/#primaryimage\",\"url\":\"https:\/\/maqcenter.com\/wp-content\/uploads\/2021\/02\/ZIMMERMANN-FMS.jpg\",\"contentUrl\":\"https:\/\/maqcenter.com\/wp-content\/uploads\/2021\/02\/ZIMMERMANN-FMS.jpg\",\"width\":500,\"height\":500},{\"@type\":\"BreadcrumbList\",\"@id\":\"https:\/\/maqcenter.com\/pt-pt\/producto\/fms\/#breadcrumb\",\"itemListElement\":[{\"@type\":\"ListItem\",\"position\":1,\"name\":\"Productos\",\"item\":\"https:\/\/maqcenter.com\/pt-pt\/\"},{\"@type\":\"ListItem\",\"position\":2,\"name\":\"Produtos\",\"item\":\"https:\/\/maqcenter.com\/pt-pt\/shop\/\"},{\"@type\":\"ListItem\",\"position\":3,\"name\":\"FMS\"}]},{\"@type\":\"WebSite\",\"@id\":\"https:\/\/maqcenter.com\/pt-pt\/#website\",\"url\":\"https:\/\/maqcenter.com\/pt-pt\/\",\"name\":\"MAQcenter\",\"description\":\"El centro de tus soluciones\",\"publisher\":{\"@id\":\"https:\/\/maqcenter.com\/pt-pt\/#organization\"},\"potentialAction\":[{\"@type\":\"SearchAction\",\"target\":{\"@type\":\"EntryPoint\",\"urlTemplate\":\"https:\/\/maqcenter.com\/pt-pt\/?s={search_term_string}\"},\"query-input\":{\"@type\":\"PropertyValueSpecification\",\"valueRequired\":true,\"valueName\":\"search_term_string\"}}],\"inLanguage\":\"pt-PT\"},{\"@type\":\"Organization\",\"@id\":\"https:\/\/maqcenter.com\/pt-pt\/#organization\",\"name\":\"MAQcenter S.A.\",\"url\":\"https:\/\/maqcenter.com\/pt-pt\/\",\"logo\":{\"@type\":\"ImageObject\",\"inLanguage\":\"pt-PT\",\"@id\":\"https:\/\/maqcenter.com\/pt-pt\/#\/schema\/logo\/image\/\",\"url\":\"https:\/\/maqcenter.com\/wp-content\/uploads\/2021\/02\/MAQcenter_logo_vertical.svg\",\"contentUrl\":\"https:\/\/maqcenter.com\/wp-content\/uploads\/2021\/02\/MAQcenter_logo_vertical.svg\",\"width\":300,\"height\":174,\"caption\":\"MAQcenter S.A.\"},\"image\":{\"@id\":\"https:\/\/maqcenter.com\/pt-pt\/#\/schema\/logo\/image\/\"}}]}<\/script>\n<!-- \/ Yoast SEO plugin. -->","yoast_head_json":{"title":"FMS","description":"FMS. Os Sistemas Flex\u00edveis de Fabrica\u00e7\u00e3o Zimmermann (FMS) oferecem produtividade m\u00e1xima por meio de um fluxo de pe\u00e7as totalmente automatizado. O resultado \u00e9","robots":{"index":"index","follow":"follow","max-snippet":"max-snippet:-1","max-image-preview":"max-image-preview:large","max-video-preview":"max-video-preview:-1"},"canonical":"https:\/\/maqcenter.com\/pt-pt\/producto\/fms\/","og_locale":"pt_PT","og_type":"article","og_title":"FMS","og_description":"FMS. Os Sistemas Flex\u00edveis de Fabrica\u00e7\u00e3o Zimmermann (FMS) oferecem produtividade m\u00e1xima por meio de um fluxo de pe\u00e7as totalmente automatizado. O resultado \u00e9","og_url":"https:\/\/maqcenter.com\/pt-pt\/producto\/fms\/","og_site_name":"MAQcenter","twitter_card":"summary_large_image","twitter_misc":{"Tempo estimado de leitura":"1 minuto"},"schema":{"@context":"https:\/\/schema.org","@graph":[{"@type":["WebPage","ItemPage"],"@id":"https:\/\/maqcenter.com\/pt-pt\/producto\/fms\/","url":"https:\/\/maqcenter.com\/pt-pt\/producto\/fms\/","name":"FMS","isPartOf":{"@id":"https:\/\/maqcenter.com\/pt-pt\/#website"},"primaryImageOfPage":{"@id":"https:\/\/maqcenter.com\/pt-pt\/producto\/fms\/#primaryimage"},"image":{"@id":"https:\/\/maqcenter.com\/pt-pt\/producto\/fms\/#primaryimage"},"thumbnailUrl":"https:\/\/maqcenter.com\/wp-content\/uploads\/2021\/02\/ZIMMERMANN-FMS.jpg","datePublished":"2021-02-08T09:37:28+00:00","description":"FMS. Os Sistemas Flex\u00edveis de Fabrica\u00e7\u00e3o Zimmermann (FMS) oferecem produtividade m\u00e1xima por meio de um fluxo de pe\u00e7as totalmente automatizado. O resultado \u00e9","breadcrumb":{"@id":"https:\/\/maqcenter.com\/pt-pt\/producto\/fms\/#breadcrumb"},"inLanguage":"pt-PT","potentialAction":[{"@type":"ReadAction","target":["https:\/\/maqcenter.com\/pt-pt\/producto\/fms\/"]}]},{"@type":"ImageObject","inLanguage":"pt-PT","@id":"https:\/\/maqcenter.com\/pt-pt\/producto\/fms\/#primaryimage","url":"https:\/\/maqcenter.com\/wp-content\/uploads\/2021\/02\/ZIMMERMANN-FMS.jpg","contentUrl":"https:\/\/maqcenter.com\/wp-content\/uploads\/2021\/02\/ZIMMERMANN-FMS.jpg","width":500,"height":500},{"@type":"BreadcrumbList","@id":"https:\/\/maqcenter.com\/pt-pt\/producto\/fms\/#breadcrumb","itemListElement":[{"@type":"ListItem","position":1,"name":"Productos","item":"https:\/\/maqcenter.com\/pt-pt\/"},{"@type":"ListItem","position":2,"name":"Produtos","item":"https:\/\/maqcenter.com\/pt-pt\/shop\/"},{"@type":"ListItem","position":3,"name":"FMS"}]},{"@type":"WebSite","@id":"https:\/\/maqcenter.com\/pt-pt\/#website","url":"https:\/\/maqcenter.com\/pt-pt\/","name":"MAQcenter","description":"El centro de tus soluciones","publisher":{"@id":"https:\/\/maqcenter.com\/pt-pt\/#organization"},"potentialAction":[{"@type":"SearchAction","target":{"@type":"EntryPoint","urlTemplate":"https:\/\/maqcenter.com\/pt-pt\/?s={search_term_string}"},"query-input":{"@type":"PropertyValueSpecification","valueRequired":true,"valueName":"search_term_string"}}],"inLanguage":"pt-PT"},{"@type":"Organization","@id":"https:\/\/maqcenter.com\/pt-pt\/#organization","name":"MAQcenter S.A.","url":"https:\/\/maqcenter.com\/pt-pt\/","logo":{"@type":"ImageObject","inLanguage":"pt-PT","@id":"https:\/\/maqcenter.com\/pt-pt\/#\/schema\/logo\/image\/","url":"https:\/\/maqcenter.com\/wp-content\/uploads\/2021\/02\/MAQcenter_logo_vertical.svg","contentUrl":"https:\/\/maqcenter.com\/wp-content\/uploads\/2021\/02\/MAQcenter_logo_vertical.svg","width":300,"height":174,"caption":"MAQcenter S.A."},"image":{"@id":"https:\/\/maqcenter.com\/pt-pt\/#\/schema\/logo\/image\/"}}]}},"_links":{"self":[{"href":"https:\/\/maqcenter.com\/pt-pt\/wp-json\/wp\/v2\/product\/22144","targetHints":{"allow":["GET"]}}],"collection":[{"href":"https:\/\/maqcenter.com\/pt-pt\/wp-json\/wp\/v2\/product"}],"about":[{"href":"https:\/\/maqcenter.com\/pt-pt\/wp-json\/wp\/v2\/types\/product"}],"wp:featuredmedia":[{"embeddable":true,"href":"https:\/\/maqcenter.com\/pt-pt\/wp-json\/wp\/v2\/media\/22145"}],"wp:attachment":[{"href":"https:\/\/maqcenter.com\/pt-pt\/wp-json\/wp\/v2\/media?parent=22144"}],"wp:term":[{"taxonomy":"product_brand","embeddable":true,"href":"https:\/\/maqcenter.com\/pt-pt\/wp-json\/wp\/v2\/product_brand?post=22144"},{"taxonomy":"product_cat","embeddable":true,"href":"https:\/\/maqcenter.com\/pt-pt\/wp-json\/wp\/v2\/product_cat?post=22144"},{"taxonomy":"product_tag","embeddable":true,"href":"https:\/\/maqcenter.com\/pt-pt\/wp-json\/wp\/v2\/product_tag?post=22144"},{"taxonomy":"marca-producto","embeddable":true,"href":"https:\/\/maqcenter.com\/pt-pt\/wp-json\/wp\/v2\/marca-producto?post=22144"},{"taxonomy":"serie-producto","embeddable":true,"href":"https:\/\/maqcenter.com\/pt-pt\/wp-json\/wp\/v2\/serie-producto?post=22144"}],"curies":[{"name":"wp","href":"https:\/\/api.w.org\/{rel}","templated":true}]}}