{"id":22149,"date":"2021-02-08T11:37:28","date_gmt":"2021-02-08T09:37:28","guid":{"rendered":"https:\/\/maqcenter.com\/producto\/fz30-fz35\/"},"modified":"2021-02-08T11:37:28","modified_gmt":"2021-02-08T09:37:28","slug":"fz30-fz35","status":"publish","type":"product","link":"https:\/\/maqcenter.com\/pt-pt\/producto\/fz30-fz35\/","title":{"rendered":"FZ30\/FZ35"},"content":{"rendered":"<p>TECNOLOGIA COMPROVADA.<br \/>\nOs moinhos de p\u00f3rtico FZ30 e FZ35 oferecem uma solu\u00e7\u00e3o econ\u00f4mica para uma ampla variedade de tarefas. Desde o acabamento e com o FZ35 at\u00e9 o desbaste leve de a\u00e7o e ferro fundido, passando pela usinagem de metais leves e pl\u00e1sticos, materiais de todos os tipos podem ser fresados. Estas s\u00e9ries satisfazem os requisitos espec\u00edficos da ind\u00fastria em muitos campos, por exemplo, na constru\u00e7\u00e3o de moldes para prot\u00f3tipos de usinagem, moldes, moldes de inje\u00e7\u00e3o e ferramentas de modelagem de metal em muitas variantes, na constru\u00e7\u00e3o de aeronaves para pe\u00e7as de corte, pe\u00e7as de moldes extens\u00edveis, lemes e aplica\u00e7\u00f5es especiais em vidro acr\u00edlico, bem como na constru\u00e7\u00e3o de navios e navios, para a fabrica\u00e7\u00e3o de moldes de lamina\u00e7\u00e3o ou estruturas de conv\u00e9s.<br \/>\nO FZ30 e o FZ35 permitem uma excelente capacidade de carga de trabalho, uma vez que v\u00e1rias pe\u00e7as \u2013 mesmo diferentes entre si \u2013 podem ser fixadas simultaneamente e processadas sucessivamente, inclusivamente em turnos n\u00e3o tripulados.<\/p>\n","protected":false},"excerpt":{"rendered":"<p>TECNOLOGIA COMPROVADA. Os moinhos de p\u00f3rtico FZ30 e FZ35 oferecem uma solu\u00e7\u00e3o econ\u00f4mica para uma ampla variedade de tarefas. Desde o acabamento e com o FZ35 at\u00e9 o desbaste leve de a\u00e7o e ferro fundido, passando pela usinagem de metais leves e pl\u00e1sticos, materiais de todos os tipos podem ser fresados. Estas s\u00e9ries satisfazem os [&hellip;]<\/p>\n","protected":false},"featured_media":22150,"template":"","meta":[],"product_brand":[],"product_cat":[504,517],"product_tag":[568,571,572,575],"marca-producto":[27],"serie-producto":[],"class_list":{"0":"post-22149","1":"product","2":"type-product","3":"status-publish","4":"has-post-thumbnail","6":"product_cat-centros-de-maquinacao","7":"product_cat-gantry-5-eixos","8":"product_tag-aeronautica-pt-pt","9":"product_tag-energia-pt-pt","10":"product_tag-ferrovia","11":"product_tag-moldes-e-matrizes","12":"marca-producto-zimmermann","14":"first","15":"instock","16":"product-type-simple"},"yoast_head":"<!-- This site is optimized with the Yoast SEO plugin v27.0 - https:\/\/yoast.com\/product\/yoast-seo-wordpress\/ -->\n<title>FZ30\/FZ35<\/title>\n<meta name=\"description\" content=\"FZ30\/FZ35. TECNOLOGIA COMPROVADA. Os moinhos de p\u00f3rtico FZ30 e FZ35 oferecem uma solu\u00e7\u00e3o econ\u00f4mica para uma ampla variedade de tarefas. Desde o acabamento e com o\" \/>\n<meta name=\"robots\" content=\"index, follow, max-snippet:-1, max-image-preview:large, max-video-preview:-1\" \/>\n<link rel=\"canonical\" href=\"https:\/\/maqcenter.com\/pt-pt\/producto\/fz30-fz35\/\" \/>\n<meta property=\"og:locale\" content=\"pt_PT\" \/>\n<meta property=\"og:type\" content=\"article\" \/>\n<meta property=\"og:title\" content=\"FZ30\/FZ35\" \/>\n<meta property=\"og:description\" content=\"FZ30\/FZ35. TECNOLOGIA COMPROVADA. Os moinhos de p\u00f3rtico FZ30 e FZ35 oferecem uma solu\u00e7\u00e3o econ\u00f4mica para uma ampla variedade de tarefas. Desde o acabamento e com o\" \/>\n<meta property=\"og:url\" content=\"https:\/\/maqcenter.com\/pt-pt\/producto\/fz30-fz35\/\" \/>\n<meta property=\"og:site_name\" content=\"MAQcenter\" \/>\n<meta name=\"twitter:card\" content=\"summary_large_image\" \/>\n<meta name=\"twitter:label1\" content=\"Tempo estimado de leitura\" \/>\n\t<meta name=\"twitter:data1\" content=\"1 minuto\" \/>\n<script type=\"application\/ld+json\" class=\"yoast-schema-graph\">{\"@context\":\"https:\/\/schema.org\",\"@graph\":[{\"@type\":[\"WebPage\",\"ItemPage\"],\"@id\":\"https:\/\/maqcenter.com\/pt-pt\/producto\/fz30-fz35\/\",\"url\":\"https:\/\/maqcenter.com\/pt-pt\/producto\/fz30-fz35\/\",\"name\":\"FZ30\/FZ35\",\"isPartOf\":{\"@id\":\"https:\/\/maqcenter.com\/pt-pt\/#website\"},\"primaryImageOfPage\":{\"@id\":\"https:\/\/maqcenter.com\/pt-pt\/producto\/fz30-fz35\/#primaryimage\"},\"image\":{\"@id\":\"https:\/\/maqcenter.com\/pt-pt\/producto\/fz30-fz35\/#primaryimage\"},\"thumbnailUrl\":\"https:\/\/maqcenter.com\/wp-content\/uploads\/2021\/02\/ZIMMERMANN-FZ30.jpg\",\"datePublished\":\"2021-02-08T09:37:28+00:00\",\"description\":\"FZ30\/FZ35. TECNOLOGIA COMPROVADA. Os moinhos de p\u00f3rtico FZ30 e FZ35 oferecem uma solu\u00e7\u00e3o econ\u00f4mica para uma ampla variedade de tarefas. Desde o acabamento e com o\",\"breadcrumb\":{\"@id\":\"https:\/\/maqcenter.com\/pt-pt\/producto\/fz30-fz35\/#breadcrumb\"},\"inLanguage\":\"pt-PT\",\"potentialAction\":[{\"@type\":\"ReadAction\",\"target\":[\"https:\/\/maqcenter.com\/pt-pt\/producto\/fz30-fz35\/\"]}]},{\"@type\":\"ImageObject\",\"inLanguage\":\"pt-PT\",\"@id\":\"https:\/\/maqcenter.com\/pt-pt\/producto\/fz30-fz35\/#primaryimage\",\"url\":\"https:\/\/maqcenter.com\/wp-content\/uploads\/2021\/02\/ZIMMERMANN-FZ30.jpg\",\"contentUrl\":\"https:\/\/maqcenter.com\/wp-content\/uploads\/2021\/02\/ZIMMERMANN-FZ30.jpg\",\"width\":500,\"height\":500},{\"@type\":\"BreadcrumbList\",\"@id\":\"https:\/\/maqcenter.com\/pt-pt\/producto\/fz30-fz35\/#breadcrumb\",\"itemListElement\":[{\"@type\":\"ListItem\",\"position\":1,\"name\":\"Productos\",\"item\":\"https:\/\/maqcenter.com\/pt-pt\/\"},{\"@type\":\"ListItem\",\"position\":2,\"name\":\"Produtos\",\"item\":\"https:\/\/maqcenter.com\/pt-pt\/shop\/\"},{\"@type\":\"ListItem\",\"position\":3,\"name\":\"FZ30\/FZ35\"}]},{\"@type\":\"WebSite\",\"@id\":\"https:\/\/maqcenter.com\/pt-pt\/#website\",\"url\":\"https:\/\/maqcenter.com\/pt-pt\/\",\"name\":\"MAQcenter\",\"description\":\"El centro de tus soluciones\",\"publisher\":{\"@id\":\"https:\/\/maqcenter.com\/pt-pt\/#organization\"},\"potentialAction\":[{\"@type\":\"SearchAction\",\"target\":{\"@type\":\"EntryPoint\",\"urlTemplate\":\"https:\/\/maqcenter.com\/pt-pt\/?s={search_term_string}\"},\"query-input\":{\"@type\":\"PropertyValueSpecification\",\"valueRequired\":true,\"valueName\":\"search_term_string\"}}],\"inLanguage\":\"pt-PT\"},{\"@type\":\"Organization\",\"@id\":\"https:\/\/maqcenter.com\/pt-pt\/#organization\",\"name\":\"MAQcenter S.A.\",\"url\":\"https:\/\/maqcenter.com\/pt-pt\/\",\"logo\":{\"@type\":\"ImageObject\",\"inLanguage\":\"pt-PT\",\"@id\":\"https:\/\/maqcenter.com\/pt-pt\/#\/schema\/logo\/image\/\",\"url\":\"https:\/\/maqcenter.com\/wp-content\/uploads\/2021\/02\/MAQcenter_logo_vertical.svg\",\"contentUrl\":\"https:\/\/maqcenter.com\/wp-content\/uploads\/2021\/02\/MAQcenter_logo_vertical.svg\",\"width\":300,\"height\":174,\"caption\":\"MAQcenter S.A.\"},\"image\":{\"@id\":\"https:\/\/maqcenter.com\/pt-pt\/#\/schema\/logo\/image\/\"}}]}<\/script>\n<!-- \/ Yoast SEO plugin. -->","yoast_head_json":{"title":"FZ30\/FZ35","description":"FZ30\/FZ35. TECNOLOGIA COMPROVADA. Os moinhos de p\u00f3rtico FZ30 e FZ35 oferecem uma solu\u00e7\u00e3o econ\u00f4mica para uma ampla variedade de tarefas. Desde o acabamento e com o","robots":{"index":"index","follow":"follow","max-snippet":"max-snippet:-1","max-image-preview":"max-image-preview:large","max-video-preview":"max-video-preview:-1"},"canonical":"https:\/\/maqcenter.com\/pt-pt\/producto\/fz30-fz35\/","og_locale":"pt_PT","og_type":"article","og_title":"FZ30\/FZ35","og_description":"FZ30\/FZ35. TECNOLOGIA COMPROVADA. Os moinhos de p\u00f3rtico FZ30 e FZ35 oferecem uma solu\u00e7\u00e3o econ\u00f4mica para uma ampla variedade de tarefas. Desde o acabamento e com o","og_url":"https:\/\/maqcenter.com\/pt-pt\/producto\/fz30-fz35\/","og_site_name":"MAQcenter","twitter_card":"summary_large_image","twitter_misc":{"Tempo estimado de leitura":"1 minuto"},"schema":{"@context":"https:\/\/schema.org","@graph":[{"@type":["WebPage","ItemPage"],"@id":"https:\/\/maqcenter.com\/pt-pt\/producto\/fz30-fz35\/","url":"https:\/\/maqcenter.com\/pt-pt\/producto\/fz30-fz35\/","name":"FZ30\/FZ35","isPartOf":{"@id":"https:\/\/maqcenter.com\/pt-pt\/#website"},"primaryImageOfPage":{"@id":"https:\/\/maqcenter.com\/pt-pt\/producto\/fz30-fz35\/#primaryimage"},"image":{"@id":"https:\/\/maqcenter.com\/pt-pt\/producto\/fz30-fz35\/#primaryimage"},"thumbnailUrl":"https:\/\/maqcenter.com\/wp-content\/uploads\/2021\/02\/ZIMMERMANN-FZ30.jpg","datePublished":"2021-02-08T09:37:28+00:00","description":"FZ30\/FZ35. TECNOLOGIA COMPROVADA. Os moinhos de p\u00f3rtico FZ30 e FZ35 oferecem uma solu\u00e7\u00e3o econ\u00f4mica para uma ampla variedade de tarefas. Desde o acabamento e com o","breadcrumb":{"@id":"https:\/\/maqcenter.com\/pt-pt\/producto\/fz30-fz35\/#breadcrumb"},"inLanguage":"pt-PT","potentialAction":[{"@type":"ReadAction","target":["https:\/\/maqcenter.com\/pt-pt\/producto\/fz30-fz35\/"]}]},{"@type":"ImageObject","inLanguage":"pt-PT","@id":"https:\/\/maqcenter.com\/pt-pt\/producto\/fz30-fz35\/#primaryimage","url":"https:\/\/maqcenter.com\/wp-content\/uploads\/2021\/02\/ZIMMERMANN-FZ30.jpg","contentUrl":"https:\/\/maqcenter.com\/wp-content\/uploads\/2021\/02\/ZIMMERMANN-FZ30.jpg","width":500,"height":500},{"@type":"BreadcrumbList","@id":"https:\/\/maqcenter.com\/pt-pt\/producto\/fz30-fz35\/#breadcrumb","itemListElement":[{"@type":"ListItem","position":1,"name":"Productos","item":"https:\/\/maqcenter.com\/pt-pt\/"},{"@type":"ListItem","position":2,"name":"Produtos","item":"https:\/\/maqcenter.com\/pt-pt\/shop\/"},{"@type":"ListItem","position":3,"name":"FZ30\/FZ35"}]},{"@type":"WebSite","@id":"https:\/\/maqcenter.com\/pt-pt\/#website","url":"https:\/\/maqcenter.com\/pt-pt\/","name":"MAQcenter","description":"El centro de tus soluciones","publisher":{"@id":"https:\/\/maqcenter.com\/pt-pt\/#organization"},"potentialAction":[{"@type":"SearchAction","target":{"@type":"EntryPoint","urlTemplate":"https:\/\/maqcenter.com\/pt-pt\/?s={search_term_string}"},"query-input":{"@type":"PropertyValueSpecification","valueRequired":true,"valueName":"search_term_string"}}],"inLanguage":"pt-PT"},{"@type":"Organization","@id":"https:\/\/maqcenter.com\/pt-pt\/#organization","name":"MAQcenter S.A.","url":"https:\/\/maqcenter.com\/pt-pt\/","logo":{"@type":"ImageObject","inLanguage":"pt-PT","@id":"https:\/\/maqcenter.com\/pt-pt\/#\/schema\/logo\/image\/","url":"https:\/\/maqcenter.com\/wp-content\/uploads\/2021\/02\/MAQcenter_logo_vertical.svg","contentUrl":"https:\/\/maqcenter.com\/wp-content\/uploads\/2021\/02\/MAQcenter_logo_vertical.svg","width":300,"height":174,"caption":"MAQcenter S.A."},"image":{"@id":"https:\/\/maqcenter.com\/pt-pt\/#\/schema\/logo\/image\/"}}]}},"_links":{"self":[{"href":"https:\/\/maqcenter.com\/pt-pt\/wp-json\/wp\/v2\/product\/22149","targetHints":{"allow":["GET"]}}],"collection":[{"href":"https:\/\/maqcenter.com\/pt-pt\/wp-json\/wp\/v2\/product"}],"about":[{"href":"https:\/\/maqcenter.com\/pt-pt\/wp-json\/wp\/v2\/types\/product"}],"wp:featuredmedia":[{"embeddable":true,"href":"https:\/\/maqcenter.com\/pt-pt\/wp-json\/wp\/v2\/media\/22150"}],"wp:attachment":[{"href":"https:\/\/maqcenter.com\/pt-pt\/wp-json\/wp\/v2\/media?parent=22149"}],"wp:term":[{"taxonomy":"product_brand","embeddable":true,"href":"https:\/\/maqcenter.com\/pt-pt\/wp-json\/wp\/v2\/product_brand?post=22149"},{"taxonomy":"product_cat","embeddable":true,"href":"https:\/\/maqcenter.com\/pt-pt\/wp-json\/wp\/v2\/product_cat?post=22149"},{"taxonomy":"product_tag","embeddable":true,"href":"https:\/\/maqcenter.com\/pt-pt\/wp-json\/wp\/v2\/product_tag?post=22149"},{"taxonomy":"marca-producto","embeddable":true,"href":"https:\/\/maqcenter.com\/pt-pt\/wp-json\/wp\/v2\/marca-producto?post=22149"},{"taxonomy":"serie-producto","embeddable":true,"href":"https:\/\/maqcenter.com\/pt-pt\/wp-json\/wp\/v2\/serie-producto?post=22149"}],"curies":[{"name":"wp","href":"https:\/\/api.w.org\/{rel}","templated":true}]}}