{"id":22154,"date":"2021-02-08T11:37:28","date_gmt":"2021-02-08T09:37:28","guid":{"rendered":"https:\/\/maqcenter.com\/producto\/fzu\/"},"modified":"2021-02-08T11:37:28","modified_gmt":"2021-02-08T09:37:28","slug":"fzu","status":"publish","type":"product","link":"https:\/\/maqcenter.com\/pt-pt\/producto\/fzu\/","title":{"rendered":"FZU"},"content":{"rendered":"<p>TERMOSSIM\u00c9TRICA.<br \/>\nO FZU \u00e9 um moinho de p\u00f3rtico de 5 eixos notavelmente compacto para usinagem de alum\u00ednio, comp\u00f3sitos de fibra, pl\u00e1sticos e Ureol. O portal central \u00e9 particularmente r\u00edgido e recentemente desenvolvido, o que nos permite atender \u00e0s necessidades cada vez maiores da ind\u00fastria de prototipagem e fabrica\u00e7\u00e3o de moldes. A constru\u00e7\u00e3o termossim\u00e9trica torna o FZU menos sens\u00edvel a condi\u00e7\u00f5es ambientais adversas.  <\/p>\n<p>O design modular da m\u00e1quina de gancho monobloco oferece diferentes vers\u00f5es de comprimento e altura, bem como v\u00e1rias op\u00e7\u00f5es de equipamentos, como resfriamento de processo com lubrificantes de resfriamento e \/ ou lubrifica\u00e7\u00e3o por quantidade m\u00ednima. Alta flexibilidade no manuseio de materiais, a mais alta qualidade de superf\u00edcie e precis\u00e3o resultam em uma \u00f3tima rela\u00e7\u00e3o pre\u00e7o \/ desempenho. <\/p>\n","protected":false},"excerpt":{"rendered":"<p>TERMOSSIM\u00c9TRICA. O FZU \u00e9 um moinho de p\u00f3rtico de 5 eixos notavelmente compacto para usinagem de alum\u00ednio, comp\u00f3sitos de fibra, pl\u00e1sticos e Ureol. O portal central \u00e9 particularmente r\u00edgido e recentemente desenvolvido, o que nos permite atender \u00e0s necessidades cada vez maiores da ind\u00fastria de prototipagem e fabrica\u00e7\u00e3o de moldes. A constru\u00e7\u00e3o termossim\u00e9trica torna o [&hellip;]<\/p>\n","protected":false},"featured_media":22155,"template":"","meta":[],"product_brand":[],"product_cat":[504,517],"product_tag":[568,571,572,575],"marca-producto":[27],"serie-producto":[],"class_list":{"0":"post-22154","1":"product","2":"type-product","3":"status-publish","4":"has-post-thumbnail","6":"product_cat-centros-de-maquinacao","7":"product_cat-gantry-5-eixos","8":"product_tag-aeronautica-pt-pt","9":"product_tag-energia-pt-pt","10":"product_tag-ferrovia","11":"product_tag-moldes-e-matrizes","12":"marca-producto-zimmermann","14":"first","15":"instock","16":"featured","17":"product-type-simple"},"yoast_head":"<!-- This site is optimized with the Yoast SEO plugin v27.0 - https:\/\/yoast.com\/product\/yoast-seo-wordpress\/ -->\n<title>FZU<\/title>\n<meta name=\"description\" content=\"FZU. TERMOSSIM\u00c9TRICA. O FZU \u00e9 um moinho de p\u00f3rtico de 5 eixos notavelmente compacto para usinagem de alum\u00ednio, comp\u00f3sitos de fibra, pl\u00e1sticos e Ureol. O portal\" \/>\n<meta name=\"robots\" content=\"index, follow, max-snippet:-1, max-image-preview:large, max-video-preview:-1\" \/>\n<link rel=\"canonical\" href=\"https:\/\/maqcenter.com\/pt-pt\/producto\/fzu\/\" \/>\n<meta property=\"og:locale\" content=\"pt_PT\" \/>\n<meta property=\"og:type\" content=\"article\" \/>\n<meta property=\"og:title\" content=\"FZU\" \/>\n<meta property=\"og:description\" content=\"FZU. TERMOSSIM\u00c9TRICA. O FZU \u00e9 um moinho de p\u00f3rtico de 5 eixos notavelmente compacto para usinagem de alum\u00ednio, comp\u00f3sitos de fibra, pl\u00e1sticos e Ureol. O portal\" \/>\n<meta property=\"og:url\" content=\"https:\/\/maqcenter.com\/pt-pt\/producto\/fzu\/\" \/>\n<meta property=\"og:site_name\" content=\"MAQcenter\" \/>\n<meta name=\"twitter:card\" content=\"summary_large_image\" \/>\n<meta name=\"twitter:label1\" content=\"Tempo estimado de leitura\" \/>\n\t<meta name=\"twitter:data1\" content=\"1 minuto\" \/>\n<script type=\"application\/ld+json\" class=\"yoast-schema-graph\">{\"@context\":\"https:\/\/schema.org\",\"@graph\":[{\"@type\":[\"WebPage\",\"ItemPage\"],\"@id\":\"https:\/\/maqcenter.com\/pt-pt\/producto\/fzu\/\",\"url\":\"https:\/\/maqcenter.com\/pt-pt\/producto\/fzu\/\",\"name\":\"FZU\",\"isPartOf\":{\"@id\":\"https:\/\/maqcenter.com\/pt-pt\/#website\"},\"primaryImageOfPage\":{\"@id\":\"https:\/\/maqcenter.com\/pt-pt\/producto\/fzu\/#primaryimage\"},\"image\":{\"@id\":\"https:\/\/maqcenter.com\/pt-pt\/producto\/fzu\/#primaryimage\"},\"thumbnailUrl\":\"https:\/\/maqcenter.com\/wp-content\/uploads\/2021\/02\/ZIMMERMANN-FZU.jpg\",\"datePublished\":\"2021-02-08T09:37:28+00:00\",\"description\":\"FZU. TERMOSSIM\u00c9TRICA. O FZU \u00e9 um moinho de p\u00f3rtico de 5 eixos notavelmente compacto para usinagem de alum\u00ednio, comp\u00f3sitos de fibra, pl\u00e1sticos e Ureol. O portal\",\"breadcrumb\":{\"@id\":\"https:\/\/maqcenter.com\/pt-pt\/producto\/fzu\/#breadcrumb\"},\"inLanguage\":\"pt-PT\",\"potentialAction\":[{\"@type\":\"ReadAction\",\"target\":[\"https:\/\/maqcenter.com\/pt-pt\/producto\/fzu\/\"]}]},{\"@type\":\"ImageObject\",\"inLanguage\":\"pt-PT\",\"@id\":\"https:\/\/maqcenter.com\/pt-pt\/producto\/fzu\/#primaryimage\",\"url\":\"https:\/\/maqcenter.com\/wp-content\/uploads\/2021\/02\/ZIMMERMANN-FZU.jpg\",\"contentUrl\":\"https:\/\/maqcenter.com\/wp-content\/uploads\/2021\/02\/ZIMMERMANN-FZU.jpg\",\"width\":500,\"height\":500},{\"@type\":\"BreadcrumbList\",\"@id\":\"https:\/\/maqcenter.com\/pt-pt\/producto\/fzu\/#breadcrumb\",\"itemListElement\":[{\"@type\":\"ListItem\",\"position\":1,\"name\":\"Productos\",\"item\":\"https:\/\/maqcenter.com\/pt-pt\/\"},{\"@type\":\"ListItem\",\"position\":2,\"name\":\"Produtos\",\"item\":\"https:\/\/maqcenter.com\/pt-pt\/shop\/\"},{\"@type\":\"ListItem\",\"position\":3,\"name\":\"FZU\"}]},{\"@type\":\"WebSite\",\"@id\":\"https:\/\/maqcenter.com\/pt-pt\/#website\",\"url\":\"https:\/\/maqcenter.com\/pt-pt\/\",\"name\":\"MAQcenter\",\"description\":\"El centro de tus soluciones\",\"publisher\":{\"@id\":\"https:\/\/maqcenter.com\/pt-pt\/#organization\"},\"potentialAction\":[{\"@type\":\"SearchAction\",\"target\":{\"@type\":\"EntryPoint\",\"urlTemplate\":\"https:\/\/maqcenter.com\/pt-pt\/?s={search_term_string}\"},\"query-input\":{\"@type\":\"PropertyValueSpecification\",\"valueRequired\":true,\"valueName\":\"search_term_string\"}}],\"inLanguage\":\"pt-PT\"},{\"@type\":\"Organization\",\"@id\":\"https:\/\/maqcenter.com\/pt-pt\/#organization\",\"name\":\"MAQcenter S.A.\",\"url\":\"https:\/\/maqcenter.com\/pt-pt\/\",\"logo\":{\"@type\":\"ImageObject\",\"inLanguage\":\"pt-PT\",\"@id\":\"https:\/\/maqcenter.com\/pt-pt\/#\/schema\/logo\/image\/\",\"url\":\"https:\/\/maqcenter.com\/wp-content\/uploads\/2021\/02\/MAQcenter_logo_vertical.svg\",\"contentUrl\":\"https:\/\/maqcenter.com\/wp-content\/uploads\/2021\/02\/MAQcenter_logo_vertical.svg\",\"width\":300,\"height\":174,\"caption\":\"MAQcenter S.A.\"},\"image\":{\"@id\":\"https:\/\/maqcenter.com\/pt-pt\/#\/schema\/logo\/image\/\"}}]}<\/script>\n<!-- \/ Yoast SEO plugin. -->","yoast_head_json":{"title":"FZU","description":"FZU. TERMOSSIM\u00c9TRICA. O FZU \u00e9 um moinho de p\u00f3rtico de 5 eixos notavelmente compacto para usinagem de alum\u00ednio, comp\u00f3sitos de fibra, pl\u00e1sticos e Ureol. O portal","robots":{"index":"index","follow":"follow","max-snippet":"max-snippet:-1","max-image-preview":"max-image-preview:large","max-video-preview":"max-video-preview:-1"},"canonical":"https:\/\/maqcenter.com\/pt-pt\/producto\/fzu\/","og_locale":"pt_PT","og_type":"article","og_title":"FZU","og_description":"FZU. TERMOSSIM\u00c9TRICA. O FZU \u00e9 um moinho de p\u00f3rtico de 5 eixos notavelmente compacto para usinagem de alum\u00ednio, comp\u00f3sitos de fibra, pl\u00e1sticos e Ureol. O portal","og_url":"https:\/\/maqcenter.com\/pt-pt\/producto\/fzu\/","og_site_name":"MAQcenter","twitter_card":"summary_large_image","twitter_misc":{"Tempo estimado de leitura":"1 minuto"},"schema":{"@context":"https:\/\/schema.org","@graph":[{"@type":["WebPage","ItemPage"],"@id":"https:\/\/maqcenter.com\/pt-pt\/producto\/fzu\/","url":"https:\/\/maqcenter.com\/pt-pt\/producto\/fzu\/","name":"FZU","isPartOf":{"@id":"https:\/\/maqcenter.com\/pt-pt\/#website"},"primaryImageOfPage":{"@id":"https:\/\/maqcenter.com\/pt-pt\/producto\/fzu\/#primaryimage"},"image":{"@id":"https:\/\/maqcenter.com\/pt-pt\/producto\/fzu\/#primaryimage"},"thumbnailUrl":"https:\/\/maqcenter.com\/wp-content\/uploads\/2021\/02\/ZIMMERMANN-FZU.jpg","datePublished":"2021-02-08T09:37:28+00:00","description":"FZU. TERMOSSIM\u00c9TRICA. O FZU \u00e9 um moinho de p\u00f3rtico de 5 eixos notavelmente compacto para usinagem de alum\u00ednio, comp\u00f3sitos de fibra, pl\u00e1sticos e Ureol. O portal","breadcrumb":{"@id":"https:\/\/maqcenter.com\/pt-pt\/producto\/fzu\/#breadcrumb"},"inLanguage":"pt-PT","potentialAction":[{"@type":"ReadAction","target":["https:\/\/maqcenter.com\/pt-pt\/producto\/fzu\/"]}]},{"@type":"ImageObject","inLanguage":"pt-PT","@id":"https:\/\/maqcenter.com\/pt-pt\/producto\/fzu\/#primaryimage","url":"https:\/\/maqcenter.com\/wp-content\/uploads\/2021\/02\/ZIMMERMANN-FZU.jpg","contentUrl":"https:\/\/maqcenter.com\/wp-content\/uploads\/2021\/02\/ZIMMERMANN-FZU.jpg","width":500,"height":500},{"@type":"BreadcrumbList","@id":"https:\/\/maqcenter.com\/pt-pt\/producto\/fzu\/#breadcrumb","itemListElement":[{"@type":"ListItem","position":1,"name":"Productos","item":"https:\/\/maqcenter.com\/pt-pt\/"},{"@type":"ListItem","position":2,"name":"Produtos","item":"https:\/\/maqcenter.com\/pt-pt\/shop\/"},{"@type":"ListItem","position":3,"name":"FZU"}]},{"@type":"WebSite","@id":"https:\/\/maqcenter.com\/pt-pt\/#website","url":"https:\/\/maqcenter.com\/pt-pt\/","name":"MAQcenter","description":"El centro de tus soluciones","publisher":{"@id":"https:\/\/maqcenter.com\/pt-pt\/#organization"},"potentialAction":[{"@type":"SearchAction","target":{"@type":"EntryPoint","urlTemplate":"https:\/\/maqcenter.com\/pt-pt\/?s={search_term_string}"},"query-input":{"@type":"PropertyValueSpecification","valueRequired":true,"valueName":"search_term_string"}}],"inLanguage":"pt-PT"},{"@type":"Organization","@id":"https:\/\/maqcenter.com\/pt-pt\/#organization","name":"MAQcenter S.A.","url":"https:\/\/maqcenter.com\/pt-pt\/","logo":{"@type":"ImageObject","inLanguage":"pt-PT","@id":"https:\/\/maqcenter.com\/pt-pt\/#\/schema\/logo\/image\/","url":"https:\/\/maqcenter.com\/wp-content\/uploads\/2021\/02\/MAQcenter_logo_vertical.svg","contentUrl":"https:\/\/maqcenter.com\/wp-content\/uploads\/2021\/02\/MAQcenter_logo_vertical.svg","width":300,"height":174,"caption":"MAQcenter S.A."},"image":{"@id":"https:\/\/maqcenter.com\/pt-pt\/#\/schema\/logo\/image\/"}}]}},"_links":{"self":[{"href":"https:\/\/maqcenter.com\/pt-pt\/wp-json\/wp\/v2\/product\/22154","targetHints":{"allow":["GET"]}}],"collection":[{"href":"https:\/\/maqcenter.com\/pt-pt\/wp-json\/wp\/v2\/product"}],"about":[{"href":"https:\/\/maqcenter.com\/pt-pt\/wp-json\/wp\/v2\/types\/product"}],"wp:featuredmedia":[{"embeddable":true,"href":"https:\/\/maqcenter.com\/pt-pt\/wp-json\/wp\/v2\/media\/22155"}],"wp:attachment":[{"href":"https:\/\/maqcenter.com\/pt-pt\/wp-json\/wp\/v2\/media?parent=22154"}],"wp:term":[{"taxonomy":"product_brand","embeddable":true,"href":"https:\/\/maqcenter.com\/pt-pt\/wp-json\/wp\/v2\/product_brand?post=22154"},{"taxonomy":"product_cat","embeddable":true,"href":"https:\/\/maqcenter.com\/pt-pt\/wp-json\/wp\/v2\/product_cat?post=22154"},{"taxonomy":"product_tag","embeddable":true,"href":"https:\/\/maqcenter.com\/pt-pt\/wp-json\/wp\/v2\/product_tag?post=22154"},{"taxonomy":"marca-producto","embeddable":true,"href":"https:\/\/maqcenter.com\/pt-pt\/wp-json\/wp\/v2\/marca-producto?post=22154"},{"taxonomy":"serie-producto","embeddable":true,"href":"https:\/\/maqcenter.com\/pt-pt\/wp-json\/wp\/v2\/serie-producto?post=22154"}],"curies":[{"name":"wp","href":"https:\/\/api.w.org\/{rel}","templated":true}]}}