{"id":22174,"date":"2021-02-08T11:37:28","date_gmt":"2021-02-08T09:37:28","guid":{"rendered":"https:\/\/maqcenter.com\/producto\/fz100\/"},"modified":"2025-05-16T16:51:03","modified_gmt":"2025-05-16T14:51:03","slug":"fz100","status":"publish","type":"product","link":"https:\/\/maqcenter.com\/pt-pt\/producto\/fz100\/","title":{"rendered":"FZ100"},"content":{"rendered":"<p>\u00daNICO E PRODUTIVO.<br \/>\nEste moinho de p\u00f3rtico CNC de 6 eixos tem um design modular que permite a combina\u00e7\u00e3o de diferentes faixas de opera\u00e7\u00e3o, caminhos, cabe\u00e7otes de fresagem e controles CNC. A constru\u00e7\u00e3o do p\u00f3rtico oferece flexibilidade para usinar uma ampla variedade de tamanhos e materiais. A mesa da m\u00e1quina do FZ100 est\u00e1 firmemente ancorada na base da m\u00e1quina. O processo de fresagem \u00e9 muito preciso, independentemente do peso e do tamanho.<br \/>\nA estrutura r\u00edgida do p\u00f3rtico abriga os eixos Y e Z e a cabe\u00e7a de fresagem M3ABC que fornece um processo de fresagem eficiente. Gra\u00e7as \u00e0 sua combina\u00e7\u00e3o de alta estabilidade e rigidez, a m\u00e1quina \u00e9 capaz de atender a todos os requisitos de fabrica\u00e7\u00e3o de prot\u00f3tipos, ferramentas e moldes, incluindo as demandas das ind\u00fastrias aeron\u00e1utica e automotiva.     <\/p>\n","protected":false},"excerpt":{"rendered":"<p>\u00daNICO E PRODUTIVO. Este moinho de p\u00f3rtico CNC de 6 eixos tem um design modular que permite a combina\u00e7\u00e3o de diferentes faixas de opera\u00e7\u00e3o, caminhos, cabe\u00e7otes de fresagem e controles CNC. A constru\u00e7\u00e3o do p\u00f3rtico oferece flexibilidade para usinar uma ampla variedade de tamanhos e materiais. A mesa da m\u00e1quina do FZ100 est\u00e1 firmemente ancorada [&hellip;]<\/p>\n","protected":false},"featured_media":22175,"template":"","meta":[],"product_brand":[],"product_cat":[504,517],"product_tag":[568,571,572,575],"marca-producto":[27],"serie-producto":[],"class_list":{"0":"post-22174","1":"product","2":"type-product","3":"status-publish","4":"has-post-thumbnail","6":"product_cat-centros-de-maquinacao","7":"product_cat-gantry-5-eixos","8":"product_tag-aeronautica-pt-pt","9":"product_tag-energia-pt-pt","10":"product_tag-ferrovia","11":"product_tag-moldes-e-matrizes","12":"marca-producto-zimmermann","14":"first","15":"instock","16":"product-type-simple"},"yoast_head":"<!-- This site is optimized with the Yoast SEO plugin v27.0 - https:\/\/yoast.com\/product\/yoast-seo-wordpress\/ -->\n<title>FZ100<\/title>\n<meta name=\"description\" content=\"FZ100. \u00daNICO E PRODUTIVO. Este moinho de p\u00f3rtico CNC de 6 eixos tem um design modular que permite a combina\u00e7\u00e3o de diferentes faixas de opera\u00e7\u00e3o, caminhos,\" \/>\n<meta name=\"robots\" content=\"index, follow, max-snippet:-1, max-image-preview:large, max-video-preview:-1\" \/>\n<link rel=\"canonical\" href=\"https:\/\/maqcenter.com\/pt-pt\/producto\/fz100\/\" \/>\n<meta property=\"og:locale\" content=\"pt_PT\" \/>\n<meta property=\"og:type\" content=\"article\" \/>\n<meta property=\"og:title\" content=\"FZ100\" \/>\n<meta property=\"og:description\" content=\"FZ100. \u00daNICO E PRODUTIVO. Este moinho de p\u00f3rtico CNC de 6 eixos tem um design modular que permite a combina\u00e7\u00e3o de diferentes faixas de opera\u00e7\u00e3o, caminhos,\" \/>\n<meta property=\"og:url\" content=\"https:\/\/maqcenter.com\/pt-pt\/producto\/fz100\/\" \/>\n<meta property=\"og:site_name\" content=\"MAQcenter\" \/>\n<meta property=\"article:modified_time\" content=\"2025-05-16T14:51:03+00:00\" \/>\n<meta property=\"og:image\" content=\"https:\/\/maqcenter.com\/wp-content\/uploads\/2021\/02\/ZIMMERMANN-FZ100.jpg\" \/>\n\t<meta property=\"og:image:width\" content=\"500\" \/>\n\t<meta property=\"og:image:height\" content=\"500\" \/>\n\t<meta property=\"og:image:type\" content=\"image\/jpeg\" \/>\n<meta name=\"twitter:card\" content=\"summary_large_image\" \/>\n<meta name=\"twitter:label1\" content=\"Tempo estimado de leitura\" \/>\n\t<meta name=\"twitter:data1\" content=\"1 minuto\" \/>\n<script type=\"application\/ld+json\" class=\"yoast-schema-graph\">{\"@context\":\"https:\/\/schema.org\",\"@graph\":[{\"@type\":[\"WebPage\",\"ItemPage\"],\"@id\":\"https:\/\/maqcenter.com\/pt-pt\/producto\/fz100\/\",\"url\":\"https:\/\/maqcenter.com\/pt-pt\/producto\/fz100\/\",\"name\":\"FZ100\",\"isPartOf\":{\"@id\":\"https:\/\/maqcenter.com\/pt-pt\/#website\"},\"primaryImageOfPage\":{\"@id\":\"https:\/\/maqcenter.com\/pt-pt\/producto\/fz100\/#primaryimage\"},\"image\":{\"@id\":\"https:\/\/maqcenter.com\/pt-pt\/producto\/fz100\/#primaryimage\"},\"thumbnailUrl\":\"https:\/\/maqcenter.com\/wp-content\/uploads\/2021\/02\/ZIMMERMANN-FZ100.jpg\",\"datePublished\":\"2021-02-08T09:37:28+00:00\",\"dateModified\":\"2025-05-16T14:51:03+00:00\",\"description\":\"FZ100. \u00daNICO E PRODUTIVO. Este moinho de p\u00f3rtico CNC de 6 eixos tem um design modular que permite a combina\u00e7\u00e3o de diferentes faixas de opera\u00e7\u00e3o, caminhos,\",\"breadcrumb\":{\"@id\":\"https:\/\/maqcenter.com\/pt-pt\/producto\/fz100\/#breadcrumb\"},\"inLanguage\":\"pt-PT\",\"potentialAction\":[{\"@type\":\"ReadAction\",\"target\":[\"https:\/\/maqcenter.com\/pt-pt\/producto\/fz100\/\"]}]},{\"@type\":\"ImageObject\",\"inLanguage\":\"pt-PT\",\"@id\":\"https:\/\/maqcenter.com\/pt-pt\/producto\/fz100\/#primaryimage\",\"url\":\"https:\/\/maqcenter.com\/wp-content\/uploads\/2021\/02\/ZIMMERMANN-FZ100.jpg\",\"contentUrl\":\"https:\/\/maqcenter.com\/wp-content\/uploads\/2021\/02\/ZIMMERMANN-FZ100.jpg\",\"width\":500,\"height\":500,\"caption\":\"Gantry Zimmermann FZ100\"},{\"@type\":\"BreadcrumbList\",\"@id\":\"https:\/\/maqcenter.com\/pt-pt\/producto\/fz100\/#breadcrumb\",\"itemListElement\":[{\"@type\":\"ListItem\",\"position\":1,\"name\":\"Productos\",\"item\":\"https:\/\/maqcenter.com\/pt-pt\/\"},{\"@type\":\"ListItem\",\"position\":2,\"name\":\"Produtos\",\"item\":\"https:\/\/maqcenter.com\/pt-pt\/shop\/\"},{\"@type\":\"ListItem\",\"position\":3,\"name\":\"FZ100\"}]},{\"@type\":\"WebSite\",\"@id\":\"https:\/\/maqcenter.com\/pt-pt\/#website\",\"url\":\"https:\/\/maqcenter.com\/pt-pt\/\",\"name\":\"MAQcenter\",\"description\":\"El centro de tus soluciones\",\"publisher\":{\"@id\":\"https:\/\/maqcenter.com\/pt-pt\/#organization\"},\"potentialAction\":[{\"@type\":\"SearchAction\",\"target\":{\"@type\":\"EntryPoint\",\"urlTemplate\":\"https:\/\/maqcenter.com\/pt-pt\/?s={search_term_string}\"},\"query-input\":{\"@type\":\"PropertyValueSpecification\",\"valueRequired\":true,\"valueName\":\"search_term_string\"}}],\"inLanguage\":\"pt-PT\"},{\"@type\":\"Organization\",\"@id\":\"https:\/\/maqcenter.com\/pt-pt\/#organization\",\"name\":\"MAQcenter S.A.\",\"url\":\"https:\/\/maqcenter.com\/pt-pt\/\",\"logo\":{\"@type\":\"ImageObject\",\"inLanguage\":\"pt-PT\",\"@id\":\"https:\/\/maqcenter.com\/pt-pt\/#\/schema\/logo\/image\/\",\"url\":\"https:\/\/maqcenter.com\/wp-content\/uploads\/2021\/02\/MAQcenter_logo_vertical.svg\",\"contentUrl\":\"https:\/\/maqcenter.com\/wp-content\/uploads\/2021\/02\/MAQcenter_logo_vertical.svg\",\"width\":300,\"height\":174,\"caption\":\"MAQcenter S.A.\"},\"image\":{\"@id\":\"https:\/\/maqcenter.com\/pt-pt\/#\/schema\/logo\/image\/\"}}]}<\/script>\n<!-- \/ Yoast SEO plugin. -->","yoast_head_json":{"title":"FZ100","description":"FZ100. \u00daNICO E PRODUTIVO. Este moinho de p\u00f3rtico CNC de 6 eixos tem um design modular que permite a combina\u00e7\u00e3o de diferentes faixas de opera\u00e7\u00e3o, caminhos,","robots":{"index":"index","follow":"follow","max-snippet":"max-snippet:-1","max-image-preview":"max-image-preview:large","max-video-preview":"max-video-preview:-1"},"canonical":"https:\/\/maqcenter.com\/pt-pt\/producto\/fz100\/","og_locale":"pt_PT","og_type":"article","og_title":"FZ100","og_description":"FZ100. \u00daNICO E PRODUTIVO. Este moinho de p\u00f3rtico CNC de 6 eixos tem um design modular que permite a combina\u00e7\u00e3o de diferentes faixas de opera\u00e7\u00e3o, caminhos,","og_url":"https:\/\/maqcenter.com\/pt-pt\/producto\/fz100\/","og_site_name":"MAQcenter","article_modified_time":"2025-05-16T14:51:03+00:00","og_image":[{"width":500,"height":500,"url":"https:\/\/maqcenter.com\/wp-content\/uploads\/2021\/02\/ZIMMERMANN-FZ100.jpg","type":"image\/jpeg"}],"twitter_card":"summary_large_image","twitter_misc":{"Tempo estimado de leitura":"1 minuto"},"schema":{"@context":"https:\/\/schema.org","@graph":[{"@type":["WebPage","ItemPage"],"@id":"https:\/\/maqcenter.com\/pt-pt\/producto\/fz100\/","url":"https:\/\/maqcenter.com\/pt-pt\/producto\/fz100\/","name":"FZ100","isPartOf":{"@id":"https:\/\/maqcenter.com\/pt-pt\/#website"},"primaryImageOfPage":{"@id":"https:\/\/maqcenter.com\/pt-pt\/producto\/fz100\/#primaryimage"},"image":{"@id":"https:\/\/maqcenter.com\/pt-pt\/producto\/fz100\/#primaryimage"},"thumbnailUrl":"https:\/\/maqcenter.com\/wp-content\/uploads\/2021\/02\/ZIMMERMANN-FZ100.jpg","datePublished":"2021-02-08T09:37:28+00:00","dateModified":"2025-05-16T14:51:03+00:00","description":"FZ100. \u00daNICO E PRODUTIVO. Este moinho de p\u00f3rtico CNC de 6 eixos tem um design modular que permite a combina\u00e7\u00e3o de diferentes faixas de opera\u00e7\u00e3o, caminhos,","breadcrumb":{"@id":"https:\/\/maqcenter.com\/pt-pt\/producto\/fz100\/#breadcrumb"},"inLanguage":"pt-PT","potentialAction":[{"@type":"ReadAction","target":["https:\/\/maqcenter.com\/pt-pt\/producto\/fz100\/"]}]},{"@type":"ImageObject","inLanguage":"pt-PT","@id":"https:\/\/maqcenter.com\/pt-pt\/producto\/fz100\/#primaryimage","url":"https:\/\/maqcenter.com\/wp-content\/uploads\/2021\/02\/ZIMMERMANN-FZ100.jpg","contentUrl":"https:\/\/maqcenter.com\/wp-content\/uploads\/2021\/02\/ZIMMERMANN-FZ100.jpg","width":500,"height":500,"caption":"Gantry Zimmermann FZ100"},{"@type":"BreadcrumbList","@id":"https:\/\/maqcenter.com\/pt-pt\/producto\/fz100\/#breadcrumb","itemListElement":[{"@type":"ListItem","position":1,"name":"Productos","item":"https:\/\/maqcenter.com\/pt-pt\/"},{"@type":"ListItem","position":2,"name":"Produtos","item":"https:\/\/maqcenter.com\/pt-pt\/shop\/"},{"@type":"ListItem","position":3,"name":"FZ100"}]},{"@type":"WebSite","@id":"https:\/\/maqcenter.com\/pt-pt\/#website","url":"https:\/\/maqcenter.com\/pt-pt\/","name":"MAQcenter","description":"El centro de tus soluciones","publisher":{"@id":"https:\/\/maqcenter.com\/pt-pt\/#organization"},"potentialAction":[{"@type":"SearchAction","target":{"@type":"EntryPoint","urlTemplate":"https:\/\/maqcenter.com\/pt-pt\/?s={search_term_string}"},"query-input":{"@type":"PropertyValueSpecification","valueRequired":true,"valueName":"search_term_string"}}],"inLanguage":"pt-PT"},{"@type":"Organization","@id":"https:\/\/maqcenter.com\/pt-pt\/#organization","name":"MAQcenter S.A.","url":"https:\/\/maqcenter.com\/pt-pt\/","logo":{"@type":"ImageObject","inLanguage":"pt-PT","@id":"https:\/\/maqcenter.com\/pt-pt\/#\/schema\/logo\/image\/","url":"https:\/\/maqcenter.com\/wp-content\/uploads\/2021\/02\/MAQcenter_logo_vertical.svg","contentUrl":"https:\/\/maqcenter.com\/wp-content\/uploads\/2021\/02\/MAQcenter_logo_vertical.svg","width":300,"height":174,"caption":"MAQcenter S.A."},"image":{"@id":"https:\/\/maqcenter.com\/pt-pt\/#\/schema\/logo\/image\/"}}]}},"_links":{"self":[{"href":"https:\/\/maqcenter.com\/pt-pt\/wp-json\/wp\/v2\/product\/22174","targetHints":{"allow":["GET"]}}],"collection":[{"href":"https:\/\/maqcenter.com\/pt-pt\/wp-json\/wp\/v2\/product"}],"about":[{"href":"https:\/\/maqcenter.com\/pt-pt\/wp-json\/wp\/v2\/types\/product"}],"wp:featuredmedia":[{"embeddable":true,"href":"https:\/\/maqcenter.com\/pt-pt\/wp-json\/wp\/v2\/media\/22175"}],"wp:attachment":[{"href":"https:\/\/maqcenter.com\/pt-pt\/wp-json\/wp\/v2\/media?parent=22174"}],"wp:term":[{"taxonomy":"product_brand","embeddable":true,"href":"https:\/\/maqcenter.com\/pt-pt\/wp-json\/wp\/v2\/product_brand?post=22174"},{"taxonomy":"product_cat","embeddable":true,"href":"https:\/\/maqcenter.com\/pt-pt\/wp-json\/wp\/v2\/product_cat?post=22174"},{"taxonomy":"product_tag","embeddable":true,"href":"https:\/\/maqcenter.com\/pt-pt\/wp-json\/wp\/v2\/product_tag?post=22174"},{"taxonomy":"marca-producto","embeddable":true,"href":"https:\/\/maqcenter.com\/pt-pt\/wp-json\/wp\/v2\/marca-producto?post=22174"},{"taxonomy":"serie-producto","embeddable":true,"href":"https:\/\/maqcenter.com\/pt-pt\/wp-json\/wp\/v2\/serie-producto?post=22174"}],"curies":[{"name":"wp","href":"https:\/\/api.w.org\/{rel}","templated":true}]}}