{"id":22179,"date":"2024-09-30T09:59:39","date_gmt":"2024-09-30T07:59:39","guid":{"rendered":"https:\/\/maqcenter.com\/producto\/genos-m560v-5ax\/"},"modified":"2024-09-30T09:59:39","modified_gmt":"2024-09-30T07:59:39","slug":"genos-m560v-5ax","status":"publish","type":"product","link":"https:\/\/maqcenter.com\/pt-pt\/producto\/genos-m560v-5ax\/","title":{"rendered":"GENOS M560V-5AX"},"content":{"rendered":"<p>O <strong>GENOS M560V-5AX<\/strong> \u00e9 um centro de maquina\u00e7\u00e3o vertical de 5 eixos robusto, concebido para combinar pot\u00eancia e precis\u00e3o em aplica\u00e7\u00f5es industriais de alta exig\u00eancia.<br \/>Este modelo destaca-se pela sua capacidade de maquinar pe\u00e7as grandes e pesadas com elevada precis\u00e3o, enquanto o seu design termicamente est\u00e1vel e a estrutura de dupla coluna garantem fiabilidade e consist\u00eancia excecionais.<br \/>\u00c9 ideal para ambientes de produ\u00e7\u00e3o que exigem desempenho cont\u00ednuo e pe\u00e7as de elevada qualidade.  <\/p>\n<p><strong>Caracter\u00edsticas principais:<\/strong><\/p>\n<ul>\n<li><strong>Eixos<\/strong>: 5 eixos simult\u00e2neos, permitindo trabalhar em pe\u00e7as complexas e detalhadas.<\/li>\n<li><strong>Capacidade de carga<\/strong>: Projetado para suportar pe\u00e7as maiores e mais pesadas do que o modelo M460V.<\/li>\n<li><strong>Rigidez e estabilidade<\/strong>: A estrutura de dupla coluna e a estabilidade t\u00e9rmica melhorada permitem uma maquina\u00e7\u00e3o precisa e consistente, mesmo em ciclos de trabalho prolongados.<\/li>\n<li><strong>Veio de alto desempenho<\/strong>: Garante uma remo\u00e7\u00e3o r\u00e1pida de material com um acabamento de superf\u00edcie superior.<\/li>\n<li><strong>Comando CNC Okuma OSP-P300MA<\/strong>: Assegura uma opera\u00e7\u00e3o eficiente e programa\u00e7\u00e3o precisa.<\/li>\n<\/ul>\n","protected":false},"excerpt":{"rendered":"<p>O GENOS M560V-5AX \u00e9 um centro de maquina\u00e7\u00e3o vertical de 5 eixos robusto, concebido para combinar pot\u00eancia e precis\u00e3o em aplica\u00e7\u00f5es industriais de alta exig\u00eancia.Este modelo destaca-se pela sua capacidade de maquinar pe\u00e7as grandes e pesadas com elevada precis\u00e3o, enquanto o seu design termicamente est\u00e1vel e a estrutura de dupla coluna garantem fiabilidade e consist\u00eancia [&hellip;]<\/p>\n","protected":false},"featured_media":21372,"template":"","meta":[],"product_brand":[],"product_cat":[504,505],"product_tag":[568,570,575],"marca-producto":[26],"serie-producto":[436],"class_list":{"0":"post-22179","1":"product","2":"type-product","3":"status-publish","4":"has-post-thumbnail","6":"product_cat-centros-de-maquinacao","7":"product_cat-centros-de-maquinacao-de-5-eixos","8":"product_tag-aeronautica-pt-pt","9":"product_tag-bens-de-equipamento","10":"product_tag-moldes-e-matrizes","11":"marca-producto-okuma","12":"serie-producto-genos-m-5ax","14":"first","15":"instock","16":"product-type-simple"},"yoast_head":"<!-- This site is optimized with the Yoast SEO plugin v27.0 - https:\/\/yoast.com\/product\/yoast-seo-wordpress\/ -->\n<title>GENOS M560V-5AX<\/title>\n<meta name=\"description\" content=\"GENOS M560V-5AX. O GENOS M560V-5AX \u00e9 um centro de maquina\u00e7\u00e3o vertical de 5 eixos robusto, concebido para combinar pot\u00eancia e precis\u00e3o em aplica\u00e7\u00f5es industriais de alta\" \/>\n<meta name=\"robots\" content=\"index, follow, max-snippet:-1, max-image-preview:large, max-video-preview:-1\" \/>\n<link rel=\"canonical\" href=\"https:\/\/maqcenter.com\/pt-pt\/producto\/genos-m560v-5ax\/\" \/>\n<meta property=\"og:locale\" content=\"pt_PT\" \/>\n<meta property=\"og:type\" content=\"article\" \/>\n<meta property=\"og:title\" content=\"GENOS M560V-5AX\" \/>\n<meta property=\"og:description\" content=\"GENOS M560V-5AX. O GENOS M560V-5AX \u00e9 um centro de maquina\u00e7\u00e3o vertical de 5 eixos robusto, concebido para combinar pot\u00eancia e precis\u00e3o em aplica\u00e7\u00f5es industriais de alta\" \/>\n<meta property=\"og:url\" content=\"https:\/\/maqcenter.com\/pt-pt\/producto\/genos-m560v-5ax\/\" \/>\n<meta property=\"og:site_name\" content=\"MAQcenter\" \/>\n<meta property=\"og:image\" content=\"https:\/\/maqcenter.com\/wp-content\/uploads\/2021\/02\/OKUMA-GENOS-M560V-5AX.jpg\" \/>\n\t<meta property=\"og:image:width\" content=\"500\" \/>\n\t<meta property=\"og:image:height\" content=\"500\" \/>\n\t<meta property=\"og:image:type\" content=\"image\/jpeg\" \/>\n<meta name=\"twitter:card\" content=\"summary_large_image\" \/>\n<meta name=\"twitter:label1\" content=\"Tempo estimado de leitura\" \/>\n\t<meta name=\"twitter:data1\" content=\"1 minuto\" \/>\n<script type=\"application\/ld+json\" class=\"yoast-schema-graph\">{\"@context\":\"https:\/\/schema.org\",\"@graph\":[{\"@type\":[\"WebPage\",\"ItemPage\"],\"@id\":\"https:\/\/maqcenter.com\/pt-pt\/producto\/genos-m560v-5ax\/\",\"url\":\"https:\/\/maqcenter.com\/pt-pt\/producto\/genos-m560v-5ax\/\",\"name\":\"GENOS M560V-5AX\",\"isPartOf\":{\"@id\":\"https:\/\/maqcenter.com\/pt-pt\/#website\"},\"primaryImageOfPage\":{\"@id\":\"https:\/\/maqcenter.com\/pt-pt\/producto\/genos-m560v-5ax\/#primaryimage\"},\"image\":{\"@id\":\"https:\/\/maqcenter.com\/pt-pt\/producto\/genos-m560v-5ax\/#primaryimage\"},\"thumbnailUrl\":\"https:\/\/maqcenter.com\/wp-content\/uploads\/2021\/02\/OKUMA-GENOS-M560V-5AX.jpg\",\"datePublished\":\"2024-09-30T07:59:39+00:00\",\"description\":\"GENOS M560V-5AX. O GENOS M560V-5AX \u00e9 um centro de maquina\u00e7\u00e3o vertical de 5 eixos robusto, concebido para combinar pot\u00eancia e precis\u00e3o em aplica\u00e7\u00f5es industriais de alta\",\"breadcrumb\":{\"@id\":\"https:\/\/maqcenter.com\/pt-pt\/producto\/genos-m560v-5ax\/#breadcrumb\"},\"inLanguage\":\"pt-PT\",\"potentialAction\":[{\"@type\":\"ReadAction\",\"target\":[\"https:\/\/maqcenter.com\/pt-pt\/producto\/genos-m560v-5ax\/\"]}]},{\"@type\":\"ImageObject\",\"inLanguage\":\"pt-PT\",\"@id\":\"https:\/\/maqcenter.com\/pt-pt\/producto\/genos-m560v-5ax\/#primaryimage\",\"url\":\"https:\/\/maqcenter.com\/wp-content\/uploads\/2021\/02\/OKUMA-GENOS-M560V-5AX.jpg\",\"contentUrl\":\"https:\/\/maqcenter.com\/wp-content\/uploads\/2021\/02\/OKUMA-GENOS-M560V-5AX.jpg\",\"width\":500,\"height\":500},{\"@type\":\"BreadcrumbList\",\"@id\":\"https:\/\/maqcenter.com\/pt-pt\/producto\/genos-m560v-5ax\/#breadcrumb\",\"itemListElement\":[{\"@type\":\"ListItem\",\"position\":1,\"name\":\"Productos\",\"item\":\"https:\/\/maqcenter.com\/pt-pt\/\"},{\"@type\":\"ListItem\",\"position\":2,\"name\":\"Produtos\",\"item\":\"https:\/\/maqcenter.com\/pt-pt\/shop\/\"},{\"@type\":\"ListItem\",\"position\":3,\"name\":\"GENOS M560V-5AX\"}]},{\"@type\":\"WebSite\",\"@id\":\"https:\/\/maqcenter.com\/pt-pt\/#website\",\"url\":\"https:\/\/maqcenter.com\/pt-pt\/\",\"name\":\"MAQcenter\",\"description\":\"El centro de tus soluciones\",\"publisher\":{\"@id\":\"https:\/\/maqcenter.com\/pt-pt\/#organization\"},\"potentialAction\":[{\"@type\":\"SearchAction\",\"target\":{\"@type\":\"EntryPoint\",\"urlTemplate\":\"https:\/\/maqcenter.com\/pt-pt\/?s={search_term_string}\"},\"query-input\":{\"@type\":\"PropertyValueSpecification\",\"valueRequired\":true,\"valueName\":\"search_term_string\"}}],\"inLanguage\":\"pt-PT\"},{\"@type\":\"Organization\",\"@id\":\"https:\/\/maqcenter.com\/pt-pt\/#organization\",\"name\":\"MAQcenter S.A.\",\"url\":\"https:\/\/maqcenter.com\/pt-pt\/\",\"logo\":{\"@type\":\"ImageObject\",\"inLanguage\":\"pt-PT\",\"@id\":\"https:\/\/maqcenter.com\/pt-pt\/#\/schema\/logo\/image\/\",\"url\":\"https:\/\/maqcenter.com\/wp-content\/uploads\/2021\/02\/MAQcenter_logo_vertical.svg\",\"contentUrl\":\"https:\/\/maqcenter.com\/wp-content\/uploads\/2021\/02\/MAQcenter_logo_vertical.svg\",\"width\":300,\"height\":174,\"caption\":\"MAQcenter S.A.\"},\"image\":{\"@id\":\"https:\/\/maqcenter.com\/pt-pt\/#\/schema\/logo\/image\/\"}}]}<\/script>\n<!-- \/ Yoast SEO plugin. -->","yoast_head_json":{"title":"GENOS M560V-5AX","description":"GENOS M560V-5AX. O GENOS M560V-5AX \u00e9 um centro de maquina\u00e7\u00e3o vertical de 5 eixos robusto, concebido para combinar pot\u00eancia e precis\u00e3o em aplica\u00e7\u00f5es industriais de alta","robots":{"index":"index","follow":"follow","max-snippet":"max-snippet:-1","max-image-preview":"max-image-preview:large","max-video-preview":"max-video-preview:-1"},"canonical":"https:\/\/maqcenter.com\/pt-pt\/producto\/genos-m560v-5ax\/","og_locale":"pt_PT","og_type":"article","og_title":"GENOS M560V-5AX","og_description":"GENOS M560V-5AX. O GENOS M560V-5AX \u00e9 um centro de maquina\u00e7\u00e3o vertical de 5 eixos robusto, concebido para combinar pot\u00eancia e precis\u00e3o em aplica\u00e7\u00f5es industriais de alta","og_url":"https:\/\/maqcenter.com\/pt-pt\/producto\/genos-m560v-5ax\/","og_site_name":"MAQcenter","og_image":[{"width":500,"height":500,"url":"https:\/\/maqcenter.com\/wp-content\/uploads\/2021\/02\/OKUMA-GENOS-M560V-5AX.jpg","type":"image\/jpeg"}],"twitter_card":"summary_large_image","twitter_misc":{"Tempo estimado de leitura":"1 minuto"},"schema":{"@context":"https:\/\/schema.org","@graph":[{"@type":["WebPage","ItemPage"],"@id":"https:\/\/maqcenter.com\/pt-pt\/producto\/genos-m560v-5ax\/","url":"https:\/\/maqcenter.com\/pt-pt\/producto\/genos-m560v-5ax\/","name":"GENOS M560V-5AX","isPartOf":{"@id":"https:\/\/maqcenter.com\/pt-pt\/#website"},"primaryImageOfPage":{"@id":"https:\/\/maqcenter.com\/pt-pt\/producto\/genos-m560v-5ax\/#primaryimage"},"image":{"@id":"https:\/\/maqcenter.com\/pt-pt\/producto\/genos-m560v-5ax\/#primaryimage"},"thumbnailUrl":"https:\/\/maqcenter.com\/wp-content\/uploads\/2021\/02\/OKUMA-GENOS-M560V-5AX.jpg","datePublished":"2024-09-30T07:59:39+00:00","description":"GENOS M560V-5AX. O GENOS M560V-5AX \u00e9 um centro de maquina\u00e7\u00e3o vertical de 5 eixos robusto, concebido para combinar pot\u00eancia e precis\u00e3o em aplica\u00e7\u00f5es industriais de alta","breadcrumb":{"@id":"https:\/\/maqcenter.com\/pt-pt\/producto\/genos-m560v-5ax\/#breadcrumb"},"inLanguage":"pt-PT","potentialAction":[{"@type":"ReadAction","target":["https:\/\/maqcenter.com\/pt-pt\/producto\/genos-m560v-5ax\/"]}]},{"@type":"ImageObject","inLanguage":"pt-PT","@id":"https:\/\/maqcenter.com\/pt-pt\/producto\/genos-m560v-5ax\/#primaryimage","url":"https:\/\/maqcenter.com\/wp-content\/uploads\/2021\/02\/OKUMA-GENOS-M560V-5AX.jpg","contentUrl":"https:\/\/maqcenter.com\/wp-content\/uploads\/2021\/02\/OKUMA-GENOS-M560V-5AX.jpg","width":500,"height":500},{"@type":"BreadcrumbList","@id":"https:\/\/maqcenter.com\/pt-pt\/producto\/genos-m560v-5ax\/#breadcrumb","itemListElement":[{"@type":"ListItem","position":1,"name":"Productos","item":"https:\/\/maqcenter.com\/pt-pt\/"},{"@type":"ListItem","position":2,"name":"Produtos","item":"https:\/\/maqcenter.com\/pt-pt\/shop\/"},{"@type":"ListItem","position":3,"name":"GENOS M560V-5AX"}]},{"@type":"WebSite","@id":"https:\/\/maqcenter.com\/pt-pt\/#website","url":"https:\/\/maqcenter.com\/pt-pt\/","name":"MAQcenter","description":"El centro de tus soluciones","publisher":{"@id":"https:\/\/maqcenter.com\/pt-pt\/#organization"},"potentialAction":[{"@type":"SearchAction","target":{"@type":"EntryPoint","urlTemplate":"https:\/\/maqcenter.com\/pt-pt\/?s={search_term_string}"},"query-input":{"@type":"PropertyValueSpecification","valueRequired":true,"valueName":"search_term_string"}}],"inLanguage":"pt-PT"},{"@type":"Organization","@id":"https:\/\/maqcenter.com\/pt-pt\/#organization","name":"MAQcenter S.A.","url":"https:\/\/maqcenter.com\/pt-pt\/","logo":{"@type":"ImageObject","inLanguage":"pt-PT","@id":"https:\/\/maqcenter.com\/pt-pt\/#\/schema\/logo\/image\/","url":"https:\/\/maqcenter.com\/wp-content\/uploads\/2021\/02\/MAQcenter_logo_vertical.svg","contentUrl":"https:\/\/maqcenter.com\/wp-content\/uploads\/2021\/02\/MAQcenter_logo_vertical.svg","width":300,"height":174,"caption":"MAQcenter S.A."},"image":{"@id":"https:\/\/maqcenter.com\/pt-pt\/#\/schema\/logo\/image\/"}}]}},"_links":{"self":[{"href":"https:\/\/maqcenter.com\/pt-pt\/wp-json\/wp\/v2\/product\/22179","targetHints":{"allow":["GET"]}}],"collection":[{"href":"https:\/\/maqcenter.com\/pt-pt\/wp-json\/wp\/v2\/product"}],"about":[{"href":"https:\/\/maqcenter.com\/pt-pt\/wp-json\/wp\/v2\/types\/product"}],"wp:featuredmedia":[{"embeddable":true,"href":"https:\/\/maqcenter.com\/pt-pt\/wp-json\/wp\/v2\/media\/21372"}],"wp:attachment":[{"href":"https:\/\/maqcenter.com\/pt-pt\/wp-json\/wp\/v2\/media?parent=22179"}],"wp:term":[{"taxonomy":"product_brand","embeddable":true,"href":"https:\/\/maqcenter.com\/pt-pt\/wp-json\/wp\/v2\/product_brand?post=22179"},{"taxonomy":"product_cat","embeddable":true,"href":"https:\/\/maqcenter.com\/pt-pt\/wp-json\/wp\/v2\/product_cat?post=22179"},{"taxonomy":"product_tag","embeddable":true,"href":"https:\/\/maqcenter.com\/pt-pt\/wp-json\/wp\/v2\/product_tag?post=22179"},{"taxonomy":"marca-producto","embeddable":true,"href":"https:\/\/maqcenter.com\/pt-pt\/wp-json\/wp\/v2\/marca-producto?post=22179"},{"taxonomy":"serie-producto","embeddable":true,"href":"https:\/\/maqcenter.com\/pt-pt\/wp-json\/wp\/v2\/serie-producto?post=22179"}],"curies":[{"name":"wp","href":"https:\/\/api.w.org\/{rel}","templated":true}]}}