{"id":22181,"date":"2023-12-19T11:40:32","date_gmt":"2023-12-19T09:40:32","guid":{"rendered":"https:\/\/maqcenter.com\/producto\/nova\/"},"modified":"2025-05-16T16:58:50","modified_gmt":"2025-05-16T14:58:50","slug":"nova","status":"publish","type":"product","link":"https:\/\/maqcenter.com\/pt-pt\/producto\/nova\/","title":{"rendered":"NOVA"},"content":{"rendered":"<p>Os centros de maquina\u00e7\u00e3o CNC Belotti NOVA consistem numa estrutura monol\u00edtica robusta, equipada com guias duplas em ambos os lados da base, garantindo a m\u00e1xima rigidez do p\u00f3rtico durante o processamento.<\/p>\n<p>O p\u00f3rtico m\u00f3vel e a presen\u00e7a de duplo motor em ambos os lados (Sistema de A\u00e7\u00e3o Dupla) permitem o processamento de pe\u00e7as de grandes dimens\u00f5es, mantendo a qualidade da produ\u00e7\u00e3o em s\u00e9rie.<br \/>Dispon\u00edveis com cabe\u00e7otes de 3 e 5 eixos, os centros de maquina\u00e7\u00e3o CNC NOVA s\u00e3o capazes de trabalhar diversos materiais, como alum\u00ednio, ligas leves, materiais comp\u00f3sitos, pl\u00e1sticos e pl\u00e1sticos t\u00e9cnicos, garantindo altos desempenhos gra\u00e7as a eletrospindles de 15 ou 30 kW e sistemas de fixa\u00e7\u00e3o de alta gama. <\/p>\n<p>O cabe\u00e7ote de 5 eixos, opcional, compacto e equipado com trav\u00f5es de bloqueio e encoders Heidenhain, permite o maquinamento de pe\u00e7as com formas complexas, garantindo qualidade e precis\u00e3o.<br \/>A facilidade e rapidez na fixa\u00e7\u00e3o, gra\u00e7as aos sistemas de centragem, tornam a S\u00e9rie NOVA extremamente eficiente: o resultado \u00e9 um centro de maquina\u00e7\u00e3o que permite aos clientes aumentar a produtividade e a competitividade. <\/p>\n","protected":false},"excerpt":{"rendered":"<p>Os centros de maquina\u00e7\u00e3o CNC Belotti NOVA consistem numa estrutura monol\u00edtica robusta, equipada com guias duplas em ambos os lados da base, garantindo a m\u00e1xima rigidez do p\u00f3rtico durante o processamento. O p\u00f3rtico m\u00f3vel e a presen\u00e7a de duplo motor em ambos os lados (Sistema de A\u00e7\u00e3o Dupla) permitem o processamento de pe\u00e7as de grandes [&hellip;]<\/p>\n","protected":false},"featured_media":22182,"template":"","meta":[],"product_brand":[],"product_cat":[504,505,511],"product_tag":[568,569,571,572,573,574,575],"marca-producto":[429],"serie-producto":[],"class_list":{"0":"post-22181","1":"product","2":"type-product","3":"status-publish","4":"has-post-thumbnail","6":"product_cat-centros-de-maquinacao","7":"product_cat-centros-de-maquinacao-de-5-eixos","8":"product_cat-centros-de-maquinacao-vertical","9":"product_tag-aeronautica-pt-pt","10":"product_tag-automovel","11":"product_tag-energia-pt-pt","12":"product_tag-ferrovia","13":"product_tag-grande-consumo","14":"product_tag-maritimo-pt-pt","15":"product_tag-moldes-e-matrizes","16":"marca-producto-belotti","18":"first","19":"instock","20":"product-type-simple"},"yoast_head":"<!-- This site is optimized with the Yoast SEO plugin v27.0 - https:\/\/yoast.com\/product\/yoast-seo-wordpress\/ -->\n<title>NOVA<\/title>\n<meta name=\"description\" content=\"NOVA. Os centros de maquina\u00e7\u00e3o CNC Belotti NOVA consistem numa estrutura monol\u00edtica robusta, equipada com guias duplas em ambos os lados da base, garantindo a\" \/>\n<meta name=\"robots\" content=\"index, follow, max-snippet:-1, max-image-preview:large, max-video-preview:-1\" \/>\n<link rel=\"canonical\" href=\"https:\/\/maqcenter.com\/pt-pt\/producto\/nova\/\" \/>\n<meta property=\"og:locale\" content=\"pt_PT\" \/>\n<meta property=\"og:type\" content=\"article\" \/>\n<meta property=\"og:title\" content=\"NOVA\" \/>\n<meta property=\"og:description\" content=\"NOVA. Os centros de maquina\u00e7\u00e3o CNC Belotti NOVA consistem numa estrutura monol\u00edtica robusta, equipada com guias duplas em ambos os lados da base, garantindo a\" \/>\n<meta property=\"og:url\" content=\"https:\/\/maqcenter.com\/pt-pt\/producto\/nova\/\" \/>\n<meta property=\"og:site_name\" content=\"MAQcenter\" \/>\n<meta property=\"article:modified_time\" content=\"2025-05-16T14:58:50+00:00\" \/>\n<meta property=\"og:image\" content=\"https:\/\/maqcenter.com\/wp-content\/uploads\/2023\/12\/BELOTTI-NOVA.jpg\" \/>\n\t<meta property=\"og:image:width\" content=\"500\" \/>\n\t<meta property=\"og:image:height\" content=\"500\" \/>\n\t<meta property=\"og:image:type\" content=\"image\/jpeg\" \/>\n<meta name=\"twitter:card\" content=\"summary_large_image\" \/>\n<meta name=\"twitter:label1\" content=\"Tempo estimado de leitura\" \/>\n\t<meta name=\"twitter:data1\" content=\"1 minuto\" \/>\n<script type=\"application\/ld+json\" class=\"yoast-schema-graph\">{\"@context\":\"https:\/\/schema.org\",\"@graph\":[{\"@type\":[\"WebPage\",\"ItemPage\"],\"@id\":\"https:\/\/maqcenter.com\/pt-pt\/producto\/nova\/\",\"url\":\"https:\/\/maqcenter.com\/pt-pt\/producto\/nova\/\",\"name\":\"NOVA\",\"isPartOf\":{\"@id\":\"https:\/\/maqcenter.com\/pt-pt\/#website\"},\"primaryImageOfPage\":{\"@id\":\"https:\/\/maqcenter.com\/pt-pt\/producto\/nova\/#primaryimage\"},\"image\":{\"@id\":\"https:\/\/maqcenter.com\/pt-pt\/producto\/nova\/#primaryimage\"},\"thumbnailUrl\":\"https:\/\/maqcenter.com\/wp-content\/uploads\/2023\/12\/BELOTTI-NOVA.jpg\",\"datePublished\":\"2023-12-19T09:40:32+00:00\",\"dateModified\":\"2025-05-16T14:58:50+00:00\",\"description\":\"NOVA. Os centros de maquina\u00e7\u00e3o CNC Belotti NOVA consistem numa estrutura monol\u00edtica robusta, equipada com guias duplas em ambos os lados da base, garantindo a\",\"breadcrumb\":{\"@id\":\"https:\/\/maqcenter.com\/pt-pt\/producto\/nova\/#breadcrumb\"},\"inLanguage\":\"pt-PT\",\"potentialAction\":[{\"@type\":\"ReadAction\",\"target\":[\"https:\/\/maqcenter.com\/pt-pt\/producto\/nova\/\"]}]},{\"@type\":\"ImageObject\",\"inLanguage\":\"pt-PT\",\"@id\":\"https:\/\/maqcenter.com\/pt-pt\/producto\/nova\/#primaryimage\",\"url\":\"https:\/\/maqcenter.com\/wp-content\/uploads\/2023\/12\/BELOTTI-NOVA.jpg\",\"contentUrl\":\"https:\/\/maqcenter.com\/wp-content\/uploads\/2023\/12\/BELOTTI-NOVA.jpg\",\"width\":500,\"height\":500,\"caption\":\"Centros mecanizado vertical\"},{\"@type\":\"BreadcrumbList\",\"@id\":\"https:\/\/maqcenter.com\/pt-pt\/producto\/nova\/#breadcrumb\",\"itemListElement\":[{\"@type\":\"ListItem\",\"position\":1,\"name\":\"Productos\",\"item\":\"https:\/\/maqcenter.com\/pt-pt\/\"},{\"@type\":\"ListItem\",\"position\":2,\"name\":\"Produtos\",\"item\":\"https:\/\/maqcenter.com\/pt-pt\/shop\/\"},{\"@type\":\"ListItem\",\"position\":3,\"name\":\"NOVA\"}]},{\"@type\":\"WebSite\",\"@id\":\"https:\/\/maqcenter.com\/pt-pt\/#website\",\"url\":\"https:\/\/maqcenter.com\/pt-pt\/\",\"name\":\"MAQcenter\",\"description\":\"El centro de tus soluciones\",\"publisher\":{\"@id\":\"https:\/\/maqcenter.com\/pt-pt\/#organization\"},\"potentialAction\":[{\"@type\":\"SearchAction\",\"target\":{\"@type\":\"EntryPoint\",\"urlTemplate\":\"https:\/\/maqcenter.com\/pt-pt\/?s={search_term_string}\"},\"query-input\":{\"@type\":\"PropertyValueSpecification\",\"valueRequired\":true,\"valueName\":\"search_term_string\"}}],\"inLanguage\":\"pt-PT\"},{\"@type\":\"Organization\",\"@id\":\"https:\/\/maqcenter.com\/pt-pt\/#organization\",\"name\":\"MAQcenter S.A.\",\"url\":\"https:\/\/maqcenter.com\/pt-pt\/\",\"logo\":{\"@type\":\"ImageObject\",\"inLanguage\":\"pt-PT\",\"@id\":\"https:\/\/maqcenter.com\/pt-pt\/#\/schema\/logo\/image\/\",\"url\":\"https:\/\/maqcenter.com\/wp-content\/uploads\/2021\/02\/MAQcenter_logo_vertical.svg\",\"contentUrl\":\"https:\/\/maqcenter.com\/wp-content\/uploads\/2021\/02\/MAQcenter_logo_vertical.svg\",\"width\":300,\"height\":174,\"caption\":\"MAQcenter S.A.\"},\"image\":{\"@id\":\"https:\/\/maqcenter.com\/pt-pt\/#\/schema\/logo\/image\/\"}}]}<\/script>\n<!-- \/ Yoast SEO plugin. -->","yoast_head_json":{"title":"NOVA","description":"NOVA. Os centros de maquina\u00e7\u00e3o CNC Belotti NOVA consistem numa estrutura monol\u00edtica robusta, equipada com guias duplas em ambos os lados da base, garantindo a","robots":{"index":"index","follow":"follow","max-snippet":"max-snippet:-1","max-image-preview":"max-image-preview:large","max-video-preview":"max-video-preview:-1"},"canonical":"https:\/\/maqcenter.com\/pt-pt\/producto\/nova\/","og_locale":"pt_PT","og_type":"article","og_title":"NOVA","og_description":"NOVA. Os centros de maquina\u00e7\u00e3o CNC Belotti NOVA consistem numa estrutura monol\u00edtica robusta, equipada com guias duplas em ambos os lados da base, garantindo a","og_url":"https:\/\/maqcenter.com\/pt-pt\/producto\/nova\/","og_site_name":"MAQcenter","article_modified_time":"2025-05-16T14:58:50+00:00","og_image":[{"width":500,"height":500,"url":"https:\/\/maqcenter.com\/wp-content\/uploads\/2023\/12\/BELOTTI-NOVA.jpg","type":"image\/jpeg"}],"twitter_card":"summary_large_image","twitter_misc":{"Tempo estimado de leitura":"1 minuto"},"schema":{"@context":"https:\/\/schema.org","@graph":[{"@type":["WebPage","ItemPage"],"@id":"https:\/\/maqcenter.com\/pt-pt\/producto\/nova\/","url":"https:\/\/maqcenter.com\/pt-pt\/producto\/nova\/","name":"NOVA","isPartOf":{"@id":"https:\/\/maqcenter.com\/pt-pt\/#website"},"primaryImageOfPage":{"@id":"https:\/\/maqcenter.com\/pt-pt\/producto\/nova\/#primaryimage"},"image":{"@id":"https:\/\/maqcenter.com\/pt-pt\/producto\/nova\/#primaryimage"},"thumbnailUrl":"https:\/\/maqcenter.com\/wp-content\/uploads\/2023\/12\/BELOTTI-NOVA.jpg","datePublished":"2023-12-19T09:40:32+00:00","dateModified":"2025-05-16T14:58:50+00:00","description":"NOVA. Os centros de maquina\u00e7\u00e3o CNC Belotti NOVA consistem numa estrutura monol\u00edtica robusta, equipada com guias duplas em ambos os lados da base, garantindo a","breadcrumb":{"@id":"https:\/\/maqcenter.com\/pt-pt\/producto\/nova\/#breadcrumb"},"inLanguage":"pt-PT","potentialAction":[{"@type":"ReadAction","target":["https:\/\/maqcenter.com\/pt-pt\/producto\/nova\/"]}]},{"@type":"ImageObject","inLanguage":"pt-PT","@id":"https:\/\/maqcenter.com\/pt-pt\/producto\/nova\/#primaryimage","url":"https:\/\/maqcenter.com\/wp-content\/uploads\/2023\/12\/BELOTTI-NOVA.jpg","contentUrl":"https:\/\/maqcenter.com\/wp-content\/uploads\/2023\/12\/BELOTTI-NOVA.jpg","width":500,"height":500,"caption":"Centros mecanizado vertical"},{"@type":"BreadcrumbList","@id":"https:\/\/maqcenter.com\/pt-pt\/producto\/nova\/#breadcrumb","itemListElement":[{"@type":"ListItem","position":1,"name":"Productos","item":"https:\/\/maqcenter.com\/pt-pt\/"},{"@type":"ListItem","position":2,"name":"Produtos","item":"https:\/\/maqcenter.com\/pt-pt\/shop\/"},{"@type":"ListItem","position":3,"name":"NOVA"}]},{"@type":"WebSite","@id":"https:\/\/maqcenter.com\/pt-pt\/#website","url":"https:\/\/maqcenter.com\/pt-pt\/","name":"MAQcenter","description":"El centro de tus soluciones","publisher":{"@id":"https:\/\/maqcenter.com\/pt-pt\/#organization"},"potentialAction":[{"@type":"SearchAction","target":{"@type":"EntryPoint","urlTemplate":"https:\/\/maqcenter.com\/pt-pt\/?s={search_term_string}"},"query-input":{"@type":"PropertyValueSpecification","valueRequired":true,"valueName":"search_term_string"}}],"inLanguage":"pt-PT"},{"@type":"Organization","@id":"https:\/\/maqcenter.com\/pt-pt\/#organization","name":"MAQcenter S.A.","url":"https:\/\/maqcenter.com\/pt-pt\/","logo":{"@type":"ImageObject","inLanguage":"pt-PT","@id":"https:\/\/maqcenter.com\/pt-pt\/#\/schema\/logo\/image\/","url":"https:\/\/maqcenter.com\/wp-content\/uploads\/2021\/02\/MAQcenter_logo_vertical.svg","contentUrl":"https:\/\/maqcenter.com\/wp-content\/uploads\/2021\/02\/MAQcenter_logo_vertical.svg","width":300,"height":174,"caption":"MAQcenter S.A."},"image":{"@id":"https:\/\/maqcenter.com\/pt-pt\/#\/schema\/logo\/image\/"}}]}},"_links":{"self":[{"href":"https:\/\/maqcenter.com\/pt-pt\/wp-json\/wp\/v2\/product\/22181","targetHints":{"allow":["GET"]}}],"collection":[{"href":"https:\/\/maqcenter.com\/pt-pt\/wp-json\/wp\/v2\/product"}],"about":[{"href":"https:\/\/maqcenter.com\/pt-pt\/wp-json\/wp\/v2\/types\/product"}],"wp:featuredmedia":[{"embeddable":true,"href":"https:\/\/maqcenter.com\/pt-pt\/wp-json\/wp\/v2\/media\/22182"}],"wp:attachment":[{"href":"https:\/\/maqcenter.com\/pt-pt\/wp-json\/wp\/v2\/media?parent=22181"}],"wp:term":[{"taxonomy":"product_brand","embeddable":true,"href":"https:\/\/maqcenter.com\/pt-pt\/wp-json\/wp\/v2\/product_brand?post=22181"},{"taxonomy":"product_cat","embeddable":true,"href":"https:\/\/maqcenter.com\/pt-pt\/wp-json\/wp\/v2\/product_cat?post=22181"},{"taxonomy":"product_tag","embeddable":true,"href":"https:\/\/maqcenter.com\/pt-pt\/wp-json\/wp\/v2\/product_tag?post=22181"},{"taxonomy":"marca-producto","embeddable":true,"href":"https:\/\/maqcenter.com\/pt-pt\/wp-json\/wp\/v2\/marca-producto?post=22181"},{"taxonomy":"serie-producto","embeddable":true,"href":"https:\/\/maqcenter.com\/pt-pt\/wp-json\/wp\/v2\/serie-producto?post=22181"}],"curies":[{"name":"wp","href":"https:\/\/api.w.org\/{rel}","templated":true}]}}