{"id":22184,"date":"2023-12-19T11:40:32","date_gmt":"2023-12-19T09:40:32","guid":{"rendered":"https:\/\/maqcenter.com\/producto\/nesting\/"},"modified":"2023-12-19T11:40:32","modified_gmt":"2023-12-19T09:40:32","slug":"nesting","status":"publish","type":"product","link":"https:\/\/maqcenter.com\/pt-pt\/producto\/nesting\/","title":{"rendered":"NESTING"},"content":{"rendered":"<p>A S\u00e9rie NESTING da Belotti \u00e9 uma solu\u00e7\u00e3o tecnol\u00f3gica automatizada e altamente flex\u00edvel, desenvolvida para responder \u00e0s exig\u00eancias de diversos setores industriais, como o embalamento, a ind\u00fastria mec\u00e2nica, dispositivos de verifica\u00e7\u00e3o, o setor autom\u00f3vel e o aeroespacial.<\/p>\n<p>As configura\u00e7\u00f5es com espa\u00e7o m\u00ednimo e a alta din\u00e2mica do cabe\u00e7ote de fresagem garantem a m\u00e1xima qualidade das superf\u00edcies maquinadas, elevada produtividade e otimiza\u00e7\u00e3o do material utilizado.<\/p>\n<p>Os centros Belotti NESTING foram concebidos para funcionar em modo n\u00e3o supervisionado durante todo o ciclo de processamento, permitindo uma redu\u00e7\u00e3o significativa dos custos operacionais e um elevado retorno sobre o investimento (ROI).<\/p>\n<p>A estrutura compacta e monol\u00edtica, a facilidade de programa\u00e7\u00e3o gra\u00e7as ao complemento CAD\/CNC, a mesa de suc\u00e7\u00e3o em alum\u00ednio com painel de MDF e sistema de v\u00e1cuo, assim como o sistema de aspira\u00e7\u00e3o com ajuste eletr\u00f3nico do cap\u00f4 de extra\u00e7\u00e3o, garantem a otimiza\u00e7\u00e3o da instala\u00e7\u00e3o e do processo, bem como a redu\u00e7\u00e3o do consumo energ\u00e9tico e a limpeza do ambiente de trabalho.<\/p>\n","protected":false},"excerpt":{"rendered":"<p>A S\u00e9rie NESTING da Belotti \u00e9 uma solu\u00e7\u00e3o tecnol\u00f3gica automatizada e altamente flex\u00edvel, desenvolvida para responder \u00e0s exig\u00eancias de diversos setores industriais, como o embalamento, a ind\u00fastria mec\u00e2nica, dispositivos de verifica\u00e7\u00e3o, o setor autom\u00f3vel e o aeroespacial. As configura\u00e7\u00f5es com espa\u00e7o m\u00ednimo e a alta din\u00e2mica do cabe\u00e7ote de fresagem garantem a m\u00e1xima qualidade das [&hellip;]<\/p>\n","protected":false},"featured_media":22185,"template":"","meta":[],"product_brand":[],"product_cat":[504,511],"product_tag":[568,569,572,573,574,575],"marca-producto":[429],"serie-producto":[],"class_list":{"0":"post-22184","1":"product","2":"type-product","3":"status-publish","4":"has-post-thumbnail","6":"product_cat-centros-de-maquinacao","7":"product_cat-centros-de-maquinacao-vertical","8":"product_tag-aeronautica-pt-pt","9":"product_tag-automovel","10":"product_tag-ferrovia","11":"product_tag-grande-consumo","12":"product_tag-maritimo-pt-pt","13":"product_tag-moldes-e-matrizes","14":"marca-producto-belotti","16":"first","17":"instock","18":"product-type-simple"},"yoast_head":"<!-- This site is optimized with the Yoast SEO plugin v27.0 - https:\/\/yoast.com\/product\/yoast-seo-wordpress\/ -->\n<title>NESTING<\/title>\n<meta name=\"description\" content=\"NESTING. A S\u00e9rie NESTING da Belotti \u00e9 uma solu\u00e7\u00e3o tecnol\u00f3gica automatizada e altamente flex\u00edvel, desenvolvida para responder \u00e0s exig\u00eancias de diversos setores\" \/>\n<meta name=\"robots\" content=\"index, follow, max-snippet:-1, max-image-preview:large, max-video-preview:-1\" \/>\n<link rel=\"canonical\" href=\"https:\/\/maqcenter.com\/pt-pt\/producto\/nesting\/\" \/>\n<meta property=\"og:locale\" content=\"pt_PT\" \/>\n<meta property=\"og:type\" content=\"article\" \/>\n<meta property=\"og:title\" content=\"NESTING\" \/>\n<meta property=\"og:description\" content=\"NESTING. A S\u00e9rie NESTING da Belotti \u00e9 uma solu\u00e7\u00e3o tecnol\u00f3gica automatizada e altamente flex\u00edvel, desenvolvida para responder \u00e0s exig\u00eancias de diversos setores\" \/>\n<meta property=\"og:url\" content=\"https:\/\/maqcenter.com\/pt-pt\/producto\/nesting\/\" \/>\n<meta property=\"og:site_name\" content=\"MAQcenter\" \/>\n<meta property=\"og:image\" content=\"https:\/\/maqcenter.com\/wp-content\/uploads\/2023\/12\/BELOTTI-NESTING.jpg\" \/>\n\t<meta property=\"og:image:width\" content=\"500\" \/>\n\t<meta property=\"og:image:height\" content=\"500\" \/>\n\t<meta property=\"og:image:type\" content=\"image\/jpeg\" \/>\n<meta name=\"twitter:card\" content=\"summary_large_image\" \/>\n<meta name=\"twitter:label1\" content=\"Tempo estimado de leitura\" \/>\n\t<meta name=\"twitter:data1\" content=\"1 minuto\" \/>\n<script type=\"application\/ld+json\" class=\"yoast-schema-graph\">{\"@context\":\"https:\/\/schema.org\",\"@graph\":[{\"@type\":[\"WebPage\",\"ItemPage\"],\"@id\":\"https:\/\/maqcenter.com\/pt-pt\/producto\/nesting\/\",\"url\":\"https:\/\/maqcenter.com\/pt-pt\/producto\/nesting\/\",\"name\":\"NESTING\",\"isPartOf\":{\"@id\":\"https:\/\/maqcenter.com\/pt-pt\/#website\"},\"primaryImageOfPage\":{\"@id\":\"https:\/\/maqcenter.com\/pt-pt\/producto\/nesting\/#primaryimage\"},\"image\":{\"@id\":\"https:\/\/maqcenter.com\/pt-pt\/producto\/nesting\/#primaryimage\"},\"thumbnailUrl\":\"https:\/\/maqcenter.com\/wp-content\/uploads\/2023\/12\/BELOTTI-NESTING.jpg\",\"datePublished\":\"2023-12-19T09:40:32+00:00\",\"description\":\"NESTING. A S\u00e9rie NESTING da Belotti \u00e9 uma solu\u00e7\u00e3o tecnol\u00f3gica automatizada e altamente flex\u00edvel, desenvolvida para responder \u00e0s exig\u00eancias de diversos setores\",\"breadcrumb\":{\"@id\":\"https:\/\/maqcenter.com\/pt-pt\/producto\/nesting\/#breadcrumb\"},\"inLanguage\":\"pt-PT\",\"potentialAction\":[{\"@type\":\"ReadAction\",\"target\":[\"https:\/\/maqcenter.com\/pt-pt\/producto\/nesting\/\"]}]},{\"@type\":\"ImageObject\",\"inLanguage\":\"pt-PT\",\"@id\":\"https:\/\/maqcenter.com\/pt-pt\/producto\/nesting\/#primaryimage\",\"url\":\"https:\/\/maqcenter.com\/wp-content\/uploads\/2023\/12\/BELOTTI-NESTING.jpg\",\"contentUrl\":\"https:\/\/maqcenter.com\/wp-content\/uploads\/2023\/12\/BELOTTI-NESTING.jpg\",\"width\":500,\"height\":500},{\"@type\":\"BreadcrumbList\",\"@id\":\"https:\/\/maqcenter.com\/pt-pt\/producto\/nesting\/#breadcrumb\",\"itemListElement\":[{\"@type\":\"ListItem\",\"position\":1,\"name\":\"Productos\",\"item\":\"https:\/\/maqcenter.com\/pt-pt\/\"},{\"@type\":\"ListItem\",\"position\":2,\"name\":\"Produtos\",\"item\":\"https:\/\/maqcenter.com\/pt-pt\/shop\/\"},{\"@type\":\"ListItem\",\"position\":3,\"name\":\"NESTING\"}]},{\"@type\":\"WebSite\",\"@id\":\"https:\/\/maqcenter.com\/pt-pt\/#website\",\"url\":\"https:\/\/maqcenter.com\/pt-pt\/\",\"name\":\"MAQcenter\",\"description\":\"El centro de tus soluciones\",\"publisher\":{\"@id\":\"https:\/\/maqcenter.com\/pt-pt\/#organization\"},\"potentialAction\":[{\"@type\":\"SearchAction\",\"target\":{\"@type\":\"EntryPoint\",\"urlTemplate\":\"https:\/\/maqcenter.com\/pt-pt\/?s={search_term_string}\"},\"query-input\":{\"@type\":\"PropertyValueSpecification\",\"valueRequired\":true,\"valueName\":\"search_term_string\"}}],\"inLanguage\":\"pt-PT\"},{\"@type\":\"Organization\",\"@id\":\"https:\/\/maqcenter.com\/pt-pt\/#organization\",\"name\":\"MAQcenter S.A.\",\"url\":\"https:\/\/maqcenter.com\/pt-pt\/\",\"logo\":{\"@type\":\"ImageObject\",\"inLanguage\":\"pt-PT\",\"@id\":\"https:\/\/maqcenter.com\/pt-pt\/#\/schema\/logo\/image\/\",\"url\":\"https:\/\/maqcenter.com\/wp-content\/uploads\/2021\/02\/MAQcenter_logo_vertical.svg\",\"contentUrl\":\"https:\/\/maqcenter.com\/wp-content\/uploads\/2021\/02\/MAQcenter_logo_vertical.svg\",\"width\":300,\"height\":174,\"caption\":\"MAQcenter S.A.\"},\"image\":{\"@id\":\"https:\/\/maqcenter.com\/pt-pt\/#\/schema\/logo\/image\/\"}}]}<\/script>\n<!-- \/ Yoast SEO plugin. -->","yoast_head_json":{"title":"NESTING","description":"NESTING. A S\u00e9rie NESTING da Belotti \u00e9 uma solu\u00e7\u00e3o tecnol\u00f3gica automatizada e altamente flex\u00edvel, desenvolvida para responder \u00e0s exig\u00eancias de diversos setores","robots":{"index":"index","follow":"follow","max-snippet":"max-snippet:-1","max-image-preview":"max-image-preview:large","max-video-preview":"max-video-preview:-1"},"canonical":"https:\/\/maqcenter.com\/pt-pt\/producto\/nesting\/","og_locale":"pt_PT","og_type":"article","og_title":"NESTING","og_description":"NESTING. A S\u00e9rie NESTING da Belotti \u00e9 uma solu\u00e7\u00e3o tecnol\u00f3gica automatizada e altamente flex\u00edvel, desenvolvida para responder \u00e0s exig\u00eancias de diversos setores","og_url":"https:\/\/maqcenter.com\/pt-pt\/producto\/nesting\/","og_site_name":"MAQcenter","og_image":[{"width":500,"height":500,"url":"https:\/\/maqcenter.com\/wp-content\/uploads\/2023\/12\/BELOTTI-NESTING.jpg","type":"image\/jpeg"}],"twitter_card":"summary_large_image","twitter_misc":{"Tempo estimado de leitura":"1 minuto"},"schema":{"@context":"https:\/\/schema.org","@graph":[{"@type":["WebPage","ItemPage"],"@id":"https:\/\/maqcenter.com\/pt-pt\/producto\/nesting\/","url":"https:\/\/maqcenter.com\/pt-pt\/producto\/nesting\/","name":"NESTING","isPartOf":{"@id":"https:\/\/maqcenter.com\/pt-pt\/#website"},"primaryImageOfPage":{"@id":"https:\/\/maqcenter.com\/pt-pt\/producto\/nesting\/#primaryimage"},"image":{"@id":"https:\/\/maqcenter.com\/pt-pt\/producto\/nesting\/#primaryimage"},"thumbnailUrl":"https:\/\/maqcenter.com\/wp-content\/uploads\/2023\/12\/BELOTTI-NESTING.jpg","datePublished":"2023-12-19T09:40:32+00:00","description":"NESTING. A S\u00e9rie NESTING da Belotti \u00e9 uma solu\u00e7\u00e3o tecnol\u00f3gica automatizada e altamente flex\u00edvel, desenvolvida para responder \u00e0s exig\u00eancias de diversos setores","breadcrumb":{"@id":"https:\/\/maqcenter.com\/pt-pt\/producto\/nesting\/#breadcrumb"},"inLanguage":"pt-PT","potentialAction":[{"@type":"ReadAction","target":["https:\/\/maqcenter.com\/pt-pt\/producto\/nesting\/"]}]},{"@type":"ImageObject","inLanguage":"pt-PT","@id":"https:\/\/maqcenter.com\/pt-pt\/producto\/nesting\/#primaryimage","url":"https:\/\/maqcenter.com\/wp-content\/uploads\/2023\/12\/BELOTTI-NESTING.jpg","contentUrl":"https:\/\/maqcenter.com\/wp-content\/uploads\/2023\/12\/BELOTTI-NESTING.jpg","width":500,"height":500},{"@type":"BreadcrumbList","@id":"https:\/\/maqcenter.com\/pt-pt\/producto\/nesting\/#breadcrumb","itemListElement":[{"@type":"ListItem","position":1,"name":"Productos","item":"https:\/\/maqcenter.com\/pt-pt\/"},{"@type":"ListItem","position":2,"name":"Produtos","item":"https:\/\/maqcenter.com\/pt-pt\/shop\/"},{"@type":"ListItem","position":3,"name":"NESTING"}]},{"@type":"WebSite","@id":"https:\/\/maqcenter.com\/pt-pt\/#website","url":"https:\/\/maqcenter.com\/pt-pt\/","name":"MAQcenter","description":"El centro de tus soluciones","publisher":{"@id":"https:\/\/maqcenter.com\/pt-pt\/#organization"},"potentialAction":[{"@type":"SearchAction","target":{"@type":"EntryPoint","urlTemplate":"https:\/\/maqcenter.com\/pt-pt\/?s={search_term_string}"},"query-input":{"@type":"PropertyValueSpecification","valueRequired":true,"valueName":"search_term_string"}}],"inLanguage":"pt-PT"},{"@type":"Organization","@id":"https:\/\/maqcenter.com\/pt-pt\/#organization","name":"MAQcenter S.A.","url":"https:\/\/maqcenter.com\/pt-pt\/","logo":{"@type":"ImageObject","inLanguage":"pt-PT","@id":"https:\/\/maqcenter.com\/pt-pt\/#\/schema\/logo\/image\/","url":"https:\/\/maqcenter.com\/wp-content\/uploads\/2021\/02\/MAQcenter_logo_vertical.svg","contentUrl":"https:\/\/maqcenter.com\/wp-content\/uploads\/2021\/02\/MAQcenter_logo_vertical.svg","width":300,"height":174,"caption":"MAQcenter S.A."},"image":{"@id":"https:\/\/maqcenter.com\/pt-pt\/#\/schema\/logo\/image\/"}}]}},"_links":{"self":[{"href":"https:\/\/maqcenter.com\/pt-pt\/wp-json\/wp\/v2\/product\/22184","targetHints":{"allow":["GET"]}}],"collection":[{"href":"https:\/\/maqcenter.com\/pt-pt\/wp-json\/wp\/v2\/product"}],"about":[{"href":"https:\/\/maqcenter.com\/pt-pt\/wp-json\/wp\/v2\/types\/product"}],"wp:featuredmedia":[{"embeddable":true,"href":"https:\/\/maqcenter.com\/pt-pt\/wp-json\/wp\/v2\/media\/22185"}],"wp:attachment":[{"href":"https:\/\/maqcenter.com\/pt-pt\/wp-json\/wp\/v2\/media?parent=22184"}],"wp:term":[{"taxonomy":"product_brand","embeddable":true,"href":"https:\/\/maqcenter.com\/pt-pt\/wp-json\/wp\/v2\/product_brand?post=22184"},{"taxonomy":"product_cat","embeddable":true,"href":"https:\/\/maqcenter.com\/pt-pt\/wp-json\/wp\/v2\/product_cat?post=22184"},{"taxonomy":"product_tag","embeddable":true,"href":"https:\/\/maqcenter.com\/pt-pt\/wp-json\/wp\/v2\/product_tag?post=22184"},{"taxonomy":"marca-producto","embeddable":true,"href":"https:\/\/maqcenter.com\/pt-pt\/wp-json\/wp\/v2\/marca-producto?post=22184"},{"taxonomy":"serie-producto","embeddable":true,"href":"https:\/\/maqcenter.com\/pt-pt\/wp-json\/wp\/v2\/serie-producto?post=22184"}],"curies":[{"name":"wp","href":"https:\/\/api.w.org\/{rel}","templated":true}]}}