{"id":22187,"date":"2023-12-19T11:40:32","date_gmt":"2023-12-19T09:40:32","guid":{"rendered":"https:\/\/maqcenter.com\/producto\/mdl\/"},"modified":"2025-05-16T17:02:49","modified_gmt":"2025-05-16T15:02:49","slug":"mdl","status":"publish","type":"product","link":"https:\/\/maqcenter.com\/pt-pt\/producto\/mdl\/","title":{"rendered":"MDL"},"content":{"rendered":"<p>A S\u00e9rie MDL \u00e9 um centro de maquina\u00e7\u00e3o CNC de 5 eixos de alta velocidade e tecnologia avan\u00e7ada, que garante m\u00e1xima produtividade na fresagem de modelos e prot\u00f3tipos, bem como no acabamento de moldes de grande dimens\u00e3o e em pe\u00e7as de alum\u00ednio\/comp\u00f3sito para a ind\u00fastria aeroespacial.<\/p>\n<p>A ado\u00e7\u00e3o de cabe\u00e7otes de 5 eixos equipados com motores Torque e r\u00e9guas \u00f3ticas nos eixos lineares, juntamente com estruturas de elevada rigidez, melhora significativamente as caracter\u00edsticas de precis\u00e3o e qualidade do acabamento no processo de maquina\u00e7\u00e3o.<\/p>\n<p>As op\u00e7\u00f5es dispon\u00edveis para garantir condi\u00e7\u00f5es ideais de limpeza e seguran\u00e7a no ambiente de trabalho incluem:<\/p>\n<ul>\n<li>Encapsulamentos completos<\/li>\n<li>C\u00e2maras de vis\u00e3o para verifica\u00e7\u00e3o do ciclo de trabalho e monitoriza\u00e7\u00e3o do processo de maquina\u00e7\u00e3o sem supervis\u00e3o<\/li>\n<li>Sistema de extra\u00e7\u00e3o com cap\u00f4 motorizado<\/li>\n<li>Sistema de lubrifica\u00e7\u00e3o e refrigera\u00e7\u00e3o com evacuador de aparas<\/li>\n<\/ul>\n","protected":false},"excerpt":{"rendered":"<p>A S\u00e9rie MDL \u00e9 um centro de maquina\u00e7\u00e3o CNC de 5 eixos de alta velocidade e tecnologia avan\u00e7ada, que garante m\u00e1xima produtividade na fresagem de modelos e prot\u00f3tipos, bem como no acabamento de moldes de grande dimens\u00e3o e em pe\u00e7as de alum\u00ednio\/comp\u00f3sito para a ind\u00fastria aeroespacial. A ado\u00e7\u00e3o de cabe\u00e7otes de 5 eixos equipados com [&hellip;]<\/p>\n","protected":false},"featured_media":22188,"template":"","meta":[],"product_brand":[],"product_cat":[504,514,517],"product_tag":[568,569,572,575],"marca-producto":[429],"serie-producto":[],"class_list":{"0":"post-22187","1":"product","2":"type-product","3":"status-publish","4":"has-post-thumbnail","6":"product_cat-centros-de-maquinacao","7":"product_cat-corte-por-agua-pt-pt","8":"product_cat-gantry-5-eixos","9":"product_tag-aeronautica-pt-pt","10":"product_tag-automovel","11":"product_tag-ferrovia","12":"product_tag-moldes-e-matrizes","13":"marca-producto-belotti","15":"first","16":"instock","17":"product-type-simple"},"yoast_head":"<!-- This site is optimized with the Yoast SEO plugin v27.0 - https:\/\/yoast.com\/product\/yoast-seo-wordpress\/ -->\n<title>MDL<\/title>\n<meta name=\"description\" content=\"MDL. A S\u00e9rie MDL \u00e9 um centro de maquina\u00e7\u00e3o CNC de 5 eixos de alta velocidade e tecnologia avan\u00e7ada, que garante m\u00e1xima produtividade na fresagem de modelos e\" \/>\n<meta name=\"robots\" content=\"index, follow, max-snippet:-1, max-image-preview:large, max-video-preview:-1\" \/>\n<link rel=\"canonical\" href=\"https:\/\/maqcenter.com\/pt-pt\/producto\/mdl\/\" \/>\n<meta property=\"og:locale\" content=\"pt_PT\" \/>\n<meta property=\"og:type\" content=\"article\" \/>\n<meta property=\"og:title\" content=\"MDL\" \/>\n<meta property=\"og:description\" content=\"MDL. A S\u00e9rie MDL \u00e9 um centro de maquina\u00e7\u00e3o CNC de 5 eixos de alta velocidade e tecnologia avan\u00e7ada, que garante m\u00e1xima produtividade na fresagem de modelos e\" \/>\n<meta property=\"og:url\" content=\"https:\/\/maqcenter.com\/pt-pt\/producto\/mdl\/\" \/>\n<meta property=\"og:site_name\" content=\"MAQcenter\" \/>\n<meta property=\"article:modified_time\" content=\"2025-05-16T15:02:49+00:00\" \/>\n<meta property=\"og:image\" content=\"https:\/\/maqcenter.com\/wp-content\/uploads\/2023\/12\/BELOTTI-MDL.jpg\" \/>\n\t<meta property=\"og:image:width\" content=\"500\" \/>\n\t<meta property=\"og:image:height\" content=\"500\" \/>\n\t<meta property=\"og:image:type\" content=\"image\/jpeg\" \/>\n<meta name=\"twitter:card\" content=\"summary_large_image\" \/>\n<meta name=\"twitter:label1\" content=\"Tempo estimado de leitura\" \/>\n\t<meta name=\"twitter:data1\" content=\"1 minuto\" \/>\n<script type=\"application\/ld+json\" class=\"yoast-schema-graph\">{\"@context\":\"https:\/\/schema.org\",\"@graph\":[{\"@type\":[\"WebPage\",\"ItemPage\"],\"@id\":\"https:\/\/maqcenter.com\/pt-pt\/producto\/mdl\/\",\"url\":\"https:\/\/maqcenter.com\/pt-pt\/producto\/mdl\/\",\"name\":\"MDL\",\"isPartOf\":{\"@id\":\"https:\/\/maqcenter.com\/pt-pt\/#website\"},\"primaryImageOfPage\":{\"@id\":\"https:\/\/maqcenter.com\/pt-pt\/producto\/mdl\/#primaryimage\"},\"image\":{\"@id\":\"https:\/\/maqcenter.com\/pt-pt\/producto\/mdl\/#primaryimage\"},\"thumbnailUrl\":\"https:\/\/maqcenter.com\/wp-content\/uploads\/2023\/12\/BELOTTI-MDL.jpg\",\"datePublished\":\"2023-12-19T09:40:32+00:00\",\"dateModified\":\"2025-05-16T15:02:49+00:00\",\"description\":\"MDL. A S\u00e9rie MDL \u00e9 um centro de maquina\u00e7\u00e3o CNC de 5 eixos de alta velocidade e tecnologia avan\u00e7ada, que garante m\u00e1xima produtividade na fresagem de modelos e\",\"breadcrumb\":{\"@id\":\"https:\/\/maqcenter.com\/pt-pt\/producto\/mdl\/#breadcrumb\"},\"inLanguage\":\"pt-PT\",\"potentialAction\":[{\"@type\":\"ReadAction\",\"target\":[\"https:\/\/maqcenter.com\/pt-pt\/producto\/mdl\/\"]}]},{\"@type\":\"ImageObject\",\"inLanguage\":\"pt-PT\",\"@id\":\"https:\/\/maqcenter.com\/pt-pt\/producto\/mdl\/#primaryimage\",\"url\":\"https:\/\/maqcenter.com\/wp-content\/uploads\/2023\/12\/BELOTTI-MDL.jpg\",\"contentUrl\":\"https:\/\/maqcenter.com\/wp-content\/uploads\/2023\/12\/BELOTTI-MDL.jpg\",\"width\":500,\"height\":500,\"caption\":\"P\u00f3rtico de 5 eixos\"},{\"@type\":\"BreadcrumbList\",\"@id\":\"https:\/\/maqcenter.com\/pt-pt\/producto\/mdl\/#breadcrumb\",\"itemListElement\":[{\"@type\":\"ListItem\",\"position\":1,\"name\":\"Productos\",\"item\":\"https:\/\/maqcenter.com\/pt-pt\/\"},{\"@type\":\"ListItem\",\"position\":2,\"name\":\"Produtos\",\"item\":\"https:\/\/maqcenter.com\/pt-pt\/shop\/\"},{\"@type\":\"ListItem\",\"position\":3,\"name\":\"MDL\"}]},{\"@type\":\"WebSite\",\"@id\":\"https:\/\/maqcenter.com\/pt-pt\/#website\",\"url\":\"https:\/\/maqcenter.com\/pt-pt\/\",\"name\":\"MAQcenter\",\"description\":\"El centro de tus soluciones\",\"publisher\":{\"@id\":\"https:\/\/maqcenter.com\/pt-pt\/#organization\"},\"potentialAction\":[{\"@type\":\"SearchAction\",\"target\":{\"@type\":\"EntryPoint\",\"urlTemplate\":\"https:\/\/maqcenter.com\/pt-pt\/?s={search_term_string}\"},\"query-input\":{\"@type\":\"PropertyValueSpecification\",\"valueRequired\":true,\"valueName\":\"search_term_string\"}}],\"inLanguage\":\"pt-PT\"},{\"@type\":\"Organization\",\"@id\":\"https:\/\/maqcenter.com\/pt-pt\/#organization\",\"name\":\"MAQcenter S.A.\",\"url\":\"https:\/\/maqcenter.com\/pt-pt\/\",\"logo\":{\"@type\":\"ImageObject\",\"inLanguage\":\"pt-PT\",\"@id\":\"https:\/\/maqcenter.com\/pt-pt\/#\/schema\/logo\/image\/\",\"url\":\"https:\/\/maqcenter.com\/wp-content\/uploads\/2021\/02\/MAQcenter_logo_vertical.svg\",\"contentUrl\":\"https:\/\/maqcenter.com\/wp-content\/uploads\/2021\/02\/MAQcenter_logo_vertical.svg\",\"width\":300,\"height\":174,\"caption\":\"MAQcenter S.A.\"},\"image\":{\"@id\":\"https:\/\/maqcenter.com\/pt-pt\/#\/schema\/logo\/image\/\"}}]}<\/script>\n<!-- \/ Yoast SEO plugin. -->","yoast_head_json":{"title":"MDL","description":"MDL. A S\u00e9rie MDL \u00e9 um centro de maquina\u00e7\u00e3o CNC de 5 eixos de alta velocidade e tecnologia avan\u00e7ada, que garante m\u00e1xima produtividade na fresagem de modelos e","robots":{"index":"index","follow":"follow","max-snippet":"max-snippet:-1","max-image-preview":"max-image-preview:large","max-video-preview":"max-video-preview:-1"},"canonical":"https:\/\/maqcenter.com\/pt-pt\/producto\/mdl\/","og_locale":"pt_PT","og_type":"article","og_title":"MDL","og_description":"MDL. A S\u00e9rie MDL \u00e9 um centro de maquina\u00e7\u00e3o CNC de 5 eixos de alta velocidade e tecnologia avan\u00e7ada, que garante m\u00e1xima produtividade na fresagem de modelos e","og_url":"https:\/\/maqcenter.com\/pt-pt\/producto\/mdl\/","og_site_name":"MAQcenter","article_modified_time":"2025-05-16T15:02:49+00:00","og_image":[{"width":500,"height":500,"url":"https:\/\/maqcenter.com\/wp-content\/uploads\/2023\/12\/BELOTTI-MDL.jpg","type":"image\/jpeg"}],"twitter_card":"summary_large_image","twitter_misc":{"Tempo estimado de leitura":"1 minuto"},"schema":{"@context":"https:\/\/schema.org","@graph":[{"@type":["WebPage","ItemPage"],"@id":"https:\/\/maqcenter.com\/pt-pt\/producto\/mdl\/","url":"https:\/\/maqcenter.com\/pt-pt\/producto\/mdl\/","name":"MDL","isPartOf":{"@id":"https:\/\/maqcenter.com\/pt-pt\/#website"},"primaryImageOfPage":{"@id":"https:\/\/maqcenter.com\/pt-pt\/producto\/mdl\/#primaryimage"},"image":{"@id":"https:\/\/maqcenter.com\/pt-pt\/producto\/mdl\/#primaryimage"},"thumbnailUrl":"https:\/\/maqcenter.com\/wp-content\/uploads\/2023\/12\/BELOTTI-MDL.jpg","datePublished":"2023-12-19T09:40:32+00:00","dateModified":"2025-05-16T15:02:49+00:00","description":"MDL. A S\u00e9rie MDL \u00e9 um centro de maquina\u00e7\u00e3o CNC de 5 eixos de alta velocidade e tecnologia avan\u00e7ada, que garante m\u00e1xima produtividade na fresagem de modelos e","breadcrumb":{"@id":"https:\/\/maqcenter.com\/pt-pt\/producto\/mdl\/#breadcrumb"},"inLanguage":"pt-PT","potentialAction":[{"@type":"ReadAction","target":["https:\/\/maqcenter.com\/pt-pt\/producto\/mdl\/"]}]},{"@type":"ImageObject","inLanguage":"pt-PT","@id":"https:\/\/maqcenter.com\/pt-pt\/producto\/mdl\/#primaryimage","url":"https:\/\/maqcenter.com\/wp-content\/uploads\/2023\/12\/BELOTTI-MDL.jpg","contentUrl":"https:\/\/maqcenter.com\/wp-content\/uploads\/2023\/12\/BELOTTI-MDL.jpg","width":500,"height":500,"caption":"P\u00f3rtico de 5 eixos"},{"@type":"BreadcrumbList","@id":"https:\/\/maqcenter.com\/pt-pt\/producto\/mdl\/#breadcrumb","itemListElement":[{"@type":"ListItem","position":1,"name":"Productos","item":"https:\/\/maqcenter.com\/pt-pt\/"},{"@type":"ListItem","position":2,"name":"Produtos","item":"https:\/\/maqcenter.com\/pt-pt\/shop\/"},{"@type":"ListItem","position":3,"name":"MDL"}]},{"@type":"WebSite","@id":"https:\/\/maqcenter.com\/pt-pt\/#website","url":"https:\/\/maqcenter.com\/pt-pt\/","name":"MAQcenter","description":"El centro de tus soluciones","publisher":{"@id":"https:\/\/maqcenter.com\/pt-pt\/#organization"},"potentialAction":[{"@type":"SearchAction","target":{"@type":"EntryPoint","urlTemplate":"https:\/\/maqcenter.com\/pt-pt\/?s={search_term_string}"},"query-input":{"@type":"PropertyValueSpecification","valueRequired":true,"valueName":"search_term_string"}}],"inLanguage":"pt-PT"},{"@type":"Organization","@id":"https:\/\/maqcenter.com\/pt-pt\/#organization","name":"MAQcenter S.A.","url":"https:\/\/maqcenter.com\/pt-pt\/","logo":{"@type":"ImageObject","inLanguage":"pt-PT","@id":"https:\/\/maqcenter.com\/pt-pt\/#\/schema\/logo\/image\/","url":"https:\/\/maqcenter.com\/wp-content\/uploads\/2021\/02\/MAQcenter_logo_vertical.svg","contentUrl":"https:\/\/maqcenter.com\/wp-content\/uploads\/2021\/02\/MAQcenter_logo_vertical.svg","width":300,"height":174,"caption":"MAQcenter S.A."},"image":{"@id":"https:\/\/maqcenter.com\/pt-pt\/#\/schema\/logo\/image\/"}}]}},"_links":{"self":[{"href":"https:\/\/maqcenter.com\/pt-pt\/wp-json\/wp\/v2\/product\/22187","targetHints":{"allow":["GET"]}}],"collection":[{"href":"https:\/\/maqcenter.com\/pt-pt\/wp-json\/wp\/v2\/product"}],"about":[{"href":"https:\/\/maqcenter.com\/pt-pt\/wp-json\/wp\/v2\/types\/product"}],"wp:featuredmedia":[{"embeddable":true,"href":"https:\/\/maqcenter.com\/pt-pt\/wp-json\/wp\/v2\/media\/22188"}],"wp:attachment":[{"href":"https:\/\/maqcenter.com\/pt-pt\/wp-json\/wp\/v2\/media?parent=22187"}],"wp:term":[{"taxonomy":"product_brand","embeddable":true,"href":"https:\/\/maqcenter.com\/pt-pt\/wp-json\/wp\/v2\/product_brand?post=22187"},{"taxonomy":"product_cat","embeddable":true,"href":"https:\/\/maqcenter.com\/pt-pt\/wp-json\/wp\/v2\/product_cat?post=22187"},{"taxonomy":"product_tag","embeddable":true,"href":"https:\/\/maqcenter.com\/pt-pt\/wp-json\/wp\/v2\/product_tag?post=22187"},{"taxonomy":"marca-producto","embeddable":true,"href":"https:\/\/maqcenter.com\/pt-pt\/wp-json\/wp\/v2\/marca-producto?post=22187"},{"taxonomy":"serie-producto","embeddable":true,"href":"https:\/\/maqcenter.com\/pt-pt\/wp-json\/wp\/v2\/serie-producto?post=22187"}],"curies":[{"name":"wp","href":"https:\/\/api.w.org\/{rel}","templated":true}]}}