{"id":22196,"date":"2023-01-25T09:35:11","date_gmt":"2023-01-25T07:35:11","guid":{"rendered":"https:\/\/maqcenter.com\/producto\/gru300\/"},"modified":"2023-01-25T09:35:11","modified_gmt":"2023-01-25T07:35:11","slug":"gru300","status":"publish","type":"product","link":"https:\/\/maqcenter.com\/pt-pt\/producto\/gru300\/","title":{"rendered":"GRU300"},"content":{"rendered":"<p>O centro de maquina\u00e7\u00e3o de alta velocidade de 5 eixos \u00e9 adequado para maquina\u00e7\u00e3o de precis\u00e3o, como fura\u00e7\u00e3o, fresagem e retifica\u00e7\u00e3o de metais duros com formas complexas (HRC &gt; 50), bem como para a fabrica\u00e7\u00e3o de pe\u00e7as de moldes de precis\u00e3o com elevados requisitos de qualidade superficial.<\/p>\n<p>Como todos os centros da Jingdiao, a ultraprecis\u00e3o \u00e9 um padr\u00e3o, com capacidade para alcan\u00e7ar acabamentos espelhados com rugosidade de 10 nm.<\/p>\n<p>Maquina\u00e7\u00e3o de precis\u00e3o, maquina\u00e7\u00e3o de moldes de precis\u00e3o e retifica\u00e7\u00e3o de precis\u00e3o. Alcan\u00e7a, de forma est\u00e1vel, &#8220;avan\u00e7o de 0,1 \u03bcm, corte de 1 \u03bcm e rugosidade superficial a n\u00edvel nanom\u00e9trico&#8221;. <\/p>\n<p>Opcionalmente, pode ser equipado com o kit de retifica\u00e7\u00e3o, que inclui o retificador rotativo de rebolo.<\/p>\n","protected":false},"excerpt":{"rendered":"<p>O centro de maquina\u00e7\u00e3o de alta velocidade de 5 eixos \u00e9 adequado para maquina\u00e7\u00e3o de precis\u00e3o, como fura\u00e7\u00e3o, fresagem e retifica\u00e7\u00e3o de metais duros com formas complexas (HRC &gt; 50), bem como para a fabrica\u00e7\u00e3o de pe\u00e7as de moldes de precis\u00e3o com elevados requisitos de qualidade superficial. Como todos os centros da Jingdiao, a ultraprecis\u00e3o [&hellip;]<\/p>\n","protected":false},"featured_media":22197,"template":"","meta":[],"product_brand":[],"product_cat":[504,505],"product_tag":[568,576,575],"marca-producto":[423],"serie-producto":[],"class_list":{"0":"post-22196","1":"product","2":"type-product","3":"status-publish","4":"has-post-thumbnail","6":"product_cat-centros-de-maquinacao","7":"product_cat-centros-de-maquinacao-de-5-eixos","8":"product_tag-aeronautica-pt-pt","9":"product_tag-medico-e-dentario","10":"product_tag-moldes-e-matrizes","11":"marca-producto-jingdiao","13":"first","14":"instock","15":"shipping-taxable","16":"product-type-simple"},"yoast_head":"<!-- This site is optimized with the Yoast SEO plugin v27.0 - https:\/\/yoast.com\/product\/yoast-seo-wordpress\/ -->\n<title>GRU300<\/title>\n<meta name=\"description\" content=\"GRU300. O centro de maquina\u00e7\u00e3o de alta velocidade de 5 eixos \u00e9 adequado para maquina\u00e7\u00e3o de precis\u00e3o, como fura\u00e7\u00e3o, fresagem e retifica\u00e7\u00e3o de metais duros com\" \/>\n<meta name=\"robots\" content=\"index, follow, max-snippet:-1, max-image-preview:large, max-video-preview:-1\" \/>\n<link rel=\"canonical\" href=\"https:\/\/maqcenter.com\/pt-pt\/producto\/gru300\/\" \/>\n<meta property=\"og:locale\" content=\"pt_PT\" \/>\n<meta property=\"og:type\" content=\"article\" \/>\n<meta property=\"og:title\" content=\"GRU300\" \/>\n<meta property=\"og:description\" content=\"GRU300. O centro de maquina\u00e7\u00e3o de alta velocidade de 5 eixos \u00e9 adequado para maquina\u00e7\u00e3o de precis\u00e3o, como fura\u00e7\u00e3o, fresagem e retifica\u00e7\u00e3o de metais duros com\" \/>\n<meta property=\"og:url\" content=\"https:\/\/maqcenter.com\/pt-pt\/producto\/gru300\/\" \/>\n<meta property=\"og:site_name\" content=\"MAQcenter\" \/>\n<meta property=\"og:image\" content=\"https:\/\/maqcenter.com\/wp-content\/uploads\/2023\/01\/JINGDIAO_GRU300.jpg\" \/>\n\t<meta property=\"og:image:width\" content=\"500\" \/>\n\t<meta property=\"og:image:height\" content=\"500\" \/>\n\t<meta property=\"og:image:type\" content=\"image\/jpeg\" \/>\n<meta name=\"twitter:card\" content=\"summary_large_image\" \/>\n<meta name=\"twitter:label1\" content=\"Tempo estimado de leitura\" \/>\n\t<meta name=\"twitter:data1\" content=\"1 minuto\" \/>\n<script type=\"application\/ld+json\" class=\"yoast-schema-graph\">{\"@context\":\"https:\/\/schema.org\",\"@graph\":[{\"@type\":[\"WebPage\",\"ItemPage\"],\"@id\":\"https:\/\/maqcenter.com\/pt-pt\/producto\/gru300\/\",\"url\":\"https:\/\/maqcenter.com\/pt-pt\/producto\/gru300\/\",\"name\":\"GRU300\",\"isPartOf\":{\"@id\":\"https:\/\/maqcenter.com\/pt-pt\/#website\"},\"primaryImageOfPage\":{\"@id\":\"https:\/\/maqcenter.com\/pt-pt\/producto\/gru300\/#primaryimage\"},\"image\":{\"@id\":\"https:\/\/maqcenter.com\/pt-pt\/producto\/gru300\/#primaryimage\"},\"thumbnailUrl\":\"https:\/\/maqcenter.com\/wp-content\/uploads\/2023\/01\/JINGDIAO_GRU300.jpg\",\"datePublished\":\"2023-01-25T07:35:11+00:00\",\"description\":\"GRU300. O centro de maquina\u00e7\u00e3o de alta velocidade de 5 eixos \u00e9 adequado para maquina\u00e7\u00e3o de precis\u00e3o, como fura\u00e7\u00e3o, fresagem e retifica\u00e7\u00e3o de metais duros com\",\"breadcrumb\":{\"@id\":\"https:\/\/maqcenter.com\/pt-pt\/producto\/gru300\/#breadcrumb\"},\"inLanguage\":\"pt-PT\",\"potentialAction\":[{\"@type\":\"ReadAction\",\"target\":[\"https:\/\/maqcenter.com\/pt-pt\/producto\/gru300\/\"]}]},{\"@type\":\"ImageObject\",\"inLanguage\":\"pt-PT\",\"@id\":\"https:\/\/maqcenter.com\/pt-pt\/producto\/gru300\/#primaryimage\",\"url\":\"https:\/\/maqcenter.com\/wp-content\/uploads\/2023\/01\/JINGDIAO_GRU300.jpg\",\"contentUrl\":\"https:\/\/maqcenter.com\/wp-content\/uploads\/2023\/01\/JINGDIAO_GRU300.jpg\",\"width\":500,\"height\":500},{\"@type\":\"BreadcrumbList\",\"@id\":\"https:\/\/maqcenter.com\/pt-pt\/producto\/gru300\/#breadcrumb\",\"itemListElement\":[{\"@type\":\"ListItem\",\"position\":1,\"name\":\"Productos\",\"item\":\"https:\/\/maqcenter.com\/pt-pt\/\"},{\"@type\":\"ListItem\",\"position\":2,\"name\":\"Produtos\",\"item\":\"https:\/\/maqcenter.com\/pt-pt\/shop\/\"},{\"@type\":\"ListItem\",\"position\":3,\"name\":\"GRU300\"}]},{\"@type\":\"WebSite\",\"@id\":\"https:\/\/maqcenter.com\/pt-pt\/#website\",\"url\":\"https:\/\/maqcenter.com\/pt-pt\/\",\"name\":\"MAQcenter\",\"description\":\"El centro de tus soluciones\",\"publisher\":{\"@id\":\"https:\/\/maqcenter.com\/pt-pt\/#organization\"},\"potentialAction\":[{\"@type\":\"SearchAction\",\"target\":{\"@type\":\"EntryPoint\",\"urlTemplate\":\"https:\/\/maqcenter.com\/pt-pt\/?s={search_term_string}\"},\"query-input\":{\"@type\":\"PropertyValueSpecification\",\"valueRequired\":true,\"valueName\":\"search_term_string\"}}],\"inLanguage\":\"pt-PT\"},{\"@type\":\"Organization\",\"@id\":\"https:\/\/maqcenter.com\/pt-pt\/#organization\",\"name\":\"MAQcenter S.A.\",\"url\":\"https:\/\/maqcenter.com\/pt-pt\/\",\"logo\":{\"@type\":\"ImageObject\",\"inLanguage\":\"pt-PT\",\"@id\":\"https:\/\/maqcenter.com\/pt-pt\/#\/schema\/logo\/image\/\",\"url\":\"https:\/\/maqcenter.com\/wp-content\/uploads\/2021\/02\/MAQcenter_logo_vertical.svg\",\"contentUrl\":\"https:\/\/maqcenter.com\/wp-content\/uploads\/2021\/02\/MAQcenter_logo_vertical.svg\",\"width\":300,\"height\":174,\"caption\":\"MAQcenter S.A.\"},\"image\":{\"@id\":\"https:\/\/maqcenter.com\/pt-pt\/#\/schema\/logo\/image\/\"}}]}<\/script>\n<!-- \/ Yoast SEO plugin. -->","yoast_head_json":{"title":"GRU300","description":"GRU300. O centro de maquina\u00e7\u00e3o de alta velocidade de 5 eixos \u00e9 adequado para maquina\u00e7\u00e3o de precis\u00e3o, como fura\u00e7\u00e3o, fresagem e retifica\u00e7\u00e3o de metais duros com","robots":{"index":"index","follow":"follow","max-snippet":"max-snippet:-1","max-image-preview":"max-image-preview:large","max-video-preview":"max-video-preview:-1"},"canonical":"https:\/\/maqcenter.com\/pt-pt\/producto\/gru300\/","og_locale":"pt_PT","og_type":"article","og_title":"GRU300","og_description":"GRU300. O centro de maquina\u00e7\u00e3o de alta velocidade de 5 eixos \u00e9 adequado para maquina\u00e7\u00e3o de precis\u00e3o, como fura\u00e7\u00e3o, fresagem e retifica\u00e7\u00e3o de metais duros com","og_url":"https:\/\/maqcenter.com\/pt-pt\/producto\/gru300\/","og_site_name":"MAQcenter","og_image":[{"width":500,"height":500,"url":"https:\/\/maqcenter.com\/wp-content\/uploads\/2023\/01\/JINGDIAO_GRU300.jpg","type":"image\/jpeg"}],"twitter_card":"summary_large_image","twitter_misc":{"Tempo estimado de leitura":"1 minuto"},"schema":{"@context":"https:\/\/schema.org","@graph":[{"@type":["WebPage","ItemPage"],"@id":"https:\/\/maqcenter.com\/pt-pt\/producto\/gru300\/","url":"https:\/\/maqcenter.com\/pt-pt\/producto\/gru300\/","name":"GRU300","isPartOf":{"@id":"https:\/\/maqcenter.com\/pt-pt\/#website"},"primaryImageOfPage":{"@id":"https:\/\/maqcenter.com\/pt-pt\/producto\/gru300\/#primaryimage"},"image":{"@id":"https:\/\/maqcenter.com\/pt-pt\/producto\/gru300\/#primaryimage"},"thumbnailUrl":"https:\/\/maqcenter.com\/wp-content\/uploads\/2023\/01\/JINGDIAO_GRU300.jpg","datePublished":"2023-01-25T07:35:11+00:00","description":"GRU300. O centro de maquina\u00e7\u00e3o de alta velocidade de 5 eixos \u00e9 adequado para maquina\u00e7\u00e3o de precis\u00e3o, como fura\u00e7\u00e3o, fresagem e retifica\u00e7\u00e3o de metais duros com","breadcrumb":{"@id":"https:\/\/maqcenter.com\/pt-pt\/producto\/gru300\/#breadcrumb"},"inLanguage":"pt-PT","potentialAction":[{"@type":"ReadAction","target":["https:\/\/maqcenter.com\/pt-pt\/producto\/gru300\/"]}]},{"@type":"ImageObject","inLanguage":"pt-PT","@id":"https:\/\/maqcenter.com\/pt-pt\/producto\/gru300\/#primaryimage","url":"https:\/\/maqcenter.com\/wp-content\/uploads\/2023\/01\/JINGDIAO_GRU300.jpg","contentUrl":"https:\/\/maqcenter.com\/wp-content\/uploads\/2023\/01\/JINGDIAO_GRU300.jpg","width":500,"height":500},{"@type":"BreadcrumbList","@id":"https:\/\/maqcenter.com\/pt-pt\/producto\/gru300\/#breadcrumb","itemListElement":[{"@type":"ListItem","position":1,"name":"Productos","item":"https:\/\/maqcenter.com\/pt-pt\/"},{"@type":"ListItem","position":2,"name":"Produtos","item":"https:\/\/maqcenter.com\/pt-pt\/shop\/"},{"@type":"ListItem","position":3,"name":"GRU300"}]},{"@type":"WebSite","@id":"https:\/\/maqcenter.com\/pt-pt\/#website","url":"https:\/\/maqcenter.com\/pt-pt\/","name":"MAQcenter","description":"El centro de tus soluciones","publisher":{"@id":"https:\/\/maqcenter.com\/pt-pt\/#organization"},"potentialAction":[{"@type":"SearchAction","target":{"@type":"EntryPoint","urlTemplate":"https:\/\/maqcenter.com\/pt-pt\/?s={search_term_string}"},"query-input":{"@type":"PropertyValueSpecification","valueRequired":true,"valueName":"search_term_string"}}],"inLanguage":"pt-PT"},{"@type":"Organization","@id":"https:\/\/maqcenter.com\/pt-pt\/#organization","name":"MAQcenter S.A.","url":"https:\/\/maqcenter.com\/pt-pt\/","logo":{"@type":"ImageObject","inLanguage":"pt-PT","@id":"https:\/\/maqcenter.com\/pt-pt\/#\/schema\/logo\/image\/","url":"https:\/\/maqcenter.com\/wp-content\/uploads\/2021\/02\/MAQcenter_logo_vertical.svg","contentUrl":"https:\/\/maqcenter.com\/wp-content\/uploads\/2021\/02\/MAQcenter_logo_vertical.svg","width":300,"height":174,"caption":"MAQcenter S.A."},"image":{"@id":"https:\/\/maqcenter.com\/pt-pt\/#\/schema\/logo\/image\/"}}]}},"_links":{"self":[{"href":"https:\/\/maqcenter.com\/pt-pt\/wp-json\/wp\/v2\/product\/22196","targetHints":{"allow":["GET"]}}],"collection":[{"href":"https:\/\/maqcenter.com\/pt-pt\/wp-json\/wp\/v2\/product"}],"about":[{"href":"https:\/\/maqcenter.com\/pt-pt\/wp-json\/wp\/v2\/types\/product"}],"wp:featuredmedia":[{"embeddable":true,"href":"https:\/\/maqcenter.com\/pt-pt\/wp-json\/wp\/v2\/media\/22197"}],"wp:attachment":[{"href":"https:\/\/maqcenter.com\/pt-pt\/wp-json\/wp\/v2\/media?parent=22196"}],"wp:term":[{"taxonomy":"product_brand","embeddable":true,"href":"https:\/\/maqcenter.com\/pt-pt\/wp-json\/wp\/v2\/product_brand?post=22196"},{"taxonomy":"product_cat","embeddable":true,"href":"https:\/\/maqcenter.com\/pt-pt\/wp-json\/wp\/v2\/product_cat?post=22196"},{"taxonomy":"product_tag","embeddable":true,"href":"https:\/\/maqcenter.com\/pt-pt\/wp-json\/wp\/v2\/product_tag?post=22196"},{"taxonomy":"marca-producto","embeddable":true,"href":"https:\/\/maqcenter.com\/pt-pt\/wp-json\/wp\/v2\/marca-producto?post=22196"},{"taxonomy":"serie-producto","embeddable":true,"href":"https:\/\/maqcenter.com\/pt-pt\/wp-json\/wp\/v2\/serie-producto?post=22196"}],"curies":[{"name":"wp","href":"https:\/\/api.w.org\/{rel}","templated":true}]}}