{"id":22211,"date":"2023-01-25T09:13:41","date_gmt":"2023-01-25T07:13:41","guid":{"rendered":"https:\/\/maqcenter.com\/producto\/hgu400\/"},"modified":"2023-01-25T09:13:41","modified_gmt":"2023-01-25T07:13:41","slug":"hgu400","status":"publish","type":"product","link":"https:\/\/maqcenter.com\/pt-pt\/producto\/hgu400\/","title":{"rendered":"HGU400"},"content":{"rendered":"<p>O centro de maquina\u00e7\u00e3o de alta velocidade de 3 eixos HGU400 \u00e9 indicado para a fresagem de el\u00e9trodos, pe\u00e7as de matrizes e moldes, bem como para a retifica\u00e7\u00e3o de furos de precis\u00e3o em metais e materiais especiais.<br \/>\nEst\u00e1 dispon\u00edvel com diferentes tipos de veio, para se adaptar \u00e0s necessidades espec\u00edficas de cada cliente.<\/p>\n<p>Opcionalmente, pode ser equipado com um sistema de inspe\u00e7\u00e3o integrado, que permite quantificar o estado da m\u00e1quina-ferramenta, das ferramentas de corte e das pe\u00e7as de trabalho durante a maquina\u00e7\u00e3o de precis\u00e3o. <br \/>Tamb\u00e9m pode ser acrescentado o sistema Jingdiao MQL, adequado para satisfazer os requisitos do microfresamento. <\/p>\n<p>Com a configura\u00e7\u00e3o certa de software e hardware, \u00e9 poss\u00edvel obter uma precis\u00e3o de maquina\u00e7\u00e3o est\u00e1vel entre 2 ~ 5 \u03bcm.<\/p>\n","protected":false},"excerpt":{"rendered":"<p>O centro de maquina\u00e7\u00e3o de alta velocidade de 3 eixos HGU400 \u00e9 indicado para a fresagem de el\u00e9trodos, pe\u00e7as de matrizes e moldes, bem como para a retifica\u00e7\u00e3o de furos de precis\u00e3o em metais e materiais especiais. Est\u00e1 dispon\u00edvel com diferentes tipos de veio, para se adaptar \u00e0s necessidades espec\u00edficas de cada cliente. Opcionalmente, pode [&hellip;]<\/p>\n","protected":false},"featured_media":22212,"template":"","meta":[],"product_brand":[],"product_cat":[504,511],"product_tag":[568,576,575],"marca-producto":[423],"serie-producto":[],"class_list":{"0":"post-22211","1":"product","2":"type-product","3":"status-publish","4":"has-post-thumbnail","6":"product_cat-centros-de-maquinacao","7":"product_cat-centros-de-maquinacao-vertical","8":"product_tag-aeronautica-pt-pt","9":"product_tag-medico-e-dentario","10":"product_tag-moldes-e-matrizes","11":"marca-producto-jingdiao","13":"first","14":"instock","15":"shipping-taxable","16":"product-type-simple"},"yoast_head":"<!-- This site is optimized with the Yoast SEO plugin v27.0 - https:\/\/yoast.com\/product\/yoast-seo-wordpress\/ -->\n<title>HGU400<\/title>\n<meta name=\"description\" content=\"HGU400. O centro de maquina\u00e7\u00e3o de alta velocidade de 3 eixos HGU400 \u00e9 indicado para a fresagem de el\u00e9trodos, pe\u00e7as de matrizes e moldes, bem como para a\" \/>\n<meta name=\"robots\" content=\"index, follow, max-snippet:-1, max-image-preview:large, max-video-preview:-1\" \/>\n<link rel=\"canonical\" href=\"https:\/\/maqcenter.com\/pt-pt\/producto\/hgu400\/\" \/>\n<meta property=\"og:locale\" content=\"pt_PT\" \/>\n<meta property=\"og:type\" content=\"article\" \/>\n<meta property=\"og:title\" content=\"HGU400\" \/>\n<meta property=\"og:description\" content=\"HGU400. O centro de maquina\u00e7\u00e3o de alta velocidade de 3 eixos HGU400 \u00e9 indicado para a fresagem de el\u00e9trodos, pe\u00e7as de matrizes e moldes, bem como para a\" \/>\n<meta property=\"og:url\" content=\"https:\/\/maqcenter.com\/pt-pt\/producto\/hgu400\/\" \/>\n<meta property=\"og:site_name\" content=\"MAQcenter\" \/>\n<meta property=\"og:image\" content=\"https:\/\/maqcenter.com\/wp-content\/uploads\/2023\/01\/JINGDIAO_HGU400T.jpg\" \/>\n\t<meta property=\"og:image:width\" content=\"500\" \/>\n\t<meta property=\"og:image:height\" content=\"500\" \/>\n\t<meta property=\"og:image:type\" content=\"image\/jpeg\" \/>\n<meta name=\"twitter:card\" content=\"summary_large_image\" \/>\n<meta name=\"twitter:label1\" content=\"Tempo estimado de leitura\" \/>\n\t<meta name=\"twitter:data1\" content=\"1 minuto\" \/>\n<script type=\"application\/ld+json\" class=\"yoast-schema-graph\">{\"@context\":\"https:\/\/schema.org\",\"@graph\":[{\"@type\":[\"WebPage\",\"ItemPage\"],\"@id\":\"https:\/\/maqcenter.com\/pt-pt\/producto\/hgu400\/\",\"url\":\"https:\/\/maqcenter.com\/pt-pt\/producto\/hgu400\/\",\"name\":\"HGU400\",\"isPartOf\":{\"@id\":\"https:\/\/maqcenter.com\/pt-pt\/#website\"},\"primaryImageOfPage\":{\"@id\":\"https:\/\/maqcenter.com\/pt-pt\/producto\/hgu400\/#primaryimage\"},\"image\":{\"@id\":\"https:\/\/maqcenter.com\/pt-pt\/producto\/hgu400\/#primaryimage\"},\"thumbnailUrl\":\"https:\/\/maqcenter.com\/wp-content\/uploads\/2023\/01\/JINGDIAO_HGU400T.jpg\",\"datePublished\":\"2023-01-25T07:13:41+00:00\",\"description\":\"HGU400. O centro de maquina\u00e7\u00e3o de alta velocidade de 3 eixos HGU400 \u00e9 indicado para a fresagem de el\u00e9trodos, pe\u00e7as de matrizes e moldes, bem como para a\",\"breadcrumb\":{\"@id\":\"https:\/\/maqcenter.com\/pt-pt\/producto\/hgu400\/#breadcrumb\"},\"inLanguage\":\"pt-PT\",\"potentialAction\":[{\"@type\":\"ReadAction\",\"target\":[\"https:\/\/maqcenter.com\/pt-pt\/producto\/hgu400\/\"]}]},{\"@type\":\"ImageObject\",\"inLanguage\":\"pt-PT\",\"@id\":\"https:\/\/maqcenter.com\/pt-pt\/producto\/hgu400\/#primaryimage\",\"url\":\"https:\/\/maqcenter.com\/wp-content\/uploads\/2023\/01\/JINGDIAO_HGU400T.jpg\",\"contentUrl\":\"https:\/\/maqcenter.com\/wp-content\/uploads\/2023\/01\/JINGDIAO_HGU400T.jpg\",\"width\":500,\"height\":500},{\"@type\":\"BreadcrumbList\",\"@id\":\"https:\/\/maqcenter.com\/pt-pt\/producto\/hgu400\/#breadcrumb\",\"itemListElement\":[{\"@type\":\"ListItem\",\"position\":1,\"name\":\"Productos\",\"item\":\"https:\/\/maqcenter.com\/pt-pt\/\"},{\"@type\":\"ListItem\",\"position\":2,\"name\":\"Produtos\",\"item\":\"https:\/\/maqcenter.com\/pt-pt\/shop\/\"},{\"@type\":\"ListItem\",\"position\":3,\"name\":\"HGU400\"}]},{\"@type\":\"WebSite\",\"@id\":\"https:\/\/maqcenter.com\/pt-pt\/#website\",\"url\":\"https:\/\/maqcenter.com\/pt-pt\/\",\"name\":\"MAQcenter\",\"description\":\"El centro de tus soluciones\",\"publisher\":{\"@id\":\"https:\/\/maqcenter.com\/pt-pt\/#organization\"},\"potentialAction\":[{\"@type\":\"SearchAction\",\"target\":{\"@type\":\"EntryPoint\",\"urlTemplate\":\"https:\/\/maqcenter.com\/pt-pt\/?s={search_term_string}\"},\"query-input\":{\"@type\":\"PropertyValueSpecification\",\"valueRequired\":true,\"valueName\":\"search_term_string\"}}],\"inLanguage\":\"pt-PT\"},{\"@type\":\"Organization\",\"@id\":\"https:\/\/maqcenter.com\/pt-pt\/#organization\",\"name\":\"MAQcenter S.A.\",\"url\":\"https:\/\/maqcenter.com\/pt-pt\/\",\"logo\":{\"@type\":\"ImageObject\",\"inLanguage\":\"pt-PT\",\"@id\":\"https:\/\/maqcenter.com\/pt-pt\/#\/schema\/logo\/image\/\",\"url\":\"https:\/\/maqcenter.com\/wp-content\/uploads\/2021\/02\/MAQcenter_logo_vertical.svg\",\"contentUrl\":\"https:\/\/maqcenter.com\/wp-content\/uploads\/2021\/02\/MAQcenter_logo_vertical.svg\",\"width\":300,\"height\":174,\"caption\":\"MAQcenter S.A.\"},\"image\":{\"@id\":\"https:\/\/maqcenter.com\/pt-pt\/#\/schema\/logo\/image\/\"}}]}<\/script>\n<!-- \/ Yoast SEO plugin. -->","yoast_head_json":{"title":"HGU400","description":"HGU400. O centro de maquina\u00e7\u00e3o de alta velocidade de 3 eixos HGU400 \u00e9 indicado para a fresagem de el\u00e9trodos, pe\u00e7as de matrizes e moldes, bem como para a","robots":{"index":"index","follow":"follow","max-snippet":"max-snippet:-1","max-image-preview":"max-image-preview:large","max-video-preview":"max-video-preview:-1"},"canonical":"https:\/\/maqcenter.com\/pt-pt\/producto\/hgu400\/","og_locale":"pt_PT","og_type":"article","og_title":"HGU400","og_description":"HGU400. O centro de maquina\u00e7\u00e3o de alta velocidade de 3 eixos HGU400 \u00e9 indicado para a fresagem de el\u00e9trodos, pe\u00e7as de matrizes e moldes, bem como para a","og_url":"https:\/\/maqcenter.com\/pt-pt\/producto\/hgu400\/","og_site_name":"MAQcenter","og_image":[{"width":500,"height":500,"url":"https:\/\/maqcenter.com\/wp-content\/uploads\/2023\/01\/JINGDIAO_HGU400T.jpg","type":"image\/jpeg"}],"twitter_card":"summary_large_image","twitter_misc":{"Tempo estimado de leitura":"1 minuto"},"schema":{"@context":"https:\/\/schema.org","@graph":[{"@type":["WebPage","ItemPage"],"@id":"https:\/\/maqcenter.com\/pt-pt\/producto\/hgu400\/","url":"https:\/\/maqcenter.com\/pt-pt\/producto\/hgu400\/","name":"HGU400","isPartOf":{"@id":"https:\/\/maqcenter.com\/pt-pt\/#website"},"primaryImageOfPage":{"@id":"https:\/\/maqcenter.com\/pt-pt\/producto\/hgu400\/#primaryimage"},"image":{"@id":"https:\/\/maqcenter.com\/pt-pt\/producto\/hgu400\/#primaryimage"},"thumbnailUrl":"https:\/\/maqcenter.com\/wp-content\/uploads\/2023\/01\/JINGDIAO_HGU400T.jpg","datePublished":"2023-01-25T07:13:41+00:00","description":"HGU400. O centro de maquina\u00e7\u00e3o de alta velocidade de 3 eixos HGU400 \u00e9 indicado para a fresagem de el\u00e9trodos, pe\u00e7as de matrizes e moldes, bem como para a","breadcrumb":{"@id":"https:\/\/maqcenter.com\/pt-pt\/producto\/hgu400\/#breadcrumb"},"inLanguage":"pt-PT","potentialAction":[{"@type":"ReadAction","target":["https:\/\/maqcenter.com\/pt-pt\/producto\/hgu400\/"]}]},{"@type":"ImageObject","inLanguage":"pt-PT","@id":"https:\/\/maqcenter.com\/pt-pt\/producto\/hgu400\/#primaryimage","url":"https:\/\/maqcenter.com\/wp-content\/uploads\/2023\/01\/JINGDIAO_HGU400T.jpg","contentUrl":"https:\/\/maqcenter.com\/wp-content\/uploads\/2023\/01\/JINGDIAO_HGU400T.jpg","width":500,"height":500},{"@type":"BreadcrumbList","@id":"https:\/\/maqcenter.com\/pt-pt\/producto\/hgu400\/#breadcrumb","itemListElement":[{"@type":"ListItem","position":1,"name":"Productos","item":"https:\/\/maqcenter.com\/pt-pt\/"},{"@type":"ListItem","position":2,"name":"Produtos","item":"https:\/\/maqcenter.com\/pt-pt\/shop\/"},{"@type":"ListItem","position":3,"name":"HGU400"}]},{"@type":"WebSite","@id":"https:\/\/maqcenter.com\/pt-pt\/#website","url":"https:\/\/maqcenter.com\/pt-pt\/","name":"MAQcenter","description":"El centro de tus soluciones","publisher":{"@id":"https:\/\/maqcenter.com\/pt-pt\/#organization"},"potentialAction":[{"@type":"SearchAction","target":{"@type":"EntryPoint","urlTemplate":"https:\/\/maqcenter.com\/pt-pt\/?s={search_term_string}"},"query-input":{"@type":"PropertyValueSpecification","valueRequired":true,"valueName":"search_term_string"}}],"inLanguage":"pt-PT"},{"@type":"Organization","@id":"https:\/\/maqcenter.com\/pt-pt\/#organization","name":"MAQcenter S.A.","url":"https:\/\/maqcenter.com\/pt-pt\/","logo":{"@type":"ImageObject","inLanguage":"pt-PT","@id":"https:\/\/maqcenter.com\/pt-pt\/#\/schema\/logo\/image\/","url":"https:\/\/maqcenter.com\/wp-content\/uploads\/2021\/02\/MAQcenter_logo_vertical.svg","contentUrl":"https:\/\/maqcenter.com\/wp-content\/uploads\/2021\/02\/MAQcenter_logo_vertical.svg","width":300,"height":174,"caption":"MAQcenter S.A."},"image":{"@id":"https:\/\/maqcenter.com\/pt-pt\/#\/schema\/logo\/image\/"}}]}},"_links":{"self":[{"href":"https:\/\/maqcenter.com\/pt-pt\/wp-json\/wp\/v2\/product\/22211","targetHints":{"allow":["GET"]}}],"collection":[{"href":"https:\/\/maqcenter.com\/pt-pt\/wp-json\/wp\/v2\/product"}],"about":[{"href":"https:\/\/maqcenter.com\/pt-pt\/wp-json\/wp\/v2\/types\/product"}],"wp:featuredmedia":[{"embeddable":true,"href":"https:\/\/maqcenter.com\/pt-pt\/wp-json\/wp\/v2\/media\/22212"}],"wp:attachment":[{"href":"https:\/\/maqcenter.com\/pt-pt\/wp-json\/wp\/v2\/media?parent=22211"}],"wp:term":[{"taxonomy":"product_brand","embeddable":true,"href":"https:\/\/maqcenter.com\/pt-pt\/wp-json\/wp\/v2\/product_brand?post=22211"},{"taxonomy":"product_cat","embeddable":true,"href":"https:\/\/maqcenter.com\/pt-pt\/wp-json\/wp\/v2\/product_cat?post=22211"},{"taxonomy":"product_tag","embeddable":true,"href":"https:\/\/maqcenter.com\/pt-pt\/wp-json\/wp\/v2\/product_tag?post=22211"},{"taxonomy":"marca-producto","embeddable":true,"href":"https:\/\/maqcenter.com\/pt-pt\/wp-json\/wp\/v2\/marca-producto?post=22211"},{"taxonomy":"serie-producto","embeddable":true,"href":"https:\/\/maqcenter.com\/pt-pt\/wp-json\/wp\/v2\/serie-producto?post=22211"}],"curies":[{"name":"wp","href":"https:\/\/api.w.org\/{rel}","templated":true}]}}