{"id":22214,"date":"2022-06-01T12:48:48","date_gmt":"2022-06-01T10:48:48","guid":{"rendered":"https:\/\/maqcenter.com\/producto\/mcr-bv\/"},"modified":"2025-05-16T17:20:53","modified_gmt":"2025-05-16T15:20:53","slug":"mcr-bv","status":"publish","type":"product","link":"https:\/\/maqcenter.com\/pt-pt\/producto\/mcr-bv\/","title":{"rendered":"MCR-BV"},"content":{"rendered":"<p>O centro de maquina\u00e7\u00e3o de dupla coluna MCR-BV suporta uma ampla gama de opera\u00e7\u00f5es, desde o corte potente de pe\u00e7as grandes com formas complexas at\u00e9 ao acabamento de alta precis\u00e3o.<br \/>\nEst\u00e1 equipado de s\u00e9rie com as especifica\u00e7\u00f5es Thermo-Friendly Premium, AbsoScale e 3D Calibration, garantindo uma precis\u00e3o de maquina\u00e7\u00e3o est\u00e1vel, mesmo durante opera\u00e7\u00f5es cont\u00ednuas de longa dura\u00e7\u00e3o.<br \/>O MCR-BV \u00e9 uma m\u00e1quina extremamente vers\u00e1til, adequada para uma grande variedade de aplica\u00e7\u00f5es de maquina\u00e7\u00e3o. <\/p>\n","protected":false},"excerpt":{"rendered":"<p>O centro de maquina\u00e7\u00e3o de dupla coluna MCR-BV suporta uma ampla gama de opera\u00e7\u00f5es, desde o corte potente de pe\u00e7as grandes com formas complexas at\u00e9 ao acabamento de alta precis\u00e3o. Est\u00e1 equipado de s\u00e9rie com as especifica\u00e7\u00f5es Thermo-Friendly Premium, AbsoScale e 3D Calibration, garantindo uma precis\u00e3o de maquina\u00e7\u00e3o est\u00e1vel, mesmo durante opera\u00e7\u00f5es cont\u00ednuas de longa [&hellip;]<\/p>\n","protected":false},"featured_media":22215,"template":"","meta":[],"product_brand":[],"product_cat":[504,515],"product_tag":[568,570,571,572,575],"marca-producto":[26],"serie-producto":[284],"class_list":{"0":"post-22214","1":"product","2":"type-product","3":"status-publish","4":"has-post-thumbnail","6":"product_cat-centros-de-maquinacao","7":"product_cat-dupla-coluna","8":"product_tag-aeronautica-pt-pt","9":"product_tag-bens-de-equipamento","10":"product_tag-energia-pt-pt","11":"product_tag-ferrovia","12":"product_tag-moldes-e-matrizes","13":"marca-producto-okuma","14":"serie-producto-mcr","16":"first","17":"instock","18":"product-type-simple"},"yoast_head":"<!-- This site is optimized with the Yoast SEO plugin v27.0 - https:\/\/yoast.com\/product\/yoast-seo-wordpress\/ -->\n<title>MCR-BV<\/title>\n<meta name=\"description\" content=\"MCR-BV. O centro de maquina\u00e7\u00e3o de dupla coluna MCR-BV suporta uma ampla gama de opera\u00e7\u00f5es, desde o corte potente de pe\u00e7as grandes com formas complexas at\u00e9 ao\" \/>\n<meta name=\"robots\" content=\"index, follow, max-snippet:-1, max-image-preview:large, max-video-preview:-1\" \/>\n<link rel=\"canonical\" href=\"https:\/\/maqcenter.com\/pt-pt\/producto\/mcr-bv\/\" \/>\n<meta property=\"og:locale\" content=\"pt_PT\" \/>\n<meta property=\"og:type\" content=\"article\" \/>\n<meta property=\"og:title\" content=\"MCR-BV\" \/>\n<meta property=\"og:description\" content=\"MCR-BV. O centro de maquina\u00e7\u00e3o de dupla coluna MCR-BV suporta uma ampla gama de opera\u00e7\u00f5es, desde o corte potente de pe\u00e7as grandes com formas complexas at\u00e9 ao\" \/>\n<meta property=\"og:url\" content=\"https:\/\/maqcenter.com\/pt-pt\/producto\/mcr-bv\/\" \/>\n<meta property=\"og:site_name\" content=\"MAQcenter\" \/>\n<meta property=\"article:modified_time\" content=\"2025-05-16T15:20:53+00:00\" \/>\n<meta property=\"og:image\" content=\"https:\/\/maqcenter.com\/wp-content\/uploads\/2022\/06\/OKUMA-MCR-BV.jpg\" \/>\n\t<meta property=\"og:image:width\" content=\"500\" \/>\n\t<meta property=\"og:image:height\" content=\"500\" \/>\n\t<meta property=\"og:image:type\" content=\"image\/jpeg\" \/>\n<meta name=\"twitter:card\" content=\"summary_large_image\" \/>\n<script type=\"application\/ld+json\" class=\"yoast-schema-graph\">{\"@context\":\"https:\/\/schema.org\",\"@graph\":[{\"@type\":[\"WebPage\",\"ItemPage\"],\"@id\":\"https:\/\/maqcenter.com\/pt-pt\/producto\/mcr-bv\/\",\"url\":\"https:\/\/maqcenter.com\/pt-pt\/producto\/mcr-bv\/\",\"name\":\"MCR-BV\",\"isPartOf\":{\"@id\":\"https:\/\/maqcenter.com\/pt-pt\/#website\"},\"primaryImageOfPage\":{\"@id\":\"https:\/\/maqcenter.com\/pt-pt\/producto\/mcr-bv\/#primaryimage\"},\"image\":{\"@id\":\"https:\/\/maqcenter.com\/pt-pt\/producto\/mcr-bv\/#primaryimage\"},\"thumbnailUrl\":\"https:\/\/maqcenter.com\/wp-content\/uploads\/2022\/06\/OKUMA-MCR-BV.jpg\",\"datePublished\":\"2022-06-01T10:48:48+00:00\",\"dateModified\":\"2025-05-16T15:20:53+00:00\",\"description\":\"MCR-BV. O centro de maquina\u00e7\u00e3o de dupla coluna MCR-BV suporta uma ampla gama de opera\u00e7\u00f5es, desde o corte potente de pe\u00e7as grandes com formas complexas at\u00e9 ao\",\"breadcrumb\":{\"@id\":\"https:\/\/maqcenter.com\/pt-pt\/producto\/mcr-bv\/#breadcrumb\"},\"inLanguage\":\"pt-PT\",\"potentialAction\":[{\"@type\":\"ReadAction\",\"target\":[\"https:\/\/maqcenter.com\/pt-pt\/producto\/mcr-bv\/\"]}]},{\"@type\":\"ImageObject\",\"inLanguage\":\"pt-PT\",\"@id\":\"https:\/\/maqcenter.com\/pt-pt\/producto\/mcr-bv\/#primaryimage\",\"url\":\"https:\/\/maqcenter.com\/wp-content\/uploads\/2022\/06\/OKUMA-MCR-BV.jpg\",\"contentUrl\":\"https:\/\/maqcenter.com\/wp-content\/uploads\/2022\/06\/OKUMA-MCR-BV.jpg\",\"width\":500,\"height\":500,\"caption\":\"Okuma MCR-BV\"},{\"@type\":\"BreadcrumbList\",\"@id\":\"https:\/\/maqcenter.com\/pt-pt\/producto\/mcr-bv\/#breadcrumb\",\"itemListElement\":[{\"@type\":\"ListItem\",\"position\":1,\"name\":\"Productos\",\"item\":\"https:\/\/maqcenter.com\/pt-pt\/\"},{\"@type\":\"ListItem\",\"position\":2,\"name\":\"Produtos\",\"item\":\"https:\/\/maqcenter.com\/pt-pt\/shop\/\"},{\"@type\":\"ListItem\",\"position\":3,\"name\":\"MCR-BV\"}]},{\"@type\":\"WebSite\",\"@id\":\"https:\/\/maqcenter.com\/pt-pt\/#website\",\"url\":\"https:\/\/maqcenter.com\/pt-pt\/\",\"name\":\"MAQcenter\",\"description\":\"El centro de tus soluciones\",\"publisher\":{\"@id\":\"https:\/\/maqcenter.com\/pt-pt\/#organization\"},\"potentialAction\":[{\"@type\":\"SearchAction\",\"target\":{\"@type\":\"EntryPoint\",\"urlTemplate\":\"https:\/\/maqcenter.com\/pt-pt\/?s={search_term_string}\"},\"query-input\":{\"@type\":\"PropertyValueSpecification\",\"valueRequired\":true,\"valueName\":\"search_term_string\"}}],\"inLanguage\":\"pt-PT\"},{\"@type\":\"Organization\",\"@id\":\"https:\/\/maqcenter.com\/pt-pt\/#organization\",\"name\":\"MAQcenter S.A.\",\"url\":\"https:\/\/maqcenter.com\/pt-pt\/\",\"logo\":{\"@type\":\"ImageObject\",\"inLanguage\":\"pt-PT\",\"@id\":\"https:\/\/maqcenter.com\/pt-pt\/#\/schema\/logo\/image\/\",\"url\":\"https:\/\/maqcenter.com\/wp-content\/uploads\/2021\/02\/MAQcenter_logo_vertical.svg\",\"contentUrl\":\"https:\/\/maqcenter.com\/wp-content\/uploads\/2021\/02\/MAQcenter_logo_vertical.svg\",\"width\":300,\"height\":174,\"caption\":\"MAQcenter S.A.\"},\"image\":{\"@id\":\"https:\/\/maqcenter.com\/pt-pt\/#\/schema\/logo\/image\/\"}}]}<\/script>\n<!-- \/ Yoast SEO plugin. -->","yoast_head_json":{"title":"MCR-BV","description":"MCR-BV. O centro de maquina\u00e7\u00e3o de dupla coluna MCR-BV suporta uma ampla gama de opera\u00e7\u00f5es, desde o corte potente de pe\u00e7as grandes com formas complexas at\u00e9 ao","robots":{"index":"index","follow":"follow","max-snippet":"max-snippet:-1","max-image-preview":"max-image-preview:large","max-video-preview":"max-video-preview:-1"},"canonical":"https:\/\/maqcenter.com\/pt-pt\/producto\/mcr-bv\/","og_locale":"pt_PT","og_type":"article","og_title":"MCR-BV","og_description":"MCR-BV. O centro de maquina\u00e7\u00e3o de dupla coluna MCR-BV suporta uma ampla gama de opera\u00e7\u00f5es, desde o corte potente de pe\u00e7as grandes com formas complexas at\u00e9 ao","og_url":"https:\/\/maqcenter.com\/pt-pt\/producto\/mcr-bv\/","og_site_name":"MAQcenter","article_modified_time":"2025-05-16T15:20:53+00:00","og_image":[{"width":500,"height":500,"url":"https:\/\/maqcenter.com\/wp-content\/uploads\/2022\/06\/OKUMA-MCR-BV.jpg","type":"image\/jpeg"}],"twitter_card":"summary_large_image","schema":{"@context":"https:\/\/schema.org","@graph":[{"@type":["WebPage","ItemPage"],"@id":"https:\/\/maqcenter.com\/pt-pt\/producto\/mcr-bv\/","url":"https:\/\/maqcenter.com\/pt-pt\/producto\/mcr-bv\/","name":"MCR-BV","isPartOf":{"@id":"https:\/\/maqcenter.com\/pt-pt\/#website"},"primaryImageOfPage":{"@id":"https:\/\/maqcenter.com\/pt-pt\/producto\/mcr-bv\/#primaryimage"},"image":{"@id":"https:\/\/maqcenter.com\/pt-pt\/producto\/mcr-bv\/#primaryimage"},"thumbnailUrl":"https:\/\/maqcenter.com\/wp-content\/uploads\/2022\/06\/OKUMA-MCR-BV.jpg","datePublished":"2022-06-01T10:48:48+00:00","dateModified":"2025-05-16T15:20:53+00:00","description":"MCR-BV. O centro de maquina\u00e7\u00e3o de dupla coluna MCR-BV suporta uma ampla gama de opera\u00e7\u00f5es, desde o corte potente de pe\u00e7as grandes com formas complexas at\u00e9 ao","breadcrumb":{"@id":"https:\/\/maqcenter.com\/pt-pt\/producto\/mcr-bv\/#breadcrumb"},"inLanguage":"pt-PT","potentialAction":[{"@type":"ReadAction","target":["https:\/\/maqcenter.com\/pt-pt\/producto\/mcr-bv\/"]}]},{"@type":"ImageObject","inLanguage":"pt-PT","@id":"https:\/\/maqcenter.com\/pt-pt\/producto\/mcr-bv\/#primaryimage","url":"https:\/\/maqcenter.com\/wp-content\/uploads\/2022\/06\/OKUMA-MCR-BV.jpg","contentUrl":"https:\/\/maqcenter.com\/wp-content\/uploads\/2022\/06\/OKUMA-MCR-BV.jpg","width":500,"height":500,"caption":"Okuma MCR-BV"},{"@type":"BreadcrumbList","@id":"https:\/\/maqcenter.com\/pt-pt\/producto\/mcr-bv\/#breadcrumb","itemListElement":[{"@type":"ListItem","position":1,"name":"Productos","item":"https:\/\/maqcenter.com\/pt-pt\/"},{"@type":"ListItem","position":2,"name":"Produtos","item":"https:\/\/maqcenter.com\/pt-pt\/shop\/"},{"@type":"ListItem","position":3,"name":"MCR-BV"}]},{"@type":"WebSite","@id":"https:\/\/maqcenter.com\/pt-pt\/#website","url":"https:\/\/maqcenter.com\/pt-pt\/","name":"MAQcenter","description":"El centro de tus soluciones","publisher":{"@id":"https:\/\/maqcenter.com\/pt-pt\/#organization"},"potentialAction":[{"@type":"SearchAction","target":{"@type":"EntryPoint","urlTemplate":"https:\/\/maqcenter.com\/pt-pt\/?s={search_term_string}"},"query-input":{"@type":"PropertyValueSpecification","valueRequired":true,"valueName":"search_term_string"}}],"inLanguage":"pt-PT"},{"@type":"Organization","@id":"https:\/\/maqcenter.com\/pt-pt\/#organization","name":"MAQcenter S.A.","url":"https:\/\/maqcenter.com\/pt-pt\/","logo":{"@type":"ImageObject","inLanguage":"pt-PT","@id":"https:\/\/maqcenter.com\/pt-pt\/#\/schema\/logo\/image\/","url":"https:\/\/maqcenter.com\/wp-content\/uploads\/2021\/02\/MAQcenter_logo_vertical.svg","contentUrl":"https:\/\/maqcenter.com\/wp-content\/uploads\/2021\/02\/MAQcenter_logo_vertical.svg","width":300,"height":174,"caption":"MAQcenter S.A."},"image":{"@id":"https:\/\/maqcenter.com\/pt-pt\/#\/schema\/logo\/image\/"}}]}},"_links":{"self":[{"href":"https:\/\/maqcenter.com\/pt-pt\/wp-json\/wp\/v2\/product\/22214","targetHints":{"allow":["GET"]}}],"collection":[{"href":"https:\/\/maqcenter.com\/pt-pt\/wp-json\/wp\/v2\/product"}],"about":[{"href":"https:\/\/maqcenter.com\/pt-pt\/wp-json\/wp\/v2\/types\/product"}],"wp:featuredmedia":[{"embeddable":true,"href":"https:\/\/maqcenter.com\/pt-pt\/wp-json\/wp\/v2\/media\/22215"}],"wp:attachment":[{"href":"https:\/\/maqcenter.com\/pt-pt\/wp-json\/wp\/v2\/media?parent=22214"}],"wp:term":[{"taxonomy":"product_brand","embeddable":true,"href":"https:\/\/maqcenter.com\/pt-pt\/wp-json\/wp\/v2\/product_brand?post=22214"},{"taxonomy":"product_cat","embeddable":true,"href":"https:\/\/maqcenter.com\/pt-pt\/wp-json\/wp\/v2\/product_cat?post=22214"},{"taxonomy":"product_tag","embeddable":true,"href":"https:\/\/maqcenter.com\/pt-pt\/wp-json\/wp\/v2\/product_tag?post=22214"},{"taxonomy":"marca-producto","embeddable":true,"href":"https:\/\/maqcenter.com\/pt-pt\/wp-json\/wp\/v2\/marca-producto?post=22214"},{"taxonomy":"serie-producto","embeddable":true,"href":"https:\/\/maqcenter.com\/pt-pt\/wp-json\/wp\/v2\/serie-producto?post=22214"}],"curies":[{"name":"wp","href":"https:\/\/api.w.org\/{rel}","templated":true}]}}