{"id":22220,"date":"2021-04-22T17:49:38","date_gmt":"2021-04-22T15:49:38","guid":{"rendered":"https:\/\/maqcenter.com\/producto\/prato-especial-tsugami-m08-j\/"},"modified":"2021-04-22T17:49:38","modified_gmt":"2021-04-22T15:49:38","slug":"prato-especial-tsugami-m08-j","status":"publish","type":"product","link":"https:\/\/maqcenter.com\/pt-pt\/producto\/prato-especial-tsugami-m08-j\/","title":{"rendered":"Prato especial TSUGAMI M08-J"},"content":{"rendered":"<p>Prato especial MAQcenter para torno CNC TSUGAMI M08-J OP.20 com verifica\u00e7\u00e3o de assentamento da pe\u00e7a OK. Processo automatizado.  <\/p>\n","protected":false},"excerpt":{"rendered":"<p>Prato especial MAQcenter para torno CNC TSUGAMI M08-J OP.20 com verifica\u00e7\u00e3o de assentamento da pe\u00e7a OK. Processo automatizado.<\/p>\n","protected":false},"featured_media":22221,"template":"","meta":[],"product_brand":[],"product_cat":[549,558],"product_tag":[569],"marca-producto":[354],"serie-producto":[],"class_list":{"0":"post-22220","1":"product","2":"type-product","3":"status-publish","4":"has-post-thumbnail","6":"product_cat-dispositivos-de-aperto","7":"product_cat-pratos-especiais","8":"product_tag-automovel","9":"marca-producto-maqcenter","11":"first","12":"instock","13":"product-type-simple"},"yoast_head":"<!-- This site is optimized with the Yoast SEO plugin v27.0 - https:\/\/yoast.com\/product\/yoast-seo-wordpress\/ -->\n<title>Prato especial TSUGAMI M08-J<\/title>\n<meta name=\"description\" content=\"Prato especial TSUGAMI M08-J. Prato especial MAQcenter para torno CNC TSUGAMI M08-J OP.20 com verifica\u00e7\u00e3o de assentamento da pe\u00e7a OK. Processo automatizado.\" \/>\n<meta name=\"robots\" content=\"index, follow, max-snippet:-1, max-image-preview:large, max-video-preview:-1\" \/>\n<link rel=\"canonical\" href=\"https:\/\/maqcenter.com\/pt-pt\/producto\/prato-especial-tsugami-m08-j\/\" \/>\n<meta property=\"og:locale\" content=\"pt_PT\" \/>\n<meta property=\"og:type\" content=\"article\" \/>\n<meta property=\"og:title\" content=\"Prato especial TSUGAMI M08-J\" \/>\n<meta property=\"og:description\" content=\"Prato especial TSUGAMI M08-J. Prato especial MAQcenter para torno CNC TSUGAMI M08-J OP.20 com verifica\u00e7\u00e3o de assentamento da pe\u00e7a OK. Processo automatizado.\" \/>\n<meta property=\"og:url\" content=\"https:\/\/maqcenter.com\/pt-pt\/producto\/prato-especial-tsugami-m08-j\/\" \/>\n<meta property=\"og:site_name\" content=\"MAQcenter\" \/>\n<meta name=\"twitter:card\" content=\"summary_large_image\" \/>\n<script type=\"application\/ld+json\" class=\"yoast-schema-graph\">{\"@context\":\"https:\/\/schema.org\",\"@graph\":[{\"@type\":[\"WebPage\",\"ItemPage\"],\"@id\":\"https:\/\/maqcenter.com\/pt-pt\/producto\/prato-especial-tsugami-m08-j\/\",\"url\":\"https:\/\/maqcenter.com\/pt-pt\/producto\/prato-especial-tsugami-m08-j\/\",\"name\":\"Prato especial TSUGAMI M08-J\",\"isPartOf\":{\"@id\":\"https:\/\/maqcenter.com\/pt-pt\/#website\"},\"primaryImageOfPage\":{\"@id\":\"https:\/\/maqcenter.com\/pt-pt\/producto\/prato-especial-tsugami-m08-j\/#primaryimage\"},\"image\":{\"@id\":\"https:\/\/maqcenter.com\/pt-pt\/producto\/prato-especial-tsugami-m08-j\/#primaryimage\"},\"thumbnailUrl\":\"https:\/\/maqcenter.com\/wp-content\/uploads\/2021\/04\/utillaje-tsugami-M08-J-platos-especiales.jpg\",\"datePublished\":\"2021-04-22T15:49:38+00:00\",\"description\":\"Prato especial TSUGAMI M08-J. Prato especial MAQcenter para torno CNC TSUGAMI M08-J OP.20 com verifica\u00e7\u00e3o de assentamento da pe\u00e7a OK. Processo automatizado.\",\"breadcrumb\":{\"@id\":\"https:\/\/maqcenter.com\/pt-pt\/producto\/prato-especial-tsugami-m08-j\/#breadcrumb\"},\"inLanguage\":\"pt-PT\",\"potentialAction\":[{\"@type\":\"ReadAction\",\"target\":[\"https:\/\/maqcenter.com\/pt-pt\/producto\/prato-especial-tsugami-m08-j\/\"]}]},{\"@type\":\"ImageObject\",\"inLanguage\":\"pt-PT\",\"@id\":\"https:\/\/maqcenter.com\/pt-pt\/producto\/prato-especial-tsugami-m08-j\/#primaryimage\",\"url\":\"https:\/\/maqcenter.com\/wp-content\/uploads\/2021\/04\/utillaje-tsugami-M08-J-platos-especiales.jpg\",\"contentUrl\":\"https:\/\/maqcenter.com\/wp-content\/uploads\/2021\/04\/utillaje-tsugami-M08-J-platos-especiales.jpg\",\"width\":500,\"height\":500},{\"@type\":\"BreadcrumbList\",\"@id\":\"https:\/\/maqcenter.com\/pt-pt\/producto\/prato-especial-tsugami-m08-j\/#breadcrumb\",\"itemListElement\":[{\"@type\":\"ListItem\",\"position\":1,\"name\":\"Productos\",\"item\":\"https:\/\/maqcenter.com\/pt-pt\/\"},{\"@type\":\"ListItem\",\"position\":2,\"name\":\"Produtos\",\"item\":\"https:\/\/maqcenter.com\/pt-pt\/shop\/\"},{\"@type\":\"ListItem\",\"position\":3,\"name\":\"Prato especial TSUGAMI M08-J\"}]},{\"@type\":\"WebSite\",\"@id\":\"https:\/\/maqcenter.com\/pt-pt\/#website\",\"url\":\"https:\/\/maqcenter.com\/pt-pt\/\",\"name\":\"MAQcenter\",\"description\":\"El centro de tus soluciones\",\"publisher\":{\"@id\":\"https:\/\/maqcenter.com\/pt-pt\/#organization\"},\"potentialAction\":[{\"@type\":\"SearchAction\",\"target\":{\"@type\":\"EntryPoint\",\"urlTemplate\":\"https:\/\/maqcenter.com\/pt-pt\/?s={search_term_string}\"},\"query-input\":{\"@type\":\"PropertyValueSpecification\",\"valueRequired\":true,\"valueName\":\"search_term_string\"}}],\"inLanguage\":\"pt-PT\"},{\"@type\":\"Organization\",\"@id\":\"https:\/\/maqcenter.com\/pt-pt\/#organization\",\"name\":\"MAQcenter S.A.\",\"url\":\"https:\/\/maqcenter.com\/pt-pt\/\",\"logo\":{\"@type\":\"ImageObject\",\"inLanguage\":\"pt-PT\",\"@id\":\"https:\/\/maqcenter.com\/pt-pt\/#\/schema\/logo\/image\/\",\"url\":\"https:\/\/maqcenter.com\/wp-content\/uploads\/2021\/02\/MAQcenter_logo_vertical.svg\",\"contentUrl\":\"https:\/\/maqcenter.com\/wp-content\/uploads\/2021\/02\/MAQcenter_logo_vertical.svg\",\"width\":300,\"height\":174,\"caption\":\"MAQcenter S.A.\"},\"image\":{\"@id\":\"https:\/\/maqcenter.com\/pt-pt\/#\/schema\/logo\/image\/\"}}]}<\/script>\n<!-- \/ Yoast SEO plugin. -->","yoast_head_json":{"title":"Prato especial TSUGAMI M08-J","description":"Prato especial TSUGAMI M08-J. Prato especial MAQcenter para torno CNC TSUGAMI M08-J OP.20 com verifica\u00e7\u00e3o de assentamento da pe\u00e7a OK. Processo automatizado.","robots":{"index":"index","follow":"follow","max-snippet":"max-snippet:-1","max-image-preview":"max-image-preview:large","max-video-preview":"max-video-preview:-1"},"canonical":"https:\/\/maqcenter.com\/pt-pt\/producto\/prato-especial-tsugami-m08-j\/","og_locale":"pt_PT","og_type":"article","og_title":"Prato especial TSUGAMI M08-J","og_description":"Prato especial TSUGAMI M08-J. Prato especial MAQcenter para torno CNC TSUGAMI M08-J OP.20 com verifica\u00e7\u00e3o de assentamento da pe\u00e7a OK. Processo automatizado.","og_url":"https:\/\/maqcenter.com\/pt-pt\/producto\/prato-especial-tsugami-m08-j\/","og_site_name":"MAQcenter","twitter_card":"summary_large_image","schema":{"@context":"https:\/\/schema.org","@graph":[{"@type":["WebPage","ItemPage"],"@id":"https:\/\/maqcenter.com\/pt-pt\/producto\/prato-especial-tsugami-m08-j\/","url":"https:\/\/maqcenter.com\/pt-pt\/producto\/prato-especial-tsugami-m08-j\/","name":"Prato especial TSUGAMI M08-J","isPartOf":{"@id":"https:\/\/maqcenter.com\/pt-pt\/#website"},"primaryImageOfPage":{"@id":"https:\/\/maqcenter.com\/pt-pt\/producto\/prato-especial-tsugami-m08-j\/#primaryimage"},"image":{"@id":"https:\/\/maqcenter.com\/pt-pt\/producto\/prato-especial-tsugami-m08-j\/#primaryimage"},"thumbnailUrl":"https:\/\/maqcenter.com\/wp-content\/uploads\/2021\/04\/utillaje-tsugami-M08-J-platos-especiales.jpg","datePublished":"2021-04-22T15:49:38+00:00","description":"Prato especial TSUGAMI M08-J. Prato especial MAQcenter para torno CNC TSUGAMI M08-J OP.20 com verifica\u00e7\u00e3o de assentamento da pe\u00e7a OK. Processo automatizado.","breadcrumb":{"@id":"https:\/\/maqcenter.com\/pt-pt\/producto\/prato-especial-tsugami-m08-j\/#breadcrumb"},"inLanguage":"pt-PT","potentialAction":[{"@type":"ReadAction","target":["https:\/\/maqcenter.com\/pt-pt\/producto\/prato-especial-tsugami-m08-j\/"]}]},{"@type":"ImageObject","inLanguage":"pt-PT","@id":"https:\/\/maqcenter.com\/pt-pt\/producto\/prato-especial-tsugami-m08-j\/#primaryimage","url":"https:\/\/maqcenter.com\/wp-content\/uploads\/2021\/04\/utillaje-tsugami-M08-J-platos-especiales.jpg","contentUrl":"https:\/\/maqcenter.com\/wp-content\/uploads\/2021\/04\/utillaje-tsugami-M08-J-platos-especiales.jpg","width":500,"height":500},{"@type":"BreadcrumbList","@id":"https:\/\/maqcenter.com\/pt-pt\/producto\/prato-especial-tsugami-m08-j\/#breadcrumb","itemListElement":[{"@type":"ListItem","position":1,"name":"Productos","item":"https:\/\/maqcenter.com\/pt-pt\/"},{"@type":"ListItem","position":2,"name":"Produtos","item":"https:\/\/maqcenter.com\/pt-pt\/shop\/"},{"@type":"ListItem","position":3,"name":"Prato especial TSUGAMI M08-J"}]},{"@type":"WebSite","@id":"https:\/\/maqcenter.com\/pt-pt\/#website","url":"https:\/\/maqcenter.com\/pt-pt\/","name":"MAQcenter","description":"El centro de tus soluciones","publisher":{"@id":"https:\/\/maqcenter.com\/pt-pt\/#organization"},"potentialAction":[{"@type":"SearchAction","target":{"@type":"EntryPoint","urlTemplate":"https:\/\/maqcenter.com\/pt-pt\/?s={search_term_string}"},"query-input":{"@type":"PropertyValueSpecification","valueRequired":true,"valueName":"search_term_string"}}],"inLanguage":"pt-PT"},{"@type":"Organization","@id":"https:\/\/maqcenter.com\/pt-pt\/#organization","name":"MAQcenter S.A.","url":"https:\/\/maqcenter.com\/pt-pt\/","logo":{"@type":"ImageObject","inLanguage":"pt-PT","@id":"https:\/\/maqcenter.com\/pt-pt\/#\/schema\/logo\/image\/","url":"https:\/\/maqcenter.com\/wp-content\/uploads\/2021\/02\/MAQcenter_logo_vertical.svg","contentUrl":"https:\/\/maqcenter.com\/wp-content\/uploads\/2021\/02\/MAQcenter_logo_vertical.svg","width":300,"height":174,"caption":"MAQcenter S.A."},"image":{"@id":"https:\/\/maqcenter.com\/pt-pt\/#\/schema\/logo\/image\/"}}]}},"_links":{"self":[{"href":"https:\/\/maqcenter.com\/pt-pt\/wp-json\/wp\/v2\/product\/22220","targetHints":{"allow":["GET"]}}],"collection":[{"href":"https:\/\/maqcenter.com\/pt-pt\/wp-json\/wp\/v2\/product"}],"about":[{"href":"https:\/\/maqcenter.com\/pt-pt\/wp-json\/wp\/v2\/types\/product"}],"wp:featuredmedia":[{"embeddable":true,"href":"https:\/\/maqcenter.com\/pt-pt\/wp-json\/wp\/v2\/media\/22221"}],"wp:attachment":[{"href":"https:\/\/maqcenter.com\/pt-pt\/wp-json\/wp\/v2\/media?parent=22220"}],"wp:term":[{"taxonomy":"product_brand","embeddable":true,"href":"https:\/\/maqcenter.com\/pt-pt\/wp-json\/wp\/v2\/product_brand?post=22220"},{"taxonomy":"product_cat","embeddable":true,"href":"https:\/\/maqcenter.com\/pt-pt\/wp-json\/wp\/v2\/product_cat?post=22220"},{"taxonomy":"product_tag","embeddable":true,"href":"https:\/\/maqcenter.com\/pt-pt\/wp-json\/wp\/v2\/product_tag?post=22220"},{"taxonomy":"marca-producto","embeddable":true,"href":"https:\/\/maqcenter.com\/pt-pt\/wp-json\/wp\/v2\/marca-producto?post=22220"},{"taxonomy":"serie-producto","embeddable":true,"href":"https:\/\/maqcenter.com\/pt-pt\/wp-json\/wp\/v2\/serie-producto?post=22220"}],"curies":[{"name":"wp","href":"https:\/\/api.w.org\/{rel}","templated":true}]}}