{"id":22245,"date":"2021-04-22T17:49:33","date_gmt":"2021-04-22T15:49:33","guid":{"rendered":"https:\/\/maqcenter.com\/producto\/prato-especial-okuma-lvt-300\/"},"modified":"2021-04-22T17:49:33","modified_gmt":"2021-04-22T15:49:33","slug":"prato-especial-okuma-lvt-300","status":"publish","type":"product","link":"https:\/\/maqcenter.com\/pt-pt\/producto\/prato-especial-okuma-lvt-300\/","title":{"rendered":"Prato especial OKUMA LVT-300"},"content":{"rendered":"<p>Prato especial MAQcenter para Torno OKUMA LVT-300 com centraliza\u00e7\u00e3o interna de 3 dedos + fixa\u00e7\u00e3o externa axial de 3 garras, tudo em um \u00fanico disparo do cilindro do torno (pick up). Verifica\u00e7\u00e3o da sede pneum\u00e1tica da pe\u00e7a OK. Processo automatizado.  <\/p>\n","protected":false},"excerpt":{"rendered":"<p>Prato especial MAQcenter para Torno OKUMA LVT-300 com centraliza\u00e7\u00e3o interna de 3 dedos + fixa\u00e7\u00e3o externa axial de 3 garras, tudo em um \u00fanico disparo do cilindro do torno (pick up). Verifica\u00e7\u00e3o da sede pneum\u00e1tica da pe\u00e7a OK. Processo automatizado.<\/p>\n","protected":false},"featured_media":22246,"template":"","meta":[],"product_brand":[],"product_cat":[549,558],"product_tag":[569],"marca-producto":[354],"serie-producto":[],"class_list":{"0":"post-22245","1":"product","2":"type-product","3":"status-publish","4":"has-post-thumbnail","6":"product_cat-dispositivos-de-aperto","7":"product_cat-pratos-especiais","8":"product_tag-automovel","9":"marca-producto-maqcenter","11":"first","12":"instock","13":"product-type-simple"},"yoast_head":"<!-- This site is optimized with the Yoast SEO plugin v27.0 - https:\/\/yoast.com\/product\/yoast-seo-wordpress\/ -->\n<title>Prato especial OKUMA LVT-300<\/title>\n<meta name=\"description\" content=\"Prato especial OKUMA LVT-300. Prato especial MAQcenter para Torno OKUMA LVT-300 com centraliza\u00e7\u00e3o interna de 3 dedos + fixa\u00e7\u00e3o externa axial de 3 garras, tudo em um \u00fanico disparo do\" \/>\n<meta name=\"robots\" content=\"index, follow, max-snippet:-1, max-image-preview:large, max-video-preview:-1\" \/>\n<link rel=\"canonical\" href=\"https:\/\/maqcenter.com\/pt-pt\/producto\/prato-especial-okuma-lvt-300\/\" \/>\n<meta property=\"og:locale\" content=\"pt_PT\" \/>\n<meta property=\"og:type\" content=\"article\" \/>\n<meta property=\"og:title\" content=\"Prato especial OKUMA LVT-300\" \/>\n<meta property=\"og:description\" content=\"Prato especial OKUMA LVT-300. Prato especial MAQcenter para Torno OKUMA LVT-300 com centraliza\u00e7\u00e3o interna de 3 dedos + fixa\u00e7\u00e3o externa axial de 3 garras, tudo em um \u00fanico disparo do\" \/>\n<meta property=\"og:url\" content=\"https:\/\/maqcenter.com\/pt-pt\/producto\/prato-especial-okuma-lvt-300\/\" \/>\n<meta property=\"og:site_name\" content=\"MAQcenter\" \/>\n<meta name=\"twitter:card\" content=\"summary_large_image\" \/>\n<script type=\"application\/ld+json\" class=\"yoast-schema-graph\">{\"@context\":\"https:\/\/schema.org\",\"@graph\":[{\"@type\":[\"WebPage\",\"ItemPage\"],\"@id\":\"https:\/\/maqcenter.com\/pt-pt\/producto\/prato-especial-okuma-lvt-300\/\",\"url\":\"https:\/\/maqcenter.com\/pt-pt\/producto\/prato-especial-okuma-lvt-300\/\",\"name\":\"Prato especial OKUMA LVT-300\",\"isPartOf\":{\"@id\":\"https:\/\/maqcenter.com\/pt-pt\/#website\"},\"primaryImageOfPage\":{\"@id\":\"https:\/\/maqcenter.com\/pt-pt\/producto\/prato-especial-okuma-lvt-300\/#primaryimage\"},\"image\":{\"@id\":\"https:\/\/maqcenter.com\/pt-pt\/producto\/prato-especial-okuma-lvt-300\/#primaryimage\"},\"thumbnailUrl\":\"https:\/\/maqcenter.com\/wp-content\/uploads\/2021\/04\/utillaje-OKUMA-LVT-300-platos-especiales.jpg\",\"datePublished\":\"2021-04-22T15:49:33+00:00\",\"description\":\"Prato especial OKUMA LVT-300. Prato especial MAQcenter para Torno OKUMA LVT-300 com centraliza\u00e7\u00e3o interna de 3 dedos + fixa\u00e7\u00e3o externa axial de 3 garras, tudo em um \u00fanico disparo do\",\"breadcrumb\":{\"@id\":\"https:\/\/maqcenter.com\/pt-pt\/producto\/prato-especial-okuma-lvt-300\/#breadcrumb\"},\"inLanguage\":\"pt-PT\",\"potentialAction\":[{\"@type\":\"ReadAction\",\"target\":[\"https:\/\/maqcenter.com\/pt-pt\/producto\/prato-especial-okuma-lvt-300\/\"]}]},{\"@type\":\"ImageObject\",\"inLanguage\":\"pt-PT\",\"@id\":\"https:\/\/maqcenter.com\/pt-pt\/producto\/prato-especial-okuma-lvt-300\/#primaryimage\",\"url\":\"https:\/\/maqcenter.com\/wp-content\/uploads\/2021\/04\/utillaje-OKUMA-LVT-300-platos-especiales.jpg\",\"contentUrl\":\"https:\/\/maqcenter.com\/wp-content\/uploads\/2021\/04\/utillaje-OKUMA-LVT-300-platos-especiales.jpg\",\"width\":500,\"height\":500},{\"@type\":\"BreadcrumbList\",\"@id\":\"https:\/\/maqcenter.com\/pt-pt\/producto\/prato-especial-okuma-lvt-300\/#breadcrumb\",\"itemListElement\":[{\"@type\":\"ListItem\",\"position\":1,\"name\":\"Productos\",\"item\":\"https:\/\/maqcenter.com\/pt-pt\/\"},{\"@type\":\"ListItem\",\"position\":2,\"name\":\"Produtos\",\"item\":\"https:\/\/maqcenter.com\/pt-pt\/shop\/\"},{\"@type\":\"ListItem\",\"position\":3,\"name\":\"Prato especial OKUMA LVT-300\"}]},{\"@type\":\"WebSite\",\"@id\":\"https:\/\/maqcenter.com\/pt-pt\/#website\",\"url\":\"https:\/\/maqcenter.com\/pt-pt\/\",\"name\":\"MAQcenter\",\"description\":\"El centro de tus soluciones\",\"publisher\":{\"@id\":\"https:\/\/maqcenter.com\/pt-pt\/#organization\"},\"potentialAction\":[{\"@type\":\"SearchAction\",\"target\":{\"@type\":\"EntryPoint\",\"urlTemplate\":\"https:\/\/maqcenter.com\/pt-pt\/?s={search_term_string}\"},\"query-input\":{\"@type\":\"PropertyValueSpecification\",\"valueRequired\":true,\"valueName\":\"search_term_string\"}}],\"inLanguage\":\"pt-PT\"},{\"@type\":\"Organization\",\"@id\":\"https:\/\/maqcenter.com\/pt-pt\/#organization\",\"name\":\"MAQcenter S.A.\",\"url\":\"https:\/\/maqcenter.com\/pt-pt\/\",\"logo\":{\"@type\":\"ImageObject\",\"inLanguage\":\"pt-PT\",\"@id\":\"https:\/\/maqcenter.com\/pt-pt\/#\/schema\/logo\/image\/\",\"url\":\"https:\/\/maqcenter.com\/wp-content\/uploads\/2021\/02\/MAQcenter_logo_vertical.svg\",\"contentUrl\":\"https:\/\/maqcenter.com\/wp-content\/uploads\/2021\/02\/MAQcenter_logo_vertical.svg\",\"width\":300,\"height\":174,\"caption\":\"MAQcenter S.A.\"},\"image\":{\"@id\":\"https:\/\/maqcenter.com\/pt-pt\/#\/schema\/logo\/image\/\"}}]}<\/script>\n<!-- \/ Yoast SEO plugin. -->","yoast_head_json":{"title":"Prato especial OKUMA LVT-300","description":"Prato especial OKUMA LVT-300. Prato especial MAQcenter para Torno OKUMA LVT-300 com centraliza\u00e7\u00e3o interna de 3 dedos + fixa\u00e7\u00e3o externa axial de 3 garras, tudo em um \u00fanico disparo do","robots":{"index":"index","follow":"follow","max-snippet":"max-snippet:-1","max-image-preview":"max-image-preview:large","max-video-preview":"max-video-preview:-1"},"canonical":"https:\/\/maqcenter.com\/pt-pt\/producto\/prato-especial-okuma-lvt-300\/","og_locale":"pt_PT","og_type":"article","og_title":"Prato especial OKUMA LVT-300","og_description":"Prato especial OKUMA LVT-300. Prato especial MAQcenter para Torno OKUMA LVT-300 com centraliza\u00e7\u00e3o interna de 3 dedos + fixa\u00e7\u00e3o externa axial de 3 garras, tudo em um \u00fanico disparo do","og_url":"https:\/\/maqcenter.com\/pt-pt\/producto\/prato-especial-okuma-lvt-300\/","og_site_name":"MAQcenter","twitter_card":"summary_large_image","schema":{"@context":"https:\/\/schema.org","@graph":[{"@type":["WebPage","ItemPage"],"@id":"https:\/\/maqcenter.com\/pt-pt\/producto\/prato-especial-okuma-lvt-300\/","url":"https:\/\/maqcenter.com\/pt-pt\/producto\/prato-especial-okuma-lvt-300\/","name":"Prato especial OKUMA LVT-300","isPartOf":{"@id":"https:\/\/maqcenter.com\/pt-pt\/#website"},"primaryImageOfPage":{"@id":"https:\/\/maqcenter.com\/pt-pt\/producto\/prato-especial-okuma-lvt-300\/#primaryimage"},"image":{"@id":"https:\/\/maqcenter.com\/pt-pt\/producto\/prato-especial-okuma-lvt-300\/#primaryimage"},"thumbnailUrl":"https:\/\/maqcenter.com\/wp-content\/uploads\/2021\/04\/utillaje-OKUMA-LVT-300-platos-especiales.jpg","datePublished":"2021-04-22T15:49:33+00:00","description":"Prato especial OKUMA LVT-300. Prato especial MAQcenter para Torno OKUMA LVT-300 com centraliza\u00e7\u00e3o interna de 3 dedos + fixa\u00e7\u00e3o externa axial de 3 garras, tudo em um \u00fanico disparo do","breadcrumb":{"@id":"https:\/\/maqcenter.com\/pt-pt\/producto\/prato-especial-okuma-lvt-300\/#breadcrumb"},"inLanguage":"pt-PT","potentialAction":[{"@type":"ReadAction","target":["https:\/\/maqcenter.com\/pt-pt\/producto\/prato-especial-okuma-lvt-300\/"]}]},{"@type":"ImageObject","inLanguage":"pt-PT","@id":"https:\/\/maqcenter.com\/pt-pt\/producto\/prato-especial-okuma-lvt-300\/#primaryimage","url":"https:\/\/maqcenter.com\/wp-content\/uploads\/2021\/04\/utillaje-OKUMA-LVT-300-platos-especiales.jpg","contentUrl":"https:\/\/maqcenter.com\/wp-content\/uploads\/2021\/04\/utillaje-OKUMA-LVT-300-platos-especiales.jpg","width":500,"height":500},{"@type":"BreadcrumbList","@id":"https:\/\/maqcenter.com\/pt-pt\/producto\/prato-especial-okuma-lvt-300\/#breadcrumb","itemListElement":[{"@type":"ListItem","position":1,"name":"Productos","item":"https:\/\/maqcenter.com\/pt-pt\/"},{"@type":"ListItem","position":2,"name":"Produtos","item":"https:\/\/maqcenter.com\/pt-pt\/shop\/"},{"@type":"ListItem","position":3,"name":"Prato especial OKUMA LVT-300"}]},{"@type":"WebSite","@id":"https:\/\/maqcenter.com\/pt-pt\/#website","url":"https:\/\/maqcenter.com\/pt-pt\/","name":"MAQcenter","description":"El centro de tus soluciones","publisher":{"@id":"https:\/\/maqcenter.com\/pt-pt\/#organization"},"potentialAction":[{"@type":"SearchAction","target":{"@type":"EntryPoint","urlTemplate":"https:\/\/maqcenter.com\/pt-pt\/?s={search_term_string}"},"query-input":{"@type":"PropertyValueSpecification","valueRequired":true,"valueName":"search_term_string"}}],"inLanguage":"pt-PT"},{"@type":"Organization","@id":"https:\/\/maqcenter.com\/pt-pt\/#organization","name":"MAQcenter S.A.","url":"https:\/\/maqcenter.com\/pt-pt\/","logo":{"@type":"ImageObject","inLanguage":"pt-PT","@id":"https:\/\/maqcenter.com\/pt-pt\/#\/schema\/logo\/image\/","url":"https:\/\/maqcenter.com\/wp-content\/uploads\/2021\/02\/MAQcenter_logo_vertical.svg","contentUrl":"https:\/\/maqcenter.com\/wp-content\/uploads\/2021\/02\/MAQcenter_logo_vertical.svg","width":300,"height":174,"caption":"MAQcenter S.A."},"image":{"@id":"https:\/\/maqcenter.com\/pt-pt\/#\/schema\/logo\/image\/"}}]}},"_links":{"self":[{"href":"https:\/\/maqcenter.com\/pt-pt\/wp-json\/wp\/v2\/product\/22245","targetHints":{"allow":["GET"]}}],"collection":[{"href":"https:\/\/maqcenter.com\/pt-pt\/wp-json\/wp\/v2\/product"}],"about":[{"href":"https:\/\/maqcenter.com\/pt-pt\/wp-json\/wp\/v2\/types\/product"}],"wp:featuredmedia":[{"embeddable":true,"href":"https:\/\/maqcenter.com\/pt-pt\/wp-json\/wp\/v2\/media\/22246"}],"wp:attachment":[{"href":"https:\/\/maqcenter.com\/pt-pt\/wp-json\/wp\/v2\/media?parent=22245"}],"wp:term":[{"taxonomy":"product_brand","embeddable":true,"href":"https:\/\/maqcenter.com\/pt-pt\/wp-json\/wp\/v2\/product_brand?post=22245"},{"taxonomy":"product_cat","embeddable":true,"href":"https:\/\/maqcenter.com\/pt-pt\/wp-json\/wp\/v2\/product_cat?post=22245"},{"taxonomy":"product_tag","embeddable":true,"href":"https:\/\/maqcenter.com\/pt-pt\/wp-json\/wp\/v2\/product_tag?post=22245"},{"taxonomy":"marca-producto","embeddable":true,"href":"https:\/\/maqcenter.com\/pt-pt\/wp-json\/wp\/v2\/marca-producto?post=22245"},{"taxonomy":"serie-producto","embeddable":true,"href":"https:\/\/maqcenter.com\/pt-pt\/wp-json\/wp\/v2\/serie-producto?post=22245"}],"curies":[{"name":"wp","href":"https:\/\/api.w.org\/{rel}","templated":true}]}}