{"id":22265,"date":"2021-04-22T17:49:33","date_gmt":"2021-04-22T15:49:33","guid":{"rendered":"https:\/\/maqcenter.com\/producto\/mandril-hessap-dvh250-com-pinca-dupla\/"},"modified":"2021-04-22T17:49:33","modified_gmt":"2021-04-22T15:49:33","slug":"mandril-hessap-dvh250-com-pinca-dupla","status":"publish","type":"product","link":"https:\/\/maqcenter.com\/pt-pt\/producto\/mandril-hessap-dvh250-com-pinca-dupla\/","title":{"rendered":"Mandril HESSAP DVH250 (com pin\u00e7a dupla)"},"content":{"rendered":"<p>Mandril especial HESSAPP DVH 250 da MAQcenter com pin\u00e7a dupla acionada por um \u00fanico cilindro de um torno CNC (pick up). Verifica\u00e7\u00e3o da sede pneum\u00e1tica da pe\u00e7a OK. Processo automatizado.  <\/p>\n","protected":false},"excerpt":{"rendered":"<p>Mandril especial HESSAPP DVH 250 da MAQcenter com pin\u00e7a dupla acionada por um \u00fanico cilindro de um torno CNC (pick up). Verifica\u00e7\u00e3o da sede pneum\u00e1tica da pe\u00e7a OK. Processo automatizado.<\/p>\n","protected":false},"featured_media":22266,"template":"","meta":[],"product_brand":[],"product_cat":[549,558],"product_tag":[569],"marca-producto":[354],"serie-producto":[],"class_list":{"0":"post-22265","1":"product","2":"type-product","3":"status-publish","4":"has-post-thumbnail","6":"product_cat-dispositivos-de-aperto","7":"product_cat-pratos-especiais","8":"product_tag-automovel","9":"marca-producto-maqcenter","11":"first","12":"instock","13":"product-type-simple"},"yoast_head":"<!-- This site is optimized with the Yoast SEO plugin v27.0 - https:\/\/yoast.com\/product\/yoast-seo-wordpress\/ -->\n<title>Mandril HESSAP DVH250 (com pin\u00e7a dupla)<\/title>\n<meta name=\"description\" content=\"Mandril HESSAP DVH250 (com pin\u00e7a dupla). Mandril especial HESSAPP DVH 250 da MAQcenter com pin\u00e7a dupla acionada por um \u00fanico cilindro de um torno CNC (pick up). Verifica\u00e7\u00e3o da sede pneum\u00e1tica da\" \/>\n<meta name=\"robots\" content=\"index, follow, max-snippet:-1, max-image-preview:large, max-video-preview:-1\" \/>\n<link rel=\"canonical\" href=\"https:\/\/maqcenter.com\/pt-pt\/producto\/mandril-hessap-dvh250-com-pinca-dupla\/\" \/>\n<meta property=\"og:locale\" content=\"pt_PT\" \/>\n<meta property=\"og:type\" content=\"article\" \/>\n<meta property=\"og:title\" content=\"Mandril HESSAP DVH250 (com pin\u00e7a dupla)\" \/>\n<meta property=\"og:description\" content=\"Mandril HESSAP DVH250 (com pin\u00e7a dupla). Mandril especial HESSAPP DVH 250 da MAQcenter com pin\u00e7a dupla acionada por um \u00fanico cilindro de um torno CNC (pick up). Verifica\u00e7\u00e3o da sede pneum\u00e1tica da\" \/>\n<meta property=\"og:url\" content=\"https:\/\/maqcenter.com\/pt-pt\/producto\/mandril-hessap-dvh250-com-pinca-dupla\/\" \/>\n<meta property=\"og:site_name\" content=\"MAQcenter\" \/>\n<meta name=\"twitter:card\" content=\"summary_large_image\" \/>\n<script type=\"application\/ld+json\" class=\"yoast-schema-graph\">{\"@context\":\"https:\/\/schema.org\",\"@graph\":[{\"@type\":[\"WebPage\",\"ItemPage\"],\"@id\":\"https:\/\/maqcenter.com\/pt-pt\/producto\/mandril-hessap-dvh250-com-pinca-dupla\/\",\"url\":\"https:\/\/maqcenter.com\/pt-pt\/producto\/mandril-hessap-dvh250-com-pinca-dupla\/\",\"name\":\"Mandril HESSAP DVH250 (com pin\u00e7a dupla)\",\"isPartOf\":{\"@id\":\"https:\/\/maqcenter.com\/pt-pt\/#website\"},\"primaryImageOfPage\":{\"@id\":\"https:\/\/maqcenter.com\/pt-pt\/producto\/mandril-hessap-dvh250-com-pinca-dupla\/#primaryimage\"},\"image\":{\"@id\":\"https:\/\/maqcenter.com\/pt-pt\/producto\/mandril-hessap-dvh250-com-pinca-dupla\/#primaryimage\"},\"thumbnailUrl\":\"https:\/\/maqcenter.com\/wp-content\/uploads\/2021\/04\/utillaje-HESSAP-DVH250-doble-pinza-platos-especiales.jpg\",\"datePublished\":\"2021-04-22T15:49:33+00:00\",\"description\":\"Mandril HESSAP DVH250 (com pin\u00e7a dupla). Mandril especial HESSAPP DVH 250 da MAQcenter com pin\u00e7a dupla acionada por um \u00fanico cilindro de um torno CNC (pick up). Verifica\u00e7\u00e3o da sede pneum\u00e1tica da\",\"breadcrumb\":{\"@id\":\"https:\/\/maqcenter.com\/pt-pt\/producto\/mandril-hessap-dvh250-com-pinca-dupla\/#breadcrumb\"},\"inLanguage\":\"pt-PT\",\"potentialAction\":[{\"@type\":\"ReadAction\",\"target\":[\"https:\/\/maqcenter.com\/pt-pt\/producto\/mandril-hessap-dvh250-com-pinca-dupla\/\"]}]},{\"@type\":\"ImageObject\",\"inLanguage\":\"pt-PT\",\"@id\":\"https:\/\/maqcenter.com\/pt-pt\/producto\/mandril-hessap-dvh250-com-pinca-dupla\/#primaryimage\",\"url\":\"https:\/\/maqcenter.com\/wp-content\/uploads\/2021\/04\/utillaje-HESSAP-DVH250-doble-pinza-platos-especiales.jpg\",\"contentUrl\":\"https:\/\/maqcenter.com\/wp-content\/uploads\/2021\/04\/utillaje-HESSAP-DVH250-doble-pinza-platos-especiales.jpg\",\"width\":500,\"height\":500},{\"@type\":\"BreadcrumbList\",\"@id\":\"https:\/\/maqcenter.com\/pt-pt\/producto\/mandril-hessap-dvh250-com-pinca-dupla\/#breadcrumb\",\"itemListElement\":[{\"@type\":\"ListItem\",\"position\":1,\"name\":\"Productos\",\"item\":\"https:\/\/maqcenter.com\/pt-pt\/\"},{\"@type\":\"ListItem\",\"position\":2,\"name\":\"Produtos\",\"item\":\"https:\/\/maqcenter.com\/pt-pt\/shop\/\"},{\"@type\":\"ListItem\",\"position\":3,\"name\":\"Mandril HESSAP DVH250 (com pin\u00e7a dupla)\"}]},{\"@type\":\"WebSite\",\"@id\":\"https:\/\/maqcenter.com\/pt-pt\/#website\",\"url\":\"https:\/\/maqcenter.com\/pt-pt\/\",\"name\":\"MAQcenter\",\"description\":\"El centro de tus soluciones\",\"publisher\":{\"@id\":\"https:\/\/maqcenter.com\/pt-pt\/#organization\"},\"potentialAction\":[{\"@type\":\"SearchAction\",\"target\":{\"@type\":\"EntryPoint\",\"urlTemplate\":\"https:\/\/maqcenter.com\/pt-pt\/?s={search_term_string}\"},\"query-input\":{\"@type\":\"PropertyValueSpecification\",\"valueRequired\":true,\"valueName\":\"search_term_string\"}}],\"inLanguage\":\"pt-PT\"},{\"@type\":\"Organization\",\"@id\":\"https:\/\/maqcenter.com\/pt-pt\/#organization\",\"name\":\"MAQcenter S.A.\",\"url\":\"https:\/\/maqcenter.com\/pt-pt\/\",\"logo\":{\"@type\":\"ImageObject\",\"inLanguage\":\"pt-PT\",\"@id\":\"https:\/\/maqcenter.com\/pt-pt\/#\/schema\/logo\/image\/\",\"url\":\"https:\/\/maqcenter.com\/wp-content\/uploads\/2021\/02\/MAQcenter_logo_vertical.svg\",\"contentUrl\":\"https:\/\/maqcenter.com\/wp-content\/uploads\/2021\/02\/MAQcenter_logo_vertical.svg\",\"width\":300,\"height\":174,\"caption\":\"MAQcenter S.A.\"},\"image\":{\"@id\":\"https:\/\/maqcenter.com\/pt-pt\/#\/schema\/logo\/image\/\"}}]}<\/script>\n<!-- \/ Yoast SEO plugin. -->","yoast_head_json":{"title":"Mandril HESSAP DVH250 (com pin\u00e7a dupla)","description":"Mandril HESSAP DVH250 (com pin\u00e7a dupla). Mandril especial HESSAPP DVH 250 da MAQcenter com pin\u00e7a dupla acionada por um \u00fanico cilindro de um torno CNC (pick up). Verifica\u00e7\u00e3o da sede pneum\u00e1tica da","robots":{"index":"index","follow":"follow","max-snippet":"max-snippet:-1","max-image-preview":"max-image-preview:large","max-video-preview":"max-video-preview:-1"},"canonical":"https:\/\/maqcenter.com\/pt-pt\/producto\/mandril-hessap-dvh250-com-pinca-dupla\/","og_locale":"pt_PT","og_type":"article","og_title":"Mandril HESSAP DVH250 (com pin\u00e7a dupla)","og_description":"Mandril HESSAP DVH250 (com pin\u00e7a dupla). Mandril especial HESSAPP DVH 250 da MAQcenter com pin\u00e7a dupla acionada por um \u00fanico cilindro de um torno CNC (pick up). Verifica\u00e7\u00e3o da sede pneum\u00e1tica da","og_url":"https:\/\/maqcenter.com\/pt-pt\/producto\/mandril-hessap-dvh250-com-pinca-dupla\/","og_site_name":"MAQcenter","twitter_card":"summary_large_image","schema":{"@context":"https:\/\/schema.org","@graph":[{"@type":["WebPage","ItemPage"],"@id":"https:\/\/maqcenter.com\/pt-pt\/producto\/mandril-hessap-dvh250-com-pinca-dupla\/","url":"https:\/\/maqcenter.com\/pt-pt\/producto\/mandril-hessap-dvh250-com-pinca-dupla\/","name":"Mandril HESSAP DVH250 (com pin\u00e7a dupla)","isPartOf":{"@id":"https:\/\/maqcenter.com\/pt-pt\/#website"},"primaryImageOfPage":{"@id":"https:\/\/maqcenter.com\/pt-pt\/producto\/mandril-hessap-dvh250-com-pinca-dupla\/#primaryimage"},"image":{"@id":"https:\/\/maqcenter.com\/pt-pt\/producto\/mandril-hessap-dvh250-com-pinca-dupla\/#primaryimage"},"thumbnailUrl":"https:\/\/maqcenter.com\/wp-content\/uploads\/2021\/04\/utillaje-HESSAP-DVH250-doble-pinza-platos-especiales.jpg","datePublished":"2021-04-22T15:49:33+00:00","description":"Mandril HESSAP DVH250 (com pin\u00e7a dupla). Mandril especial HESSAPP DVH 250 da MAQcenter com pin\u00e7a dupla acionada por um \u00fanico cilindro de um torno CNC (pick up). Verifica\u00e7\u00e3o da sede pneum\u00e1tica da","breadcrumb":{"@id":"https:\/\/maqcenter.com\/pt-pt\/producto\/mandril-hessap-dvh250-com-pinca-dupla\/#breadcrumb"},"inLanguage":"pt-PT","potentialAction":[{"@type":"ReadAction","target":["https:\/\/maqcenter.com\/pt-pt\/producto\/mandril-hessap-dvh250-com-pinca-dupla\/"]}]},{"@type":"ImageObject","inLanguage":"pt-PT","@id":"https:\/\/maqcenter.com\/pt-pt\/producto\/mandril-hessap-dvh250-com-pinca-dupla\/#primaryimage","url":"https:\/\/maqcenter.com\/wp-content\/uploads\/2021\/04\/utillaje-HESSAP-DVH250-doble-pinza-platos-especiales.jpg","contentUrl":"https:\/\/maqcenter.com\/wp-content\/uploads\/2021\/04\/utillaje-HESSAP-DVH250-doble-pinza-platos-especiales.jpg","width":500,"height":500},{"@type":"BreadcrumbList","@id":"https:\/\/maqcenter.com\/pt-pt\/producto\/mandril-hessap-dvh250-com-pinca-dupla\/#breadcrumb","itemListElement":[{"@type":"ListItem","position":1,"name":"Productos","item":"https:\/\/maqcenter.com\/pt-pt\/"},{"@type":"ListItem","position":2,"name":"Produtos","item":"https:\/\/maqcenter.com\/pt-pt\/shop\/"},{"@type":"ListItem","position":3,"name":"Mandril HESSAP DVH250 (com pin\u00e7a dupla)"}]},{"@type":"WebSite","@id":"https:\/\/maqcenter.com\/pt-pt\/#website","url":"https:\/\/maqcenter.com\/pt-pt\/","name":"MAQcenter","description":"El centro de tus soluciones","publisher":{"@id":"https:\/\/maqcenter.com\/pt-pt\/#organization"},"potentialAction":[{"@type":"SearchAction","target":{"@type":"EntryPoint","urlTemplate":"https:\/\/maqcenter.com\/pt-pt\/?s={search_term_string}"},"query-input":{"@type":"PropertyValueSpecification","valueRequired":true,"valueName":"search_term_string"}}],"inLanguage":"pt-PT"},{"@type":"Organization","@id":"https:\/\/maqcenter.com\/pt-pt\/#organization","name":"MAQcenter S.A.","url":"https:\/\/maqcenter.com\/pt-pt\/","logo":{"@type":"ImageObject","inLanguage":"pt-PT","@id":"https:\/\/maqcenter.com\/pt-pt\/#\/schema\/logo\/image\/","url":"https:\/\/maqcenter.com\/wp-content\/uploads\/2021\/02\/MAQcenter_logo_vertical.svg","contentUrl":"https:\/\/maqcenter.com\/wp-content\/uploads\/2021\/02\/MAQcenter_logo_vertical.svg","width":300,"height":174,"caption":"MAQcenter S.A."},"image":{"@id":"https:\/\/maqcenter.com\/pt-pt\/#\/schema\/logo\/image\/"}}]}},"_links":{"self":[{"href":"https:\/\/maqcenter.com\/pt-pt\/wp-json\/wp\/v2\/product\/22265","targetHints":{"allow":["GET"]}}],"collection":[{"href":"https:\/\/maqcenter.com\/pt-pt\/wp-json\/wp\/v2\/product"}],"about":[{"href":"https:\/\/maqcenter.com\/pt-pt\/wp-json\/wp\/v2\/types\/product"}],"wp:featuredmedia":[{"embeddable":true,"href":"https:\/\/maqcenter.com\/pt-pt\/wp-json\/wp\/v2\/media\/22266"}],"wp:attachment":[{"href":"https:\/\/maqcenter.com\/pt-pt\/wp-json\/wp\/v2\/media?parent=22265"}],"wp:term":[{"taxonomy":"product_brand","embeddable":true,"href":"https:\/\/maqcenter.com\/pt-pt\/wp-json\/wp\/v2\/product_brand?post=22265"},{"taxonomy":"product_cat","embeddable":true,"href":"https:\/\/maqcenter.com\/pt-pt\/wp-json\/wp\/v2\/product_cat?post=22265"},{"taxonomy":"product_tag","embeddable":true,"href":"https:\/\/maqcenter.com\/pt-pt\/wp-json\/wp\/v2\/product_tag?post=22265"},{"taxonomy":"marca-producto","embeddable":true,"href":"https:\/\/maqcenter.com\/pt-pt\/wp-json\/wp\/v2\/marca-producto?post=22265"},{"taxonomy":"serie-producto","embeddable":true,"href":"https:\/\/maqcenter.com\/pt-pt\/wp-json\/wp\/v2\/serie-producto?post=22265"}],"curies":[{"name":"wp","href":"https:\/\/api.w.org\/{rel}","templated":true}]}}