{"id":22275,"date":"2021-04-22T17:49:33","date_gmt":"2021-04-22T15:49:33","guid":{"rendered":"https:\/\/maqcenter.com\/producto\/dispositivo-de-aperto-sw-ba-400-4-pressao-do-robo\/"},"modified":"2021-04-22T17:49:33","modified_gmt":"2021-04-22T15:49:33","slug":"dispositivo-de-aperto-sw-ba-400-4-pressao-do-robo","status":"publish","type":"product","link":"https:\/\/maqcenter.com\/pt-pt\/producto\/dispositivo-de-aperto-sw-ba-400-4-pressao-do-robo\/","title":{"rendered":"Dispositivo de Aperto SW BA-400-4 (Press\u00e3o do Rob\u00f4)"},"content":{"rendered":"<p>Dispositivo de Aperto Hidr\u00e1ulico para Centro de Usinagem Horizontal SW BA-400-4 com 4 fusos e 4 pe\u00e7as por mesa (4\u00ba eixo).<br \/>\nComposto de rob\u00f4 de presujeci\u00f3n + centraliza\u00e7\u00e3o + fixa\u00e7\u00e3o especial MAQcenter. Processo automatizado. <\/p>\n","protected":false},"excerpt":{"rendered":"<p>Dispositivo de Aperto Hidr\u00e1ulico para Centro de Usinagem Horizontal SW BA-400-4 com 4 fusos e 4 pe\u00e7as por mesa (4\u00ba eixo). Composto de rob\u00f4 de presujeci\u00f3n + centraliza\u00e7\u00e3o + fixa\u00e7\u00e3o especial MAQcenter. Processo automatizado.<\/p>\n","protected":false},"featured_media":22276,"template":"","meta":[],"product_brand":[],"product_cat":[560,549,559],"product_tag":[569],"marca-producto":[354],"serie-producto":[],"class_list":{"0":"post-22275","1":"product","2":"type-product","3":"status-publish","4":"has-post-thumbnail","6":"product_cat-centros-de-maquinacao-horizontal-dispositivos-aperto","7":"product_cat-dispositivos-de-aperto","8":"product_cat-dispositivos-de-aperto-personalizados","9":"product_tag-automovel","10":"marca-producto-maqcenter","12":"first","13":"instock","14":"product-type-simple"},"yoast_head":"<!-- This site is optimized with the Yoast SEO plugin v27.0 - https:\/\/yoast.com\/product\/yoast-seo-wordpress\/ -->\n<title>Dispositivo de Aperto SW BA-400-4 (Press\u00e3o do Rob\u00f4)<\/title>\n<meta name=\"description\" content=\"Dispositivo de Aperto SW BA-400-4 (Press\u00e3o do Rob\u00f4). Dispositivo de Aperto Hidr\u00e1ulico para Centro de Usinagem Horizontal SW BA-400-4 com 4 fusos e 4 pe\u00e7as por mesa (4\u00ba eixo). Composto de rob\u00f4 de presujeci\u00f3n\" \/>\n<meta name=\"robots\" content=\"index, follow, max-snippet:-1, max-image-preview:large, max-video-preview:-1\" \/>\n<link rel=\"canonical\" href=\"https:\/\/maqcenter.com\/pt-pt\/producto\/dispositivo-de-aperto-sw-ba-400-4-pressao-do-robo\/\" \/>\n<meta property=\"og:locale\" content=\"pt_PT\" \/>\n<meta property=\"og:type\" content=\"article\" \/>\n<meta property=\"og:title\" content=\"Dispositivo de Aperto SW BA-400-4 (Press\u00e3o do Rob\u00f4)\" \/>\n<meta property=\"og:description\" content=\"Dispositivo de Aperto SW BA-400-4 (Press\u00e3o do Rob\u00f4). Dispositivo de Aperto Hidr\u00e1ulico para Centro de Usinagem Horizontal SW BA-400-4 com 4 fusos e 4 pe\u00e7as por mesa (4\u00ba eixo). Composto de rob\u00f4 de presujeci\u00f3n\" \/>\n<meta property=\"og:url\" content=\"https:\/\/maqcenter.com\/pt-pt\/producto\/dispositivo-de-aperto-sw-ba-400-4-pressao-do-robo\/\" \/>\n<meta property=\"og:site_name\" content=\"MAQcenter\" \/>\n<meta name=\"twitter:card\" content=\"summary_large_image\" \/>\n<script type=\"application\/ld+json\" class=\"yoast-schema-graph\">{\"@context\":\"https:\/\/schema.org\",\"@graph\":[{\"@type\":[\"WebPage\",\"ItemPage\"],\"@id\":\"https:\/\/maqcenter.com\/pt-pt\/producto\/dispositivo-de-aperto-sw-ba-400-4-pressao-do-robo\/\",\"url\":\"https:\/\/maqcenter.com\/pt-pt\/producto\/dispositivo-de-aperto-sw-ba-400-4-pressao-do-robo\/\",\"name\":\"Dispositivo de Aperto SW BA-400-4 (Press\u00e3o do Rob\u00f4)\",\"isPartOf\":{\"@id\":\"https:\/\/maqcenter.com\/pt-pt\/#website\"},\"primaryImageOfPage\":{\"@id\":\"https:\/\/maqcenter.com\/pt-pt\/producto\/dispositivo-de-aperto-sw-ba-400-4-pressao-do-robo\/#primaryimage\"},\"image\":{\"@id\":\"https:\/\/maqcenter.com\/pt-pt\/producto\/dispositivo-de-aperto-sw-ba-400-4-pressao-do-robo\/#primaryimage\"},\"thumbnailUrl\":\"https:\/\/maqcenter.com\/wp-content\/uploads\/2021\/04\/utillaje-SW-BA-400-Presujecion-Robot-centro-mecanizado-horizontal.jpg\",\"datePublished\":\"2021-04-22T15:49:33+00:00\",\"description\":\"Dispositivo de Aperto SW BA-400-4 (Press\u00e3o do Rob\u00f4). Dispositivo de Aperto Hidr\u00e1ulico para Centro de Usinagem Horizontal SW BA-400-4 com 4 fusos e 4 pe\u00e7as por mesa (4\u00ba eixo). Composto de rob\u00f4 de presujeci\u00f3n\",\"breadcrumb\":{\"@id\":\"https:\/\/maqcenter.com\/pt-pt\/producto\/dispositivo-de-aperto-sw-ba-400-4-pressao-do-robo\/#breadcrumb\"},\"inLanguage\":\"pt-PT\",\"potentialAction\":[{\"@type\":\"ReadAction\",\"target\":[\"https:\/\/maqcenter.com\/pt-pt\/producto\/dispositivo-de-aperto-sw-ba-400-4-pressao-do-robo\/\"]}]},{\"@type\":\"ImageObject\",\"inLanguage\":\"pt-PT\",\"@id\":\"https:\/\/maqcenter.com\/pt-pt\/producto\/dispositivo-de-aperto-sw-ba-400-4-pressao-do-robo\/#primaryimage\",\"url\":\"https:\/\/maqcenter.com\/wp-content\/uploads\/2021\/04\/utillaje-SW-BA-400-Presujecion-Robot-centro-mecanizado-horizontal.jpg\",\"contentUrl\":\"https:\/\/maqcenter.com\/wp-content\/uploads\/2021\/04\/utillaje-SW-BA-400-Presujecion-Robot-centro-mecanizado-horizontal.jpg\",\"width\":500,\"height\":500},{\"@type\":\"BreadcrumbList\",\"@id\":\"https:\/\/maqcenter.com\/pt-pt\/producto\/dispositivo-de-aperto-sw-ba-400-4-pressao-do-robo\/#breadcrumb\",\"itemListElement\":[{\"@type\":\"ListItem\",\"position\":1,\"name\":\"Productos\",\"item\":\"https:\/\/maqcenter.com\/pt-pt\/\"},{\"@type\":\"ListItem\",\"position\":2,\"name\":\"Produtos\",\"item\":\"https:\/\/maqcenter.com\/pt-pt\/shop\/\"},{\"@type\":\"ListItem\",\"position\":3,\"name\":\"Dispositivo de Aperto SW BA-400-4 (Press\u00e3o do Rob\u00f4)\"}]},{\"@type\":\"WebSite\",\"@id\":\"https:\/\/maqcenter.com\/pt-pt\/#website\",\"url\":\"https:\/\/maqcenter.com\/pt-pt\/\",\"name\":\"MAQcenter\",\"description\":\"El centro de tus soluciones\",\"publisher\":{\"@id\":\"https:\/\/maqcenter.com\/pt-pt\/#organization\"},\"potentialAction\":[{\"@type\":\"SearchAction\",\"target\":{\"@type\":\"EntryPoint\",\"urlTemplate\":\"https:\/\/maqcenter.com\/pt-pt\/?s={search_term_string}\"},\"query-input\":{\"@type\":\"PropertyValueSpecification\",\"valueRequired\":true,\"valueName\":\"search_term_string\"}}],\"inLanguage\":\"pt-PT\"},{\"@type\":\"Organization\",\"@id\":\"https:\/\/maqcenter.com\/pt-pt\/#organization\",\"name\":\"MAQcenter S.A.\",\"url\":\"https:\/\/maqcenter.com\/pt-pt\/\",\"logo\":{\"@type\":\"ImageObject\",\"inLanguage\":\"pt-PT\",\"@id\":\"https:\/\/maqcenter.com\/pt-pt\/#\/schema\/logo\/image\/\",\"url\":\"https:\/\/maqcenter.com\/wp-content\/uploads\/2021\/02\/MAQcenter_logo_vertical.svg\",\"contentUrl\":\"https:\/\/maqcenter.com\/wp-content\/uploads\/2021\/02\/MAQcenter_logo_vertical.svg\",\"width\":300,\"height\":174,\"caption\":\"MAQcenter S.A.\"},\"image\":{\"@id\":\"https:\/\/maqcenter.com\/pt-pt\/#\/schema\/logo\/image\/\"}}]}<\/script>\n<!-- \/ Yoast SEO plugin. -->","yoast_head_json":{"title":"Dispositivo de Aperto SW BA-400-4 (Press\u00e3o do Rob\u00f4)","description":"Dispositivo de Aperto SW BA-400-4 (Press\u00e3o do Rob\u00f4). Dispositivo de Aperto Hidr\u00e1ulico para Centro de Usinagem Horizontal SW BA-400-4 com 4 fusos e 4 pe\u00e7as por mesa (4\u00ba eixo). Composto de rob\u00f4 de presujeci\u00f3n","robots":{"index":"index","follow":"follow","max-snippet":"max-snippet:-1","max-image-preview":"max-image-preview:large","max-video-preview":"max-video-preview:-1"},"canonical":"https:\/\/maqcenter.com\/pt-pt\/producto\/dispositivo-de-aperto-sw-ba-400-4-pressao-do-robo\/","og_locale":"pt_PT","og_type":"article","og_title":"Dispositivo de Aperto SW BA-400-4 (Press\u00e3o do Rob\u00f4)","og_description":"Dispositivo de Aperto SW BA-400-4 (Press\u00e3o do Rob\u00f4). Dispositivo de Aperto Hidr\u00e1ulico para Centro de Usinagem Horizontal SW BA-400-4 com 4 fusos e 4 pe\u00e7as por mesa (4\u00ba eixo). Composto de rob\u00f4 de presujeci\u00f3n","og_url":"https:\/\/maqcenter.com\/pt-pt\/producto\/dispositivo-de-aperto-sw-ba-400-4-pressao-do-robo\/","og_site_name":"MAQcenter","twitter_card":"summary_large_image","schema":{"@context":"https:\/\/schema.org","@graph":[{"@type":["WebPage","ItemPage"],"@id":"https:\/\/maqcenter.com\/pt-pt\/producto\/dispositivo-de-aperto-sw-ba-400-4-pressao-do-robo\/","url":"https:\/\/maqcenter.com\/pt-pt\/producto\/dispositivo-de-aperto-sw-ba-400-4-pressao-do-robo\/","name":"Dispositivo de Aperto SW BA-400-4 (Press\u00e3o do Rob\u00f4)","isPartOf":{"@id":"https:\/\/maqcenter.com\/pt-pt\/#website"},"primaryImageOfPage":{"@id":"https:\/\/maqcenter.com\/pt-pt\/producto\/dispositivo-de-aperto-sw-ba-400-4-pressao-do-robo\/#primaryimage"},"image":{"@id":"https:\/\/maqcenter.com\/pt-pt\/producto\/dispositivo-de-aperto-sw-ba-400-4-pressao-do-robo\/#primaryimage"},"thumbnailUrl":"https:\/\/maqcenter.com\/wp-content\/uploads\/2021\/04\/utillaje-SW-BA-400-Presujecion-Robot-centro-mecanizado-horizontal.jpg","datePublished":"2021-04-22T15:49:33+00:00","description":"Dispositivo de Aperto SW BA-400-4 (Press\u00e3o do Rob\u00f4). Dispositivo de Aperto Hidr\u00e1ulico para Centro de Usinagem Horizontal SW BA-400-4 com 4 fusos e 4 pe\u00e7as por mesa (4\u00ba eixo). Composto de rob\u00f4 de presujeci\u00f3n","breadcrumb":{"@id":"https:\/\/maqcenter.com\/pt-pt\/producto\/dispositivo-de-aperto-sw-ba-400-4-pressao-do-robo\/#breadcrumb"},"inLanguage":"pt-PT","potentialAction":[{"@type":"ReadAction","target":["https:\/\/maqcenter.com\/pt-pt\/producto\/dispositivo-de-aperto-sw-ba-400-4-pressao-do-robo\/"]}]},{"@type":"ImageObject","inLanguage":"pt-PT","@id":"https:\/\/maqcenter.com\/pt-pt\/producto\/dispositivo-de-aperto-sw-ba-400-4-pressao-do-robo\/#primaryimage","url":"https:\/\/maqcenter.com\/wp-content\/uploads\/2021\/04\/utillaje-SW-BA-400-Presujecion-Robot-centro-mecanizado-horizontal.jpg","contentUrl":"https:\/\/maqcenter.com\/wp-content\/uploads\/2021\/04\/utillaje-SW-BA-400-Presujecion-Robot-centro-mecanizado-horizontal.jpg","width":500,"height":500},{"@type":"BreadcrumbList","@id":"https:\/\/maqcenter.com\/pt-pt\/producto\/dispositivo-de-aperto-sw-ba-400-4-pressao-do-robo\/#breadcrumb","itemListElement":[{"@type":"ListItem","position":1,"name":"Productos","item":"https:\/\/maqcenter.com\/pt-pt\/"},{"@type":"ListItem","position":2,"name":"Produtos","item":"https:\/\/maqcenter.com\/pt-pt\/shop\/"},{"@type":"ListItem","position":3,"name":"Dispositivo de Aperto SW BA-400-4 (Press\u00e3o do Rob\u00f4)"}]},{"@type":"WebSite","@id":"https:\/\/maqcenter.com\/pt-pt\/#website","url":"https:\/\/maqcenter.com\/pt-pt\/","name":"MAQcenter","description":"El centro de tus soluciones","publisher":{"@id":"https:\/\/maqcenter.com\/pt-pt\/#organization"},"potentialAction":[{"@type":"SearchAction","target":{"@type":"EntryPoint","urlTemplate":"https:\/\/maqcenter.com\/pt-pt\/?s={search_term_string}"},"query-input":{"@type":"PropertyValueSpecification","valueRequired":true,"valueName":"search_term_string"}}],"inLanguage":"pt-PT"},{"@type":"Organization","@id":"https:\/\/maqcenter.com\/pt-pt\/#organization","name":"MAQcenter S.A.","url":"https:\/\/maqcenter.com\/pt-pt\/","logo":{"@type":"ImageObject","inLanguage":"pt-PT","@id":"https:\/\/maqcenter.com\/pt-pt\/#\/schema\/logo\/image\/","url":"https:\/\/maqcenter.com\/wp-content\/uploads\/2021\/02\/MAQcenter_logo_vertical.svg","contentUrl":"https:\/\/maqcenter.com\/wp-content\/uploads\/2021\/02\/MAQcenter_logo_vertical.svg","width":300,"height":174,"caption":"MAQcenter S.A."},"image":{"@id":"https:\/\/maqcenter.com\/pt-pt\/#\/schema\/logo\/image\/"}}]}},"_links":{"self":[{"href":"https:\/\/maqcenter.com\/pt-pt\/wp-json\/wp\/v2\/product\/22275","targetHints":{"allow":["GET"]}}],"collection":[{"href":"https:\/\/maqcenter.com\/pt-pt\/wp-json\/wp\/v2\/product"}],"about":[{"href":"https:\/\/maqcenter.com\/pt-pt\/wp-json\/wp\/v2\/types\/product"}],"wp:featuredmedia":[{"embeddable":true,"href":"https:\/\/maqcenter.com\/pt-pt\/wp-json\/wp\/v2\/media\/22276"}],"wp:attachment":[{"href":"https:\/\/maqcenter.com\/pt-pt\/wp-json\/wp\/v2\/media?parent=22275"}],"wp:term":[{"taxonomy":"product_brand","embeddable":true,"href":"https:\/\/maqcenter.com\/pt-pt\/wp-json\/wp\/v2\/product_brand?post=22275"},{"taxonomy":"product_cat","embeddable":true,"href":"https:\/\/maqcenter.com\/pt-pt\/wp-json\/wp\/v2\/product_cat?post=22275"},{"taxonomy":"product_tag","embeddable":true,"href":"https:\/\/maqcenter.com\/pt-pt\/wp-json\/wp\/v2\/product_tag?post=22275"},{"taxonomy":"marca-producto","embeddable":true,"href":"https:\/\/maqcenter.com\/pt-pt\/wp-json\/wp\/v2\/marca-producto?post=22275"},{"taxonomy":"serie-producto","embeddable":true,"href":"https:\/\/maqcenter.com\/pt-pt\/wp-json\/wp\/v2\/serie-producto?post=22275"}],"curies":[{"name":"wp","href":"https:\/\/api.w.org\/{rel}","templated":true}]}}