{"id":22305,"date":"2021-04-22T17:49:33","date_gmt":"2021-04-22T15:49:33","guid":{"rendered":"https:\/\/maqcenter.com\/producto\/dispositivo-de-aperto-kira-mc-40v-twin-250\/"},"modified":"2021-04-22T17:49:33","modified_gmt":"2021-04-22T15:49:33","slug":"dispositivo-de-aperto-kira-mc-40v-twin-250","status":"publish","type":"product","link":"https:\/\/maqcenter.com\/pt-pt\/producto\/dispositivo-de-aperto-kira-mc-40v-twin-250\/","title":{"rendered":"Dispositivo de Aperto KIRA MC-40V TWIN 250"},"content":{"rendered":"<p>Dispositivo de Aperto Hidr\u00e1ulico para Centro de Usinagem Vertical TWIN 250 KIRA MC-40V TWIN 250 com fuso duplo com 4 pe\u00e7as por palete. Composto por centragem + posicionamento angular + amarra\u00e7\u00f5es e com verifica\u00e7\u00e3o pneum\u00e1tica do assento OK da pe\u00e7a. Processo automatizado.  <\/p>\n","protected":false},"excerpt":{"rendered":"<p>Dispositivo de Aperto Hidr\u00e1ulico para Centro de Usinagem Vertical TWIN 250 KIRA MC-40V TWIN 250 com fuso duplo com 4 pe\u00e7as por palete. Composto por centragem + posicionamento angular + amarra\u00e7\u00f5es e com verifica\u00e7\u00e3o pneum\u00e1tica do assento OK da pe\u00e7a. Processo automatizado.<\/p>\n","protected":false},"featured_media":22306,"template":"","meta":[],"product_brand":[],"product_cat":[561,549,559],"product_tag":[569],"marca-producto":[354],"serie-producto":[],"class_list":{"0":"post-22305","1":"product","2":"type-product","3":"status-publish","4":"has-post-thumbnail","6":"product_cat-centros-de-maquinacao-vertical-dispositivos-aperto","7":"product_cat-dispositivos-de-aperto","8":"product_cat-dispositivos-de-aperto-personalizados","9":"product_tag-automovel","10":"marca-producto-maqcenter","12":"first","13":"instock","14":"product-type-simple"},"yoast_head":"<!-- This site is optimized with the Yoast SEO plugin v27.0 - https:\/\/yoast.com\/product\/yoast-seo-wordpress\/ -->\n<title>Dispositivo de Aperto KIRA MC-40V TWIN 250<\/title>\n<meta name=\"description\" content=\"Dispositivo de Aperto KIRA MC-40V TWIN 250. Dispositivo de Aperto Hidr\u00e1ulico para Centro de Usinagem Vertical TWIN 250 KIRA MC-40V TWIN 250 com fuso duplo com 4 pe\u00e7as por palete. Composto por\" \/>\n<meta name=\"robots\" content=\"index, follow, max-snippet:-1, max-image-preview:large, max-video-preview:-1\" \/>\n<link rel=\"canonical\" href=\"https:\/\/maqcenter.com\/pt-pt\/producto\/dispositivo-de-aperto-kira-mc-40v-twin-250\/\" \/>\n<meta property=\"og:locale\" content=\"pt_PT\" \/>\n<meta property=\"og:type\" content=\"article\" \/>\n<meta property=\"og:title\" content=\"Dispositivo de Aperto KIRA MC-40V TWIN 250\" \/>\n<meta property=\"og:description\" content=\"Dispositivo de Aperto KIRA MC-40V TWIN 250. Dispositivo de Aperto Hidr\u00e1ulico para Centro de Usinagem Vertical TWIN 250 KIRA MC-40V TWIN 250 com fuso duplo com 4 pe\u00e7as por palete. Composto por\" \/>\n<meta property=\"og:url\" content=\"https:\/\/maqcenter.com\/pt-pt\/producto\/dispositivo-de-aperto-kira-mc-40v-twin-250\/\" \/>\n<meta property=\"og:site_name\" content=\"MAQcenter\" \/>\n<meta name=\"twitter:card\" content=\"summary_large_image\" \/>\n<script type=\"application\/ld+json\" class=\"yoast-schema-graph\">{\"@context\":\"https:\/\/schema.org\",\"@graph\":[{\"@type\":[\"WebPage\",\"ItemPage\"],\"@id\":\"https:\/\/maqcenter.com\/pt-pt\/producto\/dispositivo-de-aperto-kira-mc-40v-twin-250\/\",\"url\":\"https:\/\/maqcenter.com\/pt-pt\/producto\/dispositivo-de-aperto-kira-mc-40v-twin-250\/\",\"name\":\"Dispositivo de Aperto KIRA MC-40V TWIN 250\",\"isPartOf\":{\"@id\":\"https:\/\/maqcenter.com\/pt-pt\/#website\"},\"primaryImageOfPage\":{\"@id\":\"https:\/\/maqcenter.com\/pt-pt\/producto\/dispositivo-de-aperto-kira-mc-40v-twin-250\/#primaryimage\"},\"image\":{\"@id\":\"https:\/\/maqcenter.com\/pt-pt\/producto\/dispositivo-de-aperto-kira-mc-40v-twin-250\/#primaryimage\"},\"thumbnailUrl\":\"https:\/\/maqcenter.com\/wp-content\/uploads\/2021\/04\/utillaje-KIRA-MC-40V-TWIN-250-centro-mecanizado-vertical.jpg\",\"datePublished\":\"2021-04-22T15:49:33+00:00\",\"description\":\"Dispositivo de Aperto KIRA MC-40V TWIN 250. Dispositivo de Aperto Hidr\u00e1ulico para Centro de Usinagem Vertical TWIN 250 KIRA MC-40V TWIN 250 com fuso duplo com 4 pe\u00e7as por palete. Composto por\",\"breadcrumb\":{\"@id\":\"https:\/\/maqcenter.com\/pt-pt\/producto\/dispositivo-de-aperto-kira-mc-40v-twin-250\/#breadcrumb\"},\"inLanguage\":\"pt-PT\",\"potentialAction\":[{\"@type\":\"ReadAction\",\"target\":[\"https:\/\/maqcenter.com\/pt-pt\/producto\/dispositivo-de-aperto-kira-mc-40v-twin-250\/\"]}]},{\"@type\":\"ImageObject\",\"inLanguage\":\"pt-PT\",\"@id\":\"https:\/\/maqcenter.com\/pt-pt\/producto\/dispositivo-de-aperto-kira-mc-40v-twin-250\/#primaryimage\",\"url\":\"https:\/\/maqcenter.com\/wp-content\/uploads\/2021\/04\/utillaje-KIRA-MC-40V-TWIN-250-centro-mecanizado-vertical.jpg\",\"contentUrl\":\"https:\/\/maqcenter.com\/wp-content\/uploads\/2021\/04\/utillaje-KIRA-MC-40V-TWIN-250-centro-mecanizado-vertical.jpg\",\"width\":500,\"height\":500},{\"@type\":\"BreadcrumbList\",\"@id\":\"https:\/\/maqcenter.com\/pt-pt\/producto\/dispositivo-de-aperto-kira-mc-40v-twin-250\/#breadcrumb\",\"itemListElement\":[{\"@type\":\"ListItem\",\"position\":1,\"name\":\"Productos\",\"item\":\"https:\/\/maqcenter.com\/pt-pt\/\"},{\"@type\":\"ListItem\",\"position\":2,\"name\":\"Produtos\",\"item\":\"https:\/\/maqcenter.com\/pt-pt\/shop\/\"},{\"@type\":\"ListItem\",\"position\":3,\"name\":\"Dispositivo de Aperto KIRA MC-40V TWIN 250\"}]},{\"@type\":\"WebSite\",\"@id\":\"https:\/\/maqcenter.com\/pt-pt\/#website\",\"url\":\"https:\/\/maqcenter.com\/pt-pt\/\",\"name\":\"MAQcenter\",\"description\":\"El centro de tus soluciones\",\"publisher\":{\"@id\":\"https:\/\/maqcenter.com\/pt-pt\/#organization\"},\"potentialAction\":[{\"@type\":\"SearchAction\",\"target\":{\"@type\":\"EntryPoint\",\"urlTemplate\":\"https:\/\/maqcenter.com\/pt-pt\/?s={search_term_string}\"},\"query-input\":{\"@type\":\"PropertyValueSpecification\",\"valueRequired\":true,\"valueName\":\"search_term_string\"}}],\"inLanguage\":\"pt-PT\"},{\"@type\":\"Organization\",\"@id\":\"https:\/\/maqcenter.com\/pt-pt\/#organization\",\"name\":\"MAQcenter S.A.\",\"url\":\"https:\/\/maqcenter.com\/pt-pt\/\",\"logo\":{\"@type\":\"ImageObject\",\"inLanguage\":\"pt-PT\",\"@id\":\"https:\/\/maqcenter.com\/pt-pt\/#\/schema\/logo\/image\/\",\"url\":\"https:\/\/maqcenter.com\/wp-content\/uploads\/2021\/02\/MAQcenter_logo_vertical.svg\",\"contentUrl\":\"https:\/\/maqcenter.com\/wp-content\/uploads\/2021\/02\/MAQcenter_logo_vertical.svg\",\"width\":300,\"height\":174,\"caption\":\"MAQcenter S.A.\"},\"image\":{\"@id\":\"https:\/\/maqcenter.com\/pt-pt\/#\/schema\/logo\/image\/\"}}]}<\/script>\n<!-- \/ Yoast SEO plugin. -->","yoast_head_json":{"title":"Dispositivo de Aperto KIRA MC-40V TWIN 250","description":"Dispositivo de Aperto KIRA MC-40V TWIN 250. Dispositivo de Aperto Hidr\u00e1ulico para Centro de Usinagem Vertical TWIN 250 KIRA MC-40V TWIN 250 com fuso duplo com 4 pe\u00e7as por palete. Composto por","robots":{"index":"index","follow":"follow","max-snippet":"max-snippet:-1","max-image-preview":"max-image-preview:large","max-video-preview":"max-video-preview:-1"},"canonical":"https:\/\/maqcenter.com\/pt-pt\/producto\/dispositivo-de-aperto-kira-mc-40v-twin-250\/","og_locale":"pt_PT","og_type":"article","og_title":"Dispositivo de Aperto KIRA MC-40V TWIN 250","og_description":"Dispositivo de Aperto KIRA MC-40V TWIN 250. Dispositivo de Aperto Hidr\u00e1ulico para Centro de Usinagem Vertical TWIN 250 KIRA MC-40V TWIN 250 com fuso duplo com 4 pe\u00e7as por palete. Composto por","og_url":"https:\/\/maqcenter.com\/pt-pt\/producto\/dispositivo-de-aperto-kira-mc-40v-twin-250\/","og_site_name":"MAQcenter","twitter_card":"summary_large_image","schema":{"@context":"https:\/\/schema.org","@graph":[{"@type":["WebPage","ItemPage"],"@id":"https:\/\/maqcenter.com\/pt-pt\/producto\/dispositivo-de-aperto-kira-mc-40v-twin-250\/","url":"https:\/\/maqcenter.com\/pt-pt\/producto\/dispositivo-de-aperto-kira-mc-40v-twin-250\/","name":"Dispositivo de Aperto KIRA MC-40V TWIN 250","isPartOf":{"@id":"https:\/\/maqcenter.com\/pt-pt\/#website"},"primaryImageOfPage":{"@id":"https:\/\/maqcenter.com\/pt-pt\/producto\/dispositivo-de-aperto-kira-mc-40v-twin-250\/#primaryimage"},"image":{"@id":"https:\/\/maqcenter.com\/pt-pt\/producto\/dispositivo-de-aperto-kira-mc-40v-twin-250\/#primaryimage"},"thumbnailUrl":"https:\/\/maqcenter.com\/wp-content\/uploads\/2021\/04\/utillaje-KIRA-MC-40V-TWIN-250-centro-mecanizado-vertical.jpg","datePublished":"2021-04-22T15:49:33+00:00","description":"Dispositivo de Aperto KIRA MC-40V TWIN 250. Dispositivo de Aperto Hidr\u00e1ulico para Centro de Usinagem Vertical TWIN 250 KIRA MC-40V TWIN 250 com fuso duplo com 4 pe\u00e7as por palete. Composto por","breadcrumb":{"@id":"https:\/\/maqcenter.com\/pt-pt\/producto\/dispositivo-de-aperto-kira-mc-40v-twin-250\/#breadcrumb"},"inLanguage":"pt-PT","potentialAction":[{"@type":"ReadAction","target":["https:\/\/maqcenter.com\/pt-pt\/producto\/dispositivo-de-aperto-kira-mc-40v-twin-250\/"]}]},{"@type":"ImageObject","inLanguage":"pt-PT","@id":"https:\/\/maqcenter.com\/pt-pt\/producto\/dispositivo-de-aperto-kira-mc-40v-twin-250\/#primaryimage","url":"https:\/\/maqcenter.com\/wp-content\/uploads\/2021\/04\/utillaje-KIRA-MC-40V-TWIN-250-centro-mecanizado-vertical.jpg","contentUrl":"https:\/\/maqcenter.com\/wp-content\/uploads\/2021\/04\/utillaje-KIRA-MC-40V-TWIN-250-centro-mecanizado-vertical.jpg","width":500,"height":500},{"@type":"BreadcrumbList","@id":"https:\/\/maqcenter.com\/pt-pt\/producto\/dispositivo-de-aperto-kira-mc-40v-twin-250\/#breadcrumb","itemListElement":[{"@type":"ListItem","position":1,"name":"Productos","item":"https:\/\/maqcenter.com\/pt-pt\/"},{"@type":"ListItem","position":2,"name":"Produtos","item":"https:\/\/maqcenter.com\/pt-pt\/shop\/"},{"@type":"ListItem","position":3,"name":"Dispositivo de Aperto KIRA MC-40V TWIN 250"}]},{"@type":"WebSite","@id":"https:\/\/maqcenter.com\/pt-pt\/#website","url":"https:\/\/maqcenter.com\/pt-pt\/","name":"MAQcenter","description":"El centro de tus soluciones","publisher":{"@id":"https:\/\/maqcenter.com\/pt-pt\/#organization"},"potentialAction":[{"@type":"SearchAction","target":{"@type":"EntryPoint","urlTemplate":"https:\/\/maqcenter.com\/pt-pt\/?s={search_term_string}"},"query-input":{"@type":"PropertyValueSpecification","valueRequired":true,"valueName":"search_term_string"}}],"inLanguage":"pt-PT"},{"@type":"Organization","@id":"https:\/\/maqcenter.com\/pt-pt\/#organization","name":"MAQcenter S.A.","url":"https:\/\/maqcenter.com\/pt-pt\/","logo":{"@type":"ImageObject","inLanguage":"pt-PT","@id":"https:\/\/maqcenter.com\/pt-pt\/#\/schema\/logo\/image\/","url":"https:\/\/maqcenter.com\/wp-content\/uploads\/2021\/02\/MAQcenter_logo_vertical.svg","contentUrl":"https:\/\/maqcenter.com\/wp-content\/uploads\/2021\/02\/MAQcenter_logo_vertical.svg","width":300,"height":174,"caption":"MAQcenter S.A."},"image":{"@id":"https:\/\/maqcenter.com\/pt-pt\/#\/schema\/logo\/image\/"}}]}},"_links":{"self":[{"href":"https:\/\/maqcenter.com\/pt-pt\/wp-json\/wp\/v2\/product\/22305","targetHints":{"allow":["GET"]}}],"collection":[{"href":"https:\/\/maqcenter.com\/pt-pt\/wp-json\/wp\/v2\/product"}],"about":[{"href":"https:\/\/maqcenter.com\/pt-pt\/wp-json\/wp\/v2\/types\/product"}],"wp:featuredmedia":[{"embeddable":true,"href":"https:\/\/maqcenter.com\/pt-pt\/wp-json\/wp\/v2\/media\/22306"}],"wp:attachment":[{"href":"https:\/\/maqcenter.com\/pt-pt\/wp-json\/wp\/v2\/media?parent=22305"}],"wp:term":[{"taxonomy":"product_brand","embeddable":true,"href":"https:\/\/maqcenter.com\/pt-pt\/wp-json\/wp\/v2\/product_brand?post=22305"},{"taxonomy":"product_cat","embeddable":true,"href":"https:\/\/maqcenter.com\/pt-pt\/wp-json\/wp\/v2\/product_cat?post=22305"},{"taxonomy":"product_tag","embeddable":true,"href":"https:\/\/maqcenter.com\/pt-pt\/wp-json\/wp\/v2\/product_tag?post=22305"},{"taxonomy":"marca-producto","embeddable":true,"href":"https:\/\/maqcenter.com\/pt-pt\/wp-json\/wp\/v2\/marca-producto?post=22305"},{"taxonomy":"serie-producto","embeddable":true,"href":"https:\/\/maqcenter.com\/pt-pt\/wp-json\/wp\/v2\/serie-producto?post=22305"}],"curies":[{"name":"wp","href":"https:\/\/api.w.org\/{rel}","templated":true}]}}