{"id":22545,"date":"2025-07-01T10:29:12","date_gmt":"2025-07-01T08:29:12","guid":{"rendered":"https:\/\/maqcenter.com\/producto\/extrusor-e25\/"},"modified":"2025-07-08T08:21:31","modified_gmt":"2025-07-08T06:21:31","slug":"extrusor-e25","status":"publish","type":"product","link":"https:\/\/maqcenter.com\/pt-pt\/producto\/extrusor-e25\/","title":{"rendered":"Extrusor E25"},"content":{"rendered":"<h3>Compacto, eficiente y f\u00e1cil de integrar<\/h3>\n<p>El extrusor E25 es una soluci\u00f3n ligera y aut\u00f3noma para impresi\u00f3n 3D de gran formato con pellets termopl\u00e1sticos reforzados. Gracias a su bajo peso y dimensiones compactas, es ideal para integrar en brazos rob\u00f3ticos o m\u00e1quinas CNC. Es una opci\u00f3n rentable y fiable para iniciarse en fabricaci\u00f3n aditiva a gran escala.<br \/>\nIncluye una unidad base con control Siemens PLC que regula temperatura, velocidad de extrusi\u00f3n y el transporte autom\u00e1tico del material. Adem\u00e1s, puede conectarse f\u00e1cilmente con un secador de pellets para garantizar un flujo constante y estable.<\/p>\n","protected":false},"excerpt":{"rendered":"<p>Compacto, eficiente y f\u00e1cil de integrar El extrusor E25 es una soluci\u00f3n ligera y aut\u00f3noma para impresi\u00f3n 3D de gran formato con pellets termopl\u00e1sticos reforzados. Gracias a su bajo peso y dimensiones compactas, es ideal para integrar en brazos rob\u00f3ticos o m\u00e1quinas CNC. Es una opci\u00f3n rentable y fiable para iniciarse en fabricaci\u00f3n aditiva a [&hellip;]<\/p>\n","protected":false},"featured_media":22535,"template":"","meta":[],"product_brand":[],"product_cat":[55,196],"product_tag":[92,93,94,95,98,96,432,97],"marca-producto":[579],"serie-producto":[],"class_list":{"0":"post-22545","1":"product","2":"type-product","3":"status-publish","4":"has-post-thumbnail","6":"product_cat-fabricacion-aditiva","7":"product_cat-fabricacion-aditiva-polimeros","8":"product_tag-aeronautica","9":"product_tag-automocion","10":"product_tag-bienes-equipo","11":"product_tag-energia","12":"product_tag-ferrocarril","13":"product_tag-gran-consumo","14":"product_tag-maritimo","15":"product_tag-molde-matriz","16":"marca-producto-cead","18":"first","19":"instock","20":"product-type-simple"},"yoast_head":"<!-- This site is optimized with the Yoast SEO plugin v27.0 - https:\/\/yoast.com\/product\/yoast-seo-wordpress\/ -->\n<title>CEAD Extrusor E25<\/title>\n<meta name=\"description\" content=\"El extrusor E25 es una soluci\u00f3n ligera y aut\u00f3noma para impresi\u00f3n 3D de gran formato con pellets termopl\u00e1sticos reforzados. Bajo peso y compacto.\" \/>\n<meta name=\"robots\" content=\"index, follow, max-snippet:-1, max-image-preview:large, max-video-preview:-1\" \/>\n<link rel=\"canonical\" href=\"https:\/\/maqcenter.com\/pt-pt\/producto\/extrusor-e25\/\" \/>\n<meta property=\"og:locale\" content=\"pt_PT\" \/>\n<meta property=\"og:type\" content=\"article\" \/>\n<meta property=\"og:title\" content=\"CEAD Extrusor E25\" \/>\n<meta property=\"og:description\" content=\"El extrusor E25 es una soluci\u00f3n ligera y aut\u00f3noma para impresi\u00f3n 3D de gran formato con pellets termopl\u00e1sticos reforzados. Bajo peso y compacto.\" \/>\n<meta property=\"og:url\" content=\"https:\/\/maqcenter.com\/pt-pt\/producto\/extrusor-e25\/\" \/>\n<meta property=\"og:site_name\" content=\"MAQcenter\" \/>\n<meta property=\"article:modified_time\" content=\"2025-07-08T06:21:31+00:00\" \/>\n<meta property=\"og:image\" content=\"https:\/\/maqcenter.com\/wp-content\/uploads\/2025\/07\/CEAD-E25.jpg\" \/>\n\t<meta property=\"og:image:width\" content=\"500\" \/>\n\t<meta property=\"og:image:height\" content=\"500\" \/>\n\t<meta property=\"og:image:type\" content=\"image\/jpeg\" \/>\n<meta name=\"twitter:card\" content=\"summary_large_image\" \/>\n<meta name=\"twitter:label1\" content=\"Tempo estimado de leitura\" \/>\n\t<meta name=\"twitter:data1\" content=\"1 minuto\" \/>\n<script type=\"application\/ld+json\" class=\"yoast-schema-graph\">{\"@context\":\"https:\/\/schema.org\",\"@graph\":[{\"@type\":[\"WebPage\",\"ItemPage\"],\"@id\":\"https:\/\/maqcenter.com\/pt-pt\/producto\/extrusor-e25\/\",\"url\":\"https:\/\/maqcenter.com\/pt-pt\/producto\/extrusor-e25\/\",\"name\":\"CEAD Extrusor E25\",\"isPartOf\":{\"@id\":\"https:\/\/maqcenter.com\/pt-pt\/#website\"},\"primaryImageOfPage\":{\"@id\":\"https:\/\/maqcenter.com\/pt-pt\/producto\/extrusor-e25\/#primaryimage\"},\"image\":{\"@id\":\"https:\/\/maqcenter.com\/pt-pt\/producto\/extrusor-e25\/#primaryimage\"},\"thumbnailUrl\":\"https:\/\/maqcenter.com\/wp-content\/uploads\/2025\/07\/CEAD-E25.jpg\",\"datePublished\":\"2025-07-01T08:29:12+00:00\",\"dateModified\":\"2025-07-08T06:21:31+00:00\",\"description\":\"El extrusor E25 es una soluci\u00f3n ligera y aut\u00f3noma para impresi\u00f3n 3D de gran formato con pellets termopl\u00e1sticos reforzados. Bajo peso y compacto.\",\"breadcrumb\":{\"@id\":\"https:\/\/maqcenter.com\/pt-pt\/producto\/extrusor-e25\/#breadcrumb\"},\"inLanguage\":\"pt-PT\",\"potentialAction\":[{\"@type\":\"ReadAction\",\"target\":[\"https:\/\/maqcenter.com\/pt-pt\/producto\/extrusor-e25\/\"]}]},{\"@type\":\"ImageObject\",\"inLanguage\":\"pt-PT\",\"@id\":\"https:\/\/maqcenter.com\/pt-pt\/producto\/extrusor-e25\/#primaryimage\",\"url\":\"https:\/\/maqcenter.com\/wp-content\/uploads\/2025\/07\/CEAD-E25.jpg\",\"contentUrl\":\"https:\/\/maqcenter.com\/wp-content\/uploads\/2025\/07\/CEAD-E25.jpg\",\"width\":500,\"height\":500,\"caption\":\"Fabricaci\u00f3n aditiva pol\u00edmeros CEAD Extrusor E25\"},{\"@type\":\"BreadcrumbList\",\"@id\":\"https:\/\/maqcenter.com\/pt-pt\/producto\/extrusor-e25\/#breadcrumb\",\"itemListElement\":[{\"@type\":\"ListItem\",\"position\":1,\"name\":\"Productos\",\"item\":\"https:\/\/maqcenter.com\/pt-pt\/\"},{\"@type\":\"ListItem\",\"position\":2,\"name\":\"Produtos\",\"item\":\"https:\/\/maqcenter.com\/pt-pt\/shop\/\"},{\"@type\":\"ListItem\",\"position\":3,\"name\":\"Extrusor E25\"}]},{\"@type\":\"WebSite\",\"@id\":\"https:\/\/maqcenter.com\/pt-pt\/#website\",\"url\":\"https:\/\/maqcenter.com\/pt-pt\/\",\"name\":\"MAQcenter\",\"description\":\"El centro de tus soluciones\",\"publisher\":{\"@id\":\"https:\/\/maqcenter.com\/pt-pt\/#organization\"},\"potentialAction\":[{\"@type\":\"SearchAction\",\"target\":{\"@type\":\"EntryPoint\",\"urlTemplate\":\"https:\/\/maqcenter.com\/pt-pt\/?s={search_term_string}\"},\"query-input\":{\"@type\":\"PropertyValueSpecification\",\"valueRequired\":true,\"valueName\":\"search_term_string\"}}],\"inLanguage\":\"pt-PT\"},{\"@type\":\"Organization\",\"@id\":\"https:\/\/maqcenter.com\/pt-pt\/#organization\",\"name\":\"MAQcenter S.A.\",\"url\":\"https:\/\/maqcenter.com\/pt-pt\/\",\"logo\":{\"@type\":\"ImageObject\",\"inLanguage\":\"pt-PT\",\"@id\":\"https:\/\/maqcenter.com\/pt-pt\/#\/schema\/logo\/image\/\",\"url\":\"https:\/\/maqcenter.com\/wp-content\/uploads\/2021\/02\/MAQcenter_logo_vertical.svg\",\"contentUrl\":\"https:\/\/maqcenter.com\/wp-content\/uploads\/2021\/02\/MAQcenter_logo_vertical.svg\",\"width\":300,\"height\":174,\"caption\":\"MAQcenter S.A.\"},\"image\":{\"@id\":\"https:\/\/maqcenter.com\/pt-pt\/#\/schema\/logo\/image\/\"}}]}<\/script>\n<!-- \/ Yoast SEO plugin. -->","yoast_head_json":{"title":"CEAD Extrusor E25","description":"El extrusor E25 es una soluci\u00f3n ligera y aut\u00f3noma para impresi\u00f3n 3D de gran formato con pellets termopl\u00e1sticos reforzados. Bajo peso y compacto.","robots":{"index":"index","follow":"follow","max-snippet":"max-snippet:-1","max-image-preview":"max-image-preview:large","max-video-preview":"max-video-preview:-1"},"canonical":"https:\/\/maqcenter.com\/pt-pt\/producto\/extrusor-e25\/","og_locale":"pt_PT","og_type":"article","og_title":"CEAD Extrusor E25","og_description":"El extrusor E25 es una soluci\u00f3n ligera y aut\u00f3noma para impresi\u00f3n 3D de gran formato con pellets termopl\u00e1sticos reforzados. Bajo peso y compacto.","og_url":"https:\/\/maqcenter.com\/pt-pt\/producto\/extrusor-e25\/","og_site_name":"MAQcenter","article_modified_time":"2025-07-08T06:21:31+00:00","og_image":[{"width":500,"height":500,"url":"https:\/\/maqcenter.com\/wp-content\/uploads\/2025\/07\/CEAD-E25.jpg","type":"image\/jpeg"}],"twitter_card":"summary_large_image","twitter_misc":{"Tempo estimado de leitura":"1 minuto"},"schema":{"@context":"https:\/\/schema.org","@graph":[{"@type":["WebPage","ItemPage"],"@id":"https:\/\/maqcenter.com\/pt-pt\/producto\/extrusor-e25\/","url":"https:\/\/maqcenter.com\/pt-pt\/producto\/extrusor-e25\/","name":"CEAD Extrusor E25","isPartOf":{"@id":"https:\/\/maqcenter.com\/pt-pt\/#website"},"primaryImageOfPage":{"@id":"https:\/\/maqcenter.com\/pt-pt\/producto\/extrusor-e25\/#primaryimage"},"image":{"@id":"https:\/\/maqcenter.com\/pt-pt\/producto\/extrusor-e25\/#primaryimage"},"thumbnailUrl":"https:\/\/maqcenter.com\/wp-content\/uploads\/2025\/07\/CEAD-E25.jpg","datePublished":"2025-07-01T08:29:12+00:00","dateModified":"2025-07-08T06:21:31+00:00","description":"El extrusor E25 es una soluci\u00f3n ligera y aut\u00f3noma para impresi\u00f3n 3D de gran formato con pellets termopl\u00e1sticos reforzados. Bajo peso y compacto.","breadcrumb":{"@id":"https:\/\/maqcenter.com\/pt-pt\/producto\/extrusor-e25\/#breadcrumb"},"inLanguage":"pt-PT","potentialAction":[{"@type":"ReadAction","target":["https:\/\/maqcenter.com\/pt-pt\/producto\/extrusor-e25\/"]}]},{"@type":"ImageObject","inLanguage":"pt-PT","@id":"https:\/\/maqcenter.com\/pt-pt\/producto\/extrusor-e25\/#primaryimage","url":"https:\/\/maqcenter.com\/wp-content\/uploads\/2025\/07\/CEAD-E25.jpg","contentUrl":"https:\/\/maqcenter.com\/wp-content\/uploads\/2025\/07\/CEAD-E25.jpg","width":500,"height":500,"caption":"Fabricaci\u00f3n aditiva pol\u00edmeros CEAD Extrusor E25"},{"@type":"BreadcrumbList","@id":"https:\/\/maqcenter.com\/pt-pt\/producto\/extrusor-e25\/#breadcrumb","itemListElement":[{"@type":"ListItem","position":1,"name":"Productos","item":"https:\/\/maqcenter.com\/pt-pt\/"},{"@type":"ListItem","position":2,"name":"Produtos","item":"https:\/\/maqcenter.com\/pt-pt\/shop\/"},{"@type":"ListItem","position":3,"name":"Extrusor E25"}]},{"@type":"WebSite","@id":"https:\/\/maqcenter.com\/pt-pt\/#website","url":"https:\/\/maqcenter.com\/pt-pt\/","name":"MAQcenter","description":"El centro de tus soluciones","publisher":{"@id":"https:\/\/maqcenter.com\/pt-pt\/#organization"},"potentialAction":[{"@type":"SearchAction","target":{"@type":"EntryPoint","urlTemplate":"https:\/\/maqcenter.com\/pt-pt\/?s={search_term_string}"},"query-input":{"@type":"PropertyValueSpecification","valueRequired":true,"valueName":"search_term_string"}}],"inLanguage":"pt-PT"},{"@type":"Organization","@id":"https:\/\/maqcenter.com\/pt-pt\/#organization","name":"MAQcenter S.A.","url":"https:\/\/maqcenter.com\/pt-pt\/","logo":{"@type":"ImageObject","inLanguage":"pt-PT","@id":"https:\/\/maqcenter.com\/pt-pt\/#\/schema\/logo\/image\/","url":"https:\/\/maqcenter.com\/wp-content\/uploads\/2021\/02\/MAQcenter_logo_vertical.svg","contentUrl":"https:\/\/maqcenter.com\/wp-content\/uploads\/2021\/02\/MAQcenter_logo_vertical.svg","width":300,"height":174,"caption":"MAQcenter S.A."},"image":{"@id":"https:\/\/maqcenter.com\/pt-pt\/#\/schema\/logo\/image\/"}}]}},"_links":{"self":[{"href":"https:\/\/maqcenter.com\/pt-pt\/wp-json\/wp\/v2\/product\/22545","targetHints":{"allow":["GET"]}}],"collection":[{"href":"https:\/\/maqcenter.com\/pt-pt\/wp-json\/wp\/v2\/product"}],"about":[{"href":"https:\/\/maqcenter.com\/pt-pt\/wp-json\/wp\/v2\/types\/product"}],"wp:featuredmedia":[{"embeddable":true,"href":"https:\/\/maqcenter.com\/pt-pt\/wp-json\/wp\/v2\/media\/22535"}],"wp:attachment":[{"href":"https:\/\/maqcenter.com\/pt-pt\/wp-json\/wp\/v2\/media?parent=22545"}],"wp:term":[{"taxonomy":"product_brand","embeddable":true,"href":"https:\/\/maqcenter.com\/pt-pt\/wp-json\/wp\/v2\/product_brand?post=22545"},{"taxonomy":"product_cat","embeddable":true,"href":"https:\/\/maqcenter.com\/pt-pt\/wp-json\/wp\/v2\/product_cat?post=22545"},{"taxonomy":"product_tag","embeddable":true,"href":"https:\/\/maqcenter.com\/pt-pt\/wp-json\/wp\/v2\/product_tag?post=22545"},{"taxonomy":"marca-producto","embeddable":true,"href":"https:\/\/maqcenter.com\/pt-pt\/wp-json\/wp\/v2\/marca-producto?post=22545"},{"taxonomy":"serie-producto","embeddable":true,"href":"https:\/\/maqcenter.com\/pt-pt\/wp-json\/wp\/v2\/serie-producto?post=22545"}],"curies":[{"name":"wp","href":"https:\/\/api.w.org\/{rel}","templated":true}]}}