{"id":22546,"date":"2025-07-01T10:29:12","date_gmt":"2025-07-01T08:29:12","guid":{"rendered":"https:\/\/maqcenter.com\/producto\/extrusor-s25\/"},"modified":"2025-07-08T08:26:38","modified_gmt":"2025-07-08T06:26:38","slug":"extrusor-s25","status":"publish","type":"product","link":"https:\/\/maqcenter.com\/pt-pt\/producto\/extrusor-s25\/","title":{"rendered":"Extrusor S25"},"content":{"rendered":"<h3>Mayor caudal sin perder ligereza<\/h3>\n<p>El extrusor S25 combina un tama\u00f1o compacto con una capacidad de salida superior, perfecta para piezas m\u00e1s grandes o ritmos de producci\u00f3n m\u00e1s exigentes. Tiene el mismo di\u00e1metro de husillo que el E25, pero con el doble de capacidad de extrusi\u00f3n.<br \/>\nIncluye tambi\u00e9n la unidad base con PLC Siemens para el control completo del proceso, y sistema de alimentaci\u00f3n autom\u00e1tica compatible con secadores de pellets. Se integra f\u00e1cilmente en brazos rob\u00f3ticos y sistemas gantry.<\/p>\n","protected":false},"excerpt":{"rendered":"<p>Mayor caudal sin perder ligereza El extrusor S25 combina un tama\u00f1o compacto con una capacidad de salida superior, perfecta para piezas m\u00e1s grandes o ritmos de producci\u00f3n m\u00e1s exigentes. Tiene el mismo di\u00e1metro de husillo que el E25, pero con el doble de capacidad de extrusi\u00f3n. Incluye tambi\u00e9n la unidad base con PLC Siemens para [&hellip;]<\/p>\n","protected":false},"featured_media":22560,"template":"","meta":[],"product_brand":[],"product_cat":[55,196],"product_tag":[92,93,94,95,98,96,432,97],"marca-producto":[579],"serie-producto":[],"class_list":{"0":"post-22546","1":"product","2":"type-product","3":"status-publish","4":"has-post-thumbnail","6":"product_cat-fabricacion-aditiva","7":"product_cat-fabricacion-aditiva-polimeros","8":"product_tag-aeronautica","9":"product_tag-automocion","10":"product_tag-bienes-equipo","11":"product_tag-energia","12":"product_tag-ferrocarril","13":"product_tag-gran-consumo","14":"product_tag-maritimo","15":"product_tag-molde-matriz","16":"marca-producto-cead","18":"first","19":"instock","20":"product-type-simple"},"yoast_head":"<!-- This site is optimized with the Yoast SEO plugin v27.0 - https:\/\/yoast.com\/product\/yoast-seo-wordpress\/ -->\n<title>CEAD Extrusor S25<\/title>\n<meta name=\"description\" content=\"El extrusor S25 combina un tama\u00f1o compacto con una capacidad de salida superior, perfecta para piezas m\u00e1s grandes o ritmos de producci\u00f3n m\u00e1s exigentes.\" \/>\n<meta name=\"robots\" content=\"index, follow, max-snippet:-1, max-image-preview:large, max-video-preview:-1\" \/>\n<link rel=\"canonical\" href=\"https:\/\/maqcenter.com\/pt-pt\/producto\/extrusor-s25\/\" \/>\n<meta property=\"og:locale\" content=\"pt_PT\" \/>\n<meta property=\"og:type\" content=\"article\" \/>\n<meta property=\"og:title\" content=\"CEAD Extrusor S25\" \/>\n<meta property=\"og:description\" content=\"El extrusor S25 combina un tama\u00f1o compacto con una capacidad de salida superior, perfecta para piezas m\u00e1s grandes o ritmos de producci\u00f3n m\u00e1s exigentes.\" \/>\n<meta property=\"og:url\" content=\"https:\/\/maqcenter.com\/pt-pt\/producto\/extrusor-s25\/\" \/>\n<meta property=\"og:site_name\" content=\"MAQcenter\" \/>\n<meta property=\"article:modified_time\" content=\"2025-07-08T06:26:38+00:00\" \/>\n<meta property=\"og:image\" content=\"https:\/\/maqcenter.com\/wp-content\/uploads\/2025\/07\/CEAD-S25.jpg\" \/>\n\t<meta property=\"og:image:width\" content=\"500\" \/>\n\t<meta property=\"og:image:height\" content=\"500\" \/>\n\t<meta property=\"og:image:type\" content=\"image\/jpeg\" \/>\n<meta name=\"twitter:card\" content=\"summary_large_image\" \/>\n<script type=\"application\/ld+json\" class=\"yoast-schema-graph\">{\"@context\":\"https:\/\/schema.org\",\"@graph\":[{\"@type\":[\"WebPage\",\"ItemPage\"],\"@id\":\"https:\/\/maqcenter.com\/pt-pt\/producto\/extrusor-s25\/\",\"url\":\"https:\/\/maqcenter.com\/pt-pt\/producto\/extrusor-s25\/\",\"name\":\"CEAD Extrusor S25\",\"isPartOf\":{\"@id\":\"https:\/\/maqcenter.com\/pt-pt\/#website\"},\"primaryImageOfPage\":{\"@id\":\"https:\/\/maqcenter.com\/pt-pt\/producto\/extrusor-s25\/#primaryimage\"},\"image\":{\"@id\":\"https:\/\/maqcenter.com\/pt-pt\/producto\/extrusor-s25\/#primaryimage\"},\"thumbnailUrl\":\"https:\/\/maqcenter.com\/wp-content\/uploads\/2025\/07\/CEAD-S25.jpg\",\"datePublished\":\"2025-07-01T08:29:12+00:00\",\"dateModified\":\"2025-07-08T06:26:38+00:00\",\"description\":\"El extrusor S25 combina un tama\u00f1o compacto con una capacidad de salida superior, perfecta para piezas m\u00e1s grandes o ritmos de producci\u00f3n m\u00e1s exigentes.\",\"breadcrumb\":{\"@id\":\"https:\/\/maqcenter.com\/pt-pt\/producto\/extrusor-s25\/#breadcrumb\"},\"inLanguage\":\"pt-PT\",\"potentialAction\":[{\"@type\":\"ReadAction\",\"target\":[\"https:\/\/maqcenter.com\/pt-pt\/producto\/extrusor-s25\/\"]}]},{\"@type\":\"ImageObject\",\"inLanguage\":\"pt-PT\",\"@id\":\"https:\/\/maqcenter.com\/pt-pt\/producto\/extrusor-s25\/#primaryimage\",\"url\":\"https:\/\/maqcenter.com\/wp-content\/uploads\/2025\/07\/CEAD-S25.jpg\",\"contentUrl\":\"https:\/\/maqcenter.com\/wp-content\/uploads\/2025\/07\/CEAD-S25.jpg\",\"width\":500,\"height\":500},{\"@type\":\"BreadcrumbList\",\"@id\":\"https:\/\/maqcenter.com\/pt-pt\/producto\/extrusor-s25\/#breadcrumb\",\"itemListElement\":[{\"@type\":\"ListItem\",\"position\":1,\"name\":\"Productos\",\"item\":\"https:\/\/maqcenter.com\/pt-pt\/\"},{\"@type\":\"ListItem\",\"position\":2,\"name\":\"Produtos\",\"item\":\"https:\/\/maqcenter.com\/pt-pt\/shop\/\"},{\"@type\":\"ListItem\",\"position\":3,\"name\":\"Extrusor S25\"}]},{\"@type\":\"WebSite\",\"@id\":\"https:\/\/maqcenter.com\/pt-pt\/#website\",\"url\":\"https:\/\/maqcenter.com\/pt-pt\/\",\"name\":\"MAQcenter\",\"description\":\"El centro de tus soluciones\",\"publisher\":{\"@id\":\"https:\/\/maqcenter.com\/pt-pt\/#organization\"},\"potentialAction\":[{\"@type\":\"SearchAction\",\"target\":{\"@type\":\"EntryPoint\",\"urlTemplate\":\"https:\/\/maqcenter.com\/pt-pt\/?s={search_term_string}\"},\"query-input\":{\"@type\":\"PropertyValueSpecification\",\"valueRequired\":true,\"valueName\":\"search_term_string\"}}],\"inLanguage\":\"pt-PT\"},{\"@type\":\"Organization\",\"@id\":\"https:\/\/maqcenter.com\/pt-pt\/#organization\",\"name\":\"MAQcenter S.A.\",\"url\":\"https:\/\/maqcenter.com\/pt-pt\/\",\"logo\":{\"@type\":\"ImageObject\",\"inLanguage\":\"pt-PT\",\"@id\":\"https:\/\/maqcenter.com\/pt-pt\/#\/schema\/logo\/image\/\",\"url\":\"https:\/\/maqcenter.com\/wp-content\/uploads\/2021\/02\/MAQcenter_logo_vertical.svg\",\"contentUrl\":\"https:\/\/maqcenter.com\/wp-content\/uploads\/2021\/02\/MAQcenter_logo_vertical.svg\",\"width\":300,\"height\":174,\"caption\":\"MAQcenter S.A.\"},\"image\":{\"@id\":\"https:\/\/maqcenter.com\/pt-pt\/#\/schema\/logo\/image\/\"}}]}<\/script>\n<!-- \/ Yoast SEO plugin. -->","yoast_head_json":{"title":"CEAD Extrusor S25","description":"El extrusor S25 combina un tama\u00f1o compacto con una capacidad de salida superior, perfecta para piezas m\u00e1s grandes o ritmos de producci\u00f3n m\u00e1s exigentes.","robots":{"index":"index","follow":"follow","max-snippet":"max-snippet:-1","max-image-preview":"max-image-preview:large","max-video-preview":"max-video-preview:-1"},"canonical":"https:\/\/maqcenter.com\/pt-pt\/producto\/extrusor-s25\/","og_locale":"pt_PT","og_type":"article","og_title":"CEAD Extrusor S25","og_description":"El extrusor S25 combina un tama\u00f1o compacto con una capacidad de salida superior, perfecta para piezas m\u00e1s grandes o ritmos de producci\u00f3n m\u00e1s exigentes.","og_url":"https:\/\/maqcenter.com\/pt-pt\/producto\/extrusor-s25\/","og_site_name":"MAQcenter","article_modified_time":"2025-07-08T06:26:38+00:00","og_image":[{"width":500,"height":500,"url":"https:\/\/maqcenter.com\/wp-content\/uploads\/2025\/07\/CEAD-S25.jpg","type":"image\/jpeg"}],"twitter_card":"summary_large_image","schema":{"@context":"https:\/\/schema.org","@graph":[{"@type":["WebPage","ItemPage"],"@id":"https:\/\/maqcenter.com\/pt-pt\/producto\/extrusor-s25\/","url":"https:\/\/maqcenter.com\/pt-pt\/producto\/extrusor-s25\/","name":"CEAD Extrusor S25","isPartOf":{"@id":"https:\/\/maqcenter.com\/pt-pt\/#website"},"primaryImageOfPage":{"@id":"https:\/\/maqcenter.com\/pt-pt\/producto\/extrusor-s25\/#primaryimage"},"image":{"@id":"https:\/\/maqcenter.com\/pt-pt\/producto\/extrusor-s25\/#primaryimage"},"thumbnailUrl":"https:\/\/maqcenter.com\/wp-content\/uploads\/2025\/07\/CEAD-S25.jpg","datePublished":"2025-07-01T08:29:12+00:00","dateModified":"2025-07-08T06:26:38+00:00","description":"El extrusor S25 combina un tama\u00f1o compacto con una capacidad de salida superior, perfecta para piezas m\u00e1s grandes o ritmos de producci\u00f3n m\u00e1s exigentes.","breadcrumb":{"@id":"https:\/\/maqcenter.com\/pt-pt\/producto\/extrusor-s25\/#breadcrumb"},"inLanguage":"pt-PT","potentialAction":[{"@type":"ReadAction","target":["https:\/\/maqcenter.com\/pt-pt\/producto\/extrusor-s25\/"]}]},{"@type":"ImageObject","inLanguage":"pt-PT","@id":"https:\/\/maqcenter.com\/pt-pt\/producto\/extrusor-s25\/#primaryimage","url":"https:\/\/maqcenter.com\/wp-content\/uploads\/2025\/07\/CEAD-S25.jpg","contentUrl":"https:\/\/maqcenter.com\/wp-content\/uploads\/2025\/07\/CEAD-S25.jpg","width":500,"height":500},{"@type":"BreadcrumbList","@id":"https:\/\/maqcenter.com\/pt-pt\/producto\/extrusor-s25\/#breadcrumb","itemListElement":[{"@type":"ListItem","position":1,"name":"Productos","item":"https:\/\/maqcenter.com\/pt-pt\/"},{"@type":"ListItem","position":2,"name":"Produtos","item":"https:\/\/maqcenter.com\/pt-pt\/shop\/"},{"@type":"ListItem","position":3,"name":"Extrusor S25"}]},{"@type":"WebSite","@id":"https:\/\/maqcenter.com\/pt-pt\/#website","url":"https:\/\/maqcenter.com\/pt-pt\/","name":"MAQcenter","description":"El centro de tus soluciones","publisher":{"@id":"https:\/\/maqcenter.com\/pt-pt\/#organization"},"potentialAction":[{"@type":"SearchAction","target":{"@type":"EntryPoint","urlTemplate":"https:\/\/maqcenter.com\/pt-pt\/?s={search_term_string}"},"query-input":{"@type":"PropertyValueSpecification","valueRequired":true,"valueName":"search_term_string"}}],"inLanguage":"pt-PT"},{"@type":"Organization","@id":"https:\/\/maqcenter.com\/pt-pt\/#organization","name":"MAQcenter S.A.","url":"https:\/\/maqcenter.com\/pt-pt\/","logo":{"@type":"ImageObject","inLanguage":"pt-PT","@id":"https:\/\/maqcenter.com\/pt-pt\/#\/schema\/logo\/image\/","url":"https:\/\/maqcenter.com\/wp-content\/uploads\/2021\/02\/MAQcenter_logo_vertical.svg","contentUrl":"https:\/\/maqcenter.com\/wp-content\/uploads\/2021\/02\/MAQcenter_logo_vertical.svg","width":300,"height":174,"caption":"MAQcenter S.A."},"image":{"@id":"https:\/\/maqcenter.com\/pt-pt\/#\/schema\/logo\/image\/"}}]}},"_links":{"self":[{"href":"https:\/\/maqcenter.com\/pt-pt\/wp-json\/wp\/v2\/product\/22546","targetHints":{"allow":["GET"]}}],"collection":[{"href":"https:\/\/maqcenter.com\/pt-pt\/wp-json\/wp\/v2\/product"}],"about":[{"href":"https:\/\/maqcenter.com\/pt-pt\/wp-json\/wp\/v2\/types\/product"}],"wp:featuredmedia":[{"embeddable":true,"href":"https:\/\/maqcenter.com\/pt-pt\/wp-json\/wp\/v2\/media\/22560"}],"wp:attachment":[{"href":"https:\/\/maqcenter.com\/pt-pt\/wp-json\/wp\/v2\/media?parent=22546"}],"wp:term":[{"taxonomy":"product_brand","embeddable":true,"href":"https:\/\/maqcenter.com\/pt-pt\/wp-json\/wp\/v2\/product_brand?post=22546"},{"taxonomy":"product_cat","embeddable":true,"href":"https:\/\/maqcenter.com\/pt-pt\/wp-json\/wp\/v2\/product_cat?post=22546"},{"taxonomy":"product_tag","embeddable":true,"href":"https:\/\/maqcenter.com\/pt-pt\/wp-json\/wp\/v2\/product_tag?post=22546"},{"taxonomy":"marca-producto","embeddable":true,"href":"https:\/\/maqcenter.com\/pt-pt\/wp-json\/wp\/v2\/marca-producto?post=22546"},{"taxonomy":"serie-producto","embeddable":true,"href":"https:\/\/maqcenter.com\/pt-pt\/wp-json\/wp\/v2\/serie-producto?post=22546"}],"curies":[{"name":"wp","href":"https:\/\/api.w.org\/{rel}","templated":true}]}}