{"id":7071,"date":"2021-03-10T08:40:43","date_gmt":"2021-03-10T08:40:43","guid":{"rendered":"https:\/\/new.maqcenter.com\/producto\/hsm-5xa\/"},"modified":"2021-03-10T08:40:44","modified_gmt":"2021-03-10T08:40:44","slug":"hsm-5xa","status":"publish","type":"product","link":"https:\/\/maqcenter.com\/pt-pt\/producto\/hsm-5xa\/","title":{"rendered":"HSM-5XA"},"content":{"rendered":"<p>El centro de fresado universal m\u00e1s nuevo de Eumach, HSM-5X, para operaciones simult\u00e1neas de 5 ejes, adem\u00e1s de 3 ejes lineales, tiene un cabezal de fresado giratorio est\u00e1ndar de eje B y una mesa giratoria y cola de tipo A.<\/p>\n<p>La serie HSM-5X es la m\u00e1quina m\u00e1s reciente con aplicaciones universales, una respuesta perfecta a la creciente demanda de mecanizado CNC de 5 ejes y 5 caras, y la orientaci\u00f3n de la pieza de trabajo en el espacio en relaci\u00f3n con el eje de la herramienta proporciona una amplia gama de aplicaciones para el mecanizado de piezas complejas.<\/p>\n","protected":false},"excerpt":{"rendered":"<p>El centro de fresado universal m\u00e1s nuevo de Eumach, HSM-5X, para operaciones simult\u00e1neas de 5 ejes, adem\u00e1s de 3 ejes lineales, tiene un cabezal de fresado giratorio est\u00e1ndar de eje B y una mesa giratoria y cola de tipo A. La serie HSM-5X es la m\u00e1quina m\u00e1s reciente con aplicaciones universales, una respuesta perfecta a [&hellip;]<\/p>\n","protected":false},"featured_media":7041,"template":"","meta":[],"product_brand":[],"product_cat":[24,167],"product_tag":[],"marca-producto":[99],"serie-producto":[329],"class_list":{"0":"post-7071","1":"product","2":"type-product","3":"status-publish","4":"has-post-thumbnail","6":"product_cat-centros-mecanizado","7":"product_cat-centros-mecanizado-5-ejes","8":"marca-producto-eumach","9":"serie-producto-hsm","11":"first","12":"instock","13":"product-type-simple"},"yoast_head":"<!-- This site is optimized with the Yoast SEO plugin v27.0 - https:\/\/yoast.com\/product\/yoast-seo-wordpress\/ -->\n<title>HSM-5XA<\/title>\n<meta name=\"description\" content=\"HSM-5XA. El centro de fresado universal m\u00e1s nuevo de Eumach, HSM-5X, para operaciones simult\u00e1neas de 5 ejes, adem\u00e1s de 3 ejes lineales, tiene un cabezal de fresado\" \/>\n<meta name=\"robots\" content=\"index, follow, max-snippet:-1, max-image-preview:large, max-video-preview:-1\" \/>\n<link rel=\"canonical\" href=\"https:\/\/maqcenter.com\/pt-pt\/producto\/hsm-5xa\/\" \/>\n<meta property=\"og:locale\" content=\"pt_PT\" \/>\n<meta property=\"og:type\" content=\"article\" \/>\n<meta property=\"og:title\" content=\"HSM-5XA\" \/>\n<meta property=\"og:description\" content=\"HSM-5XA. El centro de fresado universal m\u00e1s nuevo de Eumach, HSM-5X, para operaciones simult\u00e1neas de 5 ejes, adem\u00e1s de 3 ejes lineales, tiene un cabezal de fresado\" \/>\n<meta property=\"og:url\" content=\"https:\/\/maqcenter.com\/pt-pt\/producto\/hsm-5xa\/\" \/>\n<meta property=\"og:site_name\" content=\"MAQcenter\" \/>\n<meta property=\"article:modified_time\" content=\"2021-03-10T08:40:44+00:00\" \/>\n<meta property=\"og:image\" content=\"https:\/\/maqcenter.com\/wp-content\/uploads\/2021\/03\/EUMACH-HSM-5XA.jpg\" \/>\n\t<meta property=\"og:image:width\" content=\"500\" \/>\n\t<meta property=\"og:image:height\" content=\"500\" \/>\n\t<meta property=\"og:image:type\" content=\"image\/jpeg\" \/>\n<meta name=\"twitter:card\" content=\"summary_large_image\" \/>\n<meta name=\"twitter:label1\" content=\"Tempo estimado de leitura\" \/>\n\t<meta name=\"twitter:data1\" content=\"1 minuto\" \/>\n<script type=\"application\/ld+json\" class=\"yoast-schema-graph\">{\"@context\":\"https:\/\/schema.org\",\"@graph\":[{\"@type\":[\"WebPage\",\"ItemPage\"],\"@id\":\"https:\/\/maqcenter.com\/pt-pt\/producto\/hsm-5xa\/\",\"url\":\"https:\/\/maqcenter.com\/pt-pt\/producto\/hsm-5xa\/\",\"name\":\"HSM-5XA\",\"isPartOf\":{\"@id\":\"https:\/\/maqcenter.com\/pt-pt\/#website\"},\"primaryImageOfPage\":{\"@id\":\"https:\/\/maqcenter.com\/pt-pt\/producto\/hsm-5xa\/#primaryimage\"},\"image\":{\"@id\":\"https:\/\/maqcenter.com\/pt-pt\/producto\/hsm-5xa\/#primaryimage\"},\"thumbnailUrl\":\"https:\/\/maqcenter.com\/wp-content\/uploads\/2021\/03\/EUMACH-HSM-5XA.jpg\",\"datePublished\":\"2021-03-10T08:40:43+00:00\",\"dateModified\":\"2021-03-10T08:40:44+00:00\",\"description\":\"HSM-5XA. El centro de fresado universal m\u00e1s nuevo de Eumach, HSM-5X, para operaciones simult\u00e1neas de 5 ejes, adem\u00e1s de 3 ejes lineales, tiene un cabezal de fresado\",\"breadcrumb\":{\"@id\":\"https:\/\/maqcenter.com\/pt-pt\/producto\/hsm-5xa\/#breadcrumb\"},\"inLanguage\":\"pt-PT\",\"potentialAction\":[{\"@type\":\"ReadAction\",\"target\":[\"https:\/\/maqcenter.com\/pt-pt\/producto\/hsm-5xa\/\"]}]},{\"@type\":\"ImageObject\",\"inLanguage\":\"pt-PT\",\"@id\":\"https:\/\/maqcenter.com\/pt-pt\/producto\/hsm-5xa\/#primaryimage\",\"url\":\"https:\/\/maqcenter.com\/wp-content\/uploads\/2021\/03\/EUMACH-HSM-5XA.jpg\",\"contentUrl\":\"https:\/\/maqcenter.com\/wp-content\/uploads\/2021\/03\/EUMACH-HSM-5XA.jpg\",\"width\":500,\"height\":500,\"caption\":\"Centros mecanizado 5 ejes Eumach HSM400U\"},{\"@type\":\"BreadcrumbList\",\"@id\":\"https:\/\/maqcenter.com\/pt-pt\/producto\/hsm-5xa\/#breadcrumb\",\"itemListElement\":[{\"@type\":\"ListItem\",\"position\":1,\"name\":\"Productos\",\"item\":\"https:\/\/maqcenter.com\/pt-pt\/\"},{\"@type\":\"ListItem\",\"position\":2,\"name\":\"Produtos\",\"item\":\"https:\/\/maqcenter.com\/pt-pt\/shop\/\"},{\"@type\":\"ListItem\",\"position\":3,\"name\":\"HSM-5XA\"}]},{\"@type\":\"WebSite\",\"@id\":\"https:\/\/maqcenter.com\/pt-pt\/#website\",\"url\":\"https:\/\/maqcenter.com\/pt-pt\/\",\"name\":\"MAQcenter\",\"description\":\"El centro de tus soluciones\",\"publisher\":{\"@id\":\"https:\/\/maqcenter.com\/pt-pt\/#organization\"},\"potentialAction\":[{\"@type\":\"SearchAction\",\"target\":{\"@type\":\"EntryPoint\",\"urlTemplate\":\"https:\/\/maqcenter.com\/pt-pt\/?s={search_term_string}\"},\"query-input\":{\"@type\":\"PropertyValueSpecification\",\"valueRequired\":true,\"valueName\":\"search_term_string\"}}],\"inLanguage\":\"pt-PT\"},{\"@type\":\"Organization\",\"@id\":\"https:\/\/maqcenter.com\/pt-pt\/#organization\",\"name\":\"MAQcenter S.A.\",\"url\":\"https:\/\/maqcenter.com\/pt-pt\/\",\"logo\":{\"@type\":\"ImageObject\",\"inLanguage\":\"pt-PT\",\"@id\":\"https:\/\/maqcenter.com\/pt-pt\/#\/schema\/logo\/image\/\",\"url\":\"https:\/\/maqcenter.com\/wp-content\/uploads\/2021\/02\/MAQcenter_logo_vertical.svg\",\"contentUrl\":\"https:\/\/maqcenter.com\/wp-content\/uploads\/2021\/02\/MAQcenter_logo_vertical.svg\",\"width\":300,\"height\":174,\"caption\":\"MAQcenter S.A.\"},\"image\":{\"@id\":\"https:\/\/maqcenter.com\/pt-pt\/#\/schema\/logo\/image\/\"}}]}<\/script>\n<!-- \/ Yoast SEO plugin. -->","yoast_head_json":{"title":"HSM-5XA","description":"HSM-5XA. El centro de fresado universal m\u00e1s nuevo de Eumach, HSM-5X, para operaciones simult\u00e1neas de 5 ejes, adem\u00e1s de 3 ejes lineales, tiene un cabezal de fresado","robots":{"index":"index","follow":"follow","max-snippet":"max-snippet:-1","max-image-preview":"max-image-preview:large","max-video-preview":"max-video-preview:-1"},"canonical":"https:\/\/maqcenter.com\/pt-pt\/producto\/hsm-5xa\/","og_locale":"pt_PT","og_type":"article","og_title":"HSM-5XA","og_description":"HSM-5XA. El centro de fresado universal m\u00e1s nuevo de Eumach, HSM-5X, para operaciones simult\u00e1neas de 5 ejes, adem\u00e1s de 3 ejes lineales, tiene un cabezal de fresado","og_url":"https:\/\/maqcenter.com\/pt-pt\/producto\/hsm-5xa\/","og_site_name":"MAQcenter","article_modified_time":"2021-03-10T08:40:44+00:00","og_image":[{"width":500,"height":500,"url":"https:\/\/maqcenter.com\/wp-content\/uploads\/2021\/03\/EUMACH-HSM-5XA.jpg","type":"image\/jpeg"}],"twitter_card":"summary_large_image","twitter_misc":{"Tempo estimado de leitura":"1 minuto"},"schema":{"@context":"https:\/\/schema.org","@graph":[{"@type":["WebPage","ItemPage"],"@id":"https:\/\/maqcenter.com\/pt-pt\/producto\/hsm-5xa\/","url":"https:\/\/maqcenter.com\/pt-pt\/producto\/hsm-5xa\/","name":"HSM-5XA","isPartOf":{"@id":"https:\/\/maqcenter.com\/pt-pt\/#website"},"primaryImageOfPage":{"@id":"https:\/\/maqcenter.com\/pt-pt\/producto\/hsm-5xa\/#primaryimage"},"image":{"@id":"https:\/\/maqcenter.com\/pt-pt\/producto\/hsm-5xa\/#primaryimage"},"thumbnailUrl":"https:\/\/maqcenter.com\/wp-content\/uploads\/2021\/03\/EUMACH-HSM-5XA.jpg","datePublished":"2021-03-10T08:40:43+00:00","dateModified":"2021-03-10T08:40:44+00:00","description":"HSM-5XA. El centro de fresado universal m\u00e1s nuevo de Eumach, HSM-5X, para operaciones simult\u00e1neas de 5 ejes, adem\u00e1s de 3 ejes lineales, tiene un cabezal de fresado","breadcrumb":{"@id":"https:\/\/maqcenter.com\/pt-pt\/producto\/hsm-5xa\/#breadcrumb"},"inLanguage":"pt-PT","potentialAction":[{"@type":"ReadAction","target":["https:\/\/maqcenter.com\/pt-pt\/producto\/hsm-5xa\/"]}]},{"@type":"ImageObject","inLanguage":"pt-PT","@id":"https:\/\/maqcenter.com\/pt-pt\/producto\/hsm-5xa\/#primaryimage","url":"https:\/\/maqcenter.com\/wp-content\/uploads\/2021\/03\/EUMACH-HSM-5XA.jpg","contentUrl":"https:\/\/maqcenter.com\/wp-content\/uploads\/2021\/03\/EUMACH-HSM-5XA.jpg","width":500,"height":500,"caption":"Centros mecanizado 5 ejes Eumach HSM400U"},{"@type":"BreadcrumbList","@id":"https:\/\/maqcenter.com\/pt-pt\/producto\/hsm-5xa\/#breadcrumb","itemListElement":[{"@type":"ListItem","position":1,"name":"Productos","item":"https:\/\/maqcenter.com\/pt-pt\/"},{"@type":"ListItem","position":2,"name":"Produtos","item":"https:\/\/maqcenter.com\/pt-pt\/shop\/"},{"@type":"ListItem","position":3,"name":"HSM-5XA"}]},{"@type":"WebSite","@id":"https:\/\/maqcenter.com\/pt-pt\/#website","url":"https:\/\/maqcenter.com\/pt-pt\/","name":"MAQcenter","description":"El centro de tus soluciones","publisher":{"@id":"https:\/\/maqcenter.com\/pt-pt\/#organization"},"potentialAction":[{"@type":"SearchAction","target":{"@type":"EntryPoint","urlTemplate":"https:\/\/maqcenter.com\/pt-pt\/?s={search_term_string}"},"query-input":{"@type":"PropertyValueSpecification","valueRequired":true,"valueName":"search_term_string"}}],"inLanguage":"pt-PT"},{"@type":"Organization","@id":"https:\/\/maqcenter.com\/pt-pt\/#organization","name":"MAQcenter S.A.","url":"https:\/\/maqcenter.com\/pt-pt\/","logo":{"@type":"ImageObject","inLanguage":"pt-PT","@id":"https:\/\/maqcenter.com\/pt-pt\/#\/schema\/logo\/image\/","url":"https:\/\/maqcenter.com\/wp-content\/uploads\/2021\/02\/MAQcenter_logo_vertical.svg","contentUrl":"https:\/\/maqcenter.com\/wp-content\/uploads\/2021\/02\/MAQcenter_logo_vertical.svg","width":300,"height":174,"caption":"MAQcenter S.A."},"image":{"@id":"https:\/\/maqcenter.com\/pt-pt\/#\/schema\/logo\/image\/"}}]}},"_links":{"self":[{"href":"https:\/\/maqcenter.com\/pt-pt\/wp-json\/wp\/v2\/product\/7071","targetHints":{"allow":["GET"]}}],"collection":[{"href":"https:\/\/maqcenter.com\/pt-pt\/wp-json\/wp\/v2\/product"}],"about":[{"href":"https:\/\/maqcenter.com\/pt-pt\/wp-json\/wp\/v2\/types\/product"}],"wp:featuredmedia":[{"embeddable":true,"href":"https:\/\/maqcenter.com\/pt-pt\/wp-json\/wp\/v2\/media\/7041"}],"wp:attachment":[{"href":"https:\/\/maqcenter.com\/pt-pt\/wp-json\/wp\/v2\/media?parent=7071"}],"wp:term":[{"taxonomy":"product_brand","embeddable":true,"href":"https:\/\/maqcenter.com\/pt-pt\/wp-json\/wp\/v2\/product_brand?post=7071"},{"taxonomy":"product_cat","embeddable":true,"href":"https:\/\/maqcenter.com\/pt-pt\/wp-json\/wp\/v2\/product_cat?post=7071"},{"taxonomy":"product_tag","embeddable":true,"href":"https:\/\/maqcenter.com\/pt-pt\/wp-json\/wp\/v2\/product_tag?post=7071"},{"taxonomy":"marca-producto","embeddable":true,"href":"https:\/\/maqcenter.com\/pt-pt\/wp-json\/wp\/v2\/marca-producto?post=7071"},{"taxonomy":"serie-producto","embeddable":true,"href":"https:\/\/maqcenter.com\/pt-pt\/wp-json\/wp\/v2\/serie-producto?post=7071"}],"curies":[{"name":"wp","href":"https:\/\/api.w.org\/{rel}","templated":true}]}}