{"id":7103,"date":"2021-03-10T08:40:51","date_gmt":"2021-03-10T08:40:51","guid":{"rendered":"https:\/\/new.maqcenter.com\/producto\/hsm-1350\/"},"modified":"2021-03-10T08:40:57","modified_gmt":"2021-03-10T08:40:57","slug":"hsm-1350","status":"publish","type":"product","link":"https:\/\/maqcenter.com\/pt-pt\/producto\/hsm-1350\/","title":{"rendered":"HSM-1350"},"content":{"rendered":"<p>Marco en C \/ Gu\u00eda lineal.<\/p>\n<p>Estructura de fundici\u00f3n de alta calidad sin ninguna deformaci\u00f3n. Con una mesa de 1.560 x 620 mm y alta velocidad de avance del eje hasta 30 metros por minuto. Ofrece varias opciones de husillo para adaptarse a diferentes aplicaciones 8.000 RPM ~ 30.000 RPM<\/p>\n","protected":false},"excerpt":{"rendered":"<p>Marco en C \/ Gu\u00eda lineal. Estructura de fundici\u00f3n de alta calidad sin ninguna deformaci\u00f3n. Con una mesa de 1.560 x 620 mm y alta velocidad de avance del eje hasta 30 metros por minuto. Ofrece varias opciones de husillo para adaptarse a diferentes aplicaciones 8.000 RPM ~ 30.000 RPM<\/p>\n","protected":false},"featured_media":7048,"template":"","meta":[],"product_brand":[],"product_cat":[24,169],"product_tag":[],"marca-producto":[99],"serie-producto":[329],"class_list":{"0":"post-7103","1":"product","2":"type-product","3":"status-publish","4":"has-post-thumbnail","6":"product_cat-centros-mecanizado","7":"product_cat-centros-mecanizado-vertical","8":"marca-producto-eumach","9":"serie-producto-hsm","11":"first","12":"instock","13":"product-type-simple"},"yoast_head":"<!-- This site is optimized with the Yoast SEO plugin v27.0 - https:\/\/yoast.com\/product\/yoast-seo-wordpress\/ -->\n<title>HSM-1350<\/title>\n<meta name=\"description\" content=\"HSM-1350. Marco en C \/ Gu\u00eda lineal. Estructura de fundici\u00f3n de alta calidad sin ninguna deformaci\u00f3n. Con una mesa de 1.560 x 620 mm y alta velocidad de avance del\" \/>\n<meta name=\"robots\" content=\"index, follow, max-snippet:-1, max-image-preview:large, max-video-preview:-1\" \/>\n<link rel=\"canonical\" href=\"https:\/\/maqcenter.com\/pt-pt\/producto\/hsm-1350\/\" \/>\n<meta property=\"og:locale\" content=\"pt_PT\" \/>\n<meta property=\"og:type\" content=\"article\" \/>\n<meta property=\"og:title\" content=\"HSM-1350\" \/>\n<meta property=\"og:description\" content=\"HSM-1350. Marco en C \/ Gu\u00eda lineal. Estructura de fundici\u00f3n de alta calidad sin ninguna deformaci\u00f3n. Con una mesa de 1.560 x 620 mm y alta velocidad de avance del\" \/>\n<meta property=\"og:url\" content=\"https:\/\/maqcenter.com\/pt-pt\/producto\/hsm-1350\/\" \/>\n<meta property=\"og:site_name\" content=\"MAQcenter\" \/>\n<meta property=\"article:modified_time\" content=\"2021-03-10T08:40:57+00:00\" \/>\n<meta property=\"og:image\" content=\"https:\/\/maqcenter.com\/wp-content\/uploads\/2021\/03\/EUMACH-HSM-1350.jpg\" \/>\n\t<meta property=\"og:image:width\" content=\"500\" \/>\n\t<meta property=\"og:image:height\" content=\"500\" \/>\n\t<meta property=\"og:image:type\" content=\"image\/jpeg\" \/>\n<meta name=\"twitter:card\" content=\"summary_large_image\" \/>\n<script type=\"application\/ld+json\" class=\"yoast-schema-graph\">{\"@context\":\"https:\/\/schema.org\",\"@graph\":[{\"@type\":[\"WebPage\",\"ItemPage\"],\"@id\":\"https:\/\/maqcenter.com\/pt-pt\/producto\/hsm-1350\/\",\"url\":\"https:\/\/maqcenter.com\/pt-pt\/producto\/hsm-1350\/\",\"name\":\"HSM-1350\",\"isPartOf\":{\"@id\":\"https:\/\/maqcenter.com\/pt-pt\/#website\"},\"primaryImageOfPage\":{\"@id\":\"https:\/\/maqcenter.com\/pt-pt\/producto\/hsm-1350\/#primaryimage\"},\"image\":{\"@id\":\"https:\/\/maqcenter.com\/pt-pt\/producto\/hsm-1350\/#primaryimage\"},\"thumbnailUrl\":\"https:\/\/maqcenter.com\/wp-content\/uploads\/2021\/03\/EUMACH-HSM-1350.jpg\",\"datePublished\":\"2021-03-10T08:40:51+00:00\",\"dateModified\":\"2021-03-10T08:40:57+00:00\",\"description\":\"HSM-1350. Marco en C \/ Gu\u00eda lineal. Estructura de fundici\u00f3n de alta calidad sin ninguna deformaci\u00f3n. Con una mesa de 1.560 x 620 mm y alta velocidad de avance del\",\"breadcrumb\":{\"@id\":\"https:\/\/maqcenter.com\/pt-pt\/producto\/hsm-1350\/#breadcrumb\"},\"inLanguage\":\"pt-PT\",\"potentialAction\":[{\"@type\":\"ReadAction\",\"target\":[\"https:\/\/maqcenter.com\/pt-pt\/producto\/hsm-1350\/\"]}]},{\"@type\":\"ImageObject\",\"inLanguage\":\"pt-PT\",\"@id\":\"https:\/\/maqcenter.com\/pt-pt\/producto\/hsm-1350\/#primaryimage\",\"url\":\"https:\/\/maqcenter.com\/wp-content\/uploads\/2021\/03\/EUMACH-HSM-1350.jpg\",\"contentUrl\":\"https:\/\/maqcenter.com\/wp-content\/uploads\/2021\/03\/EUMACH-HSM-1350.jpg\",\"width\":500,\"height\":500,\"caption\":\"Centros mecanizado vertical Eumach HSM-1350\"},{\"@type\":\"BreadcrumbList\",\"@id\":\"https:\/\/maqcenter.com\/pt-pt\/producto\/hsm-1350\/#breadcrumb\",\"itemListElement\":[{\"@type\":\"ListItem\",\"position\":1,\"name\":\"Productos\",\"item\":\"https:\/\/maqcenter.com\/pt-pt\/\"},{\"@type\":\"ListItem\",\"position\":2,\"name\":\"Produtos\",\"item\":\"https:\/\/maqcenter.com\/pt-pt\/shop\/\"},{\"@type\":\"ListItem\",\"position\":3,\"name\":\"HSM-1350\"}]},{\"@type\":\"WebSite\",\"@id\":\"https:\/\/maqcenter.com\/pt-pt\/#website\",\"url\":\"https:\/\/maqcenter.com\/pt-pt\/\",\"name\":\"MAQcenter\",\"description\":\"El centro de tus soluciones\",\"publisher\":{\"@id\":\"https:\/\/maqcenter.com\/pt-pt\/#organization\"},\"potentialAction\":[{\"@type\":\"SearchAction\",\"target\":{\"@type\":\"EntryPoint\",\"urlTemplate\":\"https:\/\/maqcenter.com\/pt-pt\/?s={search_term_string}\"},\"query-input\":{\"@type\":\"PropertyValueSpecification\",\"valueRequired\":true,\"valueName\":\"search_term_string\"}}],\"inLanguage\":\"pt-PT\"},{\"@type\":\"Organization\",\"@id\":\"https:\/\/maqcenter.com\/pt-pt\/#organization\",\"name\":\"MAQcenter S.A.\",\"url\":\"https:\/\/maqcenter.com\/pt-pt\/\",\"logo\":{\"@type\":\"ImageObject\",\"inLanguage\":\"pt-PT\",\"@id\":\"https:\/\/maqcenter.com\/pt-pt\/#\/schema\/logo\/image\/\",\"url\":\"https:\/\/maqcenter.com\/wp-content\/uploads\/2021\/02\/MAQcenter_logo_vertical.svg\",\"contentUrl\":\"https:\/\/maqcenter.com\/wp-content\/uploads\/2021\/02\/MAQcenter_logo_vertical.svg\",\"width\":300,\"height\":174,\"caption\":\"MAQcenter S.A.\"},\"image\":{\"@id\":\"https:\/\/maqcenter.com\/pt-pt\/#\/schema\/logo\/image\/\"}}]}<\/script>\n<!-- \/ Yoast SEO plugin. -->","yoast_head_json":{"title":"HSM-1350","description":"HSM-1350. Marco en C \/ Gu\u00eda lineal. Estructura de fundici\u00f3n de alta calidad sin ninguna deformaci\u00f3n. Con una mesa de 1.560 x 620 mm y alta velocidad de avance del","robots":{"index":"index","follow":"follow","max-snippet":"max-snippet:-1","max-image-preview":"max-image-preview:large","max-video-preview":"max-video-preview:-1"},"canonical":"https:\/\/maqcenter.com\/pt-pt\/producto\/hsm-1350\/","og_locale":"pt_PT","og_type":"article","og_title":"HSM-1350","og_description":"HSM-1350. Marco en C \/ Gu\u00eda lineal. Estructura de fundici\u00f3n de alta calidad sin ninguna deformaci\u00f3n. Con una mesa de 1.560 x 620 mm y alta velocidad de avance del","og_url":"https:\/\/maqcenter.com\/pt-pt\/producto\/hsm-1350\/","og_site_name":"MAQcenter","article_modified_time":"2021-03-10T08:40:57+00:00","og_image":[{"width":500,"height":500,"url":"https:\/\/maqcenter.com\/wp-content\/uploads\/2021\/03\/EUMACH-HSM-1350.jpg","type":"image\/jpeg"}],"twitter_card":"summary_large_image","schema":{"@context":"https:\/\/schema.org","@graph":[{"@type":["WebPage","ItemPage"],"@id":"https:\/\/maqcenter.com\/pt-pt\/producto\/hsm-1350\/","url":"https:\/\/maqcenter.com\/pt-pt\/producto\/hsm-1350\/","name":"HSM-1350","isPartOf":{"@id":"https:\/\/maqcenter.com\/pt-pt\/#website"},"primaryImageOfPage":{"@id":"https:\/\/maqcenter.com\/pt-pt\/producto\/hsm-1350\/#primaryimage"},"image":{"@id":"https:\/\/maqcenter.com\/pt-pt\/producto\/hsm-1350\/#primaryimage"},"thumbnailUrl":"https:\/\/maqcenter.com\/wp-content\/uploads\/2021\/03\/EUMACH-HSM-1350.jpg","datePublished":"2021-03-10T08:40:51+00:00","dateModified":"2021-03-10T08:40:57+00:00","description":"HSM-1350. Marco en C \/ Gu\u00eda lineal. Estructura de fundici\u00f3n de alta calidad sin ninguna deformaci\u00f3n. Con una mesa de 1.560 x 620 mm y alta velocidad de avance del","breadcrumb":{"@id":"https:\/\/maqcenter.com\/pt-pt\/producto\/hsm-1350\/#breadcrumb"},"inLanguage":"pt-PT","potentialAction":[{"@type":"ReadAction","target":["https:\/\/maqcenter.com\/pt-pt\/producto\/hsm-1350\/"]}]},{"@type":"ImageObject","inLanguage":"pt-PT","@id":"https:\/\/maqcenter.com\/pt-pt\/producto\/hsm-1350\/#primaryimage","url":"https:\/\/maqcenter.com\/wp-content\/uploads\/2021\/03\/EUMACH-HSM-1350.jpg","contentUrl":"https:\/\/maqcenter.com\/wp-content\/uploads\/2021\/03\/EUMACH-HSM-1350.jpg","width":500,"height":500,"caption":"Centros mecanizado vertical Eumach HSM-1350"},{"@type":"BreadcrumbList","@id":"https:\/\/maqcenter.com\/pt-pt\/producto\/hsm-1350\/#breadcrumb","itemListElement":[{"@type":"ListItem","position":1,"name":"Productos","item":"https:\/\/maqcenter.com\/pt-pt\/"},{"@type":"ListItem","position":2,"name":"Produtos","item":"https:\/\/maqcenter.com\/pt-pt\/shop\/"},{"@type":"ListItem","position":3,"name":"HSM-1350"}]},{"@type":"WebSite","@id":"https:\/\/maqcenter.com\/pt-pt\/#website","url":"https:\/\/maqcenter.com\/pt-pt\/","name":"MAQcenter","description":"El centro de tus soluciones","publisher":{"@id":"https:\/\/maqcenter.com\/pt-pt\/#organization"},"potentialAction":[{"@type":"SearchAction","target":{"@type":"EntryPoint","urlTemplate":"https:\/\/maqcenter.com\/pt-pt\/?s={search_term_string}"},"query-input":{"@type":"PropertyValueSpecification","valueRequired":true,"valueName":"search_term_string"}}],"inLanguage":"pt-PT"},{"@type":"Organization","@id":"https:\/\/maqcenter.com\/pt-pt\/#organization","name":"MAQcenter S.A.","url":"https:\/\/maqcenter.com\/pt-pt\/","logo":{"@type":"ImageObject","inLanguage":"pt-PT","@id":"https:\/\/maqcenter.com\/pt-pt\/#\/schema\/logo\/image\/","url":"https:\/\/maqcenter.com\/wp-content\/uploads\/2021\/02\/MAQcenter_logo_vertical.svg","contentUrl":"https:\/\/maqcenter.com\/wp-content\/uploads\/2021\/02\/MAQcenter_logo_vertical.svg","width":300,"height":174,"caption":"MAQcenter S.A."},"image":{"@id":"https:\/\/maqcenter.com\/pt-pt\/#\/schema\/logo\/image\/"}}]}},"_links":{"self":[{"href":"https:\/\/maqcenter.com\/pt-pt\/wp-json\/wp\/v2\/product\/7103","targetHints":{"allow":["GET"]}}],"collection":[{"href":"https:\/\/maqcenter.com\/pt-pt\/wp-json\/wp\/v2\/product"}],"about":[{"href":"https:\/\/maqcenter.com\/pt-pt\/wp-json\/wp\/v2\/types\/product"}],"wp:featuredmedia":[{"embeddable":true,"href":"https:\/\/maqcenter.com\/pt-pt\/wp-json\/wp\/v2\/media\/7048"}],"wp:attachment":[{"href":"https:\/\/maqcenter.com\/pt-pt\/wp-json\/wp\/v2\/media?parent=7103"}],"wp:term":[{"taxonomy":"product_brand","embeddable":true,"href":"https:\/\/maqcenter.com\/pt-pt\/wp-json\/wp\/v2\/product_brand?post=7103"},{"taxonomy":"product_cat","embeddable":true,"href":"https:\/\/maqcenter.com\/pt-pt\/wp-json\/wp\/v2\/product_cat?post=7103"},{"taxonomy":"product_tag","embeddable":true,"href":"https:\/\/maqcenter.com\/pt-pt\/wp-json\/wp\/v2\/product_tag?post=7103"},{"taxonomy":"marca-producto","embeddable":true,"href":"https:\/\/maqcenter.com\/pt-pt\/wp-json\/wp\/v2\/marca-producto?post=7103"},{"taxonomy":"serie-producto","embeddable":true,"href":"https:\/\/maqcenter.com\/pt-pt\/wp-json\/wp\/v2\/serie-producto?post=7103"}],"curies":[{"name":"wp","href":"https:\/\/api.w.org\/{rel}","templated":true}]}}